{"id":1748,"date":"2023-06-24T13:36:43","date_gmt":"2023-06-24T05:36:43","guid":{"rendered":"https:\/\/vi-home.shop\/?page_id=1748"},"modified":"2024-08-28T11:43:40","modified_gmt":"2024-08-28T03:43:40","slug":"vi-home-homepage","status":"publish","type":"page","link":"https:\/\/vi-home.shop\/vi\/","title":{"rendered":"VI-Trang ch\u1ee7 Trang ch\u1ee7"},"content":{"rendered":"<p>\n    <a href=\"\/vi\/cart\/\">Gi\u1ecf h\u00e0ng c\u1ee7a t\u00f4i<\/a>\n<\/p>\n<h1>T\u00ecm ki\u1ebfm VI-HOME<\/h1>\n<h1><a href=\"\/vi\/danh-muc-san-pham\/decorative-lights\/\">\u0110\u00e8n trang tr\u00ed<\/a><\/h1>\n<table>\n<tbody>\n<tr>\n<\/tr>\n<\/tbody>\n<\/table>\n<h1><a href=\"\/vi\/danh-muc-san-pham\/commercial-lights\/\">\u0110\u00e8n th\u01b0\u01a1ng m\u1ea1i<\/a><\/h1>\n<table>\n<tbody>\n<tr>\n<\/tr>\n<\/tbody>\n<\/table>\n<ul>\n<li>\n<p>        <img decoding=\"async\" src=\"https:\/\/oss.vi-home.shop:9000\/vi-home-images\/wp-content\/uploads\/2024\/08\/28194248\/WechatIMG1343.png\" alt=\"\"><\/p>\n<\/li>\n<li>\n<p>        <img decoding=\"async\" src=\"https:\/\/oss.vi-home.shop:9000\/vi-home-images\/wp-content\/uploads\/2024\/08\/28194217\/WechatIMG1344.png\" alt=\"\"><\/p>\n<\/li>\n<li>\n<p>        <img decoding=\"async\" src=\"https:\/\/oss.vi-home.shop:9000\/vi-home-images\/wp-content\/uploads\/2024\/08\/22093411\/WechatIMG4236.jpg\" alt=\"\"><\/p>\n<h1>ASWAT<\/h1>\n<p>\u0110\u00e8n pha l\u00ea sang tr\u1ecdng c\u1ee7a Ph\u00e1p<\/p>\n<\/li>\n<li>\n<p>        <img decoding=\"async\" src=\"https:\/\/oss.vi-home.shop:9000\/vi-home-images\/wp-content\/uploads\/2024\/08\/22093709\/WechatIMG4237.jpg\" alt=\"\"><\/p>\n<h1>ASWAT<\/h1>\n<p>\u0110\u00e8n pha l\u00ea sang tr\u1ecdng c\u1ee7a Ph\u00e1p<\/p>\n<\/li>\n<li>\n<p>        <img decoding=\"async\" src=\"https:\/\/oss.vi-home.shop:9000\/vi-home-images\/wp-content\/uploads\/2024\/08\/22093647\/WechatIMG4595.jpg\" alt=\"\"><\/p>\n<h1>\u0110\u00c8N N\u0102NG L\u01af\u1ee2NG M\u1eb6T TR\u1edcI CY<\/h1>\n<\/li>\n<li>\n<p>        <img decoding=\"async\" src=\"https:\/\/oss.vi-home.shop:9000\/vi-home-images\/wp-content\/uploads\/2024\/08\/22093606\/WechatIMG765.jpg\" alt=\"\"><\/p>\n<h1>XinTianYang<\/h1>\n<p>S\u00e2n \u0111\u1eb9p, Cu\u1ed9c s\u1ed1ng t\u01b0\u01a1i \u0111\u1eb9p<\/p>\n<\/li>\n<\/ul>\n<h1>Gi\u1ea3m gi\u00e1 th\u1ea7n t\u1ed1c!<\/h1>\n<div>\n<\/div>\n<h1>Nh\u00e3n hi\u1ec7u<\/h1>\n<p>\n    <a href=\"\/vi\/shop\/\">T\u1ea5t c\u1ea3 c\u00e1c th\u01b0\u01a1ng hi\u1ec7u<\/a>\n<\/p>\n<ul>\n<li>\n<p><img decoding=\"async\" src=\"https:\/\/oss.vi-home.shop:9000\/vi-home-images\/wp-content\/uploads\/2024\/08\/22092541\/WechatIMG3948.jpg\" alt=\"\"><\/p>\n<h4>XinTianYang<\/h4>\n<p><a href=\"https:\/\/vi-home.shop\/vi\/product-brands\/xintianyang\/\"><\/a><\/p>\n<\/li>\n<li>\n<p><img decoding=\"async\" src=\"https:\/\/oss.vi-home.shop:9000\/vi-home-images\/wp-content\/uploads\/2024\/08\/22092635\/WechatIMG731.png\" alt=\"\"><\/p>\n<h4>AD n\u0103ng l\u01b0\u1ee3ng m\u1eb7t tr\u1eddi<\/h4>\n<p><a href=\"\/vi\/product-brands\/ad-solar\/\"><\/a><\/p>\n<\/li>\n<li>\n<p><img decoding=\"async\" src=\"https:\/\/oss.vi-home.shop:9000\/vi-home-images\/wp-content\/uploads\/2024\/08\/22092816\/WechatIMG3917.jpg\" alt=\"\"><\/p>\n<h4>ASWAT<\/h4>\n<p><a href=\"\/vi\/product-brands\/aswat\/\"><\/a><\/p>\n<\/li>\n<li>\n<p><img decoding=\"async\" src=\"https:\/\/oss.vi-home.shop:9000\/vi-home-images\/wp-content\/uploads\/2024\/08\/22092843\/WechatIMG4478.jpg\" alt=\"\"><\/p>\n<h4>HEWEI<\/h4>\n<p><a href=\"https:\/\/vi-home.shop\/vi\/product-brands\/hewei\/\"><\/a><\/p>\n<\/li>\n<li>\n<p><img decoding=\"async\" src=\"https:\/\/oss.vi-home.shop:9000\/vi-home-images\/wp-content\/uploads\/2024\/08\/22092915\/WechatIMG4486.jpg\" alt=\"\"><\/p>\n<h4>BOZINALEN<\/h4>\n<p><a href=\"https:\/\/vi-home.shop\/vi\/product-brands\/bozinalen\/\"><\/a><\/p>\n<\/li>\n<li>\n<p><img decoding=\"async\" src=\"https:\/\/oss.vi-home.shop:9000\/vi-home-images\/wp-content\/uploads\/2024\/08\/22092944\/WechatIMG3944.jpg\" alt=\"\"><\/p>\n<h4>LEEDOON<\/h4>\n<p><a href=\"https:\/\/vi-home.shop\/vi\/product-brands\/leedoon\/\"><\/a><\/p>\n<\/li>\n<li>\n<p><img decoding=\"async\" src=\"https:\/\/oss.vi-home.shop:9000\/vi-home-images\/wp-content\/uploads\/2023\/12\/29124805\/WechatIMG6858-2.jpg\" alt=\"\"><\/p>\n<h4>HUALI<\/h4>\n<p><a href=\"\/vi\/product-brands\/huali\/\"><\/a><\/p>\n<\/li>\n<li>\n<p><img decoding=\"async\" src=\"https:\/\/oss.vi-home.shop:9000\/vi-home-images\/wp-content\/uploads\/2024\/08\/22093103\/WechatIMG6392.png\" alt=\"\"><\/p>\n<h4>TORAIFU<\/h4>\n<p><a href=\"\/vi\/product-brands\/toraifu\/\"><\/a><\/p>\n<\/li>\n<li>\n<p><img decoding=\"async\" src=\"https:\/\/oss.vi-home.shop:9000\/vi-home-images\/wp-content\/uploads\/2024\/08\/22093141\/WechatIMG6530.png\" alt=\"\"><\/p>\n<h4>OK<\/h4>\n<p><a href=\"\/vi\/product-brands\/okes\/\"><\/a><\/p>\n<\/li>\n<li>\n<p><img decoding=\"async\" src=\"https:\/\/oss.vi-home.shop:9000\/vi-home-images\/wp-content\/uploads\/2024\/08\/22093242\/WechatIMG6560-scaled.jpg\" alt=\"\"><\/p>\n<h4>AIHONGMU<\/h4>\n<p><a href=\"\/vi\/product-brands\/aihongmu\/\"><\/a><\/p>\n<\/li>\n<li>\n<p><img decoding=\"async\" src=\"https:\/\/oss.vi-home.shop:9000\/vi-home-images\/wp-content\/uploads\/2024\/01\/05171432\/WechatIMG7138-1-scaled.jpg\" alt=\"\"><\/p>\n<h4>T\u1ecbnh Ngh\u0129a<\/h4>\n<p><a href=\"\/vi\/product-brands\/jingyi\/\"><\/a><\/p>\n<\/li>\n<li>\n<p><img decoding=\"async\" src=\"https:\/\/oss.vi-home.shop:9000\/vi-home-images\/wp-content\/uploads\/2024\/01\/23114903\/WechatIMG7197.jpg\" alt=\"\"><\/p>\n<h4>HOMBO<\/h4>\n<p><a href=\"\/vi\/product-brands\/hombo\/\"><\/a><\/p>\n<\/li>\n<li>\n<p><img decoding=\"async\" src=\"https:\/\/oss.vi-home.shop:9000\/vi-home-images\/wp-content\/uploads\/2024\/04\/08145401\/WechatIMG7523.jpg\" alt=\"\"><\/p>\n<h4>Chi\u1ebfu s\u00e1ng ZHIHUI<\/h4>\n<p><a href=\"\/vi\/product-brands\/san-pham-moi-mau-mien-phi\/\"><\/a><\/p>\n<\/li>\n<li>\n<p><img decoding=\"async\" src=\"https:\/\/oss.vi-home.shop:9000\/vi-home-images\/wp-content\/uploads\/2024\/04\/12092933\/WechatIMG985.jpg\" alt=\"\"><\/p>\n<h4>SENYAN<\/h4>\n<p><a href=\"\/vi\/product-brands\/senyan\/\"><\/a><\/p>\n<\/li>\n<\/ul>\n<h1>\u0110\u1ec1 xu\u1ea5t s\u1ea3n ph\u1ea9m<\/h1>\n<div>\n<\/div>\n<p><!--more--><br \/>\n<!-- {\"type\":\"layout\",\"children\":[{\"type\":\"section\",\"props\":{\"image_position\":\"center-center\",\"padding\":\"small\",\"padding_remove_top\":true,\"style\":\"default\",\"title_breakpoint\":\"xl\",\"title_position\":\"top-left\",\"title_rotation\":\"left\",\"vertical_align\":\"\",\"width\":\"large\"},\"children\":[{\"type\":\"row\",\"children\":[{\"type\":\"column\",\"props\":{\"image_position\":\"center-center\",\"position_sticky_breakpoint\":\"m\",\"vertical_align\":\"middle\",\"width_medium\":\"1-5\",\"width_small\":\"1-3\"},\"children\":[{\"type\":\"button\",\"props\":{\"fullwidth\":true,\"grid_column_gap\":\"small\",\"grid_row_gap\":\"small\",\"margin\":\"default\"},\"children\":[{\"type\":\"button_item\",\"props\":{\"button_style\":\"primary\",\"content\":\"My Cart\",\"icon\":\"cart\",\"icon_align\":\"right\",\"link\":\"cart\\\/\"}}]}]},{\"type\":\"column\",\"props\":{\"image_position\":\"center-center\",\"position_sticky_breakpoint\":\"m\",\"width_medium\":\"1-5\",\"width_small\":\"1-3\"}},{\"type\":\"column\",\"props\":{\"image_position\":\"center-center\",\"position_sticky_breakpoint\":\"m\",\"vertical_align\":\"middle\",\"width_medium\":\"1-5\",\"width_small\":\"1-3\"},\"children\":[{\"type\":\"headline\",\"props\":{\"content\":\"Search VI-HOME\",\"title_decoration\":\"bullet\",\"title_element\":\"h1\",\"title_style\":\"h3\"}}]},{\"type\":\"column\",\"props\":{\"image_position\":\"center-center\",\"position_sticky_breakpoint\":\"m\",\"vertical_align\":\"middle\",\"width_medium\":\"2-5\",\"width_small\":\"1-1\"},\"children\":[{\"type\":\"search\",\"props\":{\"search_icon\":\"right\"}}]}],\"props\":{\"alignment\":\"center\",\"column_gap\":\"small\",\"layout\":\"1-5,1-5,1-5,2-5|1-3,1-3,1-3,1-1\"}}],\"name\":\"Search\"},{\"type\":\"section\",\"props\":{\"image_position\":\"center-center\",\"padding\":\"none\",\"padding_remove_horizontal\":false,\"style\":\"primary\",\"title_breakpoint\":\"xl\",\"title_position\":\"top-left\",\"title_rotation\":\"left\",\"vertical_align\":\"\",\"width\":\"xlarge\",\"width_expand\":\"right\",\"yooessentials_access_conditions\":[],\"yooessentials_access_mode\":\"AND\"},\"children\":[{\"type\":\"row\",\"props\":{\"column_gap\":\"collapse\",\"layout\":\"large,expand\",\"width_expand\":\"right\"},\"children\":[{\"type\":\"column\",\"props\":{\"image_position\":\"center-center\",\"padding\":\"small\",\"position_sticky_breakpoint\":\"m\",\"style\":\"card-secondary\",\"width_medium\":\"1-6\"},\"children\":[{\"type\":\"headline\",\"props\":{\"content\":\"Decorative Lights\",\"link\":\"\\\/product-category\\\/decorative-lights\\\/\",\"margin\":\"small\",\"margin_remove_bottom\":false,\"title_element\":\"h1\",\"title_style\":\"h3\"}},{\"type\":\"table\",\"props\":{\"css\":\"::-webkit-scrollbar {\\n        width: 0px;\\n    \\theight: 0px;\\n    }\",\"image_svg_color\":\"emphasis\",\"link_fullwidth\":true,\"link_size\":\"large\",\"link_style\":\"\",\"link_text\":\"\",\"meta_style\":\"text-meta\",\"show_content\":false,\"show_image\":false,\"show_link\":true,\"show_meta\":true,\"show_title\":false,\"table_hover\":true,\"table_last_align\":\"right\",\"table_order\":\"1\",\"table_responsive\":\"overflow\",\"table_size\":\"small\",\"table_vertical_align\":true,\"table_width_content\":\"shrink\",\"table_width_meta\":\"shrink\",\"table_width_title\":\"\",\"text_align\":\"left\"},\"children\":[{\"type\":\"table_item\",\"source_extended\":{\"props\":{\"link\":{\"name\":\"link\",\"query\":{\"name\":\"~closest\"}},\"link_text\":{\"name\":\"name\",\"query\":{\"name\":\"~closest\"}},\"meta\":{\"name\":\"count\",\"query\":{\"name\":\"~closest\"}}}}}],\"source\":{\"query\":{\"name\":\"productCats.customProductCats\",\"arguments\":{\"id\":33,\"offset\":0,\"limit\":10,\"order\":\"term_order\",\"order_direction\":\"ASC\"}}}},{\"type\":\"headline\",\"props\":{\"content\":\"Commercial Lights\",\"link\":\"\\\/product-category\\\/commercial-lights\\\/\",\"margin\":\"small\",\"title_element\":\"h1\",\"title_style\":\"h3\"}},{\"type\":\"table\",\"props\":{\"css\":\"::-webkit-scrollbar {\\n        width: 0px;\\n    \\theight: 0px;\\n    }\",\"image_svg_color\":\"emphasis\",\"link_fullwidth\":true,\"link_size\":\"large\",\"link_style\":\"\",\"link_text\":\"\",\"meta_style\":\"text-meta\",\"show_content\":false,\"show_image\":false,\"show_link\":true,\"show_meta\":true,\"show_title\":false,\"table_hover\":true,\"table_last_align\":\"right\",\"table_order\":\"1\",\"table_responsive\":\"overflow\",\"table_size\":\"small\",\"table_vertical_align\":true,\"table_width_content\":\"shrink\",\"table_width_meta\":\"shrink\",\"table_width_title\":\"\",\"text_align\":\"left\"},\"children\":[{\"type\":\"table_item\",\"source_extended\":{\"props\":{\"link\":{\"name\":\"link\",\"query\":{\"name\":\"~closest\"}},\"link_text\":{\"name\":\"name\",\"query\":{\"name\":\"~closest\"}},\"meta\":{\"name\":\"count\",\"query\":{\"name\":\"~closest\"}}}}}],\"source\":{\"query\":{\"name\":\"productCats.customProductCats\",\"arguments\":{\"id\":40,\"offset\":0,\"limit\":10,\"order\":\"term_order\",\"order_direction\":\"ASC\"}}}}]},{\"type\":\"column\",\"props\":{\"image_position\":\"center-center\",\"position_sticky_breakpoint\":\"m\",\"width_medium\":\"expand\"},\"children\":[{\"type\":\"slideshow\",\"props\":{\"image_height\":\"560\",\"image_width\":\"1680\",\"link_style\":\"default\",\"link_text\":\"Read more\",\"margin\":\"remove-vertical\",\"meta_align\":\"below-title\",\"meta_element\":\"div\",\"meta_style\":\"h1\",\"nav\":\"dotnav\",\"nav_align\":\"center\",\"nav_breakpoint\":\"s\",\"nav_position\":\"bottom-center\",\"nav_position_margin\":\"medium\",\"overlay_animation\":\"parallax\",\"overlay_position\":\"center-left\",\"show_content\":false,\"show_link\":false,\"show_meta\":true,\"show_thumbnail\":false,\"show_title\":true,\"slidenav\":\"\",\"slidenav_breakpoint\":\"s\",\"slidenav_margin\":\"medium\",\"slidenav_outside_breakpoint\":\"xl\",\"slideshow_animation\":\"scale\",\"slideshow_autoplay\":true,\"slideshow_autoplay_interval\":\"5\",\"slideshow_autoplay_pause\":false,\"slideshow_min_height\":\"768\",\"slideshow_ratio\":\"21:7\",\"thumbnav_height\":\"75\",\"thumbnav_svg_color\":\"emphasis\",\"thumbnav_width\":\"100\",\"title_color\":\"background\",\"title_element\":\"h1\",\"title_style\":\"heading-medium\",\"visibility\":\"m\"},\"children\":[{\"type\":\"slideshow_item\",\"props\":{\"image\":\"https:\\\/\\\/oss.vi-home.shop:9000\\\/vi-home-images\\\/wp-content\\\/uploads\\\/2024\\\/08\\\/28194248\\\/WechatIMG1343.png\",\"title\":\"\"}},{\"type\":\"slideshow_item\",\"props\":{\"image\":\"https:\\\/\\\/oss.vi-home.shop:9000\\\/vi-home-images\\\/wp-content\\\/uploads\\\/2024\\\/08\\\/28194217\\\/WechatIMG1344.png\",\"title\":\"\"}},{\"type\":\"slideshow_item\",\"props\":{\"image\":\"https:\\\/\\\/oss.vi-home.shop:9000\\\/vi-home-images\\\/wp-content\\\/uploads\\\/2024\\\/08\\\/22093411\\\/WechatIMG4236.jpg\",\"meta\":\"French Luxury Crystal Lamp\",\"title\":\"ASWAT\"}},{\"type\":\"slideshow_item\",\"props\":{\"image\":\"https:\\\/\\\/oss.vi-home.shop:9000\\\/vi-home-images\\\/wp-content\\\/uploads\\\/2024\\\/08\\\/22093709\\\/WechatIMG4237.jpg\",\"meta\":\"French Luxury Crystal Lamp\",\"title\":\"ASWAT\"}},{\"type\":\"slideshow_item\",\"props\":{\"image\":\"https:\\\/\\\/oss.vi-home.shop:9000\\\/vi-home-images\\\/wp-content\\\/uploads\\\/2024\\\/08\\\/22093647\\\/WechatIMG4595.jpg\",\"title\":\"CY SOLAR LIGHTING\"}},{\"type\":\"slideshow_item\",\"props\":{\"image\":\"https:\\\/\\\/oss.vi-home.shop:9000\\\/vi-home-images\\\/wp-content\\\/uploads\\\/2024\\\/08\\\/22093606\\\/WechatIMG765.jpg\",\"meta\":\"Beautiful Courtyard, Beautiful Life\",\"title\":\"XinTianYang\"}}]}]}]}],\"name\":\"Nav-Slide\"},{\"type\":\"section\",\"props\":{\"image_position\":\"center-center\",\"padding_remove_bottom\":true,\"style\":\"muted\",\"title_breakpoint\":\"xl\",\"title_position\":\"top-left\",\"title_rotation\":\"left\",\"vertical_align\":\"\",\"width\":\"xlarge\"},\"children\":[{\"type\":\"row\",\"children\":[{\"type\":\"column\",\"props\":{\"image_position\":\"center-center\",\"position_sticky_breakpoint\":\"m\",\"vertical_align\":\"middle\"},\"children\":[{\"type\":\"headline\",\"props\":{\"content\":\"Flash Sale!\",\"title_decoration\":\"bullet\",\"title_element\":\"h1\",\"title_style\":\"h2\"}}]}]},{\"type\":\"row\",\"children\":[{\"type\":\"column\",\"props\":{\"image_position\":\"center-center\",\"position_sticky_breakpoint\":\"m\"},\"children\":[{\"type\":\"panel-slider\",\"props\":{\"content_column_breakpoint\":\"m\",\"icon_width\":80,\"image_align\":\"top\",\"image_grid_breakpoint\":\"m\",\"image_grid_width\":\"1-2\",\"image_height\":\"600\",\"image_svg_color\":\"emphasis\",\"image_transition\":\"scale-up\",\"image_width\":\"600\",\"link_size\":\"small\",\"link_style\":\"primary\",\"link_text\":\"\",\"margin\":\"default\",\"meta_align\":\"above-title\",\"meta_color\":\"secondary\",\"meta_element\":\"div\",\"meta_margin\":\"small\",\"meta_style\":\"text-lead\",\"nav\":\"\",\"nav_align\":\"center\",\"nav_breakpoint\":\"s\",\"panel_card_offset\":true,\"panel_image_no_padding\":true,\"panel_link\":true,\"panel_match\":true,\"panel_padding\":\"small\",\"panel_style\":\"card-default\",\"show_content\":false,\"show_image\":true,\"show_link\":true,\"show_meta\":false,\"show_title\":true,\"slidenav\":\"top-right\",\"slidenav_breakpoint\":\"m\",\"slidenav_margin\":\"medium\",\"slidenav_outside_breakpoint\":\"xl\",\"slider_autoplay\":true,\"slider_autoplay_interval\":\"5\",\"slider_autoplay_pause\":true,\"slider_finite\":false,\"slider_gap\":\"small\",\"slider_width\":\"fixed\",\"slider_width_default\":\"3-5\",\"slider_width_medium\":\"1-6\",\"title_align\":\"top\",\"title_color\":\"primary\",\"title_element\":\"h4\",\"title_grid_breakpoint\":\"m\",\"title_grid_width\":\"1-2\",\"title_hover_style\":\"reset\",\"title_margin\":\"small\",\"title_style\":\"h5\"},\"children\":[{\"type\":\"panel-slider_item\",\"source\":{\"query\":{\"name\":\"products.customProducts\",\"arguments\":{\"terms\":[9],\"product_cat_operator\":\"IN\",\"product_tag_operator\":\"IN\",\"product_visibility_operator\":\"AND\",\"yith_product_brand_operator\":\"IN\",\"yith_shop_vendor_operator\":\"IN\",\"users\":[],\"users_operator\":\"IN\",\"offset\":0,\"limit\":30,\"order\":\"rand\",\"order_direction\":\"DESC\"}},\"props\":{\"title\":{\"filters\":{\"search\":\"\"},\"name\":\"title\"},\"image\":{\"filters\":{\"search\":\"\"},\"name\":\"featuredImage.url\"},\"meta\":{\"filters\":{\"search\":\"\"},\"arguments\":{\"separator\":\", \",\"show_link\":true,\"link_style\":\"\"},\"name\":\"product_catString\"},\"link\":{\"filters\":{\"search\":\"\"},\"name\":\"link\"}}}}]}]}]}],\"name\":\"Sale\"},{\"type\":\"section\",\"props\":{\"image_position\":\"center-center\",\"padding_remove_bottom\":true,\"style\":\"muted\",\"title_breakpoint\":\"xl\",\"title_position\":\"top-left\",\"title_rotation\":\"left\",\"vertical_align\":\"\",\"width\":\"xlarge\"},\"children\":[{\"type\":\"row\",\"props\":{\"layout\":\"4-5,1-5\"},\"children\":[{\"type\":\"column\",\"props\":{\"image_position\":\"center-center\",\"position_sticky_breakpoint\":\"m\",\"vertical_align\":\"middle\",\"width_medium\":\"4-5\"},\"children\":[{\"type\":\"headline\",\"props\":{\"content\":\"Brands\",\"title_decoration\":\"bullet\",\"title_element\":\"h1\",\"title_style\":\"h2\"}}]},{\"type\":\"column\",\"props\":{\"image_position\":\"center-center\",\"position_sticky_breakpoint\":\"m\",\"width_medium\":\"1-5\"},\"children\":[{\"type\":\"button\",\"props\":{\"button_size\":\"large\",\"fullwidth\":true,\"grid_column_gap\":\"small\",\"grid_row_gap\":\"small\",\"margin\":\"default\"},\"children\":[{\"type\":\"button_item\",\"props\":{\"button_style\":\"text\",\"content\":\"All Brands\",\"icon\":\"arrow-right\",\"icon_align\":\"right\",\"link\":\"shop\\\/\"}}]}]}]},{\"type\":\"row\",\"children\":[{\"type\":\"column\",\"props\":{\"image_position\":\"center-center\",\"position_sticky_breakpoint\":\"m\"},\"children\":[{\"type\":\"grid\",\"props\":{\"content_column_breakpoint\":\"m\",\"filter_align\":\"left\",\"filter_all\":true,\"filter_grid_breakpoint\":\"m\",\"filter_grid_width\":\"auto\",\"filter_position\":\"top\",\"filter_style\":\"tab\",\"grid_column_gap\":\"small\",\"grid_default\":\"2\",\"grid_medium\":\"6\",\"grid_row_gap\":\"small\",\"grid_small\":\"3\",\"icon_width\":80,\"image_align\":\"top\",\"image_grid_breakpoint\":\"m\",\"image_grid_width\":\"1-2\",\"image_height\":\"600\",\"image_svg_color\":\"emphasis\",\"image_width\":\"600\",\"item_animation\":true,\"link_style\":\"default\",\"link_text\":\"\",\"margin\":\"default\",\"meta_align\":\"below-title\",\"meta_element\":\"div\",\"meta_style\":\"text-meta\",\"panel_image_no_padding\":true,\"panel_link\":true,\"panel_style\":\"card-default\",\"show_content\":false,\"show_image\":true,\"show_link\":true,\"show_meta\":false,\"show_title\":false,\"text_align\":\"center\",\"title_align\":\"top\",\"title_element\":\"h4\",\"title_grid_breakpoint\":\"m\",\"title_grid_width\":\"1-2\",\"title_hover_style\":\"reset\",\"title_style\":\"h4\"},\"children\":[{\"type\":\"grid_item\",\"props\":{\"image\":\"https:\\\/\\\/oss.vi-home.shop:9000\\\/vi-home-images\\\/wp-content\\\/uploads\\\/2024\\\/08\\\/22092541\\\/WechatIMG3948.jpg\",\"link\":\"https:\\\/\\\/vi-home.shop\\\/product-brands\\\/xintianyang\\\/\",\"title\":\"XinTianYang\"}},{\"type\":\"grid_item\",\"props\":{\"image\":\"https:\\\/\\\/oss.vi-home.shop:9000\\\/vi-home-images\\\/wp-content\\\/uploads\\\/2024\\\/08\\\/22092635\\\/WechatIMG731.png\",\"link\":\"\\\/product-brands\\\/ad-solar\\\/\",\"title\":\"AD Solar\"}},{\"type\":\"grid_item\",\"props\":{\"image\":\"https:\\\/\\\/oss.vi-home.shop:9000\\\/vi-home-images\\\/wp-content\\\/uploads\\\/2024\\\/08\\\/22092816\\\/WechatIMG3917.jpg\",\"link\":\"\\\/product-brands\\\/aswat\\\/\",\"title\":\"ASWAT\"}},{\"type\":\"grid_item\",\"props\":{\"image\":\"https:\\\/\\\/oss.vi-home.shop:9000\\\/vi-home-images\\\/wp-content\\\/uploads\\\/2024\\\/08\\\/22092843\\\/WechatIMG4478.jpg\",\"link\":\"https:\\\/\\\/vi-home.shop\\\/product-brands\\\/hewei\\\/\",\"title\":\"HEWEI\"}},{\"type\":\"grid_item\",\"props\":{\"image\":\"https:\\\/\\\/oss.vi-home.shop:9000\\\/vi-home-images\\\/wp-content\\\/uploads\\\/2024\\\/08\\\/22092915\\\/WechatIMG4486.jpg\",\"link\":\"https:\\\/\\\/vi-home.shop\\\/product-brands\\\/bozinalen\\\/\",\"title\":\"BOZINALEN\"}},{\"type\":\"grid_item\",\"props\":{\"content\":\"\",\"image\":\"https:\\\/\\\/oss.vi-home.shop:9000\\\/vi-home-images\\\/wp-content\\\/uploads\\\/2024\\\/08\\\/22092944\\\/WechatIMG3944.jpg\",\"link\":\"https:\\\/\\\/vi-home.shop\\\/product-brands\\\/leedoon\\\/\",\"title\":\"LEEDOON\"}},{\"type\":\"grid_item\",\"props\":{\"image\":\"https:\\\/\\\/oss.vi-home.shop:9000\\\/vi-home-images\\\/wp-content\\\/uploads\\\/2023\\\/12\\\/29124805\\\/WechatIMG6858-2.jpg\",\"link\":\"\\\/product-brands\\\/huali\\\/\",\"title\":\"HUALI\"}},{\"type\":\"grid_item\",\"props\":{\"image\":\"https:\\\/\\\/oss.vi-home.shop:9000\\\/vi-home-images\\\/wp-content\\\/uploads\\\/2024\\\/08\\\/22093103\\\/WechatIMG6392.png\",\"link\":\"\\\/product-brands\\\/toraifu\\\/\",\"title\":\"TORAIFU\"}},{\"type\":\"grid_item\",\"props\":{\"image\":\"https:\\\/\\\/oss.vi-home.shop:9000\\\/vi-home-images\\\/wp-content\\\/uploads\\\/2024\\\/08\\\/22093141\\\/WechatIMG6530.png\",\"link\":\"\\\/product-brands\\\/okes\\\/\",\"title\":\"OKES\"}},{\"type\":\"grid_item\",\"props\":{\"image\":\"https:\\\/\\\/oss.vi-home.shop:9000\\\/vi-home-images\\\/wp-content\\\/uploads\\\/2024\\\/08\\\/22093242\\\/WechatIMG6560-scaled.jpg\",\"link\":\"\\\/product-brands\\\/aihongmu\\\/\",\"title\":\"AIHONGMU\"}},{\"type\":\"grid_item\",\"props\":{\"image\":\"https:\\\/\\\/oss.vi-home.shop:9000\\\/vi-home-images\\\/wp-content\\\/uploads\\\/2024\\\/01\\\/05171432\\\/WechatIMG7138-1-scaled.jpg\",\"link\":\"\\\/product-brands\\\/jingyi\\\/\",\"title\":\"JINGYI\"}},{\"type\":\"grid_item\",\"props\":{\"image\":\"https:\\\/\\\/oss.vi-home.shop:9000\\\/vi-home-images\\\/wp-content\\\/uploads\\\/2024\\\/01\\\/23114903\\\/WechatIMG7197.jpg\",\"link\":\"\\\/product-brands\\\/hombo\\\/\",\"title\":\"HOMBO\"}},{\"type\":\"grid_item\",\"props\":{\"image\":\"https:\\\/\\\/oss.vi-home.shop:9000\\\/vi-home-images\\\/wp-content\\\/uploads\\\/2024\\\/04\\\/08145401\\\/WechatIMG7523.jpg\",\"link\":\"\\\/product-brands\\\/san-pham-moi-mau-mien-phi\\\/\",\"title\":\"ZHIHUI Lighting\"}},{\"type\":\"grid_item\",\"props\":{\"image\":\"https:\\\/\\\/oss.vi-home.shop:9000\\\/vi-home-images\\\/wp-content\\\/uploads\\\/2024\\\/04\\\/12092933\\\/WechatIMG985.jpg\",\"link\":\"\\\/product-brands\\\/senyan\\\/\",\"title\":\"SENYAN\"}}]}]}]}],\"name\":\"Brands\"},{\"type\":\"section\",\"props\":{\"image_position\":\"center-center\",\"padding_remove_bottom\":true,\"style\":\"muted\",\"title_breakpoint\":\"xl\",\"title_position\":\"top-left\",\"title_rotation\":\"left\",\"vertical_align\":\"\",\"width\":\"xlarge\"},\"children\":[{\"type\":\"row\",\"children\":[{\"type\":\"column\",\"props\":{\"image_position\":\"center-center\",\"position_sticky_breakpoint\":\"m\",\"vertical_align\":\"middle\"},\"children\":[{\"type\":\"headline\",\"props\":{\"content\":\"Recommend Products\",\"title_decoration\":\"bullet\",\"title_element\":\"h1\",\"title_style\":\"h2\"}}]}]},{\"type\":\"row\",\"children\":[{\"type\":\"column\",\"props\":{\"image_position\":\"center-center\",\"position_sticky_breakpoint\":\"m\"},\"children\":[{\"type\":\"grid\",\"props\":{\"content_column_breakpoint\":\"m\",\"filter_align\":\"left\",\"filter_all\":true,\"filter_grid_breakpoint\":\"m\",\"filter_grid_width\":\"auto\",\"filter_position\":\"top\",\"filter_style\":\"tab\",\"grid_column_gap\":\"small\",\"grid_default\":\"2\",\"grid_masonry\":\"next\",\"grid_medium\":\"6\",\"grid_row_gap\":\"small\",\"grid_small\":\"3\",\"icon_width\":80,\"image_align\":\"top\",\"image_grid_breakpoint\":\"m\",\"image_grid_width\":\"1-2\",\"image_height\":\"400\",\"image_svg_color\":\"emphasis\",\"image_width\":\"400\",\"item_animation\":true,\"link_style\":\"default\",\"link_text\":\"\",\"margin\":\"default\",\"meta_align\":\"below-title\",\"meta_element\":\"div\",\"meta_style\":\"text-meta\",\"panel_image_no_padding\":true,\"panel_link\":true,\"panel_padding\":\"small\",\"panel_style\":\"card-default\",\"show_content\":false,\"show_image\":true,\"show_link\":true,\"show_meta\":false,\"show_title\":true,\"title_align\":\"top\",\"title_color\":\"primary\",\"title_element\":\"h3\",\"title_grid_breakpoint\":\"m\",\"title_grid_width\":\"1-2\",\"title_hover_style\":\"reset\",\"title_style\":\"h5\"},\"children\":[{\"type\":\"grid_item\",\"source_extended\":{\"props\":{\"title\":{\"name\":\"title\",\"query\":{\"name\":\"~closest\"}}}},\"source\":{\"query\":{\"name\":\"products.customProducts\",\"arguments\":{\"terms\":[9],\"product_cat_operator\":\"IN\",\"product_tag_operator\":\"IN\",\"product_visibility_operator\":\"IN\",\"yith_product_brand_operator\":\"IN\",\"yith_shop_vendor_operator\":\"IN\",\"users\":[],\"users_operator\":\"IN\",\"offset\":0,\"limit\":30,\"order\":\"rand\",\"order_direction\":\"DESC\"}},\"props\":{\"title\":{\"filters\":{\"search\":\"\"},\"name\":\"title\"},\"image\":{\"filters\":{\"search\":\"\"},\"name\":\"featuredImage.url\"},\"link\":{\"filters\":{\"search\":\"\"},\"name\":\"link\"}}}}]}]}],\"props\":{\"column_gap\":\"small\",\"divider\":true}}],\"name\":\"products\"}],\"version\":\"4.4.7\",\"yooessentialsVersion\":\"2.2.16\"} --><\/p>","protected":false},"excerpt":{"rendered":"<p>My Cart Search VI-HOME Decorative Lights Commercial Lights ASWAT French Luxury Crystal Lamp ASWAT French Luxury Crystal Lamp CY SOLAR LIGHTING XinTianYang Beautiful Courtyard, Beautiful Life Flash Sale! Brands All Brands XinTianYang AD Solar ASWAT HEWEI BOZINALEN LEEDOON HUALI TORAIFU OKES AIHONGMU JINGYI HOMBO ZHIHUI Lighting SENYAN Recommend Products<\/p>","protected":false},"author":1,"featured_media":0,"parent":0,"menu_order":0,"comment_status":"closed","ping_status":"closed","template":"","meta":{"_acf_changed":false,"footnotes":""},"class_list":["post-1748","page","type-page","status-publish","hentry"],"acf":[],"_links":{"self":[{"href":"https:\/\/vi-home.shop\/vi\/wp-json\/wp\/v2\/pages\/1748","targetHints":{"allow":["GET"]}}],"collection":[{"href":"https:\/\/vi-home.shop\/vi\/wp-json\/wp\/v2\/pages"}],"about":[{"href":"https:\/\/vi-home.shop\/vi\/wp-json\/wp\/v2\/types\/page"}],"author":[{"embeddable":true,"href":"https:\/\/vi-home.shop\/vi\/wp-json\/wp\/v2\/users\/1"}],"replies":[{"embeddable":true,"href":"https:\/\/vi-home.shop\/vi\/wp-json\/wp\/v2\/comments?post=1748"}],"version-history":[{"count":316,"href":"https:\/\/vi-home.shop\/vi\/wp-json\/wp\/v2\/pages\/1748\/revisions"}],"predecessor-version":[{"id":24839,"href":"https:\/\/vi-home.shop\/vi\/wp-json\/wp\/v2\/pages\/1748\/revisions\/24839"}],"wp:attachment":[{"href":"https:\/\/vi-home.shop\/vi\/wp-json\/wp\/v2\/media?parent=1748"}],"curies":[{"name":"wp","href":"https:\/\/api.w.org\/{rel}","templated":true}]}}