{"id":12612,"date":"2023-10-09T17:17:47","date_gmt":"2023-10-09T09:17:47","guid":{"rendered":"https:\/\/vi-home.shop\/?post_type=product&#038;p=12612"},"modified":"2024-05-16T13:32:59","modified_gmt":"2024-05-16T05:32:59","slug":"solar-flood-light-ad8301-100w","status":"publish","type":"product","link":"https:\/\/vi-home.shop\/vi\/san-pham\/solar-flood-light-ad8301-100w\/","title":{"rendered":"\u0110\u00c8N N\u0102NG L\u01af\u1ee2NG M\u1eb6T TR\u1edcI AD8301-100W"},"content":{"rendered":"<p><img loading=\"lazy\" decoding=\"async\" class=\"alignnone size-full wp-image-12613 aligncenter\" src=\"https:\/\/vi-home.shop\/wp-content\/uploads\/2023\/10\/AD-8301-100W-rotated.jpg\" alt=\"\" width=\"3024\" height=\"4032\" \/><img loading=\"lazy\" decoding=\"async\" class=\"alignnone size-medium wp-image-12585 aligncenter\" src=\"https:\/\/oss.vi-home.shop:9000\/vi-home-images\/wp-content\/uploads\/2023\/10\/07182426\/R57A8205-600x400.webp\" alt=\"\" width=\"600\" height=\"400\" srcset=\"https:\/\/oss.vi-home.shop:9000\/vi-home-images\/wp-content\/uploads\/2023\/10\/07182426\/R57A8205-600x400.webp 600w, https:\/\/oss.vi-home.shop:9000\/vi-home-images\/wp-content\/uploads\/2023\/10\/07182426\/R57A8205-scaled-510x340.webp 510w, https:\/\/oss.vi-home.shop:9000\/vi-home-images\/wp-content\/uploads\/2023\/10\/07182426\/R57A8205-1024x683.webp 1024w, https:\/\/oss.vi-home.shop:9000\/vi-home-images\/wp-content\/uploads\/2023\/10\/07182426\/R57A8205-150x100.webp 150w, https:\/\/oss.vi-home.shop:9000\/vi-home-images\/wp-content\/uploads\/2023\/10\/07182426\/R57A8205-768x512.webp 768w, https:\/\/oss.vi-home.shop:9000\/vi-home-images\/wp-content\/uploads\/2023\/10\/07182426\/R57A8205-1536x1024.webp 1536w, https:\/\/oss.vi-home.shop:9000\/vi-home-images\/wp-content\/uploads\/2023\/10\/07182426\/R57A8205-2048x1365.webp 2048w, https:\/\/oss.vi-home.shop:9000\/vi-home-images\/wp-content\/uploads\/2023\/10\/07182426\/R57A8205-18x12.webp 18w, https:\/\/oss.vi-home.shop:9000\/vi-home-images\/wp-content\/uploads\/2023\/10\/07182426\/R57A8205-62x41.webp 62w, https:\/\/oss.vi-home.shop:9000\/vi-home-images\/wp-content\/uploads\/2023\/10\/07182426\/R57A8205-180x120.webp 180w\" sizes=\"(max-width: 600px) 100vw, 600px\" \/><\/p>","protected":false},"excerpt":{"rendered":"<pre>Chip LED c\u00f3 \u0111\u1ed9 s\u00e1ng cao AD8301-100W 5730 Pin: Lithiumion 3.2v 24Ah Th\u1eddi gian s\u1ea1c: 4-5 gi\u1edd n\u1eafng \u0111\u1ea7y \u0111\u1ee7 Gi\u1edd l\u00e0m vi\u1ec7c: 10-12 gi\u1edd Chi\u1ec1u cao l\u1eafp \u0111\u1eb7t: 4-5m K\u00edch th\u01b0\u1edbc s\u1ea3n ph\u1ea9m: 230*220*50mm T\u1ea5m n\u0103ng l\u01b0\u1ee3ng m\u1eb7t tr\u1eddi: 450*350*17 mm C\u00f4ng su\u1ea5t t\u1ea5m pin n\u0103ng l\u01b0\u1ee3ng m\u1eb7t tr\u1eddi: 6V 20w<\/pre>","protected":false},"featured_media":12613,"comment_status":"closed","ping_status":"closed","template":"","meta":{"_acf_changed":false},"product_brand":[],"product_cat":[40,43,52],"product_tag":[],"class_list":{"0":"post-12612","1":"product","2":"type-product","3":"status-publish","4":"has-post-thumbnail","6":"product_cat-commercial-lights","7":"product_cat-flood-lights","8":"product_cat-outdoor-lights","9":"yith_shop_vendor-ad-solar","10":"yith_product_brand-ad-solar","12":"first","13":"instock","14":"taxable","15":"shipping-taxable","16":"purchasable","17":"product-type-simple"},"acf":[],"_links":{"self":[{"href":"https:\/\/vi-home.shop\/vi\/wp-json\/wp\/v2\/product\/12612","targetHints":{"allow":["GET"]}}],"collection":[{"href":"https:\/\/vi-home.shop\/vi\/wp-json\/wp\/v2\/product"}],"about":[{"href":"https:\/\/vi-home.shop\/vi\/wp-json\/wp\/v2\/types\/product"}],"replies":[{"embeddable":true,"href":"https:\/\/vi-home.shop\/vi\/wp-json\/wp\/v2\/comments?post=12612"}],"wp:featuredmedia":[{"embeddable":true,"href":"https:\/\/vi-home.shop\/vi\/wp-json\/wp\/v2\/media\/12613"}],"wp:attachment":[{"href":"https:\/\/vi-home.shop\/vi\/wp-json\/wp\/v2\/media?parent=12612"}],"wp:term":[{"taxonomy":"product_brand","embeddable":true,"href":"https:\/\/vi-home.shop\/vi\/wp-json\/wp\/v2\/product_brand?post=12612"},{"taxonomy":"product_cat","embeddable":true,"href":"https:\/\/vi-home.shop\/vi\/wp-json\/wp\/v2\/product_cat?post=12612"},{"taxonomy":"product_tag","embeddable":true,"href":"https:\/\/vi-home.shop\/vi\/wp-json\/wp\/v2\/product_tag?post=12612"}],"curies":[{"name":"wp","href":"https:\/\/api.w.org\/{rel}","templated":true}]}}