{"id":12765,"date":"2023-11-27T10:24:42","date_gmt":"2023-11-27T02:24:42","guid":{"rendered":"https:\/\/vi-home.shop\/?post_type=product&#038;p=12765"},"modified":"2025-05-08T09:24:05","modified_gmt":"2025-05-08T01:24:05","slug":"xty-solar-flood-light-xty-t106a","status":"publish","type":"product","link":"https:\/\/vi-home.shop\/vi\/san-pham\/xty-solar-flood-light-xty-t106a\/","title":{"rendered":"\u0110\u00c8N PHA NLMT XTY-T106(A)100W\/200W\/300W\/500W"},"content":{"rendered":"<p><strong>N\u0103ng l\u01b0\u1ee3ng m\u1eb7t tr\u1eddi<\/strong><strong> XTY-T106<\/strong>\u00a0v\u1edbi c\u00e1c t\u00ednh n\u0103ng th\u00f4ng minh gi\u00fap b\u1eadt \u0111\u00e8n khi tr\u1eddi t\u1ed1i, t\u1eaft \u0111\u00e8n khi tr\u1eddi s\u00e1ng v\u00e0 th\u1eddi gian chi\u1ebfu s\u00e1ng l\u00ean \u0111\u1ebfn 12h \/ ng\u00e0y l\u00e0 s\u1ea3n ph\u1ea9m ph\u00f9 h\u1ee3p v\u1edbi c\u00e1c nhu c\u1ea7u g\u1eafn \u0111\u00e8n n\u0103ng l\u01b0\u1ee3ng m\u1eb7t tr\u1eddi cho h\u1ed9 gia \u0111\u00ecnh, bi\u1ec7t th\u1ef1, khu v\u01b0\u1eddn, b\u00e3i gi\u1eef xe\u2026<\/p>\n<p>Nh\u1eefng \u01b0u \u0111i\u1ec3m c\u1ee7a \u0111\u00e8n \u0111i\u1ec7n m\u1eb7t tr\u1eddi XTY-T106<\/p>\n<p>\u2013 Kh\u00f4ng t\u1ed1n ti\u1ec1n \u0111i\u1ec7n h\u00e0ng th\u00e1ng trong su\u1ed1t th\u1eddi gian s\u1eed d\u1ee5ng.<\/p>\n<p>\u2013 \u0110\u1ed9 b\u1ec1n cao l\u00ean \u0111\u1ebfn 10 n\u0103m.<\/p>\n<p>\u2013 Kh\u00f4ng s\u1eed d\u1ee5ng d\u00e2y \u0111i\u1ec7n nhanh kh\u00f4ng s\u1ee3 d\u00e2y \u0111i\u1ec7n v\u00e0 an to\u00e0n tuy\u1ec7t \u0111\u1ed1i v\u1ec1 \u0111i\u1ec7n khi tr\u1eddi m\u01b0a b\u00e3o.<\/p>\n<p>\u2013 T\u1ef1 \u0111\u1ed9ng b\u1eadt s\u00e1ng khi tr\u1eddi t\u1ed1i \u2013 T\u1ef1 \u0111\u1ed9ng t\u1eaft khi tr\u1eddi s\u00e1ng kh\u00f4ng c\u1ea7n thi\u1ebft \u0111\u1ec3 \u00fd \u0111\u1ebfn th\u1eddi gian t\u1eaft m\u1edf ng\u00e0y li\u00ean t\u1ee5c.<\/p>\n<p>\u2013 B\u1eadt\/T\u1eaft v\u00e0 t\u0103ng \u0111\u1ed9 s\u00e1ng b\u1ea5t c\u1ee9 l\u00fac n\u00e0o b\u1eb1ng \u0111i\u1ec1u khi\u1ec3n Remote t\u1eeb xa.<\/p>\n<p>\u2013 L\u1eafp \u0111\u1eb7t cho t\u1ea5t c\u1ea3 c\u00e1c v\u1ecb tr\u00ed trong nh\u00e0 , h\u00e0nh lang , s\u00e2n nh\u00e0 , \u0111\u01b0\u1eddng \u0111i , nh\u00e0 x\u01b0\u1edfng , trang tr\u1ea1i v\u00e0 nh\u1eefng khu v\u1ef1c kh\u00f4ng c\u00f3 m\u1ea1ng l\u01b0\u1edbi \u2026<\/p>\n<p><img loading=\"lazy\" decoding=\"async\" class=\"alignnone wp-image-12770\" src=\"https:\/\/oss.vi-home.shop:9000\/vi-home-images\/wp-content\/uploads\/2023\/11\/07182408\/106.jpg\" alt=\"\" width=\"558\" height=\"558\" srcset=\"https:\/\/oss.vi-home.shop:9000\/vi-home-images\/wp-content\/uploads\/2023\/11\/07182408\/106.jpg 2042w, https:\/\/oss.vi-home.shop:9000\/vi-home-images\/wp-content\/uploads\/2023\/11\/07182408\/106-100x100.jpg 100w, https:\/\/oss.vi-home.shop:9000\/vi-home-images\/wp-content\/uploads\/2023\/11\/07182408\/106-510x510.jpg 510w, https:\/\/oss.vi-home.shop:9000\/vi-home-images\/wp-content\/uploads\/2023\/11\/07182408\/106-12x12.jpg 12w\" sizes=\"(max-width: 558px) 100vw, 558px\" \/><\/p>\n<p><strong>Thi\u1ebft k\u1ebf hi\u1ec7n \u0111\u1ea1i, sang tr\u1ecdng:\u00a0<\/strong>r\u1ea5t th\u00edch h\u1ee3p v\u1edbi c\u00e1c gia \u0111\u00ecnh, doanh nghi\u1ec7p \u1edf nh\u1eefng n\u01a1i th\u01b0\u1eddng xuy\u00ean m\u1ea5t \u0111i\u1ec7n ho\u1eb7c kh\u00f3 k\u00e9o ngu\u1ed3n \u0111i\u1ec7n<\/p>\n<p><strong>\u00c1nh s\u00e1ng t\u1ed1t:<\/strong>\u00a0C\u00f3 \u0111\u00e8n s\u00e1ng ch\u1ebf \u0111\u1ed9 tr\u1eafng, th\u1eddi gian chi\u1ebfu s\u00e1ng l\u00ean \u0111\u1ebfn 12 gi\u1edd\/ ng\u00e0y<\/p>\n<p><img loading=\"lazy\" decoding=\"async\" class=\"alignnone size-full wp-image-24169\" src=\"https:\/\/oss.vi-home.shop:9000\/vi-home-images\/wp-content\/uploads\/2023\/11\/09111858\/den-nang-luong-mat-troi-40w-3.jpg\" alt=\"\" width=\"750\" height=\"457\" srcset=\"https:\/\/oss.vi-home.shop:9000\/vi-home-images\/wp-content\/uploads\/2023\/11\/09111858\/den-nang-luong-mat-troi-40w-3.jpg 750w, https:\/\/oss.vi-home.shop:9000\/vi-home-images\/wp-content\/uploads\/2023\/11\/09111858\/den-nang-luong-mat-troi-40w-3-510x311.jpg 510w, https:\/\/oss.vi-home.shop:9000\/vi-home-images\/wp-content\/uploads\/2023\/11\/09111858\/den-nang-luong-mat-troi-40w-3-18x12.jpg 18w, https:\/\/oss.vi-home.shop:9000\/vi-home-images\/wp-content\/uploads\/2023\/11\/09111858\/den-nang-luong-mat-troi-40w-3-62x38.jpg 62w, https:\/\/oss.vi-home.shop:9000\/vi-home-images\/wp-content\/uploads\/2023\/11\/09111858\/den-nang-luong-mat-troi-40w-3-197x120.jpg 197w\" sizes=\"(max-width: 750px) 100vw, 750px\" \/> <img loading=\"lazy\" decoding=\"async\" class=\"alignnone size-medium wp-image-24170\" src=\"https:\/\/oss.vi-home.shop:9000\/vi-home-images\/wp-content\/uploads\/2023\/11\/09111919\/den-nang-luong-mat-troi-40w-4.jpg\" alt=\"\" width=\"750\" height=\"692\" srcset=\"https:\/\/oss.vi-home.shop:9000\/vi-home-images\/wp-content\/uploads\/2023\/11\/09111919\/den-nang-luong-mat-troi-40w-4.jpg 750w, https:\/\/oss.vi-home.shop:9000\/vi-home-images\/wp-content\/uploads\/2023\/11\/09111919\/den-nang-luong-mat-troi-40w-4-510x471.jpg 510w, https:\/\/oss.vi-home.shop:9000\/vi-home-images\/wp-content\/uploads\/2023\/11\/09111919\/den-nang-luong-mat-troi-40w-4-13x12.jpg 13w, https:\/\/oss.vi-home.shop:9000\/vi-home-images\/wp-content\/uploads\/2023\/11\/09111919\/den-nang-luong-mat-troi-40w-4-62x57.jpg 62w, https:\/\/oss.vi-home.shop:9000\/vi-home-images\/wp-content\/uploads\/2023\/11\/09111919\/den-nang-luong-mat-troi-40w-4-130x120.jpg 130w\" sizes=\"(max-width: 750px) 100vw, 750px\" \/> <img loading=\"lazy\" decoding=\"async\" class=\"alignnone size-medium wp-image-24171\" src=\"https:\/\/oss.vi-home.shop:9000\/vi-home-images\/wp-content\/uploads\/2023\/11\/09111936\/den-nang-luong-mat-troi-40w-5.jpg\" alt=\"\" width=\"750\" height=\"932\" srcset=\"https:\/\/oss.vi-home.shop:9000\/vi-home-images\/wp-content\/uploads\/2023\/11\/09111936\/den-nang-luong-mat-troi-40w-5.jpg 750w, https:\/\/oss.vi-home.shop:9000\/vi-home-images\/wp-content\/uploads\/2023\/11\/09111936\/den-nang-luong-mat-troi-40w-5-510x634.jpg 510w, https:\/\/oss.vi-home.shop:9000\/vi-home-images\/wp-content\/uploads\/2023\/11\/09111936\/den-nang-luong-mat-troi-40w-5-10x12.jpg 10w, https:\/\/oss.vi-home.shop:9000\/vi-home-images\/wp-content\/uploads\/2023\/11\/09111936\/den-nang-luong-mat-troi-40w-5-62x77.jpg 62w, https:\/\/oss.vi-home.shop:9000\/vi-home-images\/wp-content\/uploads\/2023\/11\/09111936\/den-nang-luong-mat-troi-40w-5-97x120.jpg 97w\" sizes=\"(max-width: 750px) 100vw, 750px\" \/> <img loading=\"lazy\" decoding=\"async\" class=\"alignnone size-medium wp-image-24173\" src=\"https:\/\/oss.vi-home.shop:9000\/vi-home-images\/wp-content\/uploads\/2023\/11\/09111956\/den-nang-luong-mat-troi-40w-7.jpg\" alt=\"\" width=\"750\" height=\"811\" srcset=\"https:\/\/oss.vi-home.shop:9000\/vi-home-images\/wp-content\/uploads\/2023\/11\/09111956\/den-nang-luong-mat-troi-40w-7.jpg 750w, https:\/\/oss.vi-home.shop:9000\/vi-home-images\/wp-content\/uploads\/2023\/11\/09111956\/den-nang-luong-mat-troi-40w-7-510x551.jpg 510w, https:\/\/oss.vi-home.shop:9000\/vi-home-images\/wp-content\/uploads\/2023\/11\/09111956\/den-nang-luong-mat-troi-40w-7-11x12.jpg 11w, https:\/\/oss.vi-home.shop:9000\/vi-home-images\/wp-content\/uploads\/2023\/11\/09111956\/den-nang-luong-mat-troi-40w-7-62x67.jpg 62w, https:\/\/oss.vi-home.shop:9000\/vi-home-images\/wp-content\/uploads\/2023\/11\/09111956\/den-nang-luong-mat-troi-40w-7-111x120.jpg 111w\" sizes=\"(max-width: 750px) 100vw, 750px\" \/><\/p>\n<p>\u0110\u00e8n n\u0103ng l\u01b0\u1ee3ng m\u1eb7t tr\u1eddi XTY-T106 c\u00f3 4 lo\u1ea1i c\u00f4ng su\u1ea5t<\/p>\n<p><img loading=\"lazy\" decoding=\"async\" class=\"alignnone wp-image-12760\" src=\"https:\/\/oss.vi-home.shop:9000\/vi-home-images\/wp-content\/uploads\/2023\/11\/07182409\/106-100W.jpg\" alt=\"\" width=\"321\" height=\"321\" srcset=\"https:\/\/oss.vi-home.shop:9000\/vi-home-images\/wp-content\/uploads\/2023\/11\/07182409\/106-100W.jpg 800w, https:\/\/oss.vi-home.shop:9000\/vi-home-images\/wp-content\/uploads\/2023\/11\/07182409\/106-100W-100x100.jpg 100w, https:\/\/oss.vi-home.shop:9000\/vi-home-images\/wp-content\/uploads\/2023\/11\/07182409\/106-100W-510x510.jpg 510w, https:\/\/oss.vi-home.shop:9000\/vi-home-images\/wp-content\/uploads\/2023\/11\/07182409\/106-100W-12x12.jpg 12w\" sizes=\"(max-width: 321px) 100vw, 321px\" \/><img loading=\"lazy\" decoding=\"async\" class=\"alignnone wp-image-12762\" src=\"https:\/\/oss.vi-home.shop:9000\/vi-home-images\/wp-content\/uploads\/2023\/11\/07182409\/200-1.png\" alt=\"\" width=\"311\" height=\"311\" srcset=\"https:\/\/oss.vi-home.shop:9000\/vi-home-images\/wp-content\/uploads\/2023\/11\/07182409\/200-1.png 800w, https:\/\/oss.vi-home.shop:9000\/vi-home-images\/wp-content\/uploads\/2023\/11\/07182409\/200-1-100x100.png 100w, https:\/\/oss.vi-home.shop:9000\/vi-home-images\/wp-content\/uploads\/2023\/11\/07182409\/200-1-510x510.png 510w, https:\/\/oss.vi-home.shop:9000\/vi-home-images\/wp-content\/uploads\/2023\/11\/07182409\/200-1-12x12.png 12w\" sizes=\"(max-width: 311px) 100vw, 311px\" \/><img loading=\"lazy\" decoding=\"async\" class=\"alignnone wp-image-12761\" src=\"https:\/\/oss.vi-home.shop:9000\/vi-home-images\/wp-content\/uploads\/2023\/11\/07182409\/106-300W.jpg\" alt=\"\" width=\"297\" height=\"297\" srcset=\"https:\/\/oss.vi-home.shop:9000\/vi-home-images\/wp-content\/uploads\/2023\/11\/07182409\/106-300W.jpg 800w, https:\/\/oss.vi-home.shop:9000\/vi-home-images\/wp-content\/uploads\/2023\/11\/07182409\/106-300W-100x100.jpg 100w, https:\/\/oss.vi-home.shop:9000\/vi-home-images\/wp-content\/uploads\/2023\/11\/07182409\/106-300W-510x510.jpg 510w, https:\/\/oss.vi-home.shop:9000\/vi-home-images\/wp-content\/uploads\/2023\/11\/07182409\/106-300W-12x12.jpg 12w\" sizes=\"(max-width: 297px) 100vw, 297px\" \/><img loading=\"lazy\" decoding=\"async\" class=\"alignnone wp-image-12763\" src=\"https:\/\/oss.vi-home.shop:9000\/vi-home-images\/wp-content\/uploads\/2023\/11\/07182408\/106-500W.jpg\" alt=\"\" width=\"262\" height=\"262\" srcset=\"https:\/\/oss.vi-home.shop:9000\/vi-home-images\/wp-content\/uploads\/2023\/11\/07182408\/106-500W.jpg 800w, https:\/\/oss.vi-home.shop:9000\/vi-home-images\/wp-content\/uploads\/2023\/11\/07182408\/106-500W-100x100.jpg 100w, https:\/\/oss.vi-home.shop:9000\/vi-home-images\/wp-content\/uploads\/2023\/11\/07182408\/106-500W-510x510.jpg 510w, https:\/\/oss.vi-home.shop:9000\/vi-home-images\/wp-content\/uploads\/2023\/11\/07182408\/106-500W-12x12.jpg 12w\" sizes=\"(max-width: 262px) 100vw, 262px\" \/><\/p>\n<h2><strong>C\u00e1ch l\u1eafp \u0111\u1eb7t \u0111\u00e8n \u0111i\u1ec7n m\u1eb7t tr\u1eddi XTY-T106<\/strong><\/h2>\n<p>Qu\u00fd kh\u00e1ch h\u00e0ng c\u00f3 th\u1ec3 l\u00e0m theo h\u01b0\u1edbng d\u1eabn d\u01b0\u1edbi \u0111\u00e2y \u0111\u1ec3 g\u1eafn k\u1ebft <strong>\u0111\u00e8n n\u0103ng l\u01b0\u1ee3ng m\u1eb7t tr\u1eddi XTY-T106<\/strong>, c\u00e1c b\u01b0\u1edbc c\u00e0i \u0111\u1eb7t r\u1ea5t \u0111\u01a1n gi\u1ea3n v\u00e0 to\u00e0n b\u1ed9 qu\u00e1 tr\u00ecnh c\u00e0i \u0111\u1eb7t mount ch\u01b0a \u0111\u1ebfn 10p<\/p>\n<p>\u2013 Collector <strong>\u0111\u00e8n n\u0103ng l\u01b0\u1ee3ng m\u1eb7t tr\u1eddi XTY-T106<\/strong>\u00a0g\u1ed3m: T\u1ea5m pin n\u0103ng l\u01b0\u1ee3ng m\u1eb7t tr\u1eddi, th\u00e2n \u0111\u00e8n, \u0111\u1ebf \u0111\u00e8n, \u1ed1c v\u00edt, \u0111i\u1ec1u khi\u1ec3n t\u1eeb xa<\/p>\n<p>\u2013 M\u00e1y ch\u1ee7 n\u1ebfu c\u00e0i \u0111\u1eb7t c\u1ed1 \u0111\u1ecbnh tr\u00ean T\u01b0\u1eddng<\/p>\n<p><strong>Th\u1ef1c hi\u1ec7n<\/strong><\/p>\n<p><img loading=\"lazy\" decoding=\"async\" class=\"alignnone size-full wp-image-24177\" src=\"https:\/\/oss.vi-home.shop:9000\/vi-home-images\/wp-content\/uploads\/2023\/11\/09112647\/lap-dat-den-nang-luong-mat-troi-12.jpg\" alt=\"\" width=\"590\" height=\"432\" srcset=\"https:\/\/oss.vi-home.shop:9000\/vi-home-images\/wp-content\/uploads\/2023\/11\/09112647\/lap-dat-den-nang-luong-mat-troi-12.jpg 590w, https:\/\/oss.vi-home.shop:9000\/vi-home-images\/wp-content\/uploads\/2023\/11\/09112647\/lap-dat-den-nang-luong-mat-troi-12-510x373.jpg 510w, https:\/\/oss.vi-home.shop:9000\/vi-home-images\/wp-content\/uploads\/2023\/11\/09112647\/lap-dat-den-nang-luong-mat-troi-12-16x12.jpg 16w, https:\/\/oss.vi-home.shop:9000\/vi-home-images\/wp-content\/uploads\/2023\/11\/09112647\/lap-dat-den-nang-luong-mat-troi-12-62x45.jpg 62w, https:\/\/oss.vi-home.shop:9000\/vi-home-images\/wp-content\/uploads\/2023\/11\/09112647\/lap-dat-den-nang-luong-mat-troi-12-164x120.jpg 164w\" sizes=\"(max-width: 590px) 100vw, 590px\" \/> <img loading=\"lazy\" decoding=\"async\" class=\"alignnone size-medium wp-image-24178\" src=\"https:\/\/oss.vi-home.shop:9000\/vi-home-images\/wp-content\/uploads\/2023\/11\/09112648\/remote-dieu-khien-tu-xa-1_da81f3a3a1b548358f466d326d60a58e_grande.webp\" alt=\"\" width=\"600\" height=\"600\" srcset=\"https:\/\/oss.vi-home.shop:9000\/vi-home-images\/wp-content\/uploads\/2023\/11\/09112648\/remote-dieu-khien-tu-xa-1_da81f3a3a1b548358f466d326d60a58e_grande.webp 600w, https:\/\/oss.vi-home.shop:9000\/vi-home-images\/wp-content\/uploads\/2023\/11\/09112648\/remote-dieu-khien-tu-xa-1_da81f3a3a1b548358f466d326d60a58e_grande-100x100.webp 100w, https:\/\/oss.vi-home.shop:9000\/vi-home-images\/wp-content\/uploads\/2023\/11\/09112648\/remote-dieu-khien-tu-xa-1_da81f3a3a1b548358f466d326d60a58e_grande-510x510.webp 510w, https:\/\/oss.vi-home.shop:9000\/vi-home-images\/wp-content\/uploads\/2023\/11\/09112648\/remote-dieu-khien-tu-xa-1_da81f3a3a1b548358f466d326d60a58e_grande-12x12.webp 12w, https:\/\/oss.vi-home.shop:9000\/vi-home-images\/wp-content\/uploads\/2023\/11\/09112648\/remote-dieu-khien-tu-xa-1_da81f3a3a1b548358f466d326d60a58e_grande-62x62.webp 62w, https:\/\/oss.vi-home.shop:9000\/vi-home-images\/wp-content\/uploads\/2023\/11\/09112648\/remote-dieu-khien-tu-xa-1_da81f3a3a1b548358f466d326d60a58e_grande-120x120.webp 120w\" sizes=\"(max-width: 600px) 100vw, 600px\" \/><\/p>\n<p><strong>L\u00e0m sao \u0111\u1ec3 mua h\u00e0ng?<\/strong><\/p>\n<p>Qu\u00fd kh\u00e1ch h\u00e0ng c\u00f3 th\u1ec3 \u0111\u1eb7t h\u00e0ng d\u1ec5 d\u00e0ng theo c\u00e1c c\u00e1ch:<\/p>\n<ul>\n<li>\u0110\u1eb7t h\u00e0ng qua \u0111\u01b0\u1eddng d\u00e2y n\u00f3ng:\u00a0<strong>0945.409977<\/strong><\/li>\n<li>\u0110\u1eb7t h\u00e0ng qua zalo:\u00a0<strong>0945.409977<\/strong><\/li>\n<li>\u0110\u1eb7t h\u00e0ng tr\u1ef1c tuy\u1ebfn tr\u00ean website: https:\/\/vi-home.shop\/<\/li>\n<\/ul>\n<p><strong>\u0110\u1eb7t h\u00e0ng th\u00ec sau bao l\u00e2u s\u1ebd nh\u1eadn \u0111\u01b0\u1ee3c.<\/strong><\/p>\n<p>VI-HOME cam k\u1ebft v\u1eadn chuy\u1ec3n s\u1ea3n ph\u1ea9m \u0111\u1ebfn t\u1eadn nh\u00e0 qu\u00fd kh\u00e1ch. N\u1ebfu kh\u00e1ch h\u00e0ng \u1edf TP.HCM, B\u00ecnh D\u01b0\u01a1ng, \u0110\u1ed3ng Nai, H\u00e0 N\u1ed9i, V\u0169ng T\u00e0u th\u00ec c\u00f3 th\u1ec3 nh\u1eadn h\u00e0ng ngay trong ng\u00e0y. N\u1ebfu qu\u00fd kh\u00e1ch \u1edf c\u00e1c t\u1ec9nh th\u00ec c\u00f3 th\u1ec3 nh\u1eadn h\u00e0ng t\u1eeb 2-3 ng\u00e0y t\u00f9y v\u00e0o d\u1ecbch v\u1ee5 v\u1eadn chuy\u1ec3n.<\/p>\n<p>C\u00e1c bi\u1ec3u th\u1ee9c chuy\u1ec3n \u0111\u1ed5i ph\u1ed5 bi\u1ebfn nh\u01b0<br \/>\n\u2013 VNPOST (B\u01b0u \u0111i\u1ec7n)<\/p>\n<p>\u2013 B\u00c0I VI\u1ebeT V\u0102N B\u1ea2N<\/p>\n<p>\u2013 Giao h\u00e0ng nhanh<\/p>\n<p>\u2013 Giao h\u00e0ng ti\u1ebft ki\u1ec7m<\/p>\n<p>\u2013 Th\u00e0nh xe<\/p>\n<p><strong>Khi nh\u1eadn \u0111\u01b0\u1ee3c kh\u00f4ng gi\u1ed1ng nh\u01b0 c\u00e2u h\u1ecfi c\u00f3 th\u1ec3 thay \u0111\u1ed5i h\u00e0ng tr\u1ea3 l\u1eddi kh\u00f4ng?<\/strong><\/p>\n<p>\u0110\u01b0\u1ee3c. Khi nh\u1eadn \u0111\u01b0\u1ee3c s\u1ea3n ph\u1ea9m v\u00e0 ki\u1ec3m tra kh\u00f4ng gi\u1ed1ng nh\u01b0 l\u00fac \u0111\u01b0\u1ee3c t\u01b0 v\u1ea5n qu\u00fd kh\u00e1ch h\u00e0ng c\u00f3 th\u1ec3 li\u00ean h\u1ec7 h\u1ec7 th\u1ed1ng \u0111\u01b0\u1eddng d\u00e2y n\u00f3ng: y\u00eau c\u1ea7u ho\u00e0n tr\u1ea3 ngay l\u1eadp t\u1ee9c.<\/p>\n<p><strong>C\u00e1c tr\u01b0\u1eddng h\u1ee3p l\u1ec7 \u0111\u01b0\u1ee3c b\u1ea3o v\u1ec7<\/strong><\/p>\n<p>Vi-Home cam k\u1ebft b\u1ea3o h\u00e0nh s\u1ea3n ph\u1ea9m mi\u1ec5n ph\u00ed cho qu\u00fd kh\u00e1ch h\u00e0ng khi g\u1eb7p c\u00e1c v\u1ea5n \u0111\u1ec1:<\/p>\n<p>\u2013 Kh\u00f4ng c\u00f3 \u0111\u00e8n \u0111i\u1ec7n t\u1ef1 \u0111\u1ed9ng s\u1ea1c<\/p>\n<p>\u2013 Kh\u00f4ng t\u1ef1 \u0111\u1ed9ng b\u1eadt\/t\u1eaft \u0111\u00e8n flash<\/p>\n<p>\u2013 Th\u1eddi gian s\u1eed d\u1ee5ng \u0111\u00e8n ch\u1ec9 c\u00f3 m\u1ed9t s\u1ed1 ti\u1ebfng \u1ed3n<\/p>\n<p>\u2013 \u0110\u00e8n v\u00f4 n\u01b0\u1edbc trong qu\u00e1 tr\u00ecnh s\u1eed d\u1ee5ng<\/p>\n<p>\u2013 \u0110i\u1ec1u khi\u1ec3n t\u1eeb xa kh\u00f4ng ho\u1ea1t \u0111\u1ed9ng<\/p>\n<p>Qu\u00fd kh\u00e1ch h\u00e0ng c\u00f3 nhu c\u1ea7u mua\u00a0<strong>n\u0103ng l\u01b0\u1ee3ng m\u1eb7t tr\u1eddi Vi-Home<\/strong> v\u1edbi s\u1ed1 l\u01b0\u1ee3ng l\u1edbn vui l\u00f2ng li\u00ean h\u1ec7:<strong>\u00a0<\/strong><strong>0945409977 <\/strong>\u0111\u1ec3 \u0111\u01b0\u1ee3c b\u00e1o gi\u00e1 t\u1ed1t nh\u1ea5t.<\/p>\n<p><strong>Khi qu\u00fd kh\u00e1ch mua \u0111\u00e8n n\u0103ng l\u01b0\u1ee3ng m\u1eb7t tr\u1eddi t\u1ea1i Vi-Home, ch\u00fang t\u00f4i cam k\u1ebft:<\/strong><\/p>\n<p>\u2013 Cam k\u1ebft ch\u00ednh h\u00e3ng, m\u1edbi 100%<\/p>\n<p>\u2013 Cam k\u1ebft h\u00e0nh 24 th\u00e1ng 1 \u0111\u1ed5i 1<\/p>\n<p>\u2013 Giao h\u00e0ng nh\u1eadn ti\u1ec1n, cho ph\u00e9p ki\u1ec3m tra s\u1ea3n ph\u1ea9m tr\u01b0\u01a1c khi thanh to\u00e1n<\/p>\n<p>\u2013 Li\u00ean t\u1ee5c \u0111\u00e8n chi\u1ebfu s\u00e1ng cam t\u1eeb tr\u00ean 12h\/ng\u00e0y<\/p>\n<p>&nbsp;<\/p>","protected":false},"excerpt":{"rendered":"<p><b>N\u0103ng l\u01b0\u1ee3ng m\u1eb7t tr\u1eddi <\/b>c\u00f3 ki\u1ec3u d\u00e1ng thon g\u1ecdn, \u0111\u1ed9 th\u1ea9m m\u1ef9 cao, d\u1ec5 l\u1eafp \u0111\u1eb7t. S\u1eed d\u1ee5ng \u0111\u00e8n b\u00f3ng \u0111\u00e8n LED, ph\u00e1t s\u00e1ng nh\u1eb9 kh\u00f4ng ch\u1ee9a c\u00e1c tia t\u1eed ngo\u1ea1i, tia c\u1ef1c t\u00edm, an to\u00e0n cho m\u00f4i tr\u01b0\u1eddng v\u00e0 con ng\u01b0\u1eddi.<\/p>\n<p>&nbsp;<\/p>\n<p><em><strong>N\u0103ng l\u01b0\u1ee3ng m\u1eb7t tr\u1eddi<\/strong><\/em>\u00a0c\u00f3 c\u00f4ng tr\u00ecnh chi\u1ebfu s\u00e1ng kh\u00e1 cao, c\u00f3 th\u1ec3 thay th\u1ebf cho c\u00e1c b\u00f3ng \u0111\u00e8n th\u00f4ng th\u01b0\u1eddng m\u00e0 kh\u00f4ng ph\u1ea3i tr\u1ea3 ph\u00ed thanh to\u00e1n h\u00f3a \u0111\u01a1n ti\u1ec1n \u0111i\u1ec7n m\u1ed7i th\u00e1ng. \u0110\u00e8n n\u0103ng l\u01b0\u1ee3ng th\u01b0\u1eddng \u0111\u01b0\u1ee3c s\u1eed d\u1ee5ng l\u00e0m \u0111\u00e8n chi\u1ebfu s\u00e2n v\u01b0\u1eddn, nh\u00e0 v\u01b0\u1eddn hay \u0111\u00e8n chi\u1ebfu v\u00e1ch ng\u0103n, \u0111\u00e8n chi\u1ebfu c\u1ed5ng, \u0111\u00e8n chi\u1ebfu hi\u1ec7u\u2026.<\/p>\n<table width=\"541\">\n<tbody>\n<tr>\n<td width=\"175\">M\u1ee4C<\/td>\n<td width=\"256\">S\u1ef1 mi\u00eau t\u1ea3<\/td>\n<td width=\"110\">V\u1eacT LI\u1ec6U<\/td>\n<\/tr>\n<tr>\n<td width=\"175\">XTY-T106(A) 100W<\/td>\n<td width=\"256\">1. T\u1ea5m n\u0103ng l\u01b0\u1ee3ng m\u1eb7t tr\u1eddi: 6V20W<br \/>\n2.Pin; 3.2V15AH<br \/>\n3, \u0110\u00c8N LED: SMT5730 119 C\u00c1I<br \/>\nK\u00cdCH TH\u01af\u1edaC: 25,5 * 20,8 * 6,5CM<\/td>\n<td width=\"110\">Nh\u00f4m<\/td>\n<\/tr>\n<tr>\n<td width=\"175\">XTY-T106(A) 200W<\/td>\n<td width=\"256\">1. T\u1ea5m n\u0103ng l\u01b0\u1ee3ng m\u1eb7t tr\u1eddi: 6V30W<br \/>\n2.Pin; 3.2V25AH<br \/>\n3, \u0110\u00c8N LED: SMT5730 195 C\u00c1I<br \/>\nK\u00cdCH TH\u01af\u1edaC: 30*25*7.5CM<\/td>\n<td width=\"110\">Nh\u00f4m<\/td>\n<\/tr>\n<tr>\n<td width=\"175\">XTY-T106(A) 300W<\/td>\n<td width=\"256\">1. T\u1ea5m n\u0103ng l\u01b0\u1ee3ng m\u1eb7t tr\u1eddi: 6V35W<br \/>\n2.Pin; 3.2V30AH<br \/>\n3, \u0110\u00c8N LED: SMT5730 396 C\u00c1I<br \/>\nK\u00cdCH TH\u01af\u1edaC: 33,5 * 27 * 8CM<\/td>\n<td width=\"110\">Nh\u00f4m<\/td>\n<\/tr>\n<tr>\n<td width=\"175\">XTY-T106(A) 500W<\/td>\n<td width=\"256\">1. T\u1ea5m n\u0103ng l\u01b0\u1ee3ng m\u1eb7t tr\u1eddi: 6V50W<br \/>\n2.Pin; 3.2V40AH<br \/>\n3, \u0110\u00c8N LED: SMT5730 622 C\u00c1I<br \/>\nK\u00cdCH TH\u01af\u1edaC: 400x315x90CM<\/td>\n<td width=\"110\">Nh\u00f4m<\/td>\n<\/tr>\n<\/tbody>\n<\/table>","protected":false},"featured_media":12770,"comment_status":"closed","ping_status":"closed","template":"","meta":{"_acf_changed":false},"product_brand":[],"product_cat":[40,43,52],"product_tag":[],"class_list":{"0":"post-12765","1":"product","2":"type-product","3":"status-publish","4":"has-post-thumbnail","6":"product_cat-commercial-lights","7":"product_cat-flood-lights","8":"product_cat-outdoor-lights","9":"yith_shop_vendor-zhong-shan-city-xintianyang-electric-co-ltd","10":"yith_product_brand-xintianyang","12":"first","13":"instock","14":"featured","15":"taxable","16":"shipping-taxable","17":"purchasable","18":"product-type-variable"},"acf":[],"_links":{"self":[{"href":"https:\/\/vi-home.shop\/vi\/wp-json\/wp\/v2\/product\/12765","targetHints":{"allow":["GET"]}}],"collection":[{"href":"https:\/\/vi-home.shop\/vi\/wp-json\/wp\/v2\/product"}],"about":[{"href":"https:\/\/vi-home.shop\/vi\/wp-json\/wp\/v2\/types\/product"}],"replies":[{"embeddable":true,"href":"https:\/\/vi-home.shop\/vi\/wp-json\/wp\/v2\/comments?post=12765"}],"wp:featuredmedia":[{"embeddable":true,"href":"https:\/\/vi-home.shop\/vi\/wp-json\/wp\/v2\/media\/12770"}],"wp:attachment":[{"href":"https:\/\/vi-home.shop\/vi\/wp-json\/wp\/v2\/media?parent=12765"}],"wp:term":[{"taxonomy":"product_brand","embeddable":true,"href":"https:\/\/vi-home.shop\/vi\/wp-json\/wp\/v2\/product_brand?post=12765"},{"taxonomy":"product_cat","embeddable":true,"href":"https:\/\/vi-home.shop\/vi\/wp-json\/wp\/v2\/product_cat?post=12765"},{"taxonomy":"product_tag","embeddable":true,"href":"https:\/\/vi-home.shop\/vi\/wp-json\/wp\/v2\/product_tag?post=12765"}],"curies":[{"name":"wp","href":"https:\/\/api.w.org\/{rel}","templated":true}]}}