{"id":12852,"date":"2023-11-27T19:00:37","date_gmt":"2023-11-27T11:00:37","guid":{"rendered":"https:\/\/vi-home.shop\/?post_type=product&#038;p=12852"},"modified":"2024-05-16T13:32:58","modified_gmt":"2024-05-16T05:32:58","slug":"os20-140ab","status":"publish","type":"product","link":"https:\/\/vi-home.shop\/vi\/san-pham\/os20-140ab\/","title":{"rendered":"OS20-140AB"},"content":{"rendered":"<p><img loading=\"lazy\" decoding=\"async\" class=\"alignnone wp-image-12854\" src=\"https:\/\/oss.vi-home.shop:9000\/vi-home-images\/wp-content\/uploads\/2023\/11\/07182400\/DSC5252.png\" alt=\"LED A bulb\" width=\"334\" height=\"501\" srcset=\"https:\/\/oss.vi-home.shop:9000\/vi-home-images\/wp-content\/uploads\/2023\/11\/07182400\/DSC5252.png 5504w, https:\/\/oss.vi-home.shop:9000\/vi-home-images\/wp-content\/uploads\/2023\/11\/07182400\/DSC5252-510x765.png 510w\" sizes=\"(max-width: 334px) 100vw, 334px\" \/><\/p>\n<p><img loading=\"lazy\" decoding=\"async\" class=\"alignnone size-full wp-image-12928\" src=\"https:\/\/oss.vi-home.shop:9000\/vi-home-images\/wp-content\/uploads\/2023\/11\/07182357\/1701153522558.png\" alt=\"\" width=\"1223\" height=\"823\" srcset=\"https:\/\/oss.vi-home.shop:9000\/vi-home-images\/wp-content\/uploads\/2023\/11\/07182357\/1701153522558.png 1223w, https:\/\/oss.vi-home.shop:9000\/vi-home-images\/wp-content\/uploads\/2023\/11\/07182357\/1701153522558-510x343.png 510w\" sizes=\"(max-width: 1223px) 100vw, 1223px\" \/><\/p>","protected":false},"excerpt":{"rendered":"<pre>C\u00f4ng su\u1ea5t b\u00f3ng \u0111\u00e8n LED: 3W\/5W\/7W\/9W\/12W\/15W\/18W K\u00edch th\u01b0\u1edbc: \u03a650*90\/\u03a650*90\/\u03a655*100\/\u03a660*110\/\u03a665*120\/\u03a670*130\/\u03a680*145(mm) \u0110i\u1ec7n \u00e1p: 165-265V \u1ed4 \u0111\u0129a: DOB Lumen: \u226580LM\/W CRI:Ra80 PF:&gt; 0,5 V\u1eadt li\u1ec7u: Nh\u00f4m b\u1ecdc nh\u1ef1a + PC B\u1ea3o h\u00e0nh hai n\u0103m.\r\n<img loading=\"lazy\" decoding=\"async\" class=\"alignnone wp-image-12928\" src=\"https:\/\/oss.vi-home.shop:9000\/vi-home-images\/wp-content\/uploads\/2023\/11\/07182357\/1701153522558.png\" alt=\"\" width=\"939\" height=\"632\" srcset=\"https:\/\/oss.vi-home.shop:9000\/vi-home-images\/wp-content\/uploads\/2023\/11\/07182357\/1701153522558.png 1223w, https:\/\/oss.vi-home.shop:9000\/vi-home-images\/wp-content\/uploads\/2023\/11\/07182357\/1701153522558-510x343.png 510w\" sizes=\"(max-width: 939px) 100vw, 939px\" \/>\r\n\r\n<\/pre>","protected":false},"featured_media":12892,"comment_status":"closed","ping_status":"closed","template":"","meta":{"_acf_changed":false},"product_brand":[],"product_cat":[47],"product_tag":[],"class_list":{"0":"post-12852","1":"product","2":"type-product","3":"status-publish","4":"has-post-thumbnail","6":"product_cat-bulbs","7":"yith_shop_vendor-zhongshan-okes-lighting-appliance-co-ltd","8":"yith_product_brand-okes","10":"first","11":"instock","12":"sale","13":"shipping-taxable","14":"purchasable","15":"product-type-variable"},"acf":[],"_links":{"self":[{"href":"https:\/\/vi-home.shop\/vi\/wp-json\/wp\/v2\/product\/12852","targetHints":{"allow":["GET"]}}],"collection":[{"href":"https:\/\/vi-home.shop\/vi\/wp-json\/wp\/v2\/product"}],"about":[{"href":"https:\/\/vi-home.shop\/vi\/wp-json\/wp\/v2\/types\/product"}],"replies":[{"embeddable":true,"href":"https:\/\/vi-home.shop\/vi\/wp-json\/wp\/v2\/comments?post=12852"}],"wp:featuredmedia":[{"embeddable":true,"href":"https:\/\/vi-home.shop\/vi\/wp-json\/wp\/v2\/media\/12892"}],"wp:attachment":[{"href":"https:\/\/vi-home.shop\/vi\/wp-json\/wp\/v2\/media?parent=12852"}],"wp:term":[{"taxonomy":"product_brand","embeddable":true,"href":"https:\/\/vi-home.shop\/vi\/wp-json\/wp\/v2\/product_brand?post=12852"},{"taxonomy":"product_cat","embeddable":true,"href":"https:\/\/vi-home.shop\/vi\/wp-json\/wp\/v2\/product_cat?post=12852"},{"taxonomy":"product_tag","embeddable":true,"href":"https:\/\/vi-home.shop\/vi\/wp-json\/wp\/v2\/product_tag?post=12852"}],"curies":[{"name":"wp","href":"https:\/\/api.w.org\/{rel}","templated":true}]}}