{"id":12895,"date":"2023-11-28T10:33:00","date_gmt":"2023-11-28T02:33:00","guid":{"rendered":"https:\/\/vi-home.shop\/?post_type=product&#038;p=12895"},"modified":"2025-01-09T15:41:41","modified_gmt":"2025-01-09T07:41:41","slug":"xty-solar-flood-light-xty-t109p","status":"publish","type":"product","link":"https:\/\/vi-home.shop\/vi\/san-pham\/xty-solar-flood-light-xty-t109p\/","title":{"rendered":"\u0110\u00c8N L\u1eaeP M\u1eb6T TR\u1edcI XTY XTY-T109(P)100W\/200W"},"content":{"rendered":"<p><img loading=\"lazy\" decoding=\"async\" class=\"alignnone size-full wp-image-12896\" src=\"https:\/\/oss.vi-home.shop:9000\/vi-home-images\/wp-content\/uploads\/2023\/11\/07182359\/109-100.jpg\" alt=\"\" width=\"653\" height=\"653\" srcset=\"https:\/\/oss.vi-home.shop:9000\/vi-home-images\/wp-content\/uploads\/2023\/11\/07182359\/109-100.jpg 653w, https:\/\/oss.vi-home.shop:9000\/vi-home-images\/wp-content\/uploads\/2023\/11\/07182359\/109-100-100x100.jpg 100w, https:\/\/oss.vi-home.shop:9000\/vi-home-images\/wp-content\/uploads\/2023\/11\/07182359\/109-100-510x510.jpg 510w\" sizes=\"(max-width: 653px) 100vw, 653px\" \/><\/p>\n<p><img loading=\"lazy\" decoding=\"async\" class=\"alignnone size-full wp-image-12898\" src=\"https:\/\/oss.vi-home.shop:9000\/vi-home-images\/wp-content\/uploads\/2023\/11\/07182359\/109.jpg\" alt=\"\" width=\"653\" height=\"653\" srcset=\"https:\/\/oss.vi-home.shop:9000\/vi-home-images\/wp-content\/uploads\/2023\/11\/07182359\/109.jpg 653w, https:\/\/oss.vi-home.shop:9000\/vi-home-images\/wp-content\/uploads\/2023\/11\/07182359\/109-100x100.jpg 100w, https:\/\/oss.vi-home.shop:9000\/vi-home-images\/wp-content\/uploads\/2023\/11\/07182359\/109-510x510.jpg 510w\" sizes=\"(max-width: 653px) 100vw, 653px\" \/><\/p>","protected":false},"excerpt":{"rendered":"<table width=\"541\">\n<tbody>\n<tr>\n<td width=\"175\">M\u1ee4C<\/td>\n<td width=\"256\">S\u1ef1 mi\u00eau t\u1ea3<\/td>\n<td width=\"110\">V\u1eacT LI\u1ec6U<\/td>\n<\/tr>\n<tr>\n<td width=\"175\">XTY-T109(P) 100W<\/td>\n<td width=\"256\">1. T\u1ea5m n\u0103ng l\u01b0\u1ee3ng m\u1eb7t tr\u1eddi: 6V15W<br \/>\n2.Pin; 3.2V10AH<br \/>\n3, \u0110\u00c8N LED: SMT5730 192 C\u00c1I<br \/>\nK\u00cdCH TH\u01af\u1edaC: 195*155*71mm<\/td>\n<td width=\"110\">ABS<\/td>\n<\/tr>\n<tr>\n<td width=\"175\">XTY-T109(P) 200W<\/td>\n<td width=\"256\">1. T\u1ea5m n\u0103ng l\u01b0\u1ee3ng m\u1eb7t tr\u1eddi: 6V20W<br \/>\n2.Pin; 3.2V15AH<br \/>\n3, LED: SMT5730 306 C\u00c1I<br \/>\nK\u00cdCH TH\u01af\u1edaC: 245*205*75mm<\/td>\n<td width=\"110\">ABS<\/td>\n<\/tr>\n<\/tbody>\n<\/table>","protected":false},"featured_media":12898,"comment_status":"closed","ping_status":"closed","template":"","meta":{"_acf_changed":false},"product_brand":[],"product_cat":[43],"product_tag":[],"class_list":{"0":"post-12895","1":"product","2":"type-product","3":"status-publish","4":"has-post-thumbnail","6":"product_cat-flood-lights","7":"yith_shop_vendor-zhong-shan-city-xintianyang-electric-co-ltd","8":"yith_product_brand-xintianyang","10":"first","11":"instock","12":"taxable","13":"shipping-taxable","14":"purchasable","15":"product-type-variable"},"acf":[],"_links":{"self":[{"href":"https:\/\/vi-home.shop\/vi\/wp-json\/wp\/v2\/product\/12895","targetHints":{"allow":["GET"]}}],"collection":[{"href":"https:\/\/vi-home.shop\/vi\/wp-json\/wp\/v2\/product"}],"about":[{"href":"https:\/\/vi-home.shop\/vi\/wp-json\/wp\/v2\/types\/product"}],"replies":[{"embeddable":true,"href":"https:\/\/vi-home.shop\/vi\/wp-json\/wp\/v2\/comments?post=12895"}],"wp:featuredmedia":[{"embeddable":true,"href":"https:\/\/vi-home.shop\/vi\/wp-json\/wp\/v2\/media\/12898"}],"wp:attachment":[{"href":"https:\/\/vi-home.shop\/vi\/wp-json\/wp\/v2\/media?parent=12895"}],"wp:term":[{"taxonomy":"product_brand","embeddable":true,"href":"https:\/\/vi-home.shop\/vi\/wp-json\/wp\/v2\/product_brand?post=12895"},{"taxonomy":"product_cat","embeddable":true,"href":"https:\/\/vi-home.shop\/vi\/wp-json\/wp\/v2\/product_cat?post=12895"},{"taxonomy":"product_tag","embeddable":true,"href":"https:\/\/vi-home.shop\/vi\/wp-json\/wp\/v2\/product_tag?post=12895"}],"curies":[{"name":"wp","href":"https:\/\/api.w.org\/{rel}","templated":true}]}}