{"id":12913,"date":"2023-11-30T10:58:37","date_gmt":"2023-11-30T02:58:37","guid":{"rendered":"https:\/\/vi-home.shop\/?post_type=product&#038;p=12913"},"modified":"2025-01-23T14:39:44","modified_gmt":"2025-01-23T06:39:44","slug":"xty-solar-street-light-xty-s8012a","status":"publish","type":"product","link":"https:\/\/vi-home.shop\/vi\/san-pham\/xty-solar-street-light-xty-s8012a\/","title":{"rendered":"\u0110\u00e8n \u0111\u01b0\u1eddng n\u0103ng l\u01b0\u1ee3ng m\u1eb7t tr\u1eddi XTY XTY-S8012(A)400W"},"content":{"rendered":"<p><img loading=\"lazy\" decoding=\"async\" class=\"alignnone  wp-image-24340\" src=\"https:\/\/oss.vi-home.shop:9000\/vi-home-images\/wp-content\/uploads\/2023\/11\/04163952\/8012.jpg\" alt=\"\" width=\"587\" height=\"587\" srcset=\"https:\/\/oss.vi-home.shop:9000\/vi-home-images\/wp-content\/uploads\/2023\/11\/04163952\/8012.jpg 980w, https:\/\/oss.vi-home.shop:9000\/vi-home-images\/wp-content\/uploads\/2023\/11\/04163952\/8012-100x100.jpg 100w, https:\/\/oss.vi-home.shop:9000\/vi-home-images\/wp-content\/uploads\/2023\/11\/04163952\/8012-510x510.jpg 510w, https:\/\/oss.vi-home.shop:9000\/vi-home-images\/wp-content\/uploads\/2023\/11\/04163952\/8012-768x768.jpg 768w, https:\/\/oss.vi-home.shop:9000\/vi-home-images\/wp-content\/uploads\/2023\/11\/04163952\/8012-12x12.jpg 12w, https:\/\/oss.vi-home.shop:9000\/vi-home-images\/wp-content\/uploads\/2023\/11\/04163952\/8012-62x62.jpg 62w, https:\/\/oss.vi-home.shop:9000\/vi-home-images\/wp-content\/uploads\/2023\/11\/04163952\/8012-120x120.jpg 120w\" sizes=\"(max-width: 587px) 100vw, 587px\" \/><\/p>\n<p><img loading=\"lazy\" decoding=\"async\" class=\"alignnone wp-image-12962\" src=\"https:\/\/oss.vi-home.shop:9000\/vi-home-images\/wp-content\/uploads\/2023\/11\/07182352\/1-3.jpg\" alt=\"\" width=\"571\" height=\"571\" srcset=\"https:\/\/oss.vi-home.shop:9000\/vi-home-images\/wp-content\/uploads\/2023\/11\/07182352\/1-3.jpg 980w, https:\/\/oss.vi-home.shop:9000\/vi-home-images\/wp-content\/uploads\/2023\/11\/07182352\/1-3-100x100.jpg 100w, https:\/\/oss.vi-home.shop:9000\/vi-home-images\/wp-content\/uploads\/2023\/11\/07182352\/1-3-510x510.jpg 510w\" sizes=\"(max-width: 571px) 100vw, 571px\" \/><\/p>","protected":false},"excerpt":{"rendered":"<table width=\"541\">\n<tbody>\n<tr>\n<td width=\"175\">M\u1ee4C<\/td>\n<td width=\"256\">S\u1ef1 mi\u00eau t\u1ea3<\/td>\n<td width=\"110\">V\u1eacT LI\u1ec6U<\/td>\n<\/tr>\n<tr>\n<td width=\"175\">XTY-S8012(A)400W<\/td>\n<td width=\"256\">1. T\u1ea5m n\u0103ng l\u01b0\u1ee3ng m\u1eb7t tr\u1eddi: 6V40W 45W<br \/>\nK\u00edch th\u01b0\u1edbc t\u1ea5m n\u0103ng l\u01b0\u1ee3ng m\u1eb7t tr\u1eddi: 670*445MM<br \/>\n2.Pin: 3.2V35A<br \/>\n3, \u0110\u00c8N LED: 5730 476 C\u00c1I<br \/>\n4, K\u00edch th\u01b0\u1edbc th\u00e2n \u0111\u00e8n: 57,5 * 23,5 * 9cm<\/td>\n<td width=\"110\">Nh\u00f4m<\/td>\n<\/tr>\n<\/tbody>\n<\/table>","protected":false},"featured_media":24340,"comment_status":"closed","ping_status":"closed","template":"","meta":{"_acf_changed":false},"product_brand":[],"product_cat":[50],"product_tag":[],"class_list":{"0":"post-12913","1":"product","2":"type-product","3":"status-publish","4":"has-post-thumbnail","6":"product_cat-street-lights","7":"yith_shop_vendor-zhong-shan-city-xintianyang-electric-co-ltd","8":"yith_product_brand-xintianyang","10":"first","11":"instock","12":"taxable","13":"shipping-taxable","14":"purchasable","15":"product-type-simple"},"acf":[],"_links":{"self":[{"href":"https:\/\/vi-home.shop\/vi\/wp-json\/wp\/v2\/product\/12913","targetHints":{"allow":["GET"]}}],"collection":[{"href":"https:\/\/vi-home.shop\/vi\/wp-json\/wp\/v2\/product"}],"about":[{"href":"https:\/\/vi-home.shop\/vi\/wp-json\/wp\/v2\/types\/product"}],"replies":[{"embeddable":true,"href":"https:\/\/vi-home.shop\/vi\/wp-json\/wp\/v2\/comments?post=12913"}],"wp:featuredmedia":[{"embeddable":true,"href":"https:\/\/vi-home.shop\/vi\/wp-json\/wp\/v2\/media\/24340"}],"wp:attachment":[{"href":"https:\/\/vi-home.shop\/vi\/wp-json\/wp\/v2\/media?parent=12913"}],"wp:term":[{"taxonomy":"product_brand","embeddable":true,"href":"https:\/\/vi-home.shop\/vi\/wp-json\/wp\/v2\/product_brand?post=12913"},{"taxonomy":"product_cat","embeddable":true,"href":"https:\/\/vi-home.shop\/vi\/wp-json\/wp\/v2\/product_cat?post=12913"},{"taxonomy":"product_tag","embeddable":true,"href":"https:\/\/vi-home.shop\/vi\/wp-json\/wp\/v2\/product_tag?post=12913"}],"curies":[{"name":"wp","href":"https:\/\/api.w.org\/{rel}","templated":true}]}}