{"id":12950,"date":"2023-11-30T10:57:03","date_gmt":"2023-11-30T02:57:03","guid":{"rendered":"https:\/\/vi-home.shop\/?post_type=product&#038;p=12950"},"modified":"2024-05-16T13:32:57","modified_gmt":"2024-05-16T05:32:57","slug":"os05-002r-ad","status":"publish","type":"product","link":"https:\/\/vi-home.shop\/vi\/san-pham\/os05-002r-ad\/","title":{"rendered":"OS05-002R-AD"},"content":{"rendered":"<p><img loading=\"lazy\" decoding=\"async\" class=\"alignnone wp-image-12959\" src=\"https:\/\/oss.vi-home.shop:9000\/vi-home-images\/wp-content\/uploads\/2023\/11\/07182353\/IMG_3713.png\" alt=\"\" width=\"695\" height=\"696\" srcset=\"https:\/\/oss.vi-home.shop:9000\/vi-home-images\/wp-content\/uploads\/2023\/11\/07182353\/IMG_3713.png 927w, https:\/\/oss.vi-home.shop:9000\/vi-home-images\/wp-content\/uploads\/2023\/11\/07182353\/IMG_3713-100x100.png 100w, https:\/\/oss.vi-home.shop:9000\/vi-home-images\/wp-content\/uploads\/2023\/11\/07182353\/IMG_3713-510x511.png 510w\" sizes=\"(max-width: 695px) 100vw, 695px\" \/> <img loading=\"lazy\" decoding=\"async\" class=\"alignnone wp-image-12960\" src=\"https:\/\/oss.vi-home.shop:9000\/vi-home-images\/wp-content\/uploads\/2023\/11\/07182352\/IMG_3716.png\" alt=\"\" width=\"764\" height=\"669\" srcset=\"https:\/\/oss.vi-home.shop:9000\/vi-home-images\/wp-content\/uploads\/2023\/11\/07182352\/IMG_3716.png 1209w, https:\/\/oss.vi-home.shop:9000\/vi-home-images\/wp-content\/uploads\/2023\/11\/07182352\/IMG_3716-510x447.png 510w\" sizes=\"(max-width: 764px) 100vw, 764px\" \/><\/p>\n<p><img loading=\"lazy\" decoding=\"async\" class=\"alignnone size-full wp-image-12928\" src=\"https:\/\/oss.vi-home.shop:9000\/vi-home-images\/wp-content\/uploads\/2023\/11\/07182357\/1701153522558.png\" alt=\"\" width=\"1223\" height=\"823\" srcset=\"https:\/\/oss.vi-home.shop:9000\/vi-home-images\/wp-content\/uploads\/2023\/11\/07182357\/1701153522558.png 1223w, https:\/\/oss.vi-home.shop:9000\/vi-home-images\/wp-content\/uploads\/2023\/11\/07182357\/1701153522558-510x343.png 510w\" sizes=\"(max-width: 1223px) 100vw, 1223px\" \/><\/p>","protected":false},"excerpt":{"rendered":"<pre>\u0110\u00c8N LED T\u00c2M C\u00f4ng su\u1ea5t:3W\/5W\/7W \u0110i\u1ec7n \u00e1p:100-265V Lumen:90LM\/W CRI:Ra80 PF:0.5 Ch\u1ea5t li\u1ec7u: ABS B\u1ea3o h\u00e0nh hai n\u0103m.<img loading=\"lazy\" decoding=\"async\" class=\"alignnone size-full wp-image-12928\" src=\"https:\/\/oss.vi-home.shop:9000\/vi-home-images\/wp-content\/uploads\/2023\/11\/07182357\/1701153522558.png\" alt=\"\" width=\"1223\" height=\"823\" srcset=\"https:\/\/oss.vi-home.shop:9000\/vi-home-images\/wp-content\/uploads\/2023\/11\/07182357\/1701153522558.png 1223w, https:\/\/oss.vi-home.shop:9000\/vi-home-images\/wp-content\/uploads\/2023\/11\/07182357\/1701153522558-510x343.png 510w\" sizes=\"(max-width: 1223px) 100vw, 1223px\" \/><\/pre>","protected":false},"featured_media":13016,"comment_status":"closed","ping_status":"closed","template":"","meta":{"_acf_changed":false},"product_brand":[],"product_cat":[41],"product_tag":[],"class_list":{"0":"post-12950","1":"product","2":"type-product","3":"status-publish","4":"has-post-thumbnail","6":"product_cat-down-lights","7":"yith_shop_vendor-zhongshan-okes-lighting-appliance-co-ltd","8":"yith_product_brand-okes","10":"first","11":"instock","12":"sale","13":"sold-individually","14":"taxable","15":"shipping-taxable","16":"purchasable","17":"product-type-variable"},"acf":[],"_links":{"self":[{"href":"https:\/\/vi-home.shop\/vi\/wp-json\/wp\/v2\/product\/12950","targetHints":{"allow":["GET"]}}],"collection":[{"href":"https:\/\/vi-home.shop\/vi\/wp-json\/wp\/v2\/product"}],"about":[{"href":"https:\/\/vi-home.shop\/vi\/wp-json\/wp\/v2\/types\/product"}],"replies":[{"embeddable":true,"href":"https:\/\/vi-home.shop\/vi\/wp-json\/wp\/v2\/comments?post=12950"}],"wp:featuredmedia":[{"embeddable":true,"href":"https:\/\/vi-home.shop\/vi\/wp-json\/wp\/v2\/media\/13016"}],"wp:attachment":[{"href":"https:\/\/vi-home.shop\/vi\/wp-json\/wp\/v2\/media?parent=12950"}],"wp:term":[{"taxonomy":"product_brand","embeddable":true,"href":"https:\/\/vi-home.shop\/vi\/wp-json\/wp\/v2\/product_brand?post=12950"},{"taxonomy":"product_cat","embeddable":true,"href":"https:\/\/vi-home.shop\/vi\/wp-json\/wp\/v2\/product_cat?post=12950"},{"taxonomy":"product_tag","embeddable":true,"href":"https:\/\/vi-home.shop\/vi\/wp-json\/wp\/v2\/product_tag?post=12950"}],"curies":[{"name":"wp","href":"https:\/\/api.w.org\/{rel}","templated":true}]}}