{"id":12996,"date":"2023-12-02T09:07:40","date_gmt":"2023-12-02T01:07:40","guid":{"rendered":"https:\/\/vi-home.shop\/?post_type=product&#038;p=12996"},"modified":"2025-05-05T12:52:27","modified_gmt":"2025-05-05T04:52:27","slug":"xty-solar-street-light-xty-s8004a","status":"publish","type":"product","link":"https:\/\/vi-home.shop\/vi\/san-pham\/xty-solar-street-light-xty-s8004a\/","title":{"rendered":"\u0110\u00c8N \u0110\u01af\u1edcNG M\u1eb6T TR\u1edcI XTY XTY-S8004(A)300W"},"content":{"rendered":"<p><img loading=\"lazy\" decoding=\"async\" class=\"alignnone wp-image-12997\" src=\"https:\/\/oss.vi-home.shop:9000\/vi-home-images\/wp-content\/uploads\/2023\/11\/07182349\/8004-300W.jpg\" alt=\"\" width=\"604\" height=\"604\" srcset=\"https:\/\/oss.vi-home.shop:9000\/vi-home-images\/wp-content\/uploads\/2023\/11\/07182349\/8004-300W.jpg 980w, https:\/\/oss.vi-home.shop:9000\/vi-home-images\/wp-content\/uploads\/2023\/11\/07182349\/8004-300W-100x100.jpg 100w, https:\/\/oss.vi-home.shop:9000\/vi-home-images\/wp-content\/uploads\/2023\/11\/07182349\/8004-300W-510x510.jpg 510w\" sizes=\"(max-width: 604px) 100vw, 604px\" \/><\/p>\n<p><img loading=\"lazy\" decoding=\"async\" class=\"alignnone size-medium wp-image-12999\" src=\"https:\/\/oss.vi-home.shop:9000\/vi-home-images\/wp-content\/uploads\/2023\/11\/07182349\/8004-2.jpg\" alt=\"\" width=\"600\" height=\"600\" srcset=\"https:\/\/oss.vi-home.shop:9000\/vi-home-images\/wp-content\/uploads\/2023\/11\/07182349\/8004-2.jpg 980w, https:\/\/oss.vi-home.shop:9000\/vi-home-images\/wp-content\/uploads\/2023\/11\/07182349\/8004-2-100x100.jpg 100w, https:\/\/oss.vi-home.shop:9000\/vi-home-images\/wp-content\/uploads\/2023\/11\/07182349\/8004-2-510x510.jpg 510w\" sizes=\"(max-width: 600px) 100vw, 600px\" \/><\/p>","protected":false},"excerpt":{"rendered":"<table width=\"530\">\n<tbody>\n<tr>\n<td width=\"175\">M\u1ee4C<\/td>\n<td width=\"245\">S\u1ef1 mi\u00eau t\u1ea3<\/td>\n<td width=\"110\">V\u1eacT LI\u1ec6U<\/td>\n<\/tr>\n<tr>\n<td width=\"175\">XTY-S8004(A)300W<\/td>\n<td width=\"245\">1. T\u1ea5m pin m\u1eb7t tr\u1eddi: 6V35W MONO<br \/>\nK\u00edch th\u01b0\u1edbc t\u1ea5m pin m\u1eb7t tr\u1eddi: 390*540MM<br \/>\n2.Pin: 3.2V25A<br \/>\n3, LED: 5730 430<br \/>\n4, K\u00edch th\u01b0\u1edbc th\u00e2n \u0111\u00e8n: 495*215CM<\/td>\n<td width=\"110\">Nh\u00f4m<\/td>\n<\/tr>\n<\/tbody>\n<\/table>","protected":false},"featured_media":12998,"comment_status":"closed","ping_status":"closed","template":"","meta":{"_acf_changed":false},"product_brand":[],"product_cat":[50,39],"product_tag":[],"class_list":{"0":"post-12996","1":"product","2":"type-product","3":"status-publish","4":"has-post-thumbnail","6":"product_cat-street-lights","7":"product_cat-wall-lamps","8":"yith_shop_vendor-zhong-shan-city-xintianyang-electric-co-ltd","9":"yith_product_brand-xintianyang","11":"first","12":"instock","13":"shipping-taxable","14":"purchasable","15":"product-type-simple"},"acf":[],"_links":{"self":[{"href":"https:\/\/vi-home.shop\/vi\/wp-json\/wp\/v2\/product\/12996","targetHints":{"allow":["GET"]}}],"collection":[{"href":"https:\/\/vi-home.shop\/vi\/wp-json\/wp\/v2\/product"}],"about":[{"href":"https:\/\/vi-home.shop\/vi\/wp-json\/wp\/v2\/types\/product"}],"replies":[{"embeddable":true,"href":"https:\/\/vi-home.shop\/vi\/wp-json\/wp\/v2\/comments?post=12996"}],"wp:featuredmedia":[{"embeddable":true,"href":"https:\/\/vi-home.shop\/vi\/wp-json\/wp\/v2\/media\/12998"}],"wp:attachment":[{"href":"https:\/\/vi-home.shop\/vi\/wp-json\/wp\/v2\/media?parent=12996"}],"wp:term":[{"taxonomy":"product_brand","embeddable":true,"href":"https:\/\/vi-home.shop\/vi\/wp-json\/wp\/v2\/product_brand?post=12996"},{"taxonomy":"product_cat","embeddable":true,"href":"https:\/\/vi-home.shop\/vi\/wp-json\/wp\/v2\/product_cat?post=12996"},{"taxonomy":"product_tag","embeddable":true,"href":"https:\/\/vi-home.shop\/vi\/wp-json\/wp\/v2\/product_tag?post=12996"}],"curies":[{"name":"wp","href":"https:\/\/api.w.org\/{rel}","templated":true}]}}