{"id":13091,"date":"2023-12-08T14:55:20","date_gmt":"2023-12-08T06:55:20","guid":{"rendered":"https:\/\/vi-home.shop\/?post_type=product&#038;p=13091"},"modified":"2024-05-16T13:32:56","modified_gmt":"2024-05-16T05:32:56","slug":"aihongmu-jh01-40w-tubes-modern-high-brightness-40w-led-tube-light-purification-lamp","status":"publish","type":"product","link":"https:\/\/vi-home.shop\/vi\/san-pham\/aihongmu-jh01-40w-tubes-modern-high-brightness-40w-led-tube-light-purification-lamp\/","title":{"rendered":"AIHONGMU JH01-40W \u0110\u00e8n tu\u00fdp Led 40W \u0111\u1ed9 s\u00e1ng cao hi\u1ec7n \u0111\u1ea1i"},"content":{"rendered":"<p><img loading=\"lazy\" decoding=\"async\" class=\"alignnone size-full wp-image-13092\" src=\"https:\/\/oss.vi-home.shop:9000\/vi-home-images\/wp-content\/uploads\/2023\/12\/07182343\/%E5%BE%AE%E4%BF%A1%E5%9B%BE%E7%89%87_20231204154435.jpg\" alt=\"\" width=\"7360\" height=\"4912\" \/><\/p>\n<p><img loading=\"lazy\" decoding=\"async\" class=\"alignnone size-full wp-image-13093\" src=\"https:\/\/oss.vi-home.shop:9000\/vi-home-images\/wp-content\/uploads\/2023\/12\/07182342\/%E5%BE%AE%E4%BF%A1%E5%9B%BE%E7%89%87_20231204154438.jpg\" alt=\"\" width=\"7360\" height=\"4912\" \/><\/p>","protected":false},"excerpt":{"rendered":"<div class=\"attribute-item\">\n<div class=\"left\" data-spm-anchor-id=\"a2700.details.0.i71.3a537816KDLPGa\">B\u1ea3o h\u00e0nh (N\u0103m): 2<\/div>\n<\/div>\n<div class=\"attribute-item\">\n<div class=\"left\">Hi\u1ec7u su\u1ea5t ph\u00e1t s\u00e1ng c\u1ee7a \u0111\u00e8n (lm\/w): 85-90<\/div>\n<\/div>\n<div class=\"attribute-item\">\n<div class=\"left\" data-spm-anchor-id=\"a2700.details.0.i78.3a537816KDLPGa\">Ch\u1ea5t li\u1ec7u th\u00e2n \u0111\u00e8n: S\u1eaft + PP<\/div>\n<\/div>\n<div class=\"attribute-item\">\n<div class=\"left\">Chi\u1ec1u d\u00e0i \u1ed1ng (ft):1200*72*25 mm<\/div>\n<div>\n<div class=\"attribute-item\">\n<div class=\"left\" data-spm-anchor-id=\"a2700.details.0.i79.3a537816KDLPGa\">N\u01a1i xu\u1ea5t x\u1ee9: Qu\u1ea3ng \u0110\u00f4ng, Trung Qu\u1ed1c<\/div>\n<\/div>\n<div class=\"attribute-item\">\n<div class=\"left\">S\u1ed1 m\u00f4 h\u00ecnh:Aihome-JH01<\/div>\n<\/div>\n<div class=\"attribute-item\">\n<div class=\"left\">\u1ee9ng d\u1ee5ng:V\u0103n ph\u00f2ng<\/div>\n<\/div>\n<div class=\"attribute-item\">\n<div class=\"left\">Nhi\u1ec7t \u0111\u1ed9 m\u00e0u (CCT):6500K (Tr\u1eafng)<\/div>\n<\/div>\n<div class=\"attribute-item\">\n<div class=\"right\">H\u1ed7 tr\u1ee3 \u0111i\u1ec1u ch\u1ec9nh \u0111\u1ed9 s\u00e1ng: KH\u00d4NG<\/div>\n<\/div>\n<div class=\"attribute-item\">\n<div class=\"left\">Th\u1eddi gian l\u00e0m vi\u1ec7c (gi\u1edd):20000<\/div>\n<\/div>\n<div class=\"attribute-item\">\n<div class=\"left\">\u0110i\u1ec7n \u00c1p \u0111\u1ea7u v\u00e0o(V):AC 110-265V<\/div>\n<\/div>\n<div class=\"attribute-item\">\n<div class=\"left\">CRI (Ra&gt;):70<\/div>\n<\/div>\n<div class=\"attribute-item\">\n<div class=\"left\">Tu\u1ed5i th\u1ecd l\u00e0m vi\u1ec7c (Gi\u1edd): 20000<\/div>\n<\/div>\n<div class=\"attribute-item\">\n<div class=\"right\"><\/div>\n<\/div>\n<\/div>\n<\/div>","protected":false},"featured_media":13092,"comment_status":"closed","ping_status":"closed","template":"","meta":{"_acf_changed":false},"product_brand":[],"product_cat":[48],"product_tag":[],"class_list":{"0":"post-13091","1":"product","2":"type-product","3":"status-publish","4":"has-post-thumbnail","6":"product_cat-tubes","7":"yith_shop_vendor-ihome-lighting-co-ltd-of-zhongshan","8":"yith_product_brand-aihongmu","10":"first","11":"instock","12":"taxable","13":"shipping-taxable","14":"purchasable","15":"product-type-simple"},"acf":[],"_links":{"self":[{"href":"https:\/\/vi-home.shop\/vi\/wp-json\/wp\/v2\/product\/13091","targetHints":{"allow":["GET"]}}],"collection":[{"href":"https:\/\/vi-home.shop\/vi\/wp-json\/wp\/v2\/product"}],"about":[{"href":"https:\/\/vi-home.shop\/vi\/wp-json\/wp\/v2\/types\/product"}],"replies":[{"embeddable":true,"href":"https:\/\/vi-home.shop\/vi\/wp-json\/wp\/v2\/comments?post=13091"}],"wp:featuredmedia":[{"embeddable":true,"href":"https:\/\/vi-home.shop\/vi\/wp-json\/wp\/v2\/media\/13092"}],"wp:attachment":[{"href":"https:\/\/vi-home.shop\/vi\/wp-json\/wp\/v2\/media?parent=13091"}],"wp:term":[{"taxonomy":"product_brand","embeddable":true,"href":"https:\/\/vi-home.shop\/vi\/wp-json\/wp\/v2\/product_brand?post=13091"},{"taxonomy":"product_cat","embeddable":true,"href":"https:\/\/vi-home.shop\/vi\/wp-json\/wp\/v2\/product_cat?post=13091"},{"taxonomy":"product_tag","embeddable":true,"href":"https:\/\/vi-home.shop\/vi\/wp-json\/wp\/v2\/product_tag?post=13091"}],"curies":[{"name":"wp","href":"https:\/\/api.w.org\/{rel}","templated":true}]}}