{"id":13263,"date":"2023-12-12T22:48:52","date_gmt":"2023-12-12T14:48:52","guid":{"rendered":"https:\/\/vi-home.shop\/?post_type=product&#038;p=13263"},"modified":"2024-05-16T13:32:56","modified_gmt":"2024-05-16T05:32:56","slug":"angels-light-up-the-world","status":"publish","type":"product","link":"https:\/\/vi-home.shop\/vi\/san-pham\/angels-light-up-the-world\/","title":{"rendered":"Thi\u00ean th\u1ea7n th\u1eafp s\u00e1ng th\u1ebf gi\u1edbi"},"content":{"rendered":"<p><img loading=\"lazy\" decoding=\"async\" class=\"alignnone size-full wp-image-13266\" src=\"https:\/\/oss.vi-home.shop:9000\/vi-home-images\/wp-content\/uploads\/2023\/12\/12214102\/IMG_0017-scaled.jpeg\" alt=\"\" width=\"1707\" height=\"2560\" srcset=\"https:\/\/oss.vi-home.shop:9000\/vi-home-images\/wp-content\/uploads\/2023\/12\/12214102\/IMG_0017-scaled.jpeg 1707w, https:\/\/oss.vi-home.shop:9000\/vi-home-images\/wp-content\/uploads\/2023\/12\/12214102\/IMG_0017-scaled-510x765.jpeg 510w, https:\/\/oss.vi-home.shop:9000\/vi-home-images\/wp-content\/uploads\/2023\/12\/12214102\/IMG_0017-768x1152.jpeg 768w, https:\/\/oss.vi-home.shop:9000\/vi-home-images\/wp-content\/uploads\/2023\/12\/12214102\/IMG_0017-1024x1536.jpeg 1024w, https:\/\/oss.vi-home.shop:9000\/vi-home-images\/wp-content\/uploads\/2023\/12\/12214102\/IMG_0017-1365x2048.jpeg 1365w, https:\/\/oss.vi-home.shop:9000\/vi-home-images\/wp-content\/uploads\/2023\/12\/12214102\/IMG_0017-8x12.jpeg 8w, https:\/\/oss.vi-home.shop:9000\/vi-home-images\/wp-content\/uploads\/2023\/12\/12214102\/IMG_0017-62x93.jpeg 62w, https:\/\/oss.vi-home.shop:9000\/vi-home-images\/wp-content\/uploads\/2023\/12\/12214102\/IMG_0017-80x120.jpeg 80w\" sizes=\"(max-width: 1707px) 100vw, 1707px\" \/><img loading=\"lazy\" decoding=\"async\" class=\"alignnone size-full wp-image-13264\" src=\"https:\/\/oss.vi-home.shop:9000\/vi-home-images\/wp-content\/uploads\/2023\/12\/12214040\/IMG_0015-scaled.jpeg\" alt=\"\" width=\"1707\" height=\"2560\" srcset=\"https:\/\/oss.vi-home.shop:9000\/vi-home-images\/wp-content\/uploads\/2023\/12\/12214040\/IMG_0015-scaled.jpeg 1707w, https:\/\/oss.vi-home.shop:9000\/vi-home-images\/wp-content\/uploads\/2023\/12\/12214040\/IMG_0015-scaled-510x765.jpeg 510w, https:\/\/oss.vi-home.shop:9000\/vi-home-images\/wp-content\/uploads\/2023\/12\/12214040\/IMG_0015-768x1152.jpeg 768w, https:\/\/oss.vi-home.shop:9000\/vi-home-images\/wp-content\/uploads\/2023\/12\/12214040\/IMG_0015-1024x1536.jpeg 1024w, https:\/\/oss.vi-home.shop:9000\/vi-home-images\/wp-content\/uploads\/2023\/12\/12214040\/IMG_0015-1365x2048.jpeg 1365w, https:\/\/oss.vi-home.shop:9000\/vi-home-images\/wp-content\/uploads\/2023\/12\/12214040\/IMG_0015-8x12.jpeg 8w, https:\/\/oss.vi-home.shop:9000\/vi-home-images\/wp-content\/uploads\/2023\/12\/12214040\/IMG_0015-62x93.jpeg 62w, https:\/\/oss.vi-home.shop:9000\/vi-home-images\/wp-content\/uploads\/2023\/12\/12214040\/IMG_0015-80x120.jpeg 80w\" sizes=\"(max-width: 1707px) 100vw, 1707px\" \/><img loading=\"lazy\" decoding=\"async\" class=\"alignnone size-full wp-image-13244\" src=\"https:\/\/oss.vi-home.shop:9000\/vi-home-images\/wp-content\/uploads\/2023\/12\/12170820\/1-2-scaled.jpeg\" alt=\"\" width=\"1707\" height=\"2560\" srcset=\"https:\/\/oss.vi-home.shop:9000\/vi-home-images\/wp-content\/uploads\/2023\/12\/12170820\/1-2-scaled.jpeg 1707w, https:\/\/oss.vi-home.shop:9000\/vi-home-images\/wp-content\/uploads\/2023\/12\/12170820\/1-2-scaled-510x765.jpeg 510w, https:\/\/oss.vi-home.shop:9000\/vi-home-images\/wp-content\/uploads\/2023\/12\/12170820\/1-2-768x1152.jpeg 768w, https:\/\/oss.vi-home.shop:9000\/vi-home-images\/wp-content\/uploads\/2023\/12\/12170820\/1-2-1024x1536.jpeg 1024w, https:\/\/oss.vi-home.shop:9000\/vi-home-images\/wp-content\/uploads\/2023\/12\/12170820\/1-2-1365x2048.jpeg 1365w, https:\/\/oss.vi-home.shop:9000\/vi-home-images\/wp-content\/uploads\/2023\/12\/12170820\/1-2-8x12.jpeg 8w, https:\/\/oss.vi-home.shop:9000\/vi-home-images\/wp-content\/uploads\/2023\/12\/12170820\/1-2-62x93.jpeg 62w, https:\/\/oss.vi-home.shop:9000\/vi-home-images\/wp-content\/uploads\/2023\/12\/12170820\/1-2-80x120.jpeg 80w\" sizes=\"(max-width: 1707px) 100vw, 1707px\" \/><\/p>","protected":false},"excerpt":{"rendered":"<p>M\u1eabu s\u1ed1: WX806 P-1<br \/>\nTh\u00f4ng s\u1ed1 s\u1ea3n ph\u1ea9m<br \/>\nM\u00e0u s\u1eafc: cam, tr\u1eafng, xanh<br \/>\nQu\u00e1 tr\u00ecnh m\u00e0u: s\u01a1n n\u01b0\u1edbng v\u00e0 m\u1ea1 \u0111i\u1ec7n<br \/>\nK\u00edch th\u01b0\u1edbc th\u00e2n \u0111\u00e8n: \u03c695*H170MM<br \/>\nCh\u1ea5t li\u1ec7u: s\u1eaft, h\u1ee3p kim k\u1ebdm, acrylic<br \/>\nT\u00ean: \u0110\u00e8n ch\u00f9m nh\u1ecf<br \/>\nK\u00edch th\u01b0\u1edbc g\u00f3i h\u00e0ng: L43.5, W32.5, H33.5<br \/>\nS\u1ed1 l\u01b0\u1ee3ng: 1<br \/>\nTr\u1ecdng l\u01b0\u1ee3ng t\u1ecbnh m\u1ed7i h\u1ed9p:4<br \/>\nT\u1ed5ng tr\u1ecdng l\u01b0\u1ee3ng t\u1ecbnh: 4<br \/>\nT\u1ed5ng tr\u1ecdng l\u01b0\u1ee3ng: 6<br \/>\nT\u1ed5ng kh\u1ed1i l\u01b0\u1ee3ng: 0,047<\/p>","protected":false},"featured_media":13264,"comment_status":"closed","ping_status":"closed","template":"","meta":{"_acf_changed":false},"product_brand":[],"product_cat":[35,33],"product_tag":[],"class_list":{"0":"post-13263","1":"product","2":"type-product","3":"status-publish","4":"has-post-thumbnail","6":"product_cat-ceiling-lamps","7":"product_cat-decorative-lights","8":"yith_shop_vendor-wanxilighting","9":"yith_product_brand-wanxi","11":"first","12":"instock","13":"taxable","14":"shipping-taxable","15":"purchasable","16":"product-type-variable"},"acf":[],"_links":{"self":[{"href":"https:\/\/vi-home.shop\/vi\/wp-json\/wp\/v2\/product\/13263","targetHints":{"allow":["GET"]}}],"collection":[{"href":"https:\/\/vi-home.shop\/vi\/wp-json\/wp\/v2\/product"}],"about":[{"href":"https:\/\/vi-home.shop\/vi\/wp-json\/wp\/v2\/types\/product"}],"replies":[{"embeddable":true,"href":"https:\/\/vi-home.shop\/vi\/wp-json\/wp\/v2\/comments?post=13263"}],"wp:featuredmedia":[{"embeddable":true,"href":"https:\/\/vi-home.shop\/vi\/wp-json\/wp\/v2\/media\/13264"}],"wp:attachment":[{"href":"https:\/\/vi-home.shop\/vi\/wp-json\/wp\/v2\/media?parent=13263"}],"wp:term":[{"taxonomy":"product_brand","embeddable":true,"href":"https:\/\/vi-home.shop\/vi\/wp-json\/wp\/v2\/product_brand?post=13263"},{"taxonomy":"product_cat","embeddable":true,"href":"https:\/\/vi-home.shop\/vi\/wp-json\/wp\/v2\/product_cat?post=13263"},{"taxonomy":"product_tag","embeddable":true,"href":"https:\/\/vi-home.shop\/vi\/wp-json\/wp\/v2\/product_tag?post=13263"}],"curies":[{"name":"wp","href":"https:\/\/api.w.org\/{rel}","templated":true}]}}