{"id":13285,"date":"2023-12-13T17:55:18","date_gmt":"2023-12-13T09:55:18","guid":{"rendered":"https:\/\/vi-home.shop\/?post_type=product&#038;p=13285"},"modified":"2024-05-16T13:32:56","modified_gmt":"2024-05-16T05:32:56","slug":"cute-bear-chandelier","status":"publish","type":"product","link":"https:\/\/vi-home.shop\/vi\/san-pham\/cute-bear-chandelier\/","title":{"rendered":"H\u00c0NG M\u1eaaU \u2013 \u0110\u00e8n ch\u00f9m g\u1ea5u"},"content":{"rendered":"<p><img loading=\"lazy\" decoding=\"async\" class=\"alignnone size-full wp-image-13286\" src=\"https:\/\/oss.vi-home.shop:9000\/vi-home-images\/wp-content\/uploads\/2023\/12\/13172454\/DSC2097.jpg\" alt=\"\" width=\"1181\" height=\"1772\" srcset=\"https:\/\/oss.vi-home.shop:9000\/vi-home-images\/wp-content\/uploads\/2023\/12\/13172454\/DSC2097.jpg 1181w, https:\/\/oss.vi-home.shop:9000\/vi-home-images\/wp-content\/uploads\/2023\/12\/13172454\/DSC2097-510x765.jpg 510w, https:\/\/oss.vi-home.shop:9000\/vi-home-images\/wp-content\/uploads\/2023\/12\/13172454\/DSC2097-768x1152.jpg 768w, https:\/\/oss.vi-home.shop:9000\/vi-home-images\/wp-content\/uploads\/2023\/12\/13172454\/DSC2097-1024x1536.jpg 1024w, https:\/\/oss.vi-home.shop:9000\/vi-home-images\/wp-content\/uploads\/2023\/12\/13172454\/DSC2097-8x12.jpg 8w, https:\/\/oss.vi-home.shop:9000\/vi-home-images\/wp-content\/uploads\/2023\/12\/13172454\/DSC2097-62x93.jpg 62w, https:\/\/oss.vi-home.shop:9000\/vi-home-images\/wp-content\/uploads\/2023\/12\/13172454\/DSC2097-80x120.jpg 80w\" sizes=\"(max-width: 1181px) 100vw, 1181px\" \/><img loading=\"lazy\" decoding=\"async\" class=\"alignnone size-full wp-image-13287\" src=\"https:\/\/oss.vi-home.shop:9000\/vi-home-images\/wp-content\/uploads\/2023\/12\/13172504\/DSC2098.jpg\" alt=\"\" width=\"1181\" height=\"1772\" srcset=\"https:\/\/oss.vi-home.shop:9000\/vi-home-images\/wp-content\/uploads\/2023\/12\/13172504\/DSC2098.jpg 1181w, https:\/\/oss.vi-home.shop:9000\/vi-home-images\/wp-content\/uploads\/2023\/12\/13172504\/DSC2098-510x765.jpg 510w, https:\/\/oss.vi-home.shop:9000\/vi-home-images\/wp-content\/uploads\/2023\/12\/13172504\/DSC2098-768x1152.jpg 768w, https:\/\/oss.vi-home.shop:9000\/vi-home-images\/wp-content\/uploads\/2023\/12\/13172504\/DSC2098-1024x1536.jpg 1024w, https:\/\/oss.vi-home.shop:9000\/vi-home-images\/wp-content\/uploads\/2023\/12\/13172504\/DSC2098-8x12.jpg 8w, https:\/\/oss.vi-home.shop:9000\/vi-home-images\/wp-content\/uploads\/2023\/12\/13172504\/DSC2098-62x93.jpg 62w, https:\/\/oss.vi-home.shop:9000\/vi-home-images\/wp-content\/uploads\/2023\/12\/13172504\/DSC2098-80x120.jpg 80w\" sizes=\"(max-width: 1181px) 100vw, 1181px\" \/><img loading=\"lazy\" decoding=\"async\" class=\"alignnone size-full wp-image-13288\" src=\"https:\/\/oss.vi-home.shop:9000\/vi-home-images\/wp-content\/uploads\/2023\/12\/13172515\/DSC2100.jpg\" alt=\"\" width=\"1181\" height=\"1772\" srcset=\"https:\/\/oss.vi-home.shop:9000\/vi-home-images\/wp-content\/uploads\/2023\/12\/13172515\/DSC2100.jpg 1181w, https:\/\/oss.vi-home.shop:9000\/vi-home-images\/wp-content\/uploads\/2023\/12\/13172515\/DSC2100-510x765.jpg 510w, https:\/\/oss.vi-home.shop:9000\/vi-home-images\/wp-content\/uploads\/2023\/12\/13172515\/DSC2100-768x1152.jpg 768w, https:\/\/oss.vi-home.shop:9000\/vi-home-images\/wp-content\/uploads\/2023\/12\/13172515\/DSC2100-1024x1536.jpg 1024w, https:\/\/oss.vi-home.shop:9000\/vi-home-images\/wp-content\/uploads\/2023\/12\/13172515\/DSC2100-8x12.jpg 8w, https:\/\/oss.vi-home.shop:9000\/vi-home-images\/wp-content\/uploads\/2023\/12\/13172515\/DSC2100-62x93.jpg 62w, https:\/\/oss.vi-home.shop:9000\/vi-home-images\/wp-content\/uploads\/2023\/12\/13172515\/DSC2100-80x120.jpg 80w\" sizes=\"(max-width: 1181px) 100vw, 1181px\" \/><\/p>","protected":false},"excerpt":{"rendered":"<p>Model: WX8607 P-1<br \/>\nTh\u00f4ng s\u1ed1 s\u1ea3n ph\u1ea9m<br \/>\nM\u00e0u s\u1eafc: Xanh Kem, H\u1ed3ng Kem, Tr\u1eafng Kem<br \/>\nQu\u00e1 tr\u00ecnh m\u00e0u: s\u01a1n n\u01b0\u1edbng v\u00e0 m\u1ea1 \u0111i\u1ec7n<br \/>\nK\u00edch th\u01b0\u1edbc th\u00e2n \u0111\u00e8n: \u03c6130*H145MM<br \/>\nCh\u1ea5t li\u1ec7u: s\u1eaft, h\u1ee3p kim k\u1ebdm, acrylic<br \/>\nT\u00ean: \u0111\u00e8n ch\u00f9m nh\u1ecf<br \/>\nK\u00edch th\u01b0\u1edbc \u0111\u00f3ng g\u00f3i D\u00e0i 43,5, r\u1ed9ng 32,5, cao 33,5<br \/>\ns\u1ed1 l\u01b0\u1ee3ng: 2<br \/>\nTr\u1ecdng l\u01b0\u1ee3ng t\u1ecbnh m\u1ed7i h\u1ed9p: 4<br \/>\nT\u1ed5ng tr\u1ecdng l\u01b0\u1ee3ng t\u1ecbnh: 4<br \/>\nT\u1ed5ng tr\u1ecdng l\u01b0\u1ee3ng: 6<br \/>\nT\u1ed5ng kh\u1ed1i l\u01b0\u1ee3ng: 0,047<\/p>","protected":false},"featured_media":13288,"comment_status":"closed","ping_status":"closed","template":"","meta":{"_acf_changed":false},"product_brand":[],"product_cat":[35,33],"product_tag":[],"class_list":{"0":"post-13285","1":"product","2":"type-product","3":"status-publish","4":"has-post-thumbnail","6":"product_cat-ceiling-lamps","7":"product_cat-decorative-lights","8":"yith_shop_vendor-wanxilighting","9":"yith_product_brand-wanxi","11":"first","12":"instock","13":"taxable","14":"shipping-taxable","15":"purchasable","16":"product-type-variable"},"acf":[],"_links":{"self":[{"href":"https:\/\/vi-home.shop\/vi\/wp-json\/wp\/v2\/product\/13285","targetHints":{"allow":["GET"]}}],"collection":[{"href":"https:\/\/vi-home.shop\/vi\/wp-json\/wp\/v2\/product"}],"about":[{"href":"https:\/\/vi-home.shop\/vi\/wp-json\/wp\/v2\/types\/product"}],"replies":[{"embeddable":true,"href":"https:\/\/vi-home.shop\/vi\/wp-json\/wp\/v2\/comments?post=13285"}],"wp:featuredmedia":[{"embeddable":true,"href":"https:\/\/vi-home.shop\/vi\/wp-json\/wp\/v2\/media\/13288"}],"wp:attachment":[{"href":"https:\/\/vi-home.shop\/vi\/wp-json\/wp\/v2\/media?parent=13285"}],"wp:term":[{"taxonomy":"product_brand","embeddable":true,"href":"https:\/\/vi-home.shop\/vi\/wp-json\/wp\/v2\/product_brand?post=13285"},{"taxonomy":"product_cat","embeddable":true,"href":"https:\/\/vi-home.shop\/vi\/wp-json\/wp\/v2\/product_cat?post=13285"},{"taxonomy":"product_tag","embeddable":true,"href":"https:\/\/vi-home.shop\/vi\/wp-json\/wp\/v2\/product_tag?post=13285"}],"curies":[{"name":"wp","href":"https:\/\/api.w.org\/{rel}","templated":true}]}}