{"id":13309,"date":"2023-12-21T18:16:22","date_gmt":"2023-12-21T10:16:22","guid":{"rendered":"https:\/\/vi-home.shop\/?post_type=product&#038;p=13309"},"modified":"2024-05-16T13:32:55","modified_gmt":"2024-05-16T05:32:55","slug":"little-deer-table-lamp","status":"publish","type":"product","link":"https:\/\/vi-home.shop\/vi\/san-pham\/little-deer-table-lamp\/","title":{"rendered":"\u0110\u00e8n b\u00e0n ch\u00fa h\u01b0\u01a1u nh\u1ecf"},"content":{"rendered":"<p><img loading=\"lazy\" decoding=\"async\" class=\"alignnone size-full wp-image-13310\" src=\"https:\/\/oss.vi-home.shop:9000\/vi-home-images\/wp-content\/uploads\/2023\/12\/21171122\/WX8704P-%E7%B2%891.jpg\" alt=\"\" width=\"1181\" height=\"1772\" srcset=\"https:\/\/oss.vi-home.shop:9000\/vi-home-images\/wp-content\/uploads\/2023\/12\/21171122\/WX8704P-%E7%B2%891.jpg 1181w, https:\/\/oss.vi-home.shop:9000\/vi-home-images\/wp-content\/uploads\/2023\/12\/21171122\/WX8704P-%E7%B2%891-510x765.jpg 510w, https:\/\/oss.vi-home.shop:9000\/vi-home-images\/wp-content\/uploads\/2023\/12\/21171122\/WX8704P-%E7%B2%891-768x1152.jpg 768w, https:\/\/oss.vi-home.shop:9000\/vi-home-images\/wp-content\/uploads\/2023\/12\/21171122\/WX8704P-%E7%B2%891-1024x1536.jpg 1024w, https:\/\/oss.vi-home.shop:9000\/vi-home-images\/wp-content\/uploads\/2023\/12\/21171122\/WX8704P-%E7%B2%891-8x12.jpg 8w, https:\/\/oss.vi-home.shop:9000\/vi-home-images\/wp-content\/uploads\/2023\/12\/21171122\/WX8704P-%E7%B2%891-62x93.jpg 62w, https:\/\/oss.vi-home.shop:9000\/vi-home-images\/wp-content\/uploads\/2023\/12\/21171122\/WX8704P-%E7%B2%891-80x120.jpg 80w\" sizes=\"(max-width: 1181px) 100vw, 1181px\" \/> <img loading=\"lazy\" decoding=\"async\" class=\"alignnone size-medium wp-image-13311\" src=\"https:\/\/oss.vi-home.shop:9000\/vi-home-images\/wp-content\/uploads\/2023\/12\/21171129\/WX8704P-%E7%99%BD1.jpg\" alt=\"\" width=\"1181\" height=\"1772\" srcset=\"https:\/\/oss.vi-home.shop:9000\/vi-home-images\/wp-content\/uploads\/2023\/12\/21171129\/WX8704P-%E7%99%BD1.jpg 1181w, https:\/\/oss.vi-home.shop:9000\/vi-home-images\/wp-content\/uploads\/2023\/12\/21171129\/WX8704P-%E7%99%BD1-510x765.jpg 510w, https:\/\/oss.vi-home.shop:9000\/vi-home-images\/wp-content\/uploads\/2023\/12\/21171129\/WX8704P-%E7%99%BD1-768x1152.jpg 768w, https:\/\/oss.vi-home.shop:9000\/vi-home-images\/wp-content\/uploads\/2023\/12\/21171129\/WX8704P-%E7%99%BD1-1024x1536.jpg 1024w, https:\/\/oss.vi-home.shop:9000\/vi-home-images\/wp-content\/uploads\/2023\/12\/21171129\/WX8704P-%E7%99%BD1-8x12.jpg 8w, https:\/\/oss.vi-home.shop:9000\/vi-home-images\/wp-content\/uploads\/2023\/12\/21171129\/WX8704P-%E7%99%BD1-62x93.jpg 62w, https:\/\/oss.vi-home.shop:9000\/vi-home-images\/wp-content\/uploads\/2023\/12\/21171129\/WX8704P-%E7%99%BD1-80x120.jpg 80w\" sizes=\"(max-width: 1181px) 100vw, 1181px\" \/> <img loading=\"lazy\" decoding=\"async\" class=\"alignnone size-full wp-image-13312\" src=\"https:\/\/oss.vi-home.shop:9000\/vi-home-images\/wp-content\/uploads\/2023\/12\/21171136\/WX8704P-%E7%BB%BF.jpg\" alt=\"\" width=\"1181\" height=\"1772\" srcset=\"https:\/\/oss.vi-home.shop:9000\/vi-home-images\/wp-content\/uploads\/2023\/12\/21171136\/WX8704P-%E7%BB%BF.jpg 1181w, https:\/\/oss.vi-home.shop:9000\/vi-home-images\/wp-content\/uploads\/2023\/12\/21171136\/WX8704P-%E7%BB%BF-510x765.jpg 510w, https:\/\/oss.vi-home.shop:9000\/vi-home-images\/wp-content\/uploads\/2023\/12\/21171136\/WX8704P-%E7%BB%BF-768x1152.jpg 768w, https:\/\/oss.vi-home.shop:9000\/vi-home-images\/wp-content\/uploads\/2023\/12\/21171136\/WX8704P-%E7%BB%BF-1024x1536.jpg 1024w, https:\/\/oss.vi-home.shop:9000\/vi-home-images\/wp-content\/uploads\/2023\/12\/21171136\/WX8704P-%E7%BB%BF-8x12.jpg 8w, https:\/\/oss.vi-home.shop:9000\/vi-home-images\/wp-content\/uploads\/2023\/12\/21171136\/WX8704P-%E7%BB%BF-62x93.jpg 62w, https:\/\/oss.vi-home.shop:9000\/vi-home-images\/wp-content\/uploads\/2023\/12\/21171136\/WX8704P-%E7%BB%BF-80x120.jpg 80w\" sizes=\"(max-width: 1181px) 100vw, 1181px\" \/><img loading=\"lazy\" decoding=\"async\" class=\"alignnone size-full wp-image-13311\" src=\"https:\/\/oss.vi-home.shop:9000\/vi-home-images\/wp-content\/uploads\/2023\/12\/21171129\/WX8704P-%E7%99%BD1.jpg\" alt=\"\" width=\"1181\" height=\"1772\" srcset=\"https:\/\/oss.vi-home.shop:9000\/vi-home-images\/wp-content\/uploads\/2023\/12\/21171129\/WX8704P-%E7%99%BD1.jpg 1181w, https:\/\/oss.vi-home.shop:9000\/vi-home-images\/wp-content\/uploads\/2023\/12\/21171129\/WX8704P-%E7%99%BD1-510x765.jpg 510w, https:\/\/oss.vi-home.shop:9000\/vi-home-images\/wp-content\/uploads\/2023\/12\/21171129\/WX8704P-%E7%99%BD1-768x1152.jpg 768w, https:\/\/oss.vi-home.shop:9000\/vi-home-images\/wp-content\/uploads\/2023\/12\/21171129\/WX8704P-%E7%99%BD1-1024x1536.jpg 1024w, https:\/\/oss.vi-home.shop:9000\/vi-home-images\/wp-content\/uploads\/2023\/12\/21171129\/WX8704P-%E7%99%BD1-8x12.jpg 8w, https:\/\/oss.vi-home.shop:9000\/vi-home-images\/wp-content\/uploads\/2023\/12\/21171129\/WX8704P-%E7%99%BD1-62x93.jpg 62w, https:\/\/oss.vi-home.shop:9000\/vi-home-images\/wp-content\/uploads\/2023\/12\/21171129\/WX8704P-%E7%99%BD1-80x120.jpg 80w\" sizes=\"(max-width: 1181px) 100vw, 1181px\" \/><img loading=\"lazy\" decoding=\"async\" class=\"alignnone size-full wp-image-13312\" src=\"https:\/\/oss.vi-home.shop:9000\/vi-home-images\/wp-content\/uploads\/2023\/12\/21171136\/WX8704P-%E7%BB%BF.jpg\" alt=\"\" width=\"1181\" height=\"1772\" srcset=\"https:\/\/oss.vi-home.shop:9000\/vi-home-images\/wp-content\/uploads\/2023\/12\/21171136\/WX8704P-%E7%BB%BF.jpg 1181w, https:\/\/oss.vi-home.shop:9000\/vi-home-images\/wp-content\/uploads\/2023\/12\/21171136\/WX8704P-%E7%BB%BF-510x765.jpg 510w, https:\/\/oss.vi-home.shop:9000\/vi-home-images\/wp-content\/uploads\/2023\/12\/21171136\/WX8704P-%E7%BB%BF-768x1152.jpg 768w, https:\/\/oss.vi-home.shop:9000\/vi-home-images\/wp-content\/uploads\/2023\/12\/21171136\/WX8704P-%E7%BB%BF-1024x1536.jpg 1024w, https:\/\/oss.vi-home.shop:9000\/vi-home-images\/wp-content\/uploads\/2023\/12\/21171136\/WX8704P-%E7%BB%BF-8x12.jpg 8w, https:\/\/oss.vi-home.shop:9000\/vi-home-images\/wp-content\/uploads\/2023\/12\/21171136\/WX8704P-%E7%BB%BF-62x93.jpg 62w, https:\/\/oss.vi-home.shop:9000\/vi-home-images\/wp-content\/uploads\/2023\/12\/21171136\/WX8704P-%E7%BB%BF-80x120.jpg 80w\" sizes=\"(max-width: 1181px) 100vw, 1181px\" \/><\/p>","protected":false},"excerpt":{"rendered":"<p>Model: WX8710P-1<br \/>\nTh\u00f4ng s\u1ed1 s\u1ea3n ph\u1ea9m<br \/>\nM\u00e0u s\u1eafc: H\u1ed3ng kem, Xanh kem, Tr\u1eafng kem<br \/>\nQu\u00e1 tr\u00ecnh t\u00f4 m\u00e0u: s\u01a1n n\u01b0\u1edbng v\u00e0 m\u1ea1 \u0111i\u1ec7n<br \/>\nK\u00edch th\u01b0\u1edbc th\u00e2n \u0111\u00e8n: \u03c6 95 * H170MM<br \/>\nV\u1eadt li\u1ec7u: s\u1eaft, h\u1ee3p kim k\u1ebdm, acrylic<br \/>\nT\u00ean: \u0110\u00e8n ch\u00f9m nh\u1ecf<br \/>\nK\u00edch th\u01b0\u1edbc bao b\u00ec: L43.5, W32.5, H33.5<br \/>\ns\u1ed1 l\u01b0\u1ee3ng: 2<br \/>\nTr\u1ecdng l\u01b0\u1ee3ng t\u1ecbnh m\u1ed7i h\u1ed9p: 6<br \/>\nT\u1ed5ng tr\u1ecdng l\u01b0\u1ee3ng t\u1ecbnh: 6<br \/>\nT\u1ed5ng tr\u1ecdng l\u01b0\u1ee3ng: 8<br \/>\nT\u1ed5ng kh\u1ed1i l\u01b0\u1ee3ng M3: 0,099<\/p>","protected":false},"featured_media":13312,"comment_status":"closed","ping_status":"closed","template":"","meta":{"_acf_changed":false},"product_brand":[],"product_cat":[35,33],"product_tag":[],"class_list":{"0":"post-13309","1":"product","2":"type-product","3":"status-publish","4":"has-post-thumbnail","6":"product_cat-ceiling-lamps","7":"product_cat-decorative-lights","8":"yith_shop_vendor-wanxilighting","9":"yith_product_brand-wanxi","11":"first","12":"instock","13":"taxable","14":"shipping-taxable","15":"purchasable","16":"product-type-variable"},"acf":[],"_links":{"self":[{"href":"https:\/\/vi-home.shop\/vi\/wp-json\/wp\/v2\/product\/13309","targetHints":{"allow":["GET"]}}],"collection":[{"href":"https:\/\/vi-home.shop\/vi\/wp-json\/wp\/v2\/product"}],"about":[{"href":"https:\/\/vi-home.shop\/vi\/wp-json\/wp\/v2\/types\/product"}],"replies":[{"embeddable":true,"href":"https:\/\/vi-home.shop\/vi\/wp-json\/wp\/v2\/comments?post=13309"}],"wp:featuredmedia":[{"embeddable":true,"href":"https:\/\/vi-home.shop\/vi\/wp-json\/wp\/v2\/media\/13312"}],"wp:attachment":[{"href":"https:\/\/vi-home.shop\/vi\/wp-json\/wp\/v2\/media?parent=13309"}],"wp:term":[{"taxonomy":"product_brand","embeddable":true,"href":"https:\/\/vi-home.shop\/vi\/wp-json\/wp\/v2\/product_brand?post=13309"},{"taxonomy":"product_cat","embeddable":true,"href":"https:\/\/vi-home.shop\/vi\/wp-json\/wp\/v2\/product_cat?post=13309"},{"taxonomy":"product_tag","embeddable":true,"href":"https:\/\/vi-home.shop\/vi\/wp-json\/wp\/v2\/product_tag?post=13309"}],"curies":[{"name":"wp","href":"https:\/\/api.w.org\/{rel}","templated":true}]}}