{"id":16821,"date":"2024-02-07T14:58:46","date_gmt":"2024-02-07T06:58:46","guid":{"rendered":"https:\/\/vi-home.shop\/?post_type=product&#038;p=16821"},"modified":"2024-05-16T13:42:27","modified_gmt":"2024-05-16T05:42:27","slug":"hombo-solar-floodlight-hb-dm-100w-200w-300w-400w-500w","status":"publish","type":"product","link":"https:\/\/vi-home.shop\/vi\/san-pham\/hombo-solar-floodlight-hb-dm-100w-200w-300w-400w-500w\/","title":{"rendered":"\u0110\u00e8n pha n\u0103ng l\u01b0\u1ee3ng m\u1eb7t tr\u1eddi HOMBO HB-DM 100W\/200W\/300W\/400W\/500W"},"content":{"rendered":"<p><img loading=\"lazy\" decoding=\"async\" class=\"alignnone size-full wp-image-16822\" src=\"https:\/\/oss.vi-home.shop:9000\/vi-home-images\/wp-content\/uploads\/2024\/01\/31092708\/100W%E5%A4%9A%E7%B1%B32%E4%BB%A3.jpg\" alt=\"\" width=\"1000\" height=\"1000\" srcset=\"https:\/\/oss.vi-home.shop:9000\/vi-home-images\/wp-content\/uploads\/2024\/01\/31092708\/100W%E5%A4%9A%E7%B1%B32%E4%BB%A3.jpg 1000w, https:\/\/oss.vi-home.shop:9000\/vi-home-images\/wp-content\/uploads\/2024\/01\/31092708\/100W%E5%A4%9A%E7%B1%B32%E4%BB%A3-100x100.jpg 100w, https:\/\/oss.vi-home.shop:9000\/vi-home-images\/wp-content\/uploads\/2024\/01\/31092708\/100W%E5%A4%9A%E7%B1%B32%E4%BB%A3-510x510.jpg 510w, https:\/\/oss.vi-home.shop:9000\/vi-home-images\/wp-content\/uploads\/2024\/01\/31092708\/100W%E5%A4%9A%E7%B1%B32%E4%BB%A3-768x768.jpg 768w, https:\/\/oss.vi-home.shop:9000\/vi-home-images\/wp-content\/uploads\/2024\/01\/31092708\/100W%E5%A4%9A%E7%B1%B32%E4%BB%A3-12x12.jpg 12w, https:\/\/oss.vi-home.shop:9000\/vi-home-images\/wp-content\/uploads\/2024\/01\/31092708\/100W%E5%A4%9A%E7%B1%B32%E4%BB%A3-62x62.jpg 62w, https:\/\/oss.vi-home.shop:9000\/vi-home-images\/wp-content\/uploads\/2024\/01\/31092708\/100W%E5%A4%9A%E7%B1%B32%E4%BB%A3-120x120.jpg 120w\" sizes=\"(max-width: 1000px) 100vw, 1000px\" \/><img loading=\"lazy\" decoding=\"async\" class=\"alignnone size-full wp-image-16823\" src=\"https:\/\/oss.vi-home.shop:9000\/vi-home-images\/wp-content\/uploads\/2024\/01\/31092714\/200W%E5%A4%9A%E7%B1%B3%E4%BA%8C%E4%BB%A3%E5%A4%AA%E9%98%B3%E8%83%BD.jpg\" alt=\"\" width=\"1000\" height=\"1000\" srcset=\"https:\/\/oss.vi-home.shop:9000\/vi-home-images\/wp-content\/uploads\/2024\/01\/31092714\/200W%E5%A4%9A%E7%B1%B3%E4%BA%8C%E4%BB%A3%E5%A4%AA%E9%98%B3%E8%83%BD.jpg 1000w, https:\/\/oss.vi-home.shop:9000\/vi-home-images\/wp-content\/uploads\/2024\/01\/31092714\/200W%E5%A4%9A%E7%B1%B3%E4%BA%8C%E4%BB%A3%E5%A4%AA%E9%98%B3%E8%83%BD-100x100.jpg 100w, https:\/\/oss.vi-home.shop:9000\/vi-home-images\/wp-content\/uploads\/2024\/01\/31092714\/200W%E5%A4%9A%E7%B1%B3%E4%BA%8C%E4%BB%A3%E5%A4%AA%E9%98%B3%E8%83%BD-510x510.jpg 510w, https:\/\/oss.vi-home.shop:9000\/vi-home-images\/wp-content\/uploads\/2024\/01\/31092714\/200W%E5%A4%9A%E7%B1%B3%E4%BA%8C%E4%BB%A3%E5%A4%AA%E9%98%B3%E8%83%BD-768x768.jpg 768w, https:\/\/oss.vi-home.shop:9000\/vi-home-images\/wp-content\/uploads\/2024\/01\/31092714\/200W%E5%A4%9A%E7%B1%B3%E4%BA%8C%E4%BB%A3%E5%A4%AA%E9%98%B3%E8%83%BD-12x12.jpg 12w, https:\/\/oss.vi-home.shop:9000\/vi-home-images\/wp-content\/uploads\/2024\/01\/31092714\/200W%E5%A4%9A%E7%B1%B3%E4%BA%8C%E4%BB%A3%E5%A4%AA%E9%98%B3%E8%83%BD-62x62.jpg 62w, https:\/\/oss.vi-home.shop:9000\/vi-home-images\/wp-content\/uploads\/2024\/01\/31092714\/200W%E5%A4%9A%E7%B1%B3%E4%BA%8C%E4%BB%A3%E5%A4%AA%E9%98%B3%E8%83%BD-120x120.jpg 120w\" sizes=\"(max-width: 1000px) 100vw, 1000px\" \/><img loading=\"lazy\" decoding=\"async\" class=\"alignnone size-full wp-image-16824\" src=\"https:\/\/oss.vi-home.shop:9000\/vi-home-images\/wp-content\/uploads\/2024\/01\/31092721\/300W%E5%A4%9A%E7%B1%B3%E4%BA%8C%E4%BB%A3.jpg\" alt=\"\" width=\"1000\" height=\"1000\" srcset=\"https:\/\/oss.vi-home.shop:9000\/vi-home-images\/wp-content\/uploads\/2024\/01\/31092721\/300W%E5%A4%9A%E7%B1%B3%E4%BA%8C%E4%BB%A3.jpg 1000w, https:\/\/oss.vi-home.shop:9000\/vi-home-images\/wp-content\/uploads\/2024\/01\/31092721\/300W%E5%A4%9A%E7%B1%B3%E4%BA%8C%E4%BB%A3-100x100.jpg 100w, https:\/\/oss.vi-home.shop:9000\/vi-home-images\/wp-content\/uploads\/2024\/01\/31092721\/300W%E5%A4%9A%E7%B1%B3%E4%BA%8C%E4%BB%A3-510x510.jpg 510w, https:\/\/oss.vi-home.shop:9000\/vi-home-images\/wp-content\/uploads\/2024\/01\/31092721\/300W%E5%A4%9A%E7%B1%B3%E4%BA%8C%E4%BB%A3-768x768.jpg 768w, https:\/\/oss.vi-home.shop:9000\/vi-home-images\/wp-content\/uploads\/2024\/01\/31092721\/300W%E5%A4%9A%E7%B1%B3%E4%BA%8C%E4%BB%A3-12x12.jpg 12w, https:\/\/oss.vi-home.shop:9000\/vi-home-images\/wp-content\/uploads\/2024\/01\/31092721\/300W%E5%A4%9A%E7%B1%B3%E4%BA%8C%E4%BB%A3-62x62.jpg 62w, https:\/\/oss.vi-home.shop:9000\/vi-home-images\/wp-content\/uploads\/2024\/01\/31092721\/300W%E5%A4%9A%E7%B1%B3%E4%BA%8C%E4%BB%A3-120x120.jpg 120w\" sizes=\"(max-width: 1000px) 100vw, 1000px\" \/><img loading=\"lazy\" decoding=\"async\" class=\"alignnone size-full wp-image-16826\" src=\"https:\/\/oss.vi-home.shop:9000\/vi-home-images\/wp-content\/uploads\/2024\/01\/31092729\/400W%E5%A4%9A%E7%B1%B3%E4%BA%8C%E4%BB%A3.jpg\" alt=\"\" width=\"1000\" height=\"1000\" srcset=\"https:\/\/oss.vi-home.shop:9000\/vi-home-images\/wp-content\/uploads\/2024\/01\/31092729\/400W%E5%A4%9A%E7%B1%B3%E4%BA%8C%E4%BB%A3.jpg 1000w, https:\/\/oss.vi-home.shop:9000\/vi-home-images\/wp-content\/uploads\/2024\/01\/31092729\/400W%E5%A4%9A%E7%B1%B3%E4%BA%8C%E4%BB%A3-100x100.jpg 100w, https:\/\/oss.vi-home.shop:9000\/vi-home-images\/wp-content\/uploads\/2024\/01\/31092729\/400W%E5%A4%9A%E7%B1%B3%E4%BA%8C%E4%BB%A3-510x510.jpg 510w, https:\/\/oss.vi-home.shop:9000\/vi-home-images\/wp-content\/uploads\/2024\/01\/31092729\/400W%E5%A4%9A%E7%B1%B3%E4%BA%8C%E4%BB%A3-768x768.jpg 768w, https:\/\/oss.vi-home.shop:9000\/vi-home-images\/wp-content\/uploads\/2024\/01\/31092729\/400W%E5%A4%9A%E7%B1%B3%E4%BA%8C%E4%BB%A3-12x12.jpg 12w, https:\/\/oss.vi-home.shop:9000\/vi-home-images\/wp-content\/uploads\/2024\/01\/31092729\/400W%E5%A4%9A%E7%B1%B3%E4%BA%8C%E4%BB%A3-62x62.jpg 62w, https:\/\/oss.vi-home.shop:9000\/vi-home-images\/wp-content\/uploads\/2024\/01\/31092729\/400W%E5%A4%9A%E7%B1%B3%E4%BA%8C%E4%BB%A3-120x120.jpg 120w\" sizes=\"(max-width: 1000px) 100vw, 1000px\" \/><img loading=\"lazy\" decoding=\"async\" class=\"alignnone size-full wp-image-16844\" src=\"https:\/\/oss.vi-home.shop:9000\/vi-home-images\/wp-content\/uploads\/2024\/01\/31093327\/%E5%BE%AE%E4%BF%A1%E6%88%AA%E5%9B%BE_20240131093259.jpg\" alt=\"\" width=\"820\" height=\"553\" srcset=\"https:\/\/oss.vi-home.shop:9000\/vi-home-images\/wp-content\/uploads\/2024\/01\/31093327\/%E5%BE%AE%E4%BF%A1%E6%88%AA%E5%9B%BE_20240131093259.jpg 820w, https:\/\/oss.vi-home.shop:9000\/vi-home-images\/wp-content\/uploads\/2024\/01\/31093327\/%E5%BE%AE%E4%BF%A1%E6%88%AA%E5%9B%BE_20240131093259-510x344.jpg 510w, https:\/\/oss.vi-home.shop:9000\/vi-home-images\/wp-content\/uploads\/2024\/01\/31093327\/%E5%BE%AE%E4%BF%A1%E6%88%AA%E5%9B%BE_20240131093259-768x518.jpg 768w, https:\/\/oss.vi-home.shop:9000\/vi-home-images\/wp-content\/uploads\/2024\/01\/31093327\/%E5%BE%AE%E4%BF%A1%E6%88%AA%E5%9B%BE_20240131093259-18x12.jpg 18w, https:\/\/oss.vi-home.shop:9000\/vi-home-images\/wp-content\/uploads\/2024\/01\/31093327\/%E5%BE%AE%E4%BF%A1%E6%88%AA%E5%9B%BE_20240131093259-62x42.jpg 62w, https:\/\/oss.vi-home.shop:9000\/vi-home-images\/wp-content\/uploads\/2024\/01\/31093327\/%E5%BE%AE%E4%BF%A1%E6%88%AA%E5%9B%BE_20240131093259-178x120.jpg 178w\" sizes=\"(max-width: 820px) 100vw, 820px\" \/><img loading=\"lazy\" decoding=\"async\" class=\"alignnone size-full wp-image-16836\" src=\"https:\/\/oss.vi-home.shop:9000\/vi-home-images\/wp-content\/uploads\/2024\/01\/31092954\/300%E7%93%A6400%E7%93%A6%E5%8C%85%E8%A3%85%EF%BC%8C%E7%8F%8D%E7%8F%A0%E6%A3%89%E5%85%A8%E5%8C%85-rotated.jpg\" alt=\"\" width=\"1278\" height=\"1706\" srcset=\"https:\/\/oss.vi-home.shop:9000\/vi-home-images\/wp-content\/uploads\/2024\/01\/31092954\/300%E7%93%A6400%E7%93%A6%E5%8C%85%E8%A3%85%EF%BC%8C%E7%8F%8D%E7%8F%A0%E6%A3%89%E5%85%A8%E5%8C%85-rotated.jpg 1278w, https:\/\/oss.vi-home.shop:9000\/vi-home-images\/wp-content\/uploads\/2024\/01\/31092954\/300%E7%93%A6400%E7%93%A6%E5%8C%85%E8%A3%85%EF%BC%8C%E7%8F%8D%E7%8F%A0%E6%A3%89%E5%85%A8%E5%8C%85-rotated-510x681.jpg 510w, https:\/\/oss.vi-home.shop:9000\/vi-home-images\/wp-content\/uploads\/2024\/01\/31092954\/300%E7%93%A6400%E7%93%A6%E5%8C%85%E8%A3%85%EF%BC%8C%E7%8F%8D%E7%8F%A0%E6%A3%89%E5%85%A8%E5%8C%85-768x1025.jpg 768w, https:\/\/oss.vi-home.shop:9000\/vi-home-images\/wp-content\/uploads\/2024\/01\/31092954\/300%E7%93%A6400%E7%93%A6%E5%8C%85%E8%A3%85%EF%BC%8C%E7%8F%8D%E7%8F%A0%E6%A3%89%E5%85%A8%E5%8C%85-1151x1536.jpg 1151w, https:\/\/oss.vi-home.shop:9000\/vi-home-images\/wp-content\/uploads\/2024\/01\/31092954\/300%E7%93%A6400%E7%93%A6%E5%8C%85%E8%A3%85%EF%BC%8C%E7%8F%8D%E7%8F%A0%E6%A3%89%E5%85%A8%E5%8C%85-9x12.jpg 9w, https:\/\/oss.vi-home.shop:9000\/vi-home-images\/wp-content\/uploads\/2024\/01\/31092954\/300%E7%93%A6400%E7%93%A6%E5%8C%85%E8%A3%85%EF%BC%8C%E7%8F%8D%E7%8F%A0%E6%A3%89%E5%85%A8%E5%8C%85-62x83.jpg 62w, https:\/\/oss.vi-home.shop:9000\/vi-home-images\/wp-content\/uploads\/2024\/01\/31092954\/300%E7%93%A6400%E7%93%A6%E5%8C%85%E8%A3%85%EF%BC%8C%E7%8F%8D%E7%8F%A0%E6%A3%89%E5%85%A8%E5%8C%85-90x120.jpg 90w\" sizes=\"(max-width: 1278px) 100vw, 1278px\" \/> <img loading=\"lazy\" decoding=\"async\" class=\"alignnone size-full wp-image-16835\" src=\"https:\/\/oss.vi-home.shop:9000\/vi-home-images\/wp-content\/uploads\/2024\/01\/31092947\/300%E7%93%A6400%E7%93%A6-rotated.jpg\" alt=\"\" width=\"1278\" height=\"1706\" srcset=\"https:\/\/oss.vi-home.shop:9000\/vi-home-images\/wp-content\/uploads\/2024\/01\/31092947\/300%E7%93%A6400%E7%93%A6-rotated.jpg 1278w, https:\/\/oss.vi-home.shop:9000\/vi-home-images\/wp-content\/uploads\/2024\/01\/31092947\/300%E7%93%A6400%E7%93%A6-rotated-510x681.jpg 510w, https:\/\/oss.vi-home.shop:9000\/vi-home-images\/wp-content\/uploads\/2024\/01\/31092947\/300%E7%93%A6400%E7%93%A6-768x1025.jpg 768w, https:\/\/oss.vi-home.shop:9000\/vi-home-images\/wp-content\/uploads\/2024\/01\/31092947\/300%E7%93%A6400%E7%93%A6-1151x1536.jpg 1151w, https:\/\/oss.vi-home.shop:9000\/vi-home-images\/wp-content\/uploads\/2024\/01\/31092947\/300%E7%93%A6400%E7%93%A6-9x12.jpg 9w, https:\/\/oss.vi-home.shop:9000\/vi-home-images\/wp-content\/uploads\/2024\/01\/31092947\/300%E7%93%A6400%E7%93%A6-62x83.jpg 62w, https:\/\/oss.vi-home.shop:9000\/vi-home-images\/wp-content\/uploads\/2024\/01\/31092947\/300%E7%93%A6400%E7%93%A6-90x120.jpg 90w\" sizes=\"(max-width: 1278px) 100vw, 1278px\" \/>\u00a0<img loading=\"lazy\" decoding=\"async\" class=\"alignnone size-full wp-image-16831\" src=\"https:\/\/oss.vi-home.shop:9000\/vi-home-images\/wp-content\/uploads\/2024\/01\/31092914\/100%E7%93%A6%E5%A4%9A%E7%B1%B3%E4%BA%8C%E4%BB%A3%E6%8A%95%E5%85%89%E7%81%AF%E5%8C%85%E8%A3%85.png\" alt=\"\" width=\"742\" height=\"501\" srcset=\"https:\/\/oss.vi-home.shop:9000\/vi-home-images\/wp-content\/uploads\/2024\/01\/31092914\/100%E7%93%A6%E5%A4%9A%E7%B1%B3%E4%BA%8C%E4%BB%A3%E6%8A%95%E5%85%89%E7%81%AF%E5%8C%85%E8%A3%85.png 742w, https:\/\/oss.vi-home.shop:9000\/vi-home-images\/wp-content\/uploads\/2024\/01\/31092914\/100%E7%93%A6%E5%A4%9A%E7%B1%B3%E4%BA%8C%E4%BB%A3%E6%8A%95%E5%85%89%E7%81%AF%E5%8C%85%E8%A3%85-510x344.png 510w, https:\/\/oss.vi-home.shop:9000\/vi-home-images\/wp-content\/uploads\/2024\/01\/31092914\/100%E7%93%A6%E5%A4%9A%E7%B1%B3%E4%BA%8C%E4%BB%A3%E6%8A%95%E5%85%89%E7%81%AF%E5%8C%85%E8%A3%85-18x12.png 18w, https:\/\/oss.vi-home.shop:9000\/vi-home-images\/wp-content\/uploads\/2024\/01\/31092914\/100%E7%93%A6%E5%A4%9A%E7%B1%B3%E4%BA%8C%E4%BB%A3%E6%8A%95%E5%85%89%E7%81%AF%E5%8C%85%E8%A3%85-62x42.png 62w, https:\/\/oss.vi-home.shop:9000\/vi-home-images\/wp-content\/uploads\/2024\/01\/31092914\/100%E7%93%A6%E5%A4%9A%E7%B1%B3%E4%BA%8C%E4%BB%A3%E6%8A%95%E5%85%89%E7%81%AF%E5%8C%85%E8%A3%85-178x120.png 178w\" sizes=\"(max-width: 742px) 100vw, 742px\" \/><\/p>","protected":false},"excerpt":{"rendered":"<h4>C\u00f4ng su\u1ea5t: 100W \/200W\/300W\/400W\/500W<br \/>\nK\u00edch th\u01b0\u1edbc \u00e1nh s\u00e1ng: 251*202*70mm \/250*300*65mm\/300*350*60MM\/300*350*60MM \/300*350*60MM<br \/>\nT\u1ea5m Pin N\u0103ng L\u01b0\u1ee3ng M\u1eb7t Tr\u1eddi:Poly 5V 15W 350*350*18MM \/6V 20W 460*350*17MM \/ 6V 25W 530*350*25MM \/ 6V30W 600*350*25MM \/6V 40W 670*350*25MM<br \/>\nPin : 3.2V\/12AH\/ 3.2V 18AH \/ 3.2V 24AH\/ 3.2V 30AH\/ 3.2V 36AH<br \/>\nChip: Chip c\u00f3 \u0111\u1ed9 s\u00e1ng cao SMD<\/h4>\n<h4>Ch\u1ea5t li\u1ec7u: Nh\u00f4m \u0111\u00fac<\/h4>\n<h4>X\u1ebfp h\u1ea1ng IP: IP 66<\/h4>\n<h4>\u0110i\u1ec1u khi\u1ec3n t\u1eeb xa + C\u1ea3m bi\u1ebfn ho\u00e0ng h\u00f4n<\/h4>","protected":false},"featured_media":16826,"comment_status":"closed","ping_status":"closed","template":"","meta":{"_acf_changed":false},"product_brand":[],"product_cat":[43],"product_tag":[],"class_list":{"0":"post-16821","1":"product","2":"type-product","3":"status-publish","4":"has-post-thumbnail","6":"product_cat-flood-lights","7":"yith_shop_vendor-hombo","8":"yith_product_brand-hombo","10":"first","11":"instock","12":"taxable","13":"shipping-taxable","14":"purchasable","15":"product-type-variable"},"acf":[],"_links":{"self":[{"href":"https:\/\/vi-home.shop\/vi\/wp-json\/wp\/v2\/product\/16821","targetHints":{"allow":["GET"]}}],"collection":[{"href":"https:\/\/vi-home.shop\/vi\/wp-json\/wp\/v2\/product"}],"about":[{"href":"https:\/\/vi-home.shop\/vi\/wp-json\/wp\/v2\/types\/product"}],"replies":[{"embeddable":true,"href":"https:\/\/vi-home.shop\/vi\/wp-json\/wp\/v2\/comments?post=16821"}],"wp:featuredmedia":[{"embeddable":true,"href":"https:\/\/vi-home.shop\/vi\/wp-json\/wp\/v2\/media\/16826"}],"wp:attachment":[{"href":"https:\/\/vi-home.shop\/vi\/wp-json\/wp\/v2\/media?parent=16821"}],"wp:term":[{"taxonomy":"product_brand","embeddable":true,"href":"https:\/\/vi-home.shop\/vi\/wp-json\/wp\/v2\/product_brand?post=16821"},{"taxonomy":"product_cat","embeddable":true,"href":"https:\/\/vi-home.shop\/vi\/wp-json\/wp\/v2\/product_cat?post=16821"},{"taxonomy":"product_tag","embeddable":true,"href":"https:\/\/vi-home.shop\/vi\/wp-json\/wp\/v2\/product_tag?post=16821"}],"curies":[{"name":"wp","href":"https:\/\/api.w.org\/{rel}","templated":true}]}}