{"id":16983,"date":"2024-02-20T11:40:56","date_gmt":"2024-02-20T03:40:56","guid":{"rendered":"https:\/\/vi-home.shop\/?post_type=product&#038;p=16983"},"modified":"2024-11-27T16:56:47","modified_gmt":"2024-11-27T08:56:47","slug":"solar-flood-light-ad8803-300w","status":"publish","type":"product","link":"https:\/\/vi-home.shop\/vi\/san-pham\/solar-flood-light-ad8803-300w\/","title":{"rendered":"\u0110\u00c8N N\u0102NG L\u01af\u1ee2NG M\u1eb6T TR\u1edcI AD8803-300W"},"content":{"rendered":"<p><img loading=\"lazy\" decoding=\"async\" class=\"alignnone size-full wp-image-16988 aligncenter\" src=\"https:\/\/oss.vi-home.shop:9000\/vi-home-images\/wp-content\/uploads\/2024\/02\/20114459\/%E5%BE%AE%E4%BF%A1%E5%9B%BE%E7%89%87_20240220114011-scaled.jpg\" alt=\"\" width=\"2560\" height=\"1707\" srcset=\"https:\/\/oss.vi-home.shop:9000\/vi-home-images\/wp-content\/uploads\/2024\/02\/20114459\/%E5%BE%AE%E4%BF%A1%E5%9B%BE%E7%89%87_20240220114011-scaled.jpg 2560w, https:\/\/oss.vi-home.shop:9000\/vi-home-images\/wp-content\/uploads\/2024\/02\/20114459\/%E5%BE%AE%E4%BF%A1%E5%9B%BE%E7%89%87_20240220114011-scaled-510x340.jpg 510w, https:\/\/oss.vi-home.shop:9000\/vi-home-images\/wp-content\/uploads\/2024\/02\/20114459\/%E5%BE%AE%E4%BF%A1%E5%9B%BE%E7%89%87_20240220114011-768x512.jpg 768w, https:\/\/oss.vi-home.shop:9000\/vi-home-images\/wp-content\/uploads\/2024\/02\/20114459\/%E5%BE%AE%E4%BF%A1%E5%9B%BE%E7%89%87_20240220114011-1536x1024.jpg 1536w, https:\/\/oss.vi-home.shop:9000\/vi-home-images\/wp-content\/uploads\/2024\/02\/20114459\/%E5%BE%AE%E4%BF%A1%E5%9B%BE%E7%89%87_20240220114011-2048x1365.jpg 2048w, https:\/\/oss.vi-home.shop:9000\/vi-home-images\/wp-content\/uploads\/2024\/02\/20114459\/%E5%BE%AE%E4%BF%A1%E5%9B%BE%E7%89%87_20240220114011-18x12.jpg 18w, https:\/\/oss.vi-home.shop:9000\/vi-home-images\/wp-content\/uploads\/2024\/02\/20114459\/%E5%BE%AE%E4%BF%A1%E5%9B%BE%E7%89%87_20240220114011-62x41.jpg 62w, https:\/\/oss.vi-home.shop:9000\/vi-home-images\/wp-content\/uploads\/2024\/02\/20114459\/%E5%BE%AE%E4%BF%A1%E5%9B%BE%E7%89%87_20240220114011-180x120.jpg 180w\" sizes=\"(max-width: 2560px) 100vw, 2560px\" \/><img loading=\"lazy\" decoding=\"async\" class=\"alignnone size-full wp-image-16984 aligncenter\" src=\"https:\/\/oss.vi-home.shop:9000\/vi-home-images\/wp-content\/uploads\/2024\/02\/20114350\/%E5%BE%AE%E4%BF%A1%E5%9B%BE%E7%89%87_20240220114000.jpg\" alt=\"\" width=\"600\" height=\"800\" srcset=\"https:\/\/oss.vi-home.shop:9000\/vi-home-images\/wp-content\/uploads\/2024\/02\/20114350\/%E5%BE%AE%E4%BF%A1%E5%9B%BE%E7%89%87_20240220114000.jpg 600w, https:\/\/oss.vi-home.shop:9000\/vi-home-images\/wp-content\/uploads\/2024\/02\/20114350\/%E5%BE%AE%E4%BF%A1%E5%9B%BE%E7%89%87_20240220114000-510x680.jpg 510w, https:\/\/oss.vi-home.shop:9000\/vi-home-images\/wp-content\/uploads\/2024\/02\/20114350\/%E5%BE%AE%E4%BF%A1%E5%9B%BE%E7%89%87_20240220114000-9x12.jpg 9w, https:\/\/oss.vi-home.shop:9000\/vi-home-images\/wp-content\/uploads\/2024\/02\/20114350\/%E5%BE%AE%E4%BF%A1%E5%9B%BE%E7%89%87_20240220114000-62x83.jpg 62w, https:\/\/oss.vi-home.shop:9000\/vi-home-images\/wp-content\/uploads\/2024\/02\/20114350\/%E5%BE%AE%E4%BF%A1%E5%9B%BE%E7%89%87_20240220114000-90x120.jpg 90w\" sizes=\"(max-width: 600px) 100vw, 600px\" \/><\/p>","protected":false},"excerpt":{"rendered":"<pre>Chip LED c\u00f3 \u0111\u1ed9 s\u00e1ng cao AD8803-300W 5050 Pin: Lithiumion 3.2v 36Ah Th\u1eddi gian s\u1ea1c: 4-5 gi\u1edd n\u1eafng \u0111\u1ea7y \u0111\u1ee7 Gi\u1edd l\u00e0m vi\u1ec7c: 10-12 gi\u1edd Chi\u1ec1u cao l\u1eafp \u0111\u1eb7t: 4-5m K\u00edch th\u01b0\u1edbc s\u1ea3n ph\u1ea9m: 267*190*45mm T\u1ea5m n\u0103ng l\u01b0\u1ee3ng m\u1eb7t tr\u1eddi: 700*350*17 mm C\u00f4ng su\u1ea5t t\u1ea5m pin n\u0103ng l\u01b0\u1ee3ng m\u1eb7t tr\u1eddi: 6V 35W<\/pre>","protected":false},"featured_media":16988,"comment_status":"closed","ping_status":"closed","template":"","meta":{"_acf_changed":false},"product_brand":[],"product_cat":[40,43,52],"product_tag":[],"class_list":{"0":"post-16983","1":"product","2":"type-product","3":"status-publish","4":"has-post-thumbnail","6":"product_cat-commercial-lights","7":"product_cat-flood-lights","8":"product_cat-outdoor-lights","9":"yith_shop_vendor-ad-solar","10":"yith_product_brand-ad-solar","12":"first","13":"instock","14":"taxable","15":"shipping-taxable","16":"purchasable","17":"product-type-simple"},"acf":[],"_links":{"self":[{"href":"https:\/\/vi-home.shop\/vi\/wp-json\/wp\/v2\/product\/16983","targetHints":{"allow":["GET"]}}],"collection":[{"href":"https:\/\/vi-home.shop\/vi\/wp-json\/wp\/v2\/product"}],"about":[{"href":"https:\/\/vi-home.shop\/vi\/wp-json\/wp\/v2\/types\/product"}],"replies":[{"embeddable":true,"href":"https:\/\/vi-home.shop\/vi\/wp-json\/wp\/v2\/comments?post=16983"}],"wp:featuredmedia":[{"embeddable":true,"href":"https:\/\/vi-home.shop\/vi\/wp-json\/wp\/v2\/media\/16988"}],"wp:attachment":[{"href":"https:\/\/vi-home.shop\/vi\/wp-json\/wp\/v2\/media?parent=16983"}],"wp:term":[{"taxonomy":"product_brand","embeddable":true,"href":"https:\/\/vi-home.shop\/vi\/wp-json\/wp\/v2\/product_brand?post=16983"},{"taxonomy":"product_cat","embeddable":true,"href":"https:\/\/vi-home.shop\/vi\/wp-json\/wp\/v2\/product_cat?post=16983"},{"taxonomy":"product_tag","embeddable":true,"href":"https:\/\/vi-home.shop\/vi\/wp-json\/wp\/v2\/product_tag?post=16983"}],"curies":[{"name":"wp","href":"https:\/\/api.w.org\/{rel}","templated":true}]}}