{"id":16993,"date":"2024-02-24T12:49:46","date_gmt":"2024-02-24T04:49:46","guid":{"rendered":"https:\/\/vi-home.shop\/?post_type=product&#038;p=16993"},"modified":"2024-07-08T15:15:56","modified_gmt":"2024-07-08T07:15:56","slug":"solar-flood-light-hw0805-60w-150w-300w","status":"publish","type":"product","link":"https:\/\/vi-home.shop\/vi\/san-pham\/solar-flood-light-hw0805-60w-150w-300w\/","title":{"rendered":"\u0110\u00c8N N\u0102NG L\u01af\u1ee2NG M\u1eb6T TR\u1edcI HW0805-60W\/150W\/300W"},"content":{"rendered":"<p><img loading=\"lazy\" decoding=\"async\" class=\"alignnone size-full wp-image-16998\" src=\"https:\/\/oss.vi-home.shop:9000\/vi-home-images\/wp-content\/uploads\/2024\/02\/24125359\/IMG_9790-2-scaled.jpg\" alt=\"\" width=\"2560\" height=\"1944\" srcset=\"https:\/\/oss.vi-home.shop:9000\/vi-home-images\/wp-content\/uploads\/2024\/02\/24125359\/IMG_9790-2-scaled.jpg 2560w, https:\/\/oss.vi-home.shop:9000\/vi-home-images\/wp-content\/uploads\/2024\/02\/24125359\/IMG_9790-2-scaled-510x387.jpg 510w, https:\/\/oss.vi-home.shop:9000\/vi-home-images\/wp-content\/uploads\/2024\/02\/24125359\/IMG_9790-2-768x583.jpg 768w, https:\/\/oss.vi-home.shop:9000\/vi-home-images\/wp-content\/uploads\/2024\/02\/24125359\/IMG_9790-2-1536x1167.jpg 1536w, https:\/\/oss.vi-home.shop:9000\/vi-home-images\/wp-content\/uploads\/2024\/02\/24125359\/IMG_9790-2-2048x1555.jpg 2048w, https:\/\/oss.vi-home.shop:9000\/vi-home-images\/wp-content\/uploads\/2024\/02\/24125359\/IMG_9790-2-16x12.jpg 16w, https:\/\/oss.vi-home.shop:9000\/vi-home-images\/wp-content\/uploads\/2024\/02\/24125359\/IMG_9790-2-62x47.jpg 62w, https:\/\/oss.vi-home.shop:9000\/vi-home-images\/wp-content\/uploads\/2024\/02\/24125359\/IMG_9790-2-158x120.jpg 158w\" sizes=\"(max-width: 2560px) 100vw, 2560px\" \/><img loading=\"lazy\" decoding=\"async\" class=\"alignnone size-full wp-image-17004\" src=\"https:\/\/oss.vi-home.shop:9000\/vi-home-images\/wp-content\/uploads\/2024\/02\/24125617\/%E5%BE%AE%E4%BF%A1%E5%9B%BE%E7%89%87_20230729161725-scaled.jpg\" alt=\"\" width=\"1920\" height=\"2560\" srcset=\"https:\/\/oss.vi-home.shop:9000\/vi-home-images\/wp-content\/uploads\/2024\/02\/24125617\/%E5%BE%AE%E4%BF%A1%E5%9B%BE%E7%89%87_20230729161725-scaled.jpg 1920w, https:\/\/oss.vi-home.shop:9000\/vi-home-images\/wp-content\/uploads\/2024\/02\/24125617\/%E5%BE%AE%E4%BF%A1%E5%9B%BE%E7%89%87_20230729161725-scaled-510x680.jpg 510w, https:\/\/oss.vi-home.shop:9000\/vi-home-images\/wp-content\/uploads\/2024\/02\/24125617\/%E5%BE%AE%E4%BF%A1%E5%9B%BE%E7%89%87_20230729161725-768x1024.jpg 768w, https:\/\/oss.vi-home.shop:9000\/vi-home-images\/wp-content\/uploads\/2024\/02\/24125617\/%E5%BE%AE%E4%BF%A1%E5%9B%BE%E7%89%87_20230729161725-1152x1536.jpg 1152w, https:\/\/oss.vi-home.shop:9000\/vi-home-images\/wp-content\/uploads\/2024\/02\/24125617\/%E5%BE%AE%E4%BF%A1%E5%9B%BE%E7%89%87_20230729161725-1536x2048.jpg 1536w, https:\/\/oss.vi-home.shop:9000\/vi-home-images\/wp-content\/uploads\/2024\/02\/24125617\/%E5%BE%AE%E4%BF%A1%E5%9B%BE%E7%89%87_20230729161725-9x12.jpg 9w, https:\/\/oss.vi-home.shop:9000\/vi-home-images\/wp-content\/uploads\/2024\/02\/24125617\/%E5%BE%AE%E4%BF%A1%E5%9B%BE%E7%89%87_20230729161725-62x83.jpg 62w, https:\/\/oss.vi-home.shop:9000\/vi-home-images\/wp-content\/uploads\/2024\/02\/24125617\/%E5%BE%AE%E4%BF%A1%E5%9B%BE%E7%89%87_20230729161725-90x120.jpg 90w\" sizes=\"(max-width: 1920px) 100vw, 1920px\" \/><\/p>","protected":false},"excerpt":{"rendered":"<pre>HW0805-60W\/150W\/300W 2835 chip LED lumen cao Pin: Lithiumion 3.2v 6Ah\/12Ah\/20Ah Th\u1eddi gian s\u1ea1c: 4-5hr n\u1eafng \u0111\u1ea7y \u0111\u1ee7 Gi\u1edd l\u00e0m vi\u1ec7c: 10-12hrs Chi\u1ec1u cao l\u1eafp \u0111\u1eb7t: 4-5m K\u00edch th\u01b0\u1edbc s\u1ea3n ph\u1ea9m: 160*160*38 mm\/210*210*38 mm\/285*285*38 mm T\u1ea5m n\u0103ng l\u01b0\u1ee3ng m\u1eb7t tr\u1eddi: 235*350 mm\/350*350 mm\/350*530 mm C\u00f4ng su\u1ea5t t\u1ea5m pin n\u0103ng l\u01b0\u1ee3ng m\u1eb7t tr\u1eddi: 6V 8W\/6v 15w\/6v 25w<\/pre>","protected":false},"featured_media":16994,"comment_status":"closed","ping_status":"closed","template":"","meta":{"_acf_changed":false},"product_brand":[],"product_cat":[40,43,52],"product_tag":[],"class_list":{"0":"post-16993","1":"product","2":"type-product","3":"status-publish","4":"has-post-thumbnail","6":"product_cat-commercial-lights","7":"product_cat-flood-lights","8":"product_cat-outdoor-lights","9":"yith_shop_vendor-hewei","10":"yith_product_brand-hewei","12":"first","13":"instock","14":"taxable","15":"shipping-taxable","16":"purchasable","17":"product-type-variable"},"acf":[],"_links":{"self":[{"href":"https:\/\/vi-home.shop\/vi\/wp-json\/wp\/v2\/product\/16993","targetHints":{"allow":["GET"]}}],"collection":[{"href":"https:\/\/vi-home.shop\/vi\/wp-json\/wp\/v2\/product"}],"about":[{"href":"https:\/\/vi-home.shop\/vi\/wp-json\/wp\/v2\/types\/product"}],"replies":[{"embeddable":true,"href":"https:\/\/vi-home.shop\/vi\/wp-json\/wp\/v2\/comments?post=16993"}],"wp:featuredmedia":[{"embeddable":true,"href":"https:\/\/vi-home.shop\/vi\/wp-json\/wp\/v2\/media\/16994"}],"wp:attachment":[{"href":"https:\/\/vi-home.shop\/vi\/wp-json\/wp\/v2\/media?parent=16993"}],"wp:term":[{"taxonomy":"product_brand","embeddable":true,"href":"https:\/\/vi-home.shop\/vi\/wp-json\/wp\/v2\/product_brand?post=16993"},{"taxonomy":"product_cat","embeddable":true,"href":"https:\/\/vi-home.shop\/vi\/wp-json\/wp\/v2\/product_cat?post=16993"},{"taxonomy":"product_tag","embeddable":true,"href":"https:\/\/vi-home.shop\/vi\/wp-json\/wp\/v2\/product_tag?post=16993"}],"curies":[{"name":"wp","href":"https:\/\/api.w.org\/{rel}","templated":true}]}}