{"id":2228,"date":"2023-08-04T16:08:24","date_gmt":"2023-08-04T08:08:24","guid":{"rendered":"https:\/\/vi-home.shop\/?post_type=product&#038;p=2228"},"modified":"2025-01-02T12:30:27","modified_gmt":"2025-01-02T04:30:27","slug":"xty-solar-street-lampsolar-induced-courtyard-light-xty-s8065p150w","status":"publish","type":"product","link":"https:\/\/vi-home.shop\/vi\/san-pham\/xty-solar-street-lampsolar-induced-courtyard-light-xty-s8065p150w\/","title":{"rendered":"\u0110\u00e8n s\u00e2n v\u01b0\u1eddn c\u1ea3m \u1ee9ng n\u0103ng l\u01b0\u1ee3ng m\u1eb7t tr\u1eddi XTY XTY-S8065(P)150W"},"content":{"rendered":"<p><img loading=\"lazy\" decoding=\"async\" class=\"alignnone size-full wp-image-4001\" src=\"https:\/\/oss.vi-home.shop:9000\/vi-home-images\/wp-content\/uploads\/2023\/08\/07184600\/mmexport1678443010118.jpg\" alt=\"\" width=\"800\" height=\"800\" srcset=\"https:\/\/oss.vi-home.shop:9000\/vi-home-images\/wp-content\/uploads\/2023\/08\/07184600\/mmexport1678443010118.jpg 800w, https:\/\/oss.vi-home.shop:9000\/vi-home-images\/wp-content\/uploads\/2023\/08\/07184600\/mmexport1678443010118-100x100.jpg 100w, https:\/\/oss.vi-home.shop:9000\/vi-home-images\/wp-content\/uploads\/2023\/08\/07184600\/mmexport1678443010118-510x510.jpg 510w\" sizes=\"(max-width: 800px) 100vw, 800px\" \/>\u00a0<img loading=\"lazy\" decoding=\"async\" class=\"alignnone size-full wp-image-2403\" src=\"https:\/\/oss.vi-home.shop:9000\/vi-home-images\/wp-content\/uploads\/2023\/07\/07184713\/O1CN01ZSdhDs2EIjAnrYeEl_3991068722-0-cib.jpg\" alt=\"\" width=\"780\" height=\"647\" srcset=\"https:\/\/oss.vi-home.shop:9000\/vi-home-images\/wp-content\/uploads\/2023\/07\/07184713\/O1CN01ZSdhDs2EIjAnrYeEl_3991068722-0-cib.jpg 780w, https:\/\/oss.vi-home.shop:9000\/vi-home-images\/wp-content\/uploads\/2023\/07\/07184713\/O1CN01ZSdhDs2EIjAnrYeEl_3991068722-0-cib-510x423.jpg 510w\" sizes=\"(max-width: 780px) 100vw, 780px\" \/> <img loading=\"lazy\" decoding=\"async\" class=\"alignnone wp-image-2401\" src=\"https:\/\/oss.vi-home.shop:9000\/vi-home-images\/wp-content\/uploads\/2023\/07\/07184714\/O1CN01tnvt4O2EIjAi3fhNu_3991068722-0-cib.jpg\" alt=\"\" width=\"806\" height=\"501\" srcset=\"https:\/\/oss.vi-home.shop:9000\/vi-home-images\/wp-content\/uploads\/2023\/07\/07184714\/O1CN01tnvt4O2EIjAi3fhNu_3991068722-0-cib.jpg 1738w, https:\/\/oss.vi-home.shop:9000\/vi-home-images\/wp-content\/uploads\/2023\/07\/07184714\/O1CN01tnvt4O2EIjAi3fhNu_3991068722-0-cib-510x317.jpg 510w\" sizes=\"(max-width: 806px) 100vw, 806px\" \/><\/p>\n<p>&nbsp;<\/p>\n<p><img loading=\"lazy\" decoding=\"async\" class=\"alignnone size-full wp-image-8208\" src=\"https:\/\/oss.vi-home.shop:9000\/vi-home-images\/wp-content\/uploads\/2023\/07\/07182533\/%E5%A4%AA%E9%98%B3%E8%83%BD%E9%80%9A%E7%94%A8%E8%AF%B4%E6%98%8E.jpg\" alt=\"\" width=\"800\" height=\"800\" srcset=\"https:\/\/oss.vi-home.shop:9000\/vi-home-images\/wp-content\/uploads\/2023\/07\/07182533\/%E5%A4%AA%E9%98%B3%E8%83%BD%E9%80%9A%E7%94%A8%E8%AF%B4%E6%98%8E.jpg 800w, https:\/\/oss.vi-home.shop:9000\/vi-home-images\/wp-content\/uploads\/2023\/07\/07182533\/%E5%A4%AA%E9%98%B3%E8%83%BD%E9%80%9A%E7%94%A8%E8%AF%B4%E6%98%8E-100x100.jpg 100w, https:\/\/oss.vi-home.shop:9000\/vi-home-images\/wp-content\/uploads\/2023\/07\/07182533\/%E5%A4%AA%E9%98%B3%E8%83%BD%E9%80%9A%E7%94%A8%E8%AF%B4%E6%98%8E-510x510.jpg 510w\" sizes=\"(max-width: 800px) 100vw, 800px\" \/><\/p>\n<p>&nbsp;<\/p>\n<p>&nbsp;<\/p>","protected":false},"excerpt":{"rendered":"<table style=\"height: 135px;\" width=\"422\">\n<tbody>\n<tr>\n<td width=\"341\">T\u1ea5m n\u0103ng l\u01b0\u1ee3ng m\u1eb7t tr\u1eddi: 6V 20W<br \/>\nPin Lithium: 3.2V 20AH<br \/>\n\u0110\u00c8N LED: 5730 500 chi\u1ebfc<br \/>\nK\u00edch th\u01b0\u1edbc s\u1ea3n ph\u1ea9m: Nh\u1ef1a 550*550*108mm<\/td>\n<\/tr>\n<\/tbody>\n<\/table>","protected":false},"featured_media":4001,"comment_status":"closed","ping_status":"closed","template":"","meta":{"_acf_changed":false},"product_brand":[],"product_cat":[52,50],"product_tag":[156],"class_list":{"0":"post-2228","1":"product","2":"type-product","3":"status-publish","4":"has-post-thumbnail","6":"product_cat-outdoor-lights","7":"product_cat-street-lights","8":"product_tag-solar-garden-lamp-solar-street-lamp","9":"yith_shop_vendor-zhong-shan-city-xintianyang-electric-co-ltd","10":"yith_product_brand-xintianyang","12":"first","13":"instock","14":"taxable","15":"shipping-taxable","16":"purchasable","17":"product-type-simple"},"acf":[],"_links":{"self":[{"href":"https:\/\/vi-home.shop\/vi\/wp-json\/wp\/v2\/product\/2228","targetHints":{"allow":["GET"]}}],"collection":[{"href":"https:\/\/vi-home.shop\/vi\/wp-json\/wp\/v2\/product"}],"about":[{"href":"https:\/\/vi-home.shop\/vi\/wp-json\/wp\/v2\/types\/product"}],"replies":[{"embeddable":true,"href":"https:\/\/vi-home.shop\/vi\/wp-json\/wp\/v2\/comments?post=2228"}],"wp:featuredmedia":[{"embeddable":true,"href":"https:\/\/vi-home.shop\/vi\/wp-json\/wp\/v2\/media\/4001"}],"wp:attachment":[{"href":"https:\/\/vi-home.shop\/vi\/wp-json\/wp\/v2\/media?parent=2228"}],"wp:term":[{"taxonomy":"product_brand","embeddable":true,"href":"https:\/\/vi-home.shop\/vi\/wp-json\/wp\/v2\/product_brand?post=2228"},{"taxonomy":"product_cat","embeddable":true,"href":"https:\/\/vi-home.shop\/vi\/wp-json\/wp\/v2\/product_cat?post=2228"},{"taxonomy":"product_tag","embeddable":true,"href":"https:\/\/vi-home.shop\/vi\/wp-json\/wp\/v2\/product_tag?post=2228"}],"curies":[{"name":"wp","href":"https:\/\/api.w.org\/{rel}","templated":true}]}}