{"id":23710,"date":"2024-03-26T16:35:17","date_gmt":"2024-03-26T08:35:17","guid":{"rendered":"https:\/\/vi-home.shop\/?post_type=product&#038;p=23710"},"modified":"2024-06-12T14:23:20","modified_gmt":"2024-06-12T06:23:20","slug":"zhihui-chandelier-light-mf3019-3d","status":"publish","type":"product","link":"https:\/\/vi-home.shop\/vi\/san-pham\/zhihui-chandelier-light-mf3019-3d\/","title":{"rendered":"\u0110\u00c8N CH\u00d9M ZHIHUI MF3019-3D"},"content":{"rendered":"<p><img loading=\"lazy\" decoding=\"async\" class=\"alignnone size-full wp-image-23716\" src=\"https:\/\/oss.vi-home.shop:9000\/vi-home-images\/wp-content\/uploads\/2024\/03\/26164302\/%E5%9B%BE%E5%B1%82-2_upscayl_4x_realesrgan-x4plus.jpg\" alt=\"\" width=\"1916\" height=\"1908\" srcset=\"https:\/\/oss.vi-home.shop:9000\/vi-home-images\/wp-content\/uploads\/2024\/03\/26164302\/%E5%9B%BE%E5%B1%82-2_upscayl_4x_realesrgan-x4plus.jpg 1916w, https:\/\/oss.vi-home.shop:9000\/vi-home-images\/wp-content\/uploads\/2024\/03\/26164302\/%E5%9B%BE%E5%B1%82-2_upscayl_4x_realesrgan-x4plus-100x100.jpg 100w, https:\/\/oss.vi-home.shop:9000\/vi-home-images\/wp-content\/uploads\/2024\/03\/26164302\/%E5%9B%BE%E5%B1%82-2_upscayl_4x_realesrgan-x4plus-510x508.jpg 510w, https:\/\/oss.vi-home.shop:9000\/vi-home-images\/wp-content\/uploads\/2024\/03\/26164302\/%E5%9B%BE%E5%B1%82-2_upscayl_4x_realesrgan-x4plus-768x765.jpg 768w, https:\/\/oss.vi-home.shop:9000\/vi-home-images\/wp-content\/uploads\/2024\/03\/26164302\/%E5%9B%BE%E5%B1%82-2_upscayl_4x_realesrgan-x4plus-1536x1530.jpg 1536w, https:\/\/oss.vi-home.shop:9000\/vi-home-images\/wp-content\/uploads\/2024\/03\/26164302\/%E5%9B%BE%E5%B1%82-2_upscayl_4x_realesrgan-x4plus-12x12.jpg 12w, https:\/\/oss.vi-home.shop:9000\/vi-home-images\/wp-content\/uploads\/2024\/03\/26164302\/%E5%9B%BE%E5%B1%82-2_upscayl_4x_realesrgan-x4plus-62x62.jpg 62w, https:\/\/oss.vi-home.shop:9000\/vi-home-images\/wp-content\/uploads\/2024\/03\/26164302\/%E5%9B%BE%E5%B1%82-2_upscayl_4x_realesrgan-x4plus-121x120.jpg 121w\" sizes=\"(max-width: 1916px) 100vw, 1916px\" \/><\/p>","protected":false},"excerpt":{"rendered":"<p>M\u00f4 h\u00ecnh: MF3019-3D<\/p>\n<p>K\u00edch th\u01b0\u1edbc: \u00d8860*H650mm<\/p>\n<p>Ngu\u1ed3n s\u00e1ng: 108W 3 ch\u1ebf \u0111\u1ed9<\/p>\n<p>Ch\u1ea5t li\u1ec7u: Th\u00e9p + Nh\u00f4m + Silicon<\/p>","protected":false},"featured_media":23716,"comment_status":"closed","ping_status":"closed","template":"","meta":{"_acf_changed":false},"product_brand":[],"product_cat":[34,33],"product_tag":[],"class_list":{"0":"post-23710","1":"product","2":"type-product","3":"status-publish","4":"has-post-thumbnail","6":"product_cat-chandelier","7":"product_cat-decorative-lights","8":"pa_options-550900hblackgolden","9":"yith_shop_vendor-zhihui","10":"yith_product_brand-san-pham-moi-mau-mien-phi","12":"first","13":"instock","14":"purchasable","15":"product-type-simple"},"acf":[],"_links":{"self":[{"href":"https:\/\/vi-home.shop\/vi\/wp-json\/wp\/v2\/product\/23710","targetHints":{"allow":["GET"]}}],"collection":[{"href":"https:\/\/vi-home.shop\/vi\/wp-json\/wp\/v2\/product"}],"about":[{"href":"https:\/\/vi-home.shop\/vi\/wp-json\/wp\/v2\/types\/product"}],"replies":[{"embeddable":true,"href":"https:\/\/vi-home.shop\/vi\/wp-json\/wp\/v2\/comments?post=23710"}],"wp:featuredmedia":[{"embeddable":true,"href":"https:\/\/vi-home.shop\/vi\/wp-json\/wp\/v2\/media\/23716"}],"wp:attachment":[{"href":"https:\/\/vi-home.shop\/vi\/wp-json\/wp\/v2\/media?parent=23710"}],"wp:term":[{"taxonomy":"product_brand","embeddable":true,"href":"https:\/\/vi-home.shop\/vi\/wp-json\/wp\/v2\/product_brand?post=23710"},{"taxonomy":"product_cat","embeddable":true,"href":"https:\/\/vi-home.shop\/vi\/wp-json\/wp\/v2\/product_cat?post=23710"},{"taxonomy":"product_tag","embeddable":true,"href":"https:\/\/vi-home.shop\/vi\/wp-json\/wp\/v2\/product_tag?post=23710"}],"curies":[{"name":"wp","href":"https:\/\/api.w.org\/{rel}","templated":true}]}}