{"id":23723,"date":"2024-03-26T16:46:54","date_gmt":"2024-03-26T08:46:54","guid":{"rendered":"https:\/\/vi-home.shop\/?post_type=product&#038;p=23723"},"modified":"2024-05-16T22:33:40","modified_gmt":"2024-05-16T14:33:40","slug":"zhihui-chandelier-light-mc079-8h","status":"publish","type":"product","link":"https:\/\/vi-home.shop\/vi\/san-pham\/zhihui-chandelier-light-mc079-8h\/","title":{"rendered":"\u0110\u00c8N CH\u00d9M ZHIHUI MC079-8H"},"content":{"rendered":"<p><img loading=\"lazy\" decoding=\"async\" class=\"alignnone size-full wp-image-23725\" src=\"https:\/\/oss.vi-home.shop:9000\/vi-home-images\/wp-content\/uploads\/2024\/03\/26164836\/IMG_3117.jpg\" alt=\"\" width=\"750\" height=\"1000\" srcset=\"https:\/\/oss.vi-home.shop:9000\/vi-home-images\/wp-content\/uploads\/2024\/03\/26164836\/IMG_3117.jpg 750w, https:\/\/oss.vi-home.shop:9000\/vi-home-images\/wp-content\/uploads\/2024\/03\/26164836\/IMG_3117-510x680.jpg 510w, https:\/\/oss.vi-home.shop:9000\/vi-home-images\/wp-content\/uploads\/2024\/03\/26164836\/IMG_3117-9x12.jpg 9w, https:\/\/oss.vi-home.shop:9000\/vi-home-images\/wp-content\/uploads\/2024\/03\/26164836\/IMG_3117-62x83.jpg 62w, https:\/\/oss.vi-home.shop:9000\/vi-home-images\/wp-content\/uploads\/2024\/03\/26164836\/IMG_3117-90x120.jpg 90w\" sizes=\"(max-width: 750px) 100vw, 750px\" \/><\/p>","protected":false},"excerpt":{"rendered":"<p>Model: MC079-8H<\/p>\n<p>K\u00edch th\u01b0\u1edbc: \u00d8880*H460mm<\/p>\n<p>Ngu\u1ed3n s\u00e1ng: E14*8<\/p>\n<p>Ch\u1ea5t li\u1ec7u: \u0110\u1ed3ng + Pha l\u00ea<\/p>","protected":false},"featured_media":23725,"comment_status":"closed","ping_status":"closed","template":"","meta":{"_acf_changed":false},"product_brand":[],"product_cat":[34,33],"product_tag":[],"class_list":{"0":"post-23723","1":"product","2":"type-product","3":"status-publish","4":"has-post-thumbnail","6":"product_cat-chandelier","7":"product_cat-decorative-lights","8":"pa_options-550900hblackgolden","9":"yith_shop_vendor-zhihui","10":"yith_product_brand-san-pham-moi-mau-mien-phi","12":"first","13":"instock","14":"purchasable","15":"product-type-simple"},"acf":[],"_links":{"self":[{"href":"https:\/\/vi-home.shop\/vi\/wp-json\/wp\/v2\/product\/23723","targetHints":{"allow":["GET"]}}],"collection":[{"href":"https:\/\/vi-home.shop\/vi\/wp-json\/wp\/v2\/product"}],"about":[{"href":"https:\/\/vi-home.shop\/vi\/wp-json\/wp\/v2\/types\/product"}],"replies":[{"embeddable":true,"href":"https:\/\/vi-home.shop\/vi\/wp-json\/wp\/v2\/comments?post=23723"}],"wp:featuredmedia":[{"embeddable":true,"href":"https:\/\/vi-home.shop\/vi\/wp-json\/wp\/v2\/media\/23725"}],"wp:attachment":[{"href":"https:\/\/vi-home.shop\/vi\/wp-json\/wp\/v2\/media?parent=23723"}],"wp:term":[{"taxonomy":"product_brand","embeddable":true,"href":"https:\/\/vi-home.shop\/vi\/wp-json\/wp\/v2\/product_brand?post=23723"},{"taxonomy":"product_cat","embeddable":true,"href":"https:\/\/vi-home.shop\/vi\/wp-json\/wp\/v2\/product_cat?post=23723"},{"taxonomy":"product_tag","embeddable":true,"href":"https:\/\/vi-home.shop\/vi\/wp-json\/wp\/v2\/product_tag?post=23723"}],"curies":[{"name":"wp","href":"https:\/\/api.w.org\/{rel}","templated":true}]}}