{"id":23731,"date":"2024-03-26T16:52:54","date_gmt":"2024-03-26T08:52:54","guid":{"rendered":"https:\/\/vi-home.shop\/?post_type=product&#038;p=23731"},"modified":"2024-05-16T22:31:24","modified_gmt":"2024-05-16T14:31:24","slug":"zhihui-chandelier-light-mf3062-04dxznm","status":"publish","type":"product","link":"https:\/\/vi-home.shop\/vi\/san-pham\/zhihui-chandelier-light-mf3062-04dxznm\/","title":{"rendered":"\u0110\u00c8N CH\u00d9M ZHIHUI MF3062-04DXZNM"},"content":{"rendered":"<p><img loading=\"lazy\" decoding=\"async\" class=\"alignnone size-full wp-image-23733\" src=\"https:\/\/oss.vi-home.shop:9000\/vi-home-images\/wp-content\/uploads\/2024\/03\/26165326\/IMG_3167.jpg\" alt=\"\" width=\"800\" height=\"800\" srcset=\"https:\/\/oss.vi-home.shop:9000\/vi-home-images\/wp-content\/uploads\/2024\/03\/26165326\/IMG_3167.jpg 800w, https:\/\/oss.vi-home.shop:9000\/vi-home-images\/wp-content\/uploads\/2024\/03\/26165326\/IMG_3167-100x100.jpg 100w, https:\/\/oss.vi-home.shop:9000\/vi-home-images\/wp-content\/uploads\/2024\/03\/26165326\/IMG_3167-510x510.jpg 510w, https:\/\/oss.vi-home.shop:9000\/vi-home-images\/wp-content\/uploads\/2024\/03\/26165326\/IMG_3167-768x768.jpg 768w, https:\/\/oss.vi-home.shop:9000\/vi-home-images\/wp-content\/uploads\/2024\/03\/26165326\/IMG_3167-12x12.jpg 12w, https:\/\/oss.vi-home.shop:9000\/vi-home-images\/wp-content\/uploads\/2024\/03\/26165326\/IMG_3167-62x62.jpg 62w, https:\/\/oss.vi-home.shop:9000\/vi-home-images\/wp-content\/uploads\/2024\/03\/26165326\/IMG_3167-120x120.jpg 120w\" sizes=\"(max-width: 800px) 100vw, 800px\" \/><\/p>","protected":false},"excerpt":{"rendered":"<p>Model: MF3062-04DXZNM<\/p>\n<p>K\u00edch th\u01b0\u1edbc: \u00d8770*H470mm<\/p>\n<p>Ngu\u1ed3n s\u00e1ng: 68W dim\u0110\u1ed5i m\u00e0u<\/p>\n<p>Ch\u1ea5t li\u1ec7u: Th\u00e9p + Nh\u00f4m + Acrylic<\/p>","protected":false},"featured_media":23733,"comment_status":"closed","ping_status":"closed","template":"","meta":{"_acf_changed":false},"product_brand":[],"product_cat":[34,33],"product_tag":[],"class_list":{"0":"post-23731","1":"product","2":"type-product","3":"status-publish","4":"has-post-thumbnail","6":"product_cat-chandelier","7":"product_cat-decorative-lights","8":"pa_options-550900hblackgolden","9":"yith_shop_vendor-zhihui","10":"yith_product_brand-san-pham-moi-mau-mien-phi","12":"first","13":"instock","14":"purchasable","15":"product-type-simple"},"acf":[],"_links":{"self":[{"href":"https:\/\/vi-home.shop\/vi\/wp-json\/wp\/v2\/product\/23731","targetHints":{"allow":["GET"]}}],"collection":[{"href":"https:\/\/vi-home.shop\/vi\/wp-json\/wp\/v2\/product"}],"about":[{"href":"https:\/\/vi-home.shop\/vi\/wp-json\/wp\/v2\/types\/product"}],"replies":[{"embeddable":true,"href":"https:\/\/vi-home.shop\/vi\/wp-json\/wp\/v2\/comments?post=23731"}],"wp:featuredmedia":[{"embeddable":true,"href":"https:\/\/vi-home.shop\/vi\/wp-json\/wp\/v2\/media\/23733"}],"wp:attachment":[{"href":"https:\/\/vi-home.shop\/vi\/wp-json\/wp\/v2\/media?parent=23731"}],"wp:term":[{"taxonomy":"product_brand","embeddable":true,"href":"https:\/\/vi-home.shop\/vi\/wp-json\/wp\/v2\/product_brand?post=23731"},{"taxonomy":"product_cat","embeddable":true,"href":"https:\/\/vi-home.shop\/vi\/wp-json\/wp\/v2\/product_cat?post=23731"},{"taxonomy":"product_tag","embeddable":true,"href":"https:\/\/vi-home.shop\/vi\/wp-json\/wp\/v2\/product_tag?post=23731"}],"curies":[{"name":"wp","href":"https:\/\/api.w.org\/{rel}","templated":true}]}}