{"id":23742,"date":"2024-03-26T16:58:51","date_gmt":"2024-03-26T08:58:51","guid":{"rendered":"https:\/\/vi-home.shop\/?post_type=product&#038;p=23742"},"modified":"2024-05-16T22:28:11","modified_gmt":"2024-05-16T14:28:11","slug":"zhihui-chandelier-light-mc7433-0mdmgxa","status":"publish","type":"product","link":"https:\/\/vi-home.shop\/vi\/san-pham\/zhihui-chandelier-light-mc7433-0mdmgxa\/","title":{"rendered":"\u0110\u00c8N CH\u00d9M ZHIHUI MC7433-0MDMGXA"},"content":{"rendered":"<p><img loading=\"lazy\" decoding=\"async\" class=\"alignnone size-full wp-image-23745\" src=\"https:\/\/oss.vi-home.shop:9000\/vi-home-images\/wp-content\/uploads\/2024\/03\/26170027\/IMG_3137.jpg\" alt=\"\" width=\"776\" height=\"1200\" srcset=\"https:\/\/oss.vi-home.shop:9000\/vi-home-images\/wp-content\/uploads\/2024\/03\/26170027\/IMG_3137.jpg 776w, https:\/\/oss.vi-home.shop:9000\/vi-home-images\/wp-content\/uploads\/2024\/03\/26170027\/IMG_3137-510x789.jpg 510w, https:\/\/oss.vi-home.shop:9000\/vi-home-images\/wp-content\/uploads\/2024\/03\/26170027\/IMG_3137-768x1188.jpg 768w, https:\/\/oss.vi-home.shop:9000\/vi-home-images\/wp-content\/uploads\/2024\/03\/26170027\/IMG_3137-8x12.jpg 8w, https:\/\/oss.vi-home.shop:9000\/vi-home-images\/wp-content\/uploads\/2024\/03\/26170027\/IMG_3137-62x96.jpg 62w, https:\/\/oss.vi-home.shop:9000\/vi-home-images\/wp-content\/uploads\/2024\/03\/26170027\/IMG_3137-78x120.jpg 78w\" sizes=\"(max-width: 776px) 100vw, 776px\" \/><\/p>","protected":false},"excerpt":{"rendered":"<p>Model: MC7433-0MDMGXA<\/p>\n<p>K\u00edch th\u01b0\u1edbc: \u00d8450*H1200mm<\/p>\n<p>Ngu\u1ed3n s\u00e1ng: 28W Smart MI<\/p>\n<p>Ch\u1ea5t li\u1ec7u: \u0110\u1ed3ng + nh\u1ef1a<\/p>","protected":false},"featured_media":23745,"comment_status":"closed","ping_status":"closed","template":"","meta":{"_acf_changed":false},"product_brand":[],"product_cat":[34,33],"product_tag":[],"class_list":{"0":"post-23742","1":"product","2":"type-product","3":"status-publish","4":"has-post-thumbnail","6":"product_cat-chandelier","7":"product_cat-decorative-lights","8":"pa_options-550900hblackgolden","9":"yith_shop_vendor-zhihui","10":"yith_product_brand-san-pham-moi-mau-mien-phi","12":"first","13":"instock","14":"purchasable","15":"product-type-simple"},"acf":[],"_links":{"self":[{"href":"https:\/\/vi-home.shop\/vi\/wp-json\/wp\/v2\/product\/23742","targetHints":{"allow":["GET"]}}],"collection":[{"href":"https:\/\/vi-home.shop\/vi\/wp-json\/wp\/v2\/product"}],"about":[{"href":"https:\/\/vi-home.shop\/vi\/wp-json\/wp\/v2\/types\/product"}],"replies":[{"embeddable":true,"href":"https:\/\/vi-home.shop\/vi\/wp-json\/wp\/v2\/comments?post=23742"}],"wp:featuredmedia":[{"embeddable":true,"href":"https:\/\/vi-home.shop\/vi\/wp-json\/wp\/v2\/media\/23745"}],"wp:attachment":[{"href":"https:\/\/vi-home.shop\/vi\/wp-json\/wp\/v2\/media?parent=23742"}],"wp:term":[{"taxonomy":"product_brand","embeddable":true,"href":"https:\/\/vi-home.shop\/vi\/wp-json\/wp\/v2\/product_brand?post=23742"},{"taxonomy":"product_cat","embeddable":true,"href":"https:\/\/vi-home.shop\/vi\/wp-json\/wp\/v2\/product_cat?post=23742"},{"taxonomy":"product_tag","embeddable":true,"href":"https:\/\/vi-home.shop\/vi\/wp-json\/wp\/v2\/product_tag?post=23742"}],"curies":[{"name":"wp","href":"https:\/\/api.w.org\/{rel}","templated":true}]}}