{"id":24908,"date":"2024-09-11T15:15:36","date_gmt":"2024-09-11T07:15:36","guid":{"rendered":"https:\/\/vi-home.shop\/?post_type=product&#038;p=24908"},"modified":"2025-04-14T11:38:01","modified_gmt":"2025-04-14T03:38:01","slug":"xty-solar-flood-light-xty-s8865-400w","status":"publish","type":"product","link":"https:\/\/vi-home.shop\/vi\/san-pham\/xty-solar-flood-light-xty-s8865-400w\/","title":{"rendered":"\u0110\u00c8N N\u0102NG L\u01af\u1ee2NG M\u1eb6T TR\u1edcI XTY XTY-S8865 400W"},"content":{"rendered":"<p><img loading=\"lazy\" decoding=\"async\" class=\"alignnone size-full wp-image-24910\" src=\"https:\/\/oss.vi-home.shop:9000\/vi-home-images\/wp-content\/uploads\/2024\/09\/11231820\/%E5%BE%AE%E4%BF%A1%E5%9B%BE%E7%89%87_20240909172801.jpg\" alt=\"\" width=\"980\" height=\"980\" srcset=\"https:\/\/oss.vi-home.shop:9000\/vi-home-images\/wp-content\/uploads\/2024\/09\/11231820\/%E5%BE%AE%E4%BF%A1%E5%9B%BE%E7%89%87_20240909172801.jpg 980w, https:\/\/oss.vi-home.shop:9000\/vi-home-images\/wp-content\/uploads\/2024\/09\/11231820\/%E5%BE%AE%E4%BF%A1%E5%9B%BE%E7%89%87_20240909172801-768x768.jpg 768w, https:\/\/oss.vi-home.shop:9000\/vi-home-images\/wp-content\/uploads\/2024\/09\/11231820\/%E5%BE%AE%E4%BF%A1%E5%9B%BE%E7%89%87_20240909172801-12x12.jpg 12w, https:\/\/oss.vi-home.shop:9000\/vi-home-images\/wp-content\/uploads\/2024\/09\/11231820\/%E5%BE%AE%E4%BF%A1%E5%9B%BE%E7%89%87_20240909172801-62x62.jpg 62w, https:\/\/oss.vi-home.shop:9000\/vi-home-images\/wp-content\/uploads\/2024\/09\/11231820\/%E5%BE%AE%E4%BF%A1%E5%9B%BE%E7%89%87_20240909172801-120x120.jpg 120w, https:\/\/oss.vi-home.shop:9000\/vi-home-images\/wp-content\/uploads\/2024\/09\/11231820\/%E5%BE%AE%E4%BF%A1%E5%9B%BE%E7%89%87_20240909172801-510x510.jpg 510w, https:\/\/oss.vi-home.shop:9000\/vi-home-images\/wp-content\/uploads\/2024\/09\/11231820\/%E5%BE%AE%E4%BF%A1%E5%9B%BE%E7%89%87_20240909172801-100x100.jpg 100w\" sizes=\"(max-width: 980px) 100vw, 980px\" \/><\/p>","protected":false},"excerpt":{"rendered":"<p style=\"text-align: center;\">M\u1eaaU \uff1a XTY-S8865 400W<br \/>\nPIN: 3.2V 30000MAH<br \/>\nT\u1ea4M PIN M\u1eb6T TR\u1edcI: 5V35W MONO<br \/>\nK\u00cdCH TH\u01af\u1edaC T\u1ea4M PIN M\u1eb6T TR\u1edcI: 390x510MM<br \/>\n\u0110\u00e8n LED SMT 2835 418PCS<br \/>\nK\u00cdCH TH\u01af\u1edaC TH\u00c2N \u0110\u00c8N: 360MM<br \/>\nGI\u1edc L\u00c0M VI\u1ec6C: 20 gi\u1edd<br \/>\nPH\u1ea0M VI CHI\u1ebeU S\u00c1NG: 100m\u00b2<\/p>","protected":false},"featured_media":24909,"comment_status":"closed","ping_status":"closed","template":"","meta":{"_acf_changed":false},"product_brand":[],"product_cat":[43],"product_tag":[],"class_list":{"0":"post-24908","1":"product","2":"type-product","3":"status-publish","4":"has-post-thumbnail","6":"product_cat-flood-lights","7":"yith_shop_vendor-zhong-shan-city-xintianyang-electric-co-ltd","8":"yith_product_brand-xintianyang","10":"first","11":"instock","12":"taxable","13":"shipping-taxable","14":"purchasable","15":"product-type-simple"},"acf":[],"_links":{"self":[{"href":"https:\/\/vi-home.shop\/vi\/wp-json\/wp\/v2\/product\/24908","targetHints":{"allow":["GET"]}}],"collection":[{"href":"https:\/\/vi-home.shop\/vi\/wp-json\/wp\/v2\/product"}],"about":[{"href":"https:\/\/vi-home.shop\/vi\/wp-json\/wp\/v2\/types\/product"}],"replies":[{"embeddable":true,"href":"https:\/\/vi-home.shop\/vi\/wp-json\/wp\/v2\/comments?post=24908"}],"wp:featuredmedia":[{"embeddable":true,"href":"https:\/\/vi-home.shop\/vi\/wp-json\/wp\/v2\/media\/24909"}],"wp:attachment":[{"href":"https:\/\/vi-home.shop\/vi\/wp-json\/wp\/v2\/media?parent=24908"}],"wp:term":[{"taxonomy":"product_brand","embeddable":true,"href":"https:\/\/vi-home.shop\/vi\/wp-json\/wp\/v2\/product_brand?post=24908"},{"taxonomy":"product_cat","embeddable":true,"href":"https:\/\/vi-home.shop\/vi\/wp-json\/wp\/v2\/product_cat?post=24908"},{"taxonomy":"product_tag","embeddable":true,"href":"https:\/\/vi-home.shop\/vi\/wp-json\/wp\/v2\/product_tag?post=24908"}],"curies":[{"name":"wp","href":"https:\/\/api.w.org\/{rel}","templated":true}]}}