{"id":24916,"date":"2024-09-11T19:39:34","date_gmt":"2024-09-11T11:39:34","guid":{"rendered":"https:\/\/vi-home.shop\/?post_type=product&#038;p=24916"},"modified":"2024-11-12T16:30:37","modified_gmt":"2024-11-12T08:30:37","slug":"xty-solar-bulb-xty-s115-100w-magnet","status":"publish","type":"product","link":"https:\/\/vi-home.shop\/vi\/san-pham\/xty-solar-bulb-xty-s115-100w-magnet\/","title":{"rendered":"B\u00d3NG \u0110\u00c8N M\u1eb6T TR\u1edcI XTY XTY-S115 nam ch\u00e2m 100W"},"content":{"rendered":"<p><img loading=\"lazy\" decoding=\"async\" class=\"alignnone size-full wp-image-24919\" src=\"https:\/\/oss.vi-home.shop:9000\/vi-home-images\/wp-content\/uploads\/2024\/09\/12034050\/%E5%BE%AE%E4%BF%A1%E5%9B%BE%E7%89%87_20240909172935.jpg\" alt=\"\" width=\"980\" height=\"980\" srcset=\"https:\/\/oss.vi-home.shop:9000\/vi-home-images\/wp-content\/uploads\/2024\/09\/12034050\/%E5%BE%AE%E4%BF%A1%E5%9B%BE%E7%89%87_20240909172935.jpg 980w, https:\/\/oss.vi-home.shop:9000\/vi-home-images\/wp-content\/uploads\/2024\/09\/12034050\/%E5%BE%AE%E4%BF%A1%E5%9B%BE%E7%89%87_20240909172935-768x768.jpg 768w, https:\/\/oss.vi-home.shop:9000\/vi-home-images\/wp-content\/uploads\/2024\/09\/12034050\/%E5%BE%AE%E4%BF%A1%E5%9B%BE%E7%89%87_20240909172935-12x12.jpg 12w, https:\/\/oss.vi-home.shop:9000\/vi-home-images\/wp-content\/uploads\/2024\/09\/12034050\/%E5%BE%AE%E4%BF%A1%E5%9B%BE%E7%89%87_20240909172935-62x62.jpg 62w, https:\/\/oss.vi-home.shop:9000\/vi-home-images\/wp-content\/uploads\/2024\/09\/12034050\/%E5%BE%AE%E4%BF%A1%E5%9B%BE%E7%89%87_20240909172935-120x120.jpg 120w, https:\/\/oss.vi-home.shop:9000\/vi-home-images\/wp-content\/uploads\/2024\/09\/12034050\/%E5%BE%AE%E4%BF%A1%E5%9B%BE%E7%89%87_20240909172935-510x510.jpg 510w, https:\/\/oss.vi-home.shop:9000\/vi-home-images\/wp-content\/uploads\/2024\/09\/12034050\/%E5%BE%AE%E4%BF%A1%E5%9B%BE%E7%89%87_20240909172935-100x100.jpg 100w\" sizes=\"(max-width: 980px) 100vw, 980px\" \/> <img loading=\"lazy\" decoding=\"async\" class=\"alignnone size-full wp-image-24921\" src=\"https:\/\/oss.vi-home.shop:9000\/vi-home-images\/wp-content\/uploads\/2024\/09\/12034109\/%E5%BE%AE%E4%BF%A1%E5%9B%BE%E7%89%87_20240909172953.png\" alt=\"\" width=\"588\" height=\"626\" srcset=\"https:\/\/oss.vi-home.shop:9000\/vi-home-images\/wp-content\/uploads\/2024\/09\/12034109\/%E5%BE%AE%E4%BF%A1%E5%9B%BE%E7%89%87_20240909172953.png 588w, https:\/\/oss.vi-home.shop:9000\/vi-home-images\/wp-content\/uploads\/2024\/09\/12034109\/%E5%BE%AE%E4%BF%A1%E5%9B%BE%E7%89%87_20240909172953-11x12.png 11w, https:\/\/oss.vi-home.shop:9000\/vi-home-images\/wp-content\/uploads\/2024\/09\/12034109\/%E5%BE%AE%E4%BF%A1%E5%9B%BE%E7%89%87_20240909172953-62x66.png 62w, https:\/\/oss.vi-home.shop:9000\/vi-home-images\/wp-content\/uploads\/2024\/09\/12034109\/%E5%BE%AE%E4%BF%A1%E5%9B%BE%E7%89%87_20240909172953-113x120.png 113w, https:\/\/oss.vi-home.shop:9000\/vi-home-images\/wp-content\/uploads\/2024\/09\/12034109\/%E5%BE%AE%E4%BF%A1%E5%9B%BE%E7%89%87_20240909172953-510x543.png 510w\" sizes=\"(max-width: 588px) 100vw, 588px\" \/> <img loading=\"lazy\" decoding=\"async\" class=\"alignnone size-full wp-image-24923\" src=\"https:\/\/oss.vi-home.shop:9000\/vi-home-images\/wp-content\/uploads\/2024\/09\/12034136\/%E5%BE%AE%E4%BF%A1%E5%9B%BE%E7%89%87_20240909172948-scaled.jpg\" alt=\"\" width=\"2560\" height=\"2116\" srcset=\"https:\/\/oss.vi-home.shop:9000\/vi-home-images\/wp-content\/uploads\/2024\/09\/12034136\/%E5%BE%AE%E4%BF%A1%E5%9B%BE%E7%89%87_20240909172948-scaled.jpg 2560w, https:\/\/oss.vi-home.shop:9000\/vi-home-images\/wp-content\/uploads\/2024\/09\/12034136\/%E5%BE%AE%E4%BF%A1%E5%9B%BE%E7%89%87_20240909172948-768x635.jpg 768w, https:\/\/oss.vi-home.shop:9000\/vi-home-images\/wp-content\/uploads\/2024\/09\/12034136\/%E5%BE%AE%E4%BF%A1%E5%9B%BE%E7%89%87_20240909172948-1536x1269.jpg 1536w, https:\/\/oss.vi-home.shop:9000\/vi-home-images\/wp-content\/uploads\/2024\/09\/12034136\/%E5%BE%AE%E4%BF%A1%E5%9B%BE%E7%89%87_20240909172948-2048x1692.jpg 2048w, https:\/\/oss.vi-home.shop:9000\/vi-home-images\/wp-content\/uploads\/2024\/09\/12034136\/%E5%BE%AE%E4%BF%A1%E5%9B%BE%E7%89%87_20240909172948-15x12.jpg 15w, https:\/\/oss.vi-home.shop:9000\/vi-home-images\/wp-content\/uploads\/2024\/09\/12034136\/%E5%BE%AE%E4%BF%A1%E5%9B%BE%E7%89%87_20240909172948-62x51.jpg 62w, https:\/\/oss.vi-home.shop:9000\/vi-home-images\/wp-content\/uploads\/2024\/09\/12034136\/%E5%BE%AE%E4%BF%A1%E5%9B%BE%E7%89%87_20240909172948-145x120.jpg 145w, https:\/\/oss.vi-home.shop:9000\/vi-home-images\/wp-content\/uploads\/2024\/09\/12034136\/%E5%BE%AE%E4%BF%A1%E5%9B%BE%E7%89%87_20240909172948-510x421.jpg 510w\" sizes=\"(max-width: 2560px) 100vw, 2560px\" \/><\/p>","protected":false},"excerpt":{"rendered":"<p style=\"text-align: center;\">\u00a0M\u00d4 H\u00ccNH \uff1a Nam ch\u00e2m XTY-S115 100W<br \/>\nPIN: 3.7V 10000MAH<br \/>\nT\u1ea4M PIN M\u1eb6T TR\u1edcI: 5V15W MONO<br \/>\nK\u00cdCH TH\u01af\u1edaC T\u1ea4M PIN M\u1eb6T TR\u1edcI: 390x230MM<br \/>\n\u0110\u00e8n LED SMT 2835 33 CHI\u1ebeC<br \/>\nK\u00cdCH TH\u01af\u1edaC TH\u00c2N \u0110\u00c8N: 115*130MM<br \/>\nGI\u1edc L\u00c0M VI\u1ec6C: 20 gi\u1edd<br \/>\nPH\u1ea0M VI CHI\u1ebeU S\u00c1NG: 50m\u00b2<\/p>","protected":false},"featured_media":24920,"comment_status":"closed","ping_status":"closed","template":"","meta":{"_acf_changed":false},"product_brand":[],"product_cat":[43],"product_tag":[],"class_list":{"0":"post-24916","1":"product","2":"type-product","3":"status-publish","4":"has-post-thumbnail","6":"product_cat-flood-lights","7":"yith_shop_vendor-zhong-shan-city-xintianyang-electric-co-ltd","8":"yith_product_brand-xintianyang","10":"first","11":"instock","12":"taxable","13":"shipping-taxable","14":"purchasable","15":"product-type-simple"},"acf":[],"_links":{"self":[{"href":"https:\/\/vi-home.shop\/vi\/wp-json\/wp\/v2\/product\/24916","targetHints":{"allow":["GET"]}}],"collection":[{"href":"https:\/\/vi-home.shop\/vi\/wp-json\/wp\/v2\/product"}],"about":[{"href":"https:\/\/vi-home.shop\/vi\/wp-json\/wp\/v2\/types\/product"}],"replies":[{"embeddable":true,"href":"https:\/\/vi-home.shop\/vi\/wp-json\/wp\/v2\/comments?post=24916"}],"wp:featuredmedia":[{"embeddable":true,"href":"https:\/\/vi-home.shop\/vi\/wp-json\/wp\/v2\/media\/24920"}],"wp:attachment":[{"href":"https:\/\/vi-home.shop\/vi\/wp-json\/wp\/v2\/media?parent=24916"}],"wp:term":[{"taxonomy":"product_brand","embeddable":true,"href":"https:\/\/vi-home.shop\/vi\/wp-json\/wp\/v2\/product_brand?post=24916"},{"taxonomy":"product_cat","embeddable":true,"href":"https:\/\/vi-home.shop\/vi\/wp-json\/wp\/v2\/product_cat?post=24916"},{"taxonomy":"product_tag","embeddable":true,"href":"https:\/\/vi-home.shop\/vi\/wp-json\/wp\/v2\/product_tag?post=24916"}],"curies":[{"name":"wp","href":"https:\/\/api.w.org\/{rel}","templated":true}]}}