{"id":24940,"date":"2024-09-16T16:58:39","date_gmt":"2024-09-16T08:58:39","guid":{"rendered":"https:\/\/vi-home.shop\/?post_type=product&#038;p=24940"},"modified":"2025-04-17T15:49:47","modified_gmt":"2025-04-17T07:49:47","slug":"xty-professional-head-lamp-xty-a6-20w","status":"publish","type":"product","link":"https:\/\/vi-home.shop\/vi\/san-pham\/xty-professional-head-lamp-xty-a6-20w\/","title":{"rendered":"\u0110\u00c8N PHA CHUY\u00caN NGHI\u1ec6P XTY XTY-A6 20W"},"content":{"rendered":"<p><img loading=\"lazy\" decoding=\"async\" class=\"alignnone  wp-image-25090\" src=\"https:\/\/oss.vi-home.shop:9000\/vi-home-images\/wp-content\/uploads\/2024\/09\/27115138\/A6.jpg\" alt=\"\" width=\"974\" height=\"973\" srcset=\"https:\/\/oss.vi-home.shop:9000\/vi-home-images\/wp-content\/uploads\/2024\/09\/27115138\/A6.jpg 1185w, https:\/\/oss.vi-home.shop:9000\/vi-home-images\/wp-content\/uploads\/2024\/09\/27115138\/A6-768x767.jpg 768w, https:\/\/oss.vi-home.shop:9000\/vi-home-images\/wp-content\/uploads\/2024\/09\/27115138\/A6-12x12.jpg 12w, https:\/\/oss.vi-home.shop:9000\/vi-home-images\/wp-content\/uploads\/2024\/09\/27115138\/A6-62x62.jpg 62w, https:\/\/oss.vi-home.shop:9000\/vi-home-images\/wp-content\/uploads\/2024\/09\/27115138\/A6-120x120.jpg 120w, https:\/\/oss.vi-home.shop:9000\/vi-home-images\/wp-content\/uploads\/2024\/09\/27115138\/A6-510x510.jpg 510w, https:\/\/oss.vi-home.shop:9000\/vi-home-images\/wp-content\/uploads\/2024\/09\/27115138\/A6-100x100.jpg 100w\" sizes=\"(max-width: 974px) 100vw, 974px\" \/><\/p>\n<p><img loading=\"lazy\" decoding=\"async\" class=\"alignnone size-full wp-image-25095\" src=\"https:\/\/oss.vi-home.shop:9000\/vi-home-images\/wp-content\/uploads\/2024\/09\/27115210\/x1.jpg\" alt=\"\" width=\"980\" height=\"980\" srcset=\"https:\/\/oss.vi-home.shop:9000\/vi-home-images\/wp-content\/uploads\/2024\/09\/27115210\/x1.jpg 980w, https:\/\/oss.vi-home.shop:9000\/vi-home-images\/wp-content\/uploads\/2024\/09\/27115210\/x1-768x768.jpg 768w, https:\/\/oss.vi-home.shop:9000\/vi-home-images\/wp-content\/uploads\/2024\/09\/27115210\/x1-12x12.jpg 12w, https:\/\/oss.vi-home.shop:9000\/vi-home-images\/wp-content\/uploads\/2024\/09\/27115210\/x1-62x62.jpg 62w, https:\/\/oss.vi-home.shop:9000\/vi-home-images\/wp-content\/uploads\/2024\/09\/27115210\/x1-120x120.jpg 120w, https:\/\/oss.vi-home.shop:9000\/vi-home-images\/wp-content\/uploads\/2024\/09\/27115210\/x1-510x510.jpg 510w, https:\/\/oss.vi-home.shop:9000\/vi-home-images\/wp-content\/uploads\/2024\/09\/27115210\/x1-100x100.jpg 100w\" sizes=\"(max-width: 980px) 100vw, 980px\" \/><\/p>\n<p><img loading=\"lazy\" decoding=\"async\" class=\"alignnone size-full wp-image-25096\" src=\"https:\/\/oss.vi-home.shop:9000\/vi-home-images\/wp-content\/uploads\/2024\/09\/27115213\/x2.jpg\" alt=\"\" width=\"980\" height=\"980\" srcset=\"https:\/\/oss.vi-home.shop:9000\/vi-home-images\/wp-content\/uploads\/2024\/09\/27115213\/x2.jpg 980w, https:\/\/oss.vi-home.shop:9000\/vi-home-images\/wp-content\/uploads\/2024\/09\/27115213\/x2-768x768.jpg 768w, https:\/\/oss.vi-home.shop:9000\/vi-home-images\/wp-content\/uploads\/2024\/09\/27115213\/x2-12x12.jpg 12w, https:\/\/oss.vi-home.shop:9000\/vi-home-images\/wp-content\/uploads\/2024\/09\/27115213\/x2-62x62.jpg 62w, https:\/\/oss.vi-home.shop:9000\/vi-home-images\/wp-content\/uploads\/2024\/09\/27115213\/x2-120x120.jpg 120w, https:\/\/oss.vi-home.shop:9000\/vi-home-images\/wp-content\/uploads\/2024\/09\/27115213\/x2-510x510.jpg 510w, https:\/\/oss.vi-home.shop:9000\/vi-home-images\/wp-content\/uploads\/2024\/09\/27115213\/x2-100x100.jpg 100w\" sizes=\"(max-width: 980px) 100vw, 980px\" \/><\/p>","protected":false},"excerpt":{"rendered":"<p style=\"text-align: center\">C\u00f3 SP: XTY-A6<\/p>\n<p style=\"text-align: center\">C\u00f4ng su\u1ea5t \u0111\u00e8n: 20W<\/p>\n<p style=\"text-align: center\">dung l\u01b0\u1ee3ng pin\uff1a18650\/1800MAH<\/p>\n<p style=\"text-align: center\">Th\u1eddi gian s\u00e1ng li\u00ean t\u1ee5c\uff1a10-12 gi\u1edd<\/p>\n<p style=\"text-align: center\">Th\u1eddi gian s\u1ea1c: 5 gi\u1edd<\/p>\n<p style=\"text-align: center\">\u0111\u00e8n flash k\u00edch th\u01b0\u1edbc: 46cm<\/p>","protected":false},"featured_media":25090,"comment_status":"closed","ping_status":"closed","template":"","meta":{"_acf_changed":false},"product_brand":[],"product_cat":[40,2409,52],"product_tag":[],"class_list":{"0":"post-24940","1":"product","2":"type-product","3":"status-publish","4":"has-post-thumbnail","6":"product_cat-commercial-lights","7":"product_cat-head-lamp","8":"product_cat-outdoor-lights","9":"yith_shop_vendor-zhong-shan-city-xintianyang-electric-co-ltd","10":"yith_product_brand-xintianyang","12":"first","13":"onbackorder","14":"taxable","15":"shipping-taxable","16":"purchasable","17":"product-type-simple"},"acf":[],"_links":{"self":[{"href":"https:\/\/vi-home.shop\/vi\/wp-json\/wp\/v2\/product\/24940","targetHints":{"allow":["GET"]}}],"collection":[{"href":"https:\/\/vi-home.shop\/vi\/wp-json\/wp\/v2\/product"}],"about":[{"href":"https:\/\/vi-home.shop\/vi\/wp-json\/wp\/v2\/types\/product"}],"replies":[{"embeddable":true,"href":"https:\/\/vi-home.shop\/vi\/wp-json\/wp\/v2\/comments?post=24940"}],"wp:featuredmedia":[{"embeddable":true,"href":"https:\/\/vi-home.shop\/vi\/wp-json\/wp\/v2\/media\/25090"}],"wp:attachment":[{"href":"https:\/\/vi-home.shop\/vi\/wp-json\/wp\/v2\/media?parent=24940"}],"wp:term":[{"taxonomy":"product_brand","embeddable":true,"href":"https:\/\/vi-home.shop\/vi\/wp-json\/wp\/v2\/product_brand?post=24940"},{"taxonomy":"product_cat","embeddable":true,"href":"https:\/\/vi-home.shop\/vi\/wp-json\/wp\/v2\/product_cat?post=24940"},{"taxonomy":"product_tag","embeddable":true,"href":"https:\/\/vi-home.shop\/vi\/wp-json\/wp\/v2\/product_tag?post=24940"}],"curies":[{"name":"wp","href":"https:\/\/api.w.org\/{rel}","templated":true}]}}