{"id":24950,"date":"2024-09-16T17:41:52","date_gmt":"2024-09-16T09:41:52","guid":{"rendered":"https:\/\/vi-home.shop\/?post_type=product&#038;p=24950"},"modified":"2025-03-13T19:00:25","modified_gmt":"2025-03-13T11:00:25","slug":"xty-professional-head-lamp-xty-a83-100w","status":"publish","type":"product","link":"https:\/\/vi-home.shop\/vi\/san-pham\/xty-professional-head-lamp-xty-a83-100w\/","title":{"rendered":"\u0110\u00c8N PHA CHUY\u00caN NGHI\u1ec6P XTY XTY-A83 100W"},"content":{"rendered":"<p><img loading=\"lazy\" decoding=\"async\" class=\"alignnone  wp-image-25094\" src=\"https:\/\/oss.vi-home.shop:9000\/vi-home-images\/wp-content\/uploads\/2024\/09\/27115205\/A83.jpg\" alt=\"\" width=\"985\" height=\"984\" srcset=\"https:\/\/oss.vi-home.shop:9000\/vi-home-images\/wp-content\/uploads\/2024\/09\/27115205\/A83.jpg 1185w, https:\/\/oss.vi-home.shop:9000\/vi-home-images\/wp-content\/uploads\/2024\/09\/27115205\/A83-768x767.jpg 768w, https:\/\/oss.vi-home.shop:9000\/vi-home-images\/wp-content\/uploads\/2024\/09\/27115205\/A83-12x12.jpg 12w, https:\/\/oss.vi-home.shop:9000\/vi-home-images\/wp-content\/uploads\/2024\/09\/27115205\/A83-62x62.jpg 62w, https:\/\/oss.vi-home.shop:9000\/vi-home-images\/wp-content\/uploads\/2024\/09\/27115205\/A83-120x120.jpg 120w, https:\/\/oss.vi-home.shop:9000\/vi-home-images\/wp-content\/uploads\/2024\/09\/27115205\/A83-510x510.jpg 510w, https:\/\/oss.vi-home.shop:9000\/vi-home-images\/wp-content\/uploads\/2024\/09\/27115205\/A83-100x100.jpg 100w\" sizes=\"(max-width: 985px) 100vw, 985px\" \/><\/p>\n<p><img loading=\"lazy\" decoding=\"async\" class=\"alignnone size-full wp-image-25095\" src=\"https:\/\/oss.vi-home.shop:9000\/vi-home-images\/wp-content\/uploads\/2024\/09\/27115210\/x1.jpg\" alt=\"\" width=\"980\" height=\"980\" srcset=\"https:\/\/oss.vi-home.shop:9000\/vi-home-images\/wp-content\/uploads\/2024\/09\/27115210\/x1.jpg 980w, https:\/\/oss.vi-home.shop:9000\/vi-home-images\/wp-content\/uploads\/2024\/09\/27115210\/x1-768x768.jpg 768w, https:\/\/oss.vi-home.shop:9000\/vi-home-images\/wp-content\/uploads\/2024\/09\/27115210\/x1-12x12.jpg 12w, https:\/\/oss.vi-home.shop:9000\/vi-home-images\/wp-content\/uploads\/2024\/09\/27115210\/x1-62x62.jpg 62w, https:\/\/oss.vi-home.shop:9000\/vi-home-images\/wp-content\/uploads\/2024\/09\/27115210\/x1-120x120.jpg 120w, https:\/\/oss.vi-home.shop:9000\/vi-home-images\/wp-content\/uploads\/2024\/09\/27115210\/x1-510x510.jpg 510w, https:\/\/oss.vi-home.shop:9000\/vi-home-images\/wp-content\/uploads\/2024\/09\/27115210\/x1-100x100.jpg 100w\" sizes=\"(max-width: 980px) 100vw, 980px\" \/> <img loading=\"lazy\" decoding=\"async\" class=\"alignnone size-full wp-image-25096\" src=\"https:\/\/oss.vi-home.shop:9000\/vi-home-images\/wp-content\/uploads\/2024\/09\/27115213\/x2.jpg\" alt=\"\" width=\"980\" height=\"980\" srcset=\"https:\/\/oss.vi-home.shop:9000\/vi-home-images\/wp-content\/uploads\/2024\/09\/27115213\/x2.jpg 980w, https:\/\/oss.vi-home.shop:9000\/vi-home-images\/wp-content\/uploads\/2024\/09\/27115213\/x2-768x768.jpg 768w, https:\/\/oss.vi-home.shop:9000\/vi-home-images\/wp-content\/uploads\/2024\/09\/27115213\/x2-12x12.jpg 12w, https:\/\/oss.vi-home.shop:9000\/vi-home-images\/wp-content\/uploads\/2024\/09\/27115213\/x2-62x62.jpg 62w, https:\/\/oss.vi-home.shop:9000\/vi-home-images\/wp-content\/uploads\/2024\/09\/27115213\/x2-120x120.jpg 120w, https:\/\/oss.vi-home.shop:9000\/vi-home-images\/wp-content\/uploads\/2024\/09\/27115213\/x2-510x510.jpg 510w, https:\/\/oss.vi-home.shop:9000\/vi-home-images\/wp-content\/uploads\/2024\/09\/27115213\/x2-100x100.jpg 100w\" sizes=\"(max-width: 980px) 100vw, 980px\" \/><\/p>","protected":false},"excerpt":{"rendered":"<p style=\"text-align: center\">C\u00f3 SP: XTY-A83<\/p>\n<p style=\"text-align: center\">C\u00f4ng su\u1ea5t \u0111\u00e8n: 100W<\/p>\n<p style=\"text-align: center\">Dung l\u01b0\u1ee3ng pin\uff1a18650\/2600MAH x 3<\/p>\n<p style=\"text-align: center\">Th\u1eddi gian s\u00e1ng li\u00ean t\u1ee5c\uff1a10-12 gi\u1edd<\/p>\n<p style=\"text-align: center\">Th\u1eddi gian s\u1ea1c: 5 gi\u1edd<\/p>\n<p style=\"text-align: center\">\u0110\u00e8n flash k\u00edch th\u01b0\u1edbc: 95cm<\/p>\n<p style=\"text-align: center\">","protected":false},"featured_media":25094,"comment_status":"closed","ping_status":"closed","template":"","meta":{"_acf_changed":false},"product_brand":[],"product_cat":[40,2409,52],"product_tag":[],"class_list":{"0":"post-24950","1":"product","2":"type-product","3":"status-publish","4":"has-post-thumbnail","6":"product_cat-commercial-lights","7":"product_cat-head-lamp","8":"product_cat-outdoor-lights","9":"yith_shop_vendor-zhong-shan-city-xintianyang-electric-co-ltd","10":"yith_product_brand-xintianyang","12":"first","13":"instock","14":"taxable","15":"shipping-taxable","16":"purchasable","17":"product-type-simple"},"acf":[],"_links":{"self":[{"href":"https:\/\/vi-home.shop\/vi\/wp-json\/wp\/v2\/product\/24950","targetHints":{"allow":["GET"]}}],"collection":[{"href":"https:\/\/vi-home.shop\/vi\/wp-json\/wp\/v2\/product"}],"about":[{"href":"https:\/\/vi-home.shop\/vi\/wp-json\/wp\/v2\/types\/product"}],"replies":[{"embeddable":true,"href":"https:\/\/vi-home.shop\/vi\/wp-json\/wp\/v2\/comments?post=24950"}],"wp:featuredmedia":[{"embeddable":true,"href":"https:\/\/vi-home.shop\/vi\/wp-json\/wp\/v2\/media\/25094"}],"wp:attachment":[{"href":"https:\/\/vi-home.shop\/vi\/wp-json\/wp\/v2\/media?parent=24950"}],"wp:term":[{"taxonomy":"product_brand","embeddable":true,"href":"https:\/\/vi-home.shop\/vi\/wp-json\/wp\/v2\/product_brand?post=24950"},{"taxonomy":"product_cat","embeddable":true,"href":"https:\/\/vi-home.shop\/vi\/wp-json\/wp\/v2\/product_cat?post=24950"},{"taxonomy":"product_tag","embeddable":true,"href":"https:\/\/vi-home.shop\/vi\/wp-json\/wp\/v2\/product_tag?post=24950"}],"curies":[{"name":"wp","href":"https:\/\/api.w.org\/{rel}","templated":true}]}}