{"id":24954,"date":"2024-09-16T17:48:08","date_gmt":"2024-09-16T09:48:08","guid":{"rendered":"https:\/\/vi-home.shop\/?post_type=product&#038;p=24954"},"modified":"2025-05-12T10:49:24","modified_gmt":"2025-05-12T02:49:24","slug":"xty-professional-head-lamp-xty-a88-120w","status":"publish","type":"product","link":"https:\/\/vi-home.shop\/vi\/san-pham\/xty-professional-head-lamp-xty-a88-120w\/","title":{"rendered":"\u0110\u00c8N PHA CHUY\u00caN NGHI\u1ec6P XTY XTY-A88 120W"},"content":{"rendered":"<p><img loading=\"lazy\" decoding=\"async\" class=\"alignnone size-full wp-image-25110\" src=\"https:\/\/oss.vi-home.shop:9000\/vi-home-images\/wp-content\/uploads\/2024\/09\/27225917\/A88-3-1.jpg\" alt=\"\" width=\"988\" height=\"987\" srcset=\"https:\/\/oss.vi-home.shop:9000\/vi-home-images\/wp-content\/uploads\/2024\/09\/27225917\/A88-3-1.jpg 988w, https:\/\/oss.vi-home.shop:9000\/vi-home-images\/wp-content\/uploads\/2024\/09\/27225917\/A88-3-1-768x767.jpg 768w, https:\/\/oss.vi-home.shop:9000\/vi-home-images\/wp-content\/uploads\/2024\/09\/27225917\/A88-3-1-12x12.jpg 12w, https:\/\/oss.vi-home.shop:9000\/vi-home-images\/wp-content\/uploads\/2024\/09\/27225917\/A88-3-1-62x62.jpg 62w, https:\/\/oss.vi-home.shop:9000\/vi-home-images\/wp-content\/uploads\/2024\/09\/27225917\/A88-3-1-120x120.jpg 120w, https:\/\/oss.vi-home.shop:9000\/vi-home-images\/wp-content\/uploads\/2024\/09\/27225917\/A88-3-1-510x509.jpg 510w, https:\/\/oss.vi-home.shop:9000\/vi-home-images\/wp-content\/uploads\/2024\/09\/27225917\/A88-3-1-100x100.jpg 100w\" sizes=\"(max-width: 988px) 100vw, 988px\" \/><\/p>\n<p><img loading=\"lazy\" decoding=\"async\" class=\"alignnone size-full wp-image-25109\" src=\"https:\/\/oss.vi-home.shop:9000\/vi-home-images\/wp-content\/uploads\/2024\/09\/27225716\/a98-4.jpg\" alt=\"\" width=\"980\" height=\"980\" srcset=\"https:\/\/oss.vi-home.shop:9000\/vi-home-images\/wp-content\/uploads\/2024\/09\/27225716\/a98-4.jpg 980w, https:\/\/oss.vi-home.shop:9000\/vi-home-images\/wp-content\/uploads\/2024\/09\/27225716\/a98-4-768x768.jpg 768w, https:\/\/oss.vi-home.shop:9000\/vi-home-images\/wp-content\/uploads\/2024\/09\/27225716\/a98-4-12x12.jpg 12w, https:\/\/oss.vi-home.shop:9000\/vi-home-images\/wp-content\/uploads\/2024\/09\/27225716\/a98-4-62x62.jpg 62w, https:\/\/oss.vi-home.shop:9000\/vi-home-images\/wp-content\/uploads\/2024\/09\/27225716\/a98-4-120x120.jpg 120w, https:\/\/oss.vi-home.shop:9000\/vi-home-images\/wp-content\/uploads\/2024\/09\/27225716\/a98-4-510x510.jpg 510w, https:\/\/oss.vi-home.shop:9000\/vi-home-images\/wp-content\/uploads\/2024\/09\/27225716\/a98-4-100x100.jpg 100w\" sizes=\"(max-width: 980px) 100vw, 980px\" \/> <img loading=\"lazy\" decoding=\"async\" class=\"alignnone size-full wp-image-25108\" src=\"https:\/\/oss.vi-home.shop:9000\/vi-home-images\/wp-content\/uploads\/2024\/09\/27225713\/a98-2.jpg\" alt=\"\" width=\"980\" height=\"980\" srcset=\"https:\/\/oss.vi-home.shop:9000\/vi-home-images\/wp-content\/uploads\/2024\/09\/27225713\/a98-2.jpg 980w, https:\/\/oss.vi-home.shop:9000\/vi-home-images\/wp-content\/uploads\/2024\/09\/27225713\/a98-2-768x768.jpg 768w, https:\/\/oss.vi-home.shop:9000\/vi-home-images\/wp-content\/uploads\/2024\/09\/27225713\/a98-2-12x12.jpg 12w, https:\/\/oss.vi-home.shop:9000\/vi-home-images\/wp-content\/uploads\/2024\/09\/27225713\/a98-2-62x62.jpg 62w, https:\/\/oss.vi-home.shop:9000\/vi-home-images\/wp-content\/uploads\/2024\/09\/27225713\/a98-2-120x120.jpg 120w, https:\/\/oss.vi-home.shop:9000\/vi-home-images\/wp-content\/uploads\/2024\/09\/27225713\/a98-2-510x510.jpg 510w, https:\/\/oss.vi-home.shop:9000\/vi-home-images\/wp-content\/uploads\/2024\/09\/27225713\/a98-2-100x100.jpg 100w\" sizes=\"(max-width: 980px) 100vw, 980px\" \/> <img loading=\"lazy\" decoding=\"async\" class=\"alignnone size-full wp-image-25107\" src=\"https:\/\/oss.vi-home.shop:9000\/vi-home-images\/wp-content\/uploads\/2024\/09\/27225710\/A88-2.jpg\" alt=\"\" width=\"980\" height=\"980\" srcset=\"https:\/\/oss.vi-home.shop:9000\/vi-home-images\/wp-content\/uploads\/2024\/09\/27225710\/A88-2.jpg 980w, https:\/\/oss.vi-home.shop:9000\/vi-home-images\/wp-content\/uploads\/2024\/09\/27225710\/A88-2-768x768.jpg 768w, https:\/\/oss.vi-home.shop:9000\/vi-home-images\/wp-content\/uploads\/2024\/09\/27225710\/A88-2-12x12.jpg 12w, https:\/\/oss.vi-home.shop:9000\/vi-home-images\/wp-content\/uploads\/2024\/09\/27225710\/A88-2-62x62.jpg 62w, https:\/\/oss.vi-home.shop:9000\/vi-home-images\/wp-content\/uploads\/2024\/09\/27225710\/A88-2-120x120.jpg 120w, https:\/\/oss.vi-home.shop:9000\/vi-home-images\/wp-content\/uploads\/2024\/09\/27225710\/A88-2-510x510.jpg 510w, https:\/\/oss.vi-home.shop:9000\/vi-home-images\/wp-content\/uploads\/2024\/09\/27225710\/A88-2-100x100.jpg 100w\" sizes=\"(max-width: 980px) 100vw, 980px\" \/> <img loading=\"lazy\" decoding=\"async\" class=\"alignnone size-full wp-image-25106\" src=\"https:\/\/oss.vi-home.shop:9000\/vi-home-images\/wp-content\/uploads\/2024\/09\/27225708\/A88-1.jpg\" alt=\"\" width=\"980\" height=\"980\" srcset=\"https:\/\/oss.vi-home.shop:9000\/vi-home-images\/wp-content\/uploads\/2024\/09\/27225708\/A88-1.jpg 980w, https:\/\/oss.vi-home.shop:9000\/vi-home-images\/wp-content\/uploads\/2024\/09\/27225708\/A88-1-768x768.jpg 768w, https:\/\/oss.vi-home.shop:9000\/vi-home-images\/wp-content\/uploads\/2024\/09\/27225708\/A88-1-12x12.jpg 12w, https:\/\/oss.vi-home.shop:9000\/vi-home-images\/wp-content\/uploads\/2024\/09\/27225708\/A88-1-62x62.jpg 62w, https:\/\/oss.vi-home.shop:9000\/vi-home-images\/wp-content\/uploads\/2024\/09\/27225708\/A88-1-120x120.jpg 120w, https:\/\/oss.vi-home.shop:9000\/vi-home-images\/wp-content\/uploads\/2024\/09\/27225708\/A88-1-510x510.jpg 510w, https:\/\/oss.vi-home.shop:9000\/vi-home-images\/wp-content\/uploads\/2024\/09\/27225708\/A88-1-100x100.jpg 100w\" sizes=\"(max-width: 980px) 100vw, 980px\" \/><\/p>","protected":false},"excerpt":{"rendered":"<p style=\"text-align: center\"><strong>C\u00f3 SP: XTY-A88<\/strong><\/p>\n<p><strong>C\u00f4ng su\u1ea5t \u0111\u00e8n: 120W<\/strong><br \/>\n<strong>Dung l\u01b0\u1ee3ng pin\uff1a18650\/2000MAH x 4<\/strong><br \/>\n<strong>Th\u1eddi gian s\u00e1ng li\u00ean t\u1ee5c\uff1a16-18 gi\u1edd<\/strong><br \/>\n<strong>Th\u1eddi gian s\u1ea1c: 5 gi\u1edd<\/strong><br \/>\n<strong>\u0110\u00e8n flash k\u00edch th\u01b0\u1edbc: 95cm<\/strong><\/p>","protected":false},"featured_media":25110,"comment_status":"closed","ping_status":"closed","template":"","meta":{"_acf_changed":false},"product_brand":[],"product_cat":[40,2409,52],"product_tag":[],"class_list":{"0":"post-24954","1":"product","2":"type-product","3":"status-publish","4":"has-post-thumbnail","6":"product_cat-commercial-lights","7":"product_cat-head-lamp","8":"product_cat-outdoor-lights","9":"yith_shop_vendor-zhong-shan-city-xintianyang-electric-co-ltd","10":"yith_product_brand-xintianyang","12":"first","13":"onbackorder","14":"taxable","15":"shipping-taxable","16":"purchasable","17":"product-type-simple"},"acf":[],"_links":{"self":[{"href":"https:\/\/vi-home.shop\/vi\/wp-json\/wp\/v2\/product\/24954","targetHints":{"allow":["GET"]}}],"collection":[{"href":"https:\/\/vi-home.shop\/vi\/wp-json\/wp\/v2\/product"}],"about":[{"href":"https:\/\/vi-home.shop\/vi\/wp-json\/wp\/v2\/types\/product"}],"replies":[{"embeddable":true,"href":"https:\/\/vi-home.shop\/vi\/wp-json\/wp\/v2\/comments?post=24954"}],"wp:featuredmedia":[{"embeddable":true,"href":"https:\/\/vi-home.shop\/vi\/wp-json\/wp\/v2\/media\/25110"}],"wp:attachment":[{"href":"https:\/\/vi-home.shop\/vi\/wp-json\/wp\/v2\/media?parent=24954"}],"wp:term":[{"taxonomy":"product_brand","embeddable":true,"href":"https:\/\/vi-home.shop\/vi\/wp-json\/wp\/v2\/product_brand?post=24954"},{"taxonomy":"product_cat","embeddable":true,"href":"https:\/\/vi-home.shop\/vi\/wp-json\/wp\/v2\/product_cat?post=24954"},{"taxonomy":"product_tag","embeddable":true,"href":"https:\/\/vi-home.shop\/vi\/wp-json\/wp\/v2\/product_tag?post=24954"}],"curies":[{"name":"wp","href":"https:\/\/api.w.org\/{rel}","templated":true}]}}