{"id":25072,"date":"2024-09-25T13:13:33","date_gmt":"2024-09-25T05:13:33","guid":{"rendered":"https:\/\/vi-home.shop\/?post_type=product&#038;p=25072"},"modified":"2025-03-06T13:43:41","modified_gmt":"2025-03-06T05:43:41","slug":"xty-solar-pillar-lamp-solar-garden-light-xt-s4244","status":"publish","type":"product","link":"https:\/\/vi-home.shop\/vi\/san-pham\/xty-solar-pillar-lamp-solar-garden-light-xt-s4244\/","title":{"rendered":"\u0110\u00c8N TR\u1ee4 S\u00c1NG XTY \/ \u0110\u00e8n n\u0103ng l\u01b0\u1ee3ng m\u1eb7t tr\u1eddi s\u00e2n v\u01b0\u1eddn XT-S4244"},"content":{"rendered":"<p><img loading=\"lazy\" decoding=\"async\" class=\"alignnone size-full wp-image-25078\" src=\"https:\/\/oss.vi-home.shop:9000\/vi-home-images\/wp-content\/uploads\/2024\/09\/25131455\/%E5%BE%AE%E4%BF%A1%E5%9B%BE%E7%89%87_20240925124738.jpg\" alt=\"\" width=\"980\" height=\"980\" srcset=\"https:\/\/oss.vi-home.shop:9000\/vi-home-images\/wp-content\/uploads\/2024\/09\/25131455\/%E5%BE%AE%E4%BF%A1%E5%9B%BE%E7%89%87_20240925124738.jpg 980w, https:\/\/oss.vi-home.shop:9000\/vi-home-images\/wp-content\/uploads\/2024\/09\/25131455\/%E5%BE%AE%E4%BF%A1%E5%9B%BE%E7%89%87_20240925124738-768x768.jpg 768w, https:\/\/oss.vi-home.shop:9000\/vi-home-images\/wp-content\/uploads\/2024\/09\/25131455\/%E5%BE%AE%E4%BF%A1%E5%9B%BE%E7%89%87_20240925124738-12x12.jpg 12w, https:\/\/oss.vi-home.shop:9000\/vi-home-images\/wp-content\/uploads\/2024\/09\/25131455\/%E5%BE%AE%E4%BF%A1%E5%9B%BE%E7%89%87_20240925124738-62x62.jpg 62w, https:\/\/oss.vi-home.shop:9000\/vi-home-images\/wp-content\/uploads\/2024\/09\/25131455\/%E5%BE%AE%E4%BF%A1%E5%9B%BE%E7%89%87_20240925124738-120x120.jpg 120w, https:\/\/oss.vi-home.shop:9000\/vi-home-images\/wp-content\/uploads\/2024\/09\/25131455\/%E5%BE%AE%E4%BF%A1%E5%9B%BE%E7%89%87_20240925124738-510x510.jpg 510w, https:\/\/oss.vi-home.shop:9000\/vi-home-images\/wp-content\/uploads\/2024\/09\/25131455\/%E5%BE%AE%E4%BF%A1%E5%9B%BE%E7%89%87_20240925124738-100x100.jpg 100w\" sizes=\"(max-width: 980px) 100vw, 980px\" \/> <img loading=\"lazy\" decoding=\"async\" class=\"alignnone size-medium wp-image-25079\" src=\"https:\/\/oss.vi-home.shop:9000\/vi-home-images\/wp-content\/uploads\/2024\/09\/25131456\/%E5%BE%AE%E4%BF%A1%E5%9B%BE%E7%89%87_20240925124816.jpg\" alt=\"\" width=\"980\" height=\"980\" srcset=\"https:\/\/oss.vi-home.shop:9000\/vi-home-images\/wp-content\/uploads\/2024\/09\/25131456\/%E5%BE%AE%E4%BF%A1%E5%9B%BE%E7%89%87_20240925124816.jpg 980w, https:\/\/oss.vi-home.shop:9000\/vi-home-images\/wp-content\/uploads\/2024\/09\/25131456\/%E5%BE%AE%E4%BF%A1%E5%9B%BE%E7%89%87_20240925124816-768x768.jpg 768w, https:\/\/oss.vi-home.shop:9000\/vi-home-images\/wp-content\/uploads\/2024\/09\/25131456\/%E5%BE%AE%E4%BF%A1%E5%9B%BE%E7%89%87_20240925124816-12x12.jpg 12w, https:\/\/oss.vi-home.shop:9000\/vi-home-images\/wp-content\/uploads\/2024\/09\/25131456\/%E5%BE%AE%E4%BF%A1%E5%9B%BE%E7%89%87_20240925124816-62x62.jpg 62w, https:\/\/oss.vi-home.shop:9000\/vi-home-images\/wp-content\/uploads\/2024\/09\/25131456\/%E5%BE%AE%E4%BF%A1%E5%9B%BE%E7%89%87_20240925124816-120x120.jpg 120w, https:\/\/oss.vi-home.shop:9000\/vi-home-images\/wp-content\/uploads\/2024\/09\/25131456\/%E5%BE%AE%E4%BF%A1%E5%9B%BE%E7%89%87_20240925124816-510x510.jpg 510w, https:\/\/oss.vi-home.shop:9000\/vi-home-images\/wp-content\/uploads\/2024\/09\/25131456\/%E5%BE%AE%E4%BF%A1%E5%9B%BE%E7%89%87_20240925124816-100x100.jpg 100w\" sizes=\"(max-width: 980px) 100vw, 980px\" \/><\/p>","protected":false},"excerpt":{"rendered":"<p style=\"text-align: center;\">XT-S4244 200<\/p>\n<p style=\"text-align: center;\">T\u1ea5m pin m\u1eb7t tr\u1eddi: 5.5V 2W<br \/>\nPin: 3.7V 2200MA<\/p>\n<p style=\"text-align: center;\">\u0110\u00e8n LED: 3000K-4500K-6500k<br \/>\nK\u00cdCH TH\u01af\u1edaC: 20*20*35cm<\/p>\n<p style=\"text-align: center;\">XT-S4244 250<\/p>\n<p style=\"text-align: center;\">T\u1ea5m pin m\u1eb7t tr\u1eddi: 5.5V 2.8W<br \/>\nPin: 3.2V 5000MA<\/p>\n<p style=\"text-align: center;\">\u0110\u00e8n LED: 3000K-4500K-6500k<br \/>\nK\u00cdCH TH\u01af\u1edaC: 25*25*44cm<\/p>\n<p>&nbsp;<\/p>","protected":false},"featured_media":25078,"comment_status":"closed","ping_status":"closed","template":"","meta":{"_acf_changed":false},"product_brand":[],"product_cat":[52],"product_tag":[],"class_list":{"0":"post-25072","1":"product","2":"type-product","3":"status-publish","4":"has-post-thumbnail","6":"product_cat-outdoor-lights","7":"yith_shop_vendor-zhong-shan-city-xintianyang-electric-co-ltd","8":"yith_product_brand-xintianyang","10":"first","11":"instock","12":"featured","13":"taxable","14":"shipping-taxable","15":"purchasable","16":"product-type-variable"},"acf":[],"_links":{"self":[{"href":"https:\/\/vi-home.shop\/vi\/wp-json\/wp\/v2\/product\/25072","targetHints":{"allow":["GET"]}}],"collection":[{"href":"https:\/\/vi-home.shop\/vi\/wp-json\/wp\/v2\/product"}],"about":[{"href":"https:\/\/vi-home.shop\/vi\/wp-json\/wp\/v2\/types\/product"}],"replies":[{"embeddable":true,"href":"https:\/\/vi-home.shop\/vi\/wp-json\/wp\/v2\/comments?post=25072"}],"wp:featuredmedia":[{"embeddable":true,"href":"https:\/\/vi-home.shop\/vi\/wp-json\/wp\/v2\/media\/25078"}],"wp:attachment":[{"href":"https:\/\/vi-home.shop\/vi\/wp-json\/wp\/v2\/media?parent=25072"}],"wp:term":[{"taxonomy":"product_brand","embeddable":true,"href":"https:\/\/vi-home.shop\/vi\/wp-json\/wp\/v2\/product_brand?post=25072"},{"taxonomy":"product_cat","embeddable":true,"href":"https:\/\/vi-home.shop\/vi\/wp-json\/wp\/v2\/product_cat?post=25072"},{"taxonomy":"product_tag","embeddable":true,"href":"https:\/\/vi-home.shop\/vi\/wp-json\/wp\/v2\/product_tag?post=25072"}],"curies":[{"name":"wp","href":"https:\/\/api.w.org\/{rel}","templated":true}]}}