{"id":25357,"date":"2024-11-04T16:11:16","date_gmt":"2024-11-04T08:11:16","guid":{"rendered":"https:\/\/vi-home.shop\/?post_type=product&#038;p=25357"},"modified":"2025-02-15T11:26:49","modified_gmt":"2025-02-15T03:26:49","slug":"leedoon-indoor-5w-mini-gobo-projector-ld-ma01j","status":"publish","type":"product","link":"https:\/\/vi-home.shop\/vi\/san-pham\/leedoon-indoor-5w-mini-gobo-projector-ld-ma01j\/","title":{"rendered":"Leedoon Indoor 5w MINI Gobo Projector LD-MA01J"},"content":{"rendered":"<p><img loading=\"lazy\" decoding=\"async\" class=\"alignnone wp-image-2633\" src=\"https:\/\/oss.vi-home.shop:9000\/vi-home-images\/wp-content\/uploads\/2023\/07\/07184649\/d158728b-0047-431c-a3ef-209ffdb4534f.jpg\" alt=\"\" width=\"719\" height=\"959\" srcset=\"https:\/\/oss.vi-home.shop:9000\/vi-home-images\/wp-content\/uploads\/2023\/07\/07184649\/d158728b-0047-431c-a3ef-209ffdb4534f.jpg 1080w, https:\/\/oss.vi-home.shop:9000\/vi-home-images\/wp-content\/uploads\/2023\/07\/07184649\/d158728b-0047-431c-a3ef-209ffdb4534f-510x680.jpg 510w\" sizes=\"(max-width: 719px) 100vw, 719px\" \/><a href=\"https:\/\/oss.vi-home.shop:9000\/vi-home-images\/wp-content\/uploads\/2023\/07\/07184647\/Page-4.zip\"><img loading=\"lazy\" decoding=\"async\" class=\"alignnone wp-image-5435\" src=\"https:\/\/oss.vi-home.shop:9000\/vi-home-images\/wp-content\/uploads\/2023\/08\/07184458\/%E5%9B%BE%E7%89%872.png\" alt=\"\" width=\"724\" height=\"949\" srcset=\"https:\/\/oss.vi-home.shop:9000\/vi-home-images\/wp-content\/uploads\/2023\/08\/07184458\/%E5%9B%BE%E7%89%872.png 720w, https:\/\/oss.vi-home.shop:9000\/vi-home-images\/wp-content\/uploads\/2023\/08\/07184458\/%E5%9B%BE%E7%89%872-510x669.png 510w\" sizes=\"(max-width: 724px) 100vw, 724px\" \/><img loading=\"lazy\" decoding=\"async\" class=\"alignnone wp-image-5441\" src=\"https:\/\/oss.vi-home.shop:9000\/vi-home-images\/wp-content\/uploads\/2023\/08\/07184457\/%E4%BC%81%E4%B8%9A%E5%BE%AE%E4%BF%A1%E6%88%AA%E5%9B%BE_16915640612245.png\" alt=\"\" width=\"723\" height=\"573\" srcset=\"https:\/\/oss.vi-home.shop:9000\/vi-home-images\/wp-content\/uploads\/2023\/08\/07184457\/%E4%BC%81%E4%B8%9A%E5%BE%AE%E4%BF%A1%E6%88%AA%E5%9B%BE_16915640612245.png 990w, https:\/\/oss.vi-home.shop:9000\/vi-home-images\/wp-content\/uploads\/2023\/08\/07184457\/%E4%BC%81%E4%B8%9A%E5%BE%AE%E4%BF%A1%E6%88%AA%E5%9B%BE_16915640612245-510x404.png 510w\" sizes=\"(max-width: 723px) 100vw, 723px\" \/><\/a><\/p>\n<div style=\"width: 368px;\" class=\"wp-video\"><video class=\"wp-video-shortcode\" id=\"video-25357-1\" width=\"368\" height=\"640\" preload=\"metadata\" controls=\"controls\"><source type=\"video\/mp4\" src=\"https:\/\/oss.vi-home.shop:9000\/vi-home-images\/wp-content\/uploads\/2023\/08\/07184614\/Brand-logo%E5%93%81%E7%89%8C.mp4?_=1\" \/><a href=\"https:\/\/oss.vi-home.shop:9000\/vi-home-images\/wp-content\/uploads\/2023\/08\/07184614\/Brand-logo%E5%93%81%E7%89%8C.mp4\">https:\/\/oss.vi-home.shop:9000\/vi-home-images\/wp-content\/uploads\/2023\/08\/07184614\/Brand-logo%E5%93%81%E7%89%8C.mp4<\/a><\/video><\/div>","protected":false},"excerpt":{"rendered":"<p>Ch\u1ea5t li\u1ec7u th\u00e2n m\u00e1y: Nh\u00f4m \u0111\u1ecbnh h\u00ecnh + \u1ed1ng k\u00ednh quang h\u1ecdc<\/p>\n<p>Ph\u01b0\u01a1ng ph\u00e1p t\u1ea3n nhi\u1ec7t: t\u1ea3n nhi\u1ec7t v\u1eadt l\u00fd<\/p>\n<p>X\u1eed l\u00fd m\u00e0u s\u1eafc: anode \u0111en\/anode b\u1ea1c\/phun h\u1ed3ng tr\u1eafng<\/p>\n<p>\u0110i\u1ec7n \u00e1p \u0111\u1ea7u v\u00e0o: AC110v-240v\/50HZ<\/p>\n<p>Nhi\u1ec7t \u0111\u1ed9 m\u00e0u: 3000k\/8000k<\/p>\n<p>C\u1ea5p IP: IP50<\/p>\n<p>Nhi\u1ec7t \u0111\u1ed9 m\u00f4i tr\u01b0\u1eddng: -25oC -55oC<\/p>\n<p>Giao th\u1ee9c \u0111i\u1ec1u khi\u1ec3n: Th\u1ee7 c\u00f4ng<\/p>\n<p>G\u00f3c ch\u00f9m tia: 20\u00b0\/30\u00b0\/60\u00b0<\/p>\n<p>Ki\u1ec3m so\u00e1t thi\u1ebft k\u1ebf: Kh\u00f4ng c\u00f3<\/p>\n<p>GOBO: 1 \u1ea3nh<\/p>\n<p>S\u1ed1 k\u00eanh: 1<\/p>\n<p>Hi\u1ec7u \u1ee9ng \u0111\u1eb7c bi\u1ec7t: \u0111\u1ed5i m\u00e0u<\/p>\n<p>L\u01b0u \u00fd: l\u1eafp \u0111\u1eb7t tr\u1ea7n v\u00e0 l\u1eafp \u0111\u1eb7t \u0111\u01b0\u1eddng ray l\u00e0 t\u00f9y ch\u1ecdn<\/p>\n<p><img loading=\"lazy\" decoding=\"async\" class=\"alignnone size-full wp-image-4072\" src=\"https:\/\/oss.vi-home.shop:9000\/vi-home-images\/wp-content\/uploads\/2023\/08\/07184551\/how-to-choose-watt.png\" alt=\"\" width=\"1012\" height=\"790\" srcset=\"https:\/\/oss.vi-home.shop:9000\/vi-home-images\/wp-content\/uploads\/2023\/08\/07184551\/how-to-choose-watt.png 1012w, https:\/\/oss.vi-home.shop:9000\/vi-home-images\/wp-content\/uploads\/2023\/08\/07184551\/how-to-choose-watt-510x398.png 510w\" sizes=\"(max-width: 1012px) 100vw, 1012px\" \/><\/p>","protected":false},"featured_media":25358,"comment_status":"closed","ping_status":"closed","template":"","meta":{"_acf_changed":false},"product_brand":[],"product_cat":[40],"product_tag":[],"class_list":{"0":"post-25357","1":"product","2":"type-product","3":"status-publish","4":"has-post-thumbnail","6":"product_cat-commercial-lights","7":"yith_shop_vendor-leedoon","8":"yith_product_brand-leedoon","10":"first","11":"instock","12":"taxable","13":"shipping-taxable","14":"purchasable","15":"product-type-simple"},"acf":[],"_links":{"self":[{"href":"https:\/\/vi-home.shop\/vi\/wp-json\/wp\/v2\/product\/25357","targetHints":{"allow":["GET"]}}],"collection":[{"href":"https:\/\/vi-home.shop\/vi\/wp-json\/wp\/v2\/product"}],"about":[{"href":"https:\/\/vi-home.shop\/vi\/wp-json\/wp\/v2\/types\/product"}],"replies":[{"embeddable":true,"href":"https:\/\/vi-home.shop\/vi\/wp-json\/wp\/v2\/comments?post=25357"}],"wp:featuredmedia":[{"embeddable":true,"href":"https:\/\/vi-home.shop\/vi\/wp-json\/wp\/v2\/media\/25358"}],"wp:attachment":[{"href":"https:\/\/vi-home.shop\/vi\/wp-json\/wp\/v2\/media?parent=25357"}],"wp:term":[{"taxonomy":"product_brand","embeddable":true,"href":"https:\/\/vi-home.shop\/vi\/wp-json\/wp\/v2\/product_brand?post=25357"},{"taxonomy":"product_cat","embeddable":true,"href":"https:\/\/vi-home.shop\/vi\/wp-json\/wp\/v2\/product_cat?post=25357"},{"taxonomy":"product_tag","embeddable":true,"href":"https:\/\/vi-home.shop\/vi\/wp-json\/wp\/v2\/product_tag?post=25357"}],"curies":[{"name":"wp","href":"https:\/\/api.w.org\/{rel}","templated":true}]}}