{"id":3005,"date":"2023-08-26T16:26:00","date_gmt":"2023-08-26T08:26:00","guid":{"rendered":"https:\/\/vi-home.shop\/?post_type=product&#038;p=3005"},"modified":"2024-05-16T13:33:06","modified_gmt":"2024-05-16T05:33:06","slug":"aswat-copper-crystal-lamp-kings-demeanor","status":"publish","type":"product","link":"https:\/\/vi-home.shop\/vi\/san-pham\/aswat-copper-crystal-lamp-kings-demeanor\/","title":{"rendered":"ASWAT\/\u0110\u00e8n pha l\u00ea \u0111\u1ed3ng-AS30117 B\u1ed9 s\u01b0u t\u1eadp King Style"},"content":{"rendered":"<p><img loading=\"lazy\" decoding=\"async\" class=\"alignnone size-full wp-image-6654\" src=\"https:\/\/oss.vi-home.shop:9000\/vi-home-images\/wp-content\/uploads\/2023\/08\/07184207\/%E7%8E%8B%E8%80%85%E9%A3%8E%E8%8C%83AS30117-%E4%BA%A7%E5%93%81%E7%AE%80%E8%BF%B0-1.jpg\" alt=\"\" width=\"1019\" height=\"244\" srcset=\"https:\/\/oss.vi-home.shop:9000\/vi-home-images\/wp-content\/uploads\/2023\/08\/07184207\/%E7%8E%8B%E8%80%85%E9%A3%8E%E8%8C%83AS30117-%E4%BA%A7%E5%93%81%E7%AE%80%E8%BF%B0-1.jpg 1019w, https:\/\/oss.vi-home.shop:9000\/vi-home-images\/wp-content\/uploads\/2023\/08\/07184207\/%E7%8E%8B%E8%80%85%E9%A3%8E%E8%8C%83AS30117-%E4%BA%A7%E5%93%81%E7%AE%80%E8%BF%B0-1-510x122.jpg 510w\" sizes=\"(max-width: 1019px) 100vw, 1019px\" \/><img loading=\"lazy\" decoding=\"async\" class=\"alignnone size-full wp-image-6655\" src=\"https:\/\/oss.vi-home.shop:9000\/vi-home-images\/wp-content\/uploads\/2023\/08\/07184206\/%E7%8E%8B%E8%80%85%E9%A3%8E%E8%8C%83-%E8%AF%A6%E6%83%85-1-scaled.jpg\" alt=\"\" width=\"750\" height=\"15565\" \/><\/p>","protected":false},"excerpt":{"rendered":"","protected":false},"featured_media":6042,"comment_status":"closed","ping_status":"closed","template":"","meta":{"_acf_changed":false},"product_brand":[],"product_cat":[34,33,39],"product_tag":[104],"class_list":{"0":"post-3005","1":"product","2":"type-product","3":"status-publish","4":"has-post-thumbnail","6":"product_cat-chandelier","7":"product_cat-decorative-lights","8":"product_cat-wall-lamps","9":"product_tag-copper-crystal-lamp","10":"yith_shop_vendor-2040923613qq-com","11":"yith_product_brand-aswat","13":"first","14":"instock","15":"taxable","16":"shipping-taxable","17":"purchasable","18":"product-type-variable"},"acf":[],"_links":{"self":[{"href":"https:\/\/vi-home.shop\/vi\/wp-json\/wp\/v2\/product\/3005","targetHints":{"allow":["GET"]}}],"collection":[{"href":"https:\/\/vi-home.shop\/vi\/wp-json\/wp\/v2\/product"}],"about":[{"href":"https:\/\/vi-home.shop\/vi\/wp-json\/wp\/v2\/types\/product"}],"replies":[{"embeddable":true,"href":"https:\/\/vi-home.shop\/vi\/wp-json\/wp\/v2\/comments?post=3005"}],"wp:featuredmedia":[{"embeddable":true,"href":"https:\/\/vi-home.shop\/vi\/wp-json\/wp\/v2\/media\/6042"}],"wp:attachment":[{"href":"https:\/\/vi-home.shop\/vi\/wp-json\/wp\/v2\/media?parent=3005"}],"wp:term":[{"taxonomy":"product_brand","embeddable":true,"href":"https:\/\/vi-home.shop\/vi\/wp-json\/wp\/v2\/product_brand?post=3005"},{"taxonomy":"product_cat","embeddable":true,"href":"https:\/\/vi-home.shop\/vi\/wp-json\/wp\/v2\/product_cat?post=3005"},{"taxonomy":"product_tag","embeddable":true,"href":"https:\/\/vi-home.shop\/vi\/wp-json\/wp\/v2\/product_tag?post=3005"}],"curies":[{"name":"wp","href":"https:\/\/api.w.org\/{rel}","templated":true}]}}