{"id":3883,"date":"2023-08-26T16:25:59","date_gmt":"2023-08-26T08:25:59","guid":{"rendered":"https:\/\/vi-home.shop\/?post_type=product&#038;p=3883"},"modified":"2024-05-16T13:33:06","modified_gmt":"2024-05-16T05:33:06","slug":"aswat-zinc-alloy-crystal-lamp-as50835-bentley-second-generation-series","status":"publish","type":"product","link":"https:\/\/vi-home.shop\/vi\/san-pham\/aswat-zinc-alloy-crystal-lamp-as50835-bentley-second-generation-series\/","title":{"rendered":"\u0110\u00e8n pha l\u00ea h\u1ee3p kim ASWAT\/K\u1ebdm-AS50835 Bentley th\u1ebf h\u1ec7 th\u1ee9 hai"},"content":{"rendered":"<p><img loading=\"lazy\" decoding=\"async\" class=\"alignnone size-full wp-image-7510\" src=\"https:\/\/oss.vi-home.shop:9000\/vi-home-images\/wp-content\/uploads\/2023\/08\/07182707\/%E5%AE%BE%E5%88%A9%E4%BA%8C%E4%BB%A3AS50835-%E4%BA%A7%E5%93%81%E7%AE%80%E8%BF%B0.jpg\" alt=\"\" width=\"1019\" height=\"244\" srcset=\"https:\/\/oss.vi-home.shop:9000\/vi-home-images\/wp-content\/uploads\/2023\/08\/07182707\/%E5%AE%BE%E5%88%A9%E4%BA%8C%E4%BB%A3AS50835-%E4%BA%A7%E5%93%81%E7%AE%80%E8%BF%B0.jpg 1019w, https:\/\/oss.vi-home.shop:9000\/vi-home-images\/wp-content\/uploads\/2023\/08\/07182707\/%E5%AE%BE%E5%88%A9%E4%BA%8C%E4%BB%A3AS50835-%E4%BA%A7%E5%93%81%E7%AE%80%E8%BF%B0-510x122.jpg 510w\" sizes=\"(max-width: 1019px) 100vw, 1019px\" \/><img loading=\"lazy\" decoding=\"async\" class=\"alignnone size-full wp-image-7511\" src=\"https:\/\/oss.vi-home.shop:9000\/vi-home-images\/wp-content\/uploads\/2023\/08\/07182707\/%E5%AE%BE%E5%88%A9%E4%BA%8C%E4%BB%A3AS50835-scaled.jpg\" alt=\"\" width=\"750\" height=\"11839\" \/><\/p>","protected":false},"excerpt":{"rendered":"","protected":false},"featured_media":7524,"comment_status":"closed","ping_status":"closed","template":"","meta":{"_acf_changed":false},"product_brand":[],"product_cat":[34,33,39],"product_tag":[103],"class_list":{"0":"post-3883","1":"product","2":"type-product","3":"status-publish","4":"has-post-thumbnail","6":"product_cat-chandelier","7":"product_cat-decorative-lights","8":"product_cat-wall-lamps","9":"product_tag-zinc-alloy-crystal-lamp","10":"yith_shop_vendor-2040923613qq-com","11":"yith_product_brand-aswat","13":"first","14":"instock","15":"taxable","16":"shipping-taxable","17":"purchasable","18":"product-type-variable"},"acf":[],"_links":{"self":[{"href":"https:\/\/vi-home.shop\/vi\/wp-json\/wp\/v2\/product\/3883","targetHints":{"allow":["GET"]}}],"collection":[{"href":"https:\/\/vi-home.shop\/vi\/wp-json\/wp\/v2\/product"}],"about":[{"href":"https:\/\/vi-home.shop\/vi\/wp-json\/wp\/v2\/types\/product"}],"replies":[{"embeddable":true,"href":"https:\/\/vi-home.shop\/vi\/wp-json\/wp\/v2\/comments?post=3883"}],"wp:featuredmedia":[{"embeddable":true,"href":"https:\/\/vi-home.shop\/vi\/wp-json\/wp\/v2\/media\/7524"}],"wp:attachment":[{"href":"https:\/\/vi-home.shop\/vi\/wp-json\/wp\/v2\/media?parent=3883"}],"wp:term":[{"taxonomy":"product_brand","embeddable":true,"href":"https:\/\/vi-home.shop\/vi\/wp-json\/wp\/v2\/product_brand?post=3883"},{"taxonomy":"product_cat","embeddable":true,"href":"https:\/\/vi-home.shop\/vi\/wp-json\/wp\/v2\/product_cat?post=3883"},{"taxonomy":"product_tag","embeddable":true,"href":"https:\/\/vi-home.shop\/vi\/wp-json\/wp\/v2\/product_tag?post=3883"}],"curies":[{"name":"wp","href":"https:\/\/api.w.org\/{rel}","templated":true}]}}