{"id":3888,"date":"2023-08-02T15:55:35","date_gmt":"2023-08-02T07:55:35","guid":{"rendered":"https:\/\/vi-home.shop\/?post_type=product&#038;p=3888"},"modified":"2024-08-01T17:02:58","modified_gmt":"2024-08-01T09:02:58","slug":"leedoon-outdoor-gobo-projector-ip65-with-remote-control","status":"publish","type":"product","link":"https:\/\/vi-home.shop\/vi\/san-pham\/leedoon-outdoor-gobo-projector-ip65-with-remote-control\/","title":{"rendered":"M\u00e1y chi\u1ebfu Gobo ngo\u00e0i tr\u1eddi Leedoon IP65 c\u00f3 \u0111i\u1ec1u khi\u1ec3n t\u1eeb xa NWT-MA07F"},"content":{"rendered":"<p><img loading=\"lazy\" decoding=\"async\" class=\"alignnone size-full wp-image-3835\" src=\"https:\/\/oss.vi-home.shop:9000\/vi-home-images\/wp-content\/uploads\/2023\/08\/07184609\/6de74f95020ffad76a2991f98d00162.jpg\" alt=\"\" width=\"710\" height=\"672\" srcset=\"https:\/\/oss.vi-home.shop:9000\/vi-home-images\/wp-content\/uploads\/2023\/08\/07184609\/6de74f95020ffad76a2991f98d00162.jpg 710w, https:\/\/oss.vi-home.shop:9000\/vi-home-images\/wp-content\/uploads\/2023\/08\/07184609\/6de74f95020ffad76a2991f98d00162-510x483.jpg 510w\" sizes=\"(max-width: 710px) 100vw, 710px\" \/><img loading=\"lazy\" decoding=\"async\" class=\"alignnone wp-image-2632\" src=\"https:\/\/oss.vi-home.shop:9000\/vi-home-images\/wp-content\/uploads\/2023\/07\/07184649\/0f7affa1-c99f-440f-ac6e-a5153b5b757f.jpg\" alt=\"\" width=\"716\" height=\"816\" srcset=\"https:\/\/oss.vi-home.shop:9000\/vi-home-images\/wp-content\/uploads\/2023\/07\/07184649\/0f7affa1-c99f-440f-ac6e-a5153b5b757f.jpg 736w, https:\/\/oss.vi-home.shop:9000\/vi-home-images\/wp-content\/uploads\/2023\/07\/07184649\/0f7affa1-c99f-440f-ac6e-a5153b5b757f-510x581.jpg 510w\" sizes=\"(max-width: 716px) 100vw, 716px\" \/><\/p>\n<div style=\"width: 848px;\" class=\"wp-video\"><video class=\"wp-video-shortcode\" id=\"video-3888-1\" width=\"848\" height=\"480\" preload=\"metadata\" controls=\"controls\"><source type=\"video\/mp4\" src=\"https:\/\/oss.vi-home.shop:9000\/vi-home-images\/wp-content\/uploads\/2023\/08\/07184615\/522230a3bf72b5cfb3cf6ecc6feb711a.mp4?_=1\" \/><a href=\"https:\/\/oss.vi-home.shop:9000\/vi-home-images\/wp-content\/uploads\/2023\/08\/07184615\/522230a3bf72b5cfb3cf6ecc6feb711a.mp4\">https:\/\/oss.vi-home.shop:9000\/vi-home-images\/wp-content\/uploads\/2023\/08\/07184615\/522230a3bf72b5cfb3cf6ecc6feb711a.mp4<\/a><\/video><\/div>","protected":false},"excerpt":{"rendered":"<p>Ch\u1ea5t li\u1ec7u th\u00e2n m\u00e1y: Nh\u00f4m \u0111\u1ecbnh h\u00ecnh + \u1ed1ng k\u00ednh quang h\u1ecdc<\/p>\n<p>Ph\u01b0\u01a1ng ph\u00e1p t\u1ea3n nhi\u1ec7t: t\u1ea3n nhi\u1ec7t v\u1eadt l\u00fd<\/p>\n<p>X\u1eed l\u00fd m\u00e0u s\u1eafc: anode \u0111en\/anode b\u1ea1c\/phun h\u1ed3ng tr\u1eafng<\/p>\n<p>\u0110i\u1ec7n \u00e1p \u0111\u1ea7u v\u00e0o: AC110v-240v\/50HZ<\/p>\n<p>C\u00f4ng su\u1ea5t chip: 28w<\/p>\n<p>Nhi\u1ec7t \u0111\u1ed9 m\u00e0u: 3000k\/8000k<\/p>\n<p>C\u1ea5p IP: IP65<\/p>\n<p>Nhi\u1ec7t \u0111\u1ed9 m\u00f4i tr\u01b0\u1eddng: -25oC -55oC<\/p>\n<p>Giao th\u1ee9c \u0111i\u1ec1u khi\u1ec3n: Th\u1ee7 c\u00f4ng<\/p>\n<p>G\u00f3c ch\u00f9m tia: 20\u00b0\/30\u00b0\/60\u00b0<\/p>\n<p>Tr\u1ecdng l\u01b0\u1ee3ng t\u1ecbnh: 1,2 kg<\/p>\n<p>T\u1ed5ng tr\u1ecdng l\u01b0\u1ee3ng: 1,45 kg<\/p>\n<p>K\u00edch th\u01b0\u1edbc \u0111\u00f3ng g\u00f3i: 34*22*15.5CM<\/p>\n<p>Ki\u1ec3m so\u00e1t thi\u1ebft k\u1ebf: Kh\u00f4ng c\u00f3<\/p>\n<p>GOBO: 1 \u1ea3nh<\/p>\n<p>S\u1ed1 k\u00eanh: 1<\/p>\n<p>Hi\u1ec7u \u1ee9ng \u0111\u1eb7c bi\u1ec7t: \u0111\u1ed5i m\u00e0u<\/p>\n<p><img loading=\"lazy\" decoding=\"async\" class=\"alignnone size-full wp-image-4072\" src=\"https:\/\/oss.vi-home.shop:9000\/vi-home-images\/wp-content\/uploads\/2023\/08\/07184551\/how-to-choose-watt.png\" alt=\"\" width=\"1012\" height=\"790\" srcset=\"https:\/\/oss.vi-home.shop:9000\/vi-home-images\/wp-content\/uploads\/2023\/08\/07184551\/how-to-choose-watt.png 1012w, https:\/\/oss.vi-home.shop:9000\/vi-home-images\/wp-content\/uploads\/2023\/08\/07184551\/how-to-choose-watt-510x398.png 510w\" sizes=\"(max-width: 1012px) 100vw, 1012px\" \/><\/p>","protected":false},"featured_media":5438,"comment_status":"closed","ping_status":"closed","template":"","meta":{"_acf_changed":false},"product_brand":[],"product_cat":[40,45],"product_tag":[],"class_list":{"0":"post-3888","1":"product","2":"type-product","3":"status-publish","4":"has-post-thumbnail","6":"product_cat-commercial-lights","7":"product_cat-spot-lights","8":"yith_shop_vendor-leedoon","9":"yith_product_brand-leedoon","11":"first","12":"instock","13":"taxable","14":"shipping-taxable","15":"purchasable","16":"product-type-simple"},"acf":[],"_links":{"self":[{"href":"https:\/\/vi-home.shop\/vi\/wp-json\/wp\/v2\/product\/3888","targetHints":{"allow":["GET"]}}],"collection":[{"href":"https:\/\/vi-home.shop\/vi\/wp-json\/wp\/v2\/product"}],"about":[{"href":"https:\/\/vi-home.shop\/vi\/wp-json\/wp\/v2\/types\/product"}],"replies":[{"embeddable":true,"href":"https:\/\/vi-home.shop\/vi\/wp-json\/wp\/v2\/comments?post=3888"}],"wp:featuredmedia":[{"embeddable":true,"href":"https:\/\/vi-home.shop\/vi\/wp-json\/wp\/v2\/media\/5438"}],"wp:attachment":[{"href":"https:\/\/vi-home.shop\/vi\/wp-json\/wp\/v2\/media?parent=3888"}],"wp:term":[{"taxonomy":"product_brand","embeddable":true,"href":"https:\/\/vi-home.shop\/vi\/wp-json\/wp\/v2\/product_brand?post=3888"},{"taxonomy":"product_cat","embeddable":true,"href":"https:\/\/vi-home.shop\/vi\/wp-json\/wp\/v2\/product_cat?post=3888"},{"taxonomy":"product_tag","embeddable":true,"href":"https:\/\/vi-home.shop\/vi\/wp-json\/wp\/v2\/product_tag?post=3888"}],"curies":[{"name":"wp","href":"https:\/\/api.w.org\/{rel}","templated":true}]}}