{"id":3900,"date":"2023-08-02T16:09:47","date_gmt":"2023-08-02T08:09:47","guid":{"rendered":"https:\/\/vi-home.shop\/?post_type=product&#038;p=3900"},"modified":"2024-08-01T17:04:36","modified_gmt":"2024-08-01T09:04:36","slug":"leedoon-120w-gobo-projector-ip65","status":"publish","type":"product","link":"https:\/\/vi-home.shop\/vi\/san-pham\/leedoon-120w-gobo-projector-ip65\/","title":{"rendered":"M\u00e1y chi\u1ebfu Leedoon 120w Gobo IP65 NWT-MA11C"},"content":{"rendered":"<p><img loading=\"lazy\" decoding=\"async\" class=\"alignnone size-full wp-image-3855\" src=\"https:\/\/oss.vi-home.shop:9000\/vi-home-images\/wp-content\/uploads\/2023\/08\/07184604\/%E5%A8%81-003.png\" alt=\"\" width=\"690\" height=\"464\" srcset=\"https:\/\/oss.vi-home.shop:9000\/vi-home-images\/wp-content\/uploads\/2023\/08\/07184604\/%E5%A8%81-003.png 690w, https:\/\/oss.vi-home.shop:9000\/vi-home-images\/wp-content\/uploads\/2023\/08\/07184604\/%E5%A8%81-003-510x343.png 510w\" sizes=\"(max-width: 690px) 100vw, 690px\" \/><img loading=\"lazy\" decoding=\"async\" class=\"alignnone wp-image-3841\" src=\"https:\/\/oss.vi-home.shop:9000\/vi-home-images\/wp-content\/uploads\/2023\/08\/07184609\/%E5%85%AC%E5%9B%AD%E8%8A%B1.jpg\" alt=\"\" width=\"691\" height=\"767\" srcset=\"https:\/\/oss.vi-home.shop:9000\/vi-home-images\/wp-content\/uploads\/2023\/08\/07184609\/%E5%85%AC%E5%9B%AD%E8%8A%B1.jpg 1080w, https:\/\/oss.vi-home.shop:9000\/vi-home-images\/wp-content\/uploads\/2023\/08\/07184609\/%E5%85%AC%E5%9B%AD%E8%8A%B1-510x566.jpg 510w\" sizes=\"(max-width: 691px) 100vw, 691px\" \/><img loading=\"lazy\" decoding=\"async\" class=\"alignnone wp-image-2632\" src=\"https:\/\/oss.vi-home.shop:9000\/vi-home-images\/wp-content\/uploads\/2023\/07\/07184649\/0f7affa1-c99f-440f-ac6e-a5153b5b757f.jpg\" alt=\"\" width=\"701\" height=\"799\" srcset=\"https:\/\/oss.vi-home.shop:9000\/vi-home-images\/wp-content\/uploads\/2023\/07\/07184649\/0f7affa1-c99f-440f-ac6e-a5153b5b757f.jpg 736w, https:\/\/oss.vi-home.shop:9000\/vi-home-images\/wp-content\/uploads\/2023\/07\/07184649\/0f7affa1-c99f-440f-ac6e-a5153b5b757f-510x581.jpg 510w\" sizes=\"(max-width: 701px) 100vw, 701px\" \/><\/p>\n<div style=\"width: 960px;\" class=\"wp-video\"><video class=\"wp-video-shortcode\" id=\"video-3900-1\" width=\"960\" height=\"540\" preload=\"metadata\" controls=\"controls\"><source type=\"video\/mp4\" src=\"https:\/\/oss.vi-home.shop:9000\/vi-home-images\/wp-content\/uploads\/2023\/08\/07184455\/video18.mp4?_=1\" \/><a href=\"https:\/\/oss.vi-home.shop:9000\/vi-home-images\/wp-content\/uploads\/2023\/08\/07184455\/video18.mp4\">https:\/\/oss.vi-home.shop:9000\/vi-home-images\/wp-content\/uploads\/2023\/08\/07184455\/video18.mp4<\/a><\/video><\/div>","protected":false},"excerpt":{"rendered":"<p>Ch\u1ea5t li\u1ec7u th\u00e2n m\u00e1y: Nh\u00f4m \u0111\u1ecbnh h\u00ecnh + \u1ed1ng k\u00ednh quang h\u1ecdc<\/p>\n<p>Ph\u01b0\u01a1ng ph\u00e1p t\u1ea3n nhi\u1ec7t: t\u1ea3n nhi\u1ec7t v\u1eadt l\u00fd + t\u1ea3n nhi\u1ec7t l\u00e0m m\u00e1t kh\u00f4ng kh\u00ed<\/p>\n<p>X\u1eed l\u00fd m\u00e0u s\u1eafc: anode \u0111en\/anode b\u1ea1c\/phun h\u1ed3ng tr\u1eafng<\/p>\n<p>\u0110i\u1ec7n \u00e1p \u0111\u1ea7u v\u00e0o: AC110v-240v\/50HZ<\/p>\n<p>C\u00f4ng su\u1ea5t chip: 115w<\/p>\n<p>Nhi\u1ec7t \u0111\u1ed9 m\u00e0u: 3000\/8000k<\/p>\n<p>C\u1ea5p IP: IP65<\/p>\n<p>Nhi\u1ec7t \u0111\u1ed9 m\u00f4i tr\u01b0\u1eddng: -25oC -55oC<\/p>\n<p>Giao th\u1ee9c \u0111i\u1ec1u khi\u1ec3n: B\u1eb1ng tay\/t\u1eeb xa\/DMX512 T\u00f9y ch\u1ecdn<\/p>\n<p>G\u00f3c ch\u00f9m tia: 12\u00b0\/20\u00b0\/30\u00b0\/60\u00b0<\/p>\n<p>Tr\u1ecdng l\u01b0\u1ee3ng t\u1ecbnh: 3,55kg<\/p>\n<p>T\u1ed5ng tr\u1ecdng l\u01b0\u1ee3ng: 3,90 kg<\/p>\n<p>K\u00edch th\u01b0\u1edbc \u0111\u00f3ng g\u00f3i: 34*22*15.5CM<\/p>\n<p>Ki\u1ec3m so\u00e1t thi\u1ebft k\u1ebf: \u0111\u1ecbnh v\u1ecb m\u1eabu \u0111\u01a1n, \u0111i\u1ec1u ch\u1ec9nh t\u1ed1c \u0111\u1ed9 d\u00f2ng ch\u1ea3y \u0111\u1ea3o ng\u01b0\u1ee3c<\/p>\n<p>GOBO: 3 \u1ea3nh \/ 4 \u1ea3nh<\/p>\n<p>S\u1ed1 k\u00eanh: 12CH<\/p>\n<p>Hi\u1ec7u \u1ee9ng \u0111\u1eb7c bi\u1ec7t: hi\u1ec7u \u1ee9ng l\u0103ng k\u00ednh, hi\u1ec7u \u1ee9ng rung n\u01b0\u1edbc<\/p>\n<p><img loading=\"lazy\" decoding=\"async\" class=\"alignnone size-full wp-image-4072\" src=\"https:\/\/oss.vi-home.shop:9000\/vi-home-images\/wp-content\/uploads\/2023\/08\/07184551\/how-to-choose-watt.png\" alt=\"\" width=\"1012\" height=\"790\" srcset=\"https:\/\/oss.vi-home.shop:9000\/vi-home-images\/wp-content\/uploads\/2023\/08\/07184551\/how-to-choose-watt.png 1012w, https:\/\/oss.vi-home.shop:9000\/vi-home-images\/wp-content\/uploads\/2023\/08\/07184551\/how-to-choose-watt-510x398.png 510w\" sizes=\"(max-width: 1012px) 100vw, 1012px\" \/><\/p>","protected":false},"featured_media":2642,"comment_status":"closed","ping_status":"closed","template":"","meta":{"_acf_changed":false},"product_brand":[],"product_cat":[40,45],"product_tag":[],"class_list":{"0":"post-3900","1":"product","2":"type-product","3":"status-publish","4":"has-post-thumbnail","6":"product_cat-commercial-lights","7":"product_cat-spot-lights","8":"yith_shop_vendor-leedoon","9":"yith_product_brand-leedoon","11":"first","12":"instock","13":"taxable","14":"shipping-taxable","15":"purchasable","16":"product-type-simple"},"acf":[],"_links":{"self":[{"href":"https:\/\/vi-home.shop\/vi\/wp-json\/wp\/v2\/product\/3900","targetHints":{"allow":["GET"]}}],"collection":[{"href":"https:\/\/vi-home.shop\/vi\/wp-json\/wp\/v2\/product"}],"about":[{"href":"https:\/\/vi-home.shop\/vi\/wp-json\/wp\/v2\/types\/product"}],"replies":[{"embeddable":true,"href":"https:\/\/vi-home.shop\/vi\/wp-json\/wp\/v2\/comments?post=3900"}],"wp:featuredmedia":[{"embeddable":true,"href":"https:\/\/vi-home.shop\/vi\/wp-json\/wp\/v2\/media\/2642"}],"wp:attachment":[{"href":"https:\/\/vi-home.shop\/vi\/wp-json\/wp\/v2\/media?parent=3900"}],"wp:term":[{"taxonomy":"product_brand","embeddable":true,"href":"https:\/\/vi-home.shop\/vi\/wp-json\/wp\/v2\/product_brand?post=3900"},{"taxonomy":"product_cat","embeddable":true,"href":"https:\/\/vi-home.shop\/vi\/wp-json\/wp\/v2\/product_cat?post=3900"},{"taxonomy":"product_tag","embeddable":true,"href":"https:\/\/vi-home.shop\/vi\/wp-json\/wp\/v2\/product_tag?post=3900"}],"curies":[{"name":"wp","href":"https:\/\/api.w.org\/{rel}","templated":true}]}}