{"id":4930,"date":"2023-08-26T16:25:57","date_gmt":"2023-08-26T08:25:57","guid":{"rendered":"https:\/\/vi-home.shop\/?post_type=product&#038;p=4930"},"modified":"2024-05-16T13:34:19","modified_gmt":"2024-05-16T05:34:19","slug":"aswat-copper-crystal-lamp-flowing-light-and-colorful-series","status":"publish","type":"product","link":"https:\/\/vi-home.shop\/vi\/san-pham\/aswat-copper-crystal-lamp-flowing-light-and-colorful-series\/","title":{"rendered":"ASWAT\/\u0110\u00e8n pha l\u00ea \u0111\u1ed3ng-AS30151 D\u00f2ng s\u1ea3n ph\u1ea9m \u00c1nh s\u00e1ng ch\u1ea3y v\u00e0 \u0111\u1ea7y m\u00e0u s\u1eafc"},"content":{"rendered":"<p><img loading=\"lazy\" decoding=\"async\" class=\"alignnone size-full wp-image-6761\" src=\"https:\/\/oss.vi-home.shop:9000\/vi-home-images\/wp-content\/uploads\/2023\/08\/07184141\/%E6%B5%81%E5%85%89%E6%BA%A2%E5%BD%A9AS30151-%E4%BA%A7%E5%93%81%E7%AE%80%E8%BF%B0.jpg\" alt=\"\" width=\"1019\" height=\"244\" srcset=\"https:\/\/oss.vi-home.shop:9000\/vi-home-images\/wp-content\/uploads\/2023\/08\/07184141\/%E6%B5%81%E5%85%89%E6%BA%A2%E5%BD%A9AS30151-%E4%BA%A7%E5%93%81%E7%AE%80%E8%BF%B0.jpg 1019w, https:\/\/oss.vi-home.shop:9000\/vi-home-images\/wp-content\/uploads\/2023\/08\/07184141\/%E6%B5%81%E5%85%89%E6%BA%A2%E5%BD%A9AS30151-%E4%BA%A7%E5%93%81%E7%AE%80%E8%BF%B0-510x122.jpg 510w\" sizes=\"(max-width: 1019px) 100vw, 1019px\" \/><img loading=\"lazy\" decoding=\"async\" class=\"alignnone size-full wp-image-6764\" src=\"https:\/\/oss.vi-home.shop:9000\/vi-home-images\/wp-content\/uploads\/2023\/08\/07184140\/%E6%B5%81%E5%85%89%E6%BA%A2%E5%BD%A9AS30151%E8%AF%A6%E6%83%85-scaled.jpg\" alt=\"\" width=\"750\" height=\"10768\" \/><\/p>","protected":false},"excerpt":{"rendered":"","protected":false},"featured_media":6771,"comment_status":"closed","ping_status":"closed","template":"","meta":{"_acf_changed":false},"product_brand":[],"product_cat":[34,33,39],"product_tag":[104],"class_list":{"0":"post-4930","1":"product","2":"type-product","3":"status-publish","4":"has-post-thumbnail","6":"product_cat-chandelier","7":"product_cat-decorative-lights","8":"product_cat-wall-lamps","9":"product_tag-copper-crystal-lamp","10":"yith_shop_vendor-2040923613qq-com","11":"yith_product_brand-aswat","13":"first","14":"instock","15":"taxable","16":"shipping-taxable","17":"purchasable","18":"product-type-variable"},"acf":[],"_links":{"self":[{"href":"https:\/\/vi-home.shop\/vi\/wp-json\/wp\/v2\/product\/4930","targetHints":{"allow":["GET"]}}],"collection":[{"href":"https:\/\/vi-home.shop\/vi\/wp-json\/wp\/v2\/product"}],"about":[{"href":"https:\/\/vi-home.shop\/vi\/wp-json\/wp\/v2\/types\/product"}],"replies":[{"embeddable":true,"href":"https:\/\/vi-home.shop\/vi\/wp-json\/wp\/v2\/comments?post=4930"}],"wp:featuredmedia":[{"embeddable":true,"href":"https:\/\/vi-home.shop\/vi\/wp-json\/wp\/v2\/media\/6771"}],"wp:attachment":[{"href":"https:\/\/vi-home.shop\/vi\/wp-json\/wp\/v2\/media?parent=4930"}],"wp:term":[{"taxonomy":"product_brand","embeddable":true,"href":"https:\/\/vi-home.shop\/vi\/wp-json\/wp\/v2\/product_brand?post=4930"},{"taxonomy":"product_cat","embeddable":true,"href":"https:\/\/vi-home.shop\/vi\/wp-json\/wp\/v2\/product_cat?post=4930"},{"taxonomy":"product_tag","embeddable":true,"href":"https:\/\/vi-home.shop\/vi\/wp-json\/wp\/v2\/product_tag?post=4930"}],"curies":[{"name":"wp","href":"https:\/\/api.w.org\/{rel}","templated":true}]}}