{"id":5424,"date":"2023-08-15T15:39:50","date_gmt":"2023-08-15T07:39:50","guid":{"rendered":"https:\/\/vi-home.shop\/?post_type=product&#038;p=5424"},"modified":"2024-06-06T15:04:59","modified_gmt":"2024-06-06T07:04:59","slug":"delight-d086t1a-led-table-lamp%ef%bc%9bindoor-illumination","status":"publish","type":"product","link":"https:\/\/vi-home.shop\/vi\/san-pham\/delight-d086t1a-led-table-lamp%ef%bc%9bindoor-illumination\/","title":{"rendered":"\u0110\u00e8n b\u00e0n LED DELIGHT-D086T1A"},"content":{"rendered":"<p><img loading=\"lazy\" decoding=\"async\" class=\"alignnone size-full wp-image-5431\" src=\"https:\/\/oss.vi-home.shop:9000\/vi-home-images\/wp-content\/uploads\/2023\/08\/07184459\/D086T1A-scaled.jpg\" alt=\"\" width=\"1641\" height=\"2834\" srcset=\"https:\/\/oss.vi-home.shop:9000\/vi-home-images\/wp-content\/uploads\/2023\/08\/07184459\/D086T1A-scaled.jpg 1482w, https:\/\/oss.vi-home.shop:9000\/vi-home-images\/wp-content\/uploads\/2023\/08\/07184459\/D086T1A-scaled-510x881.jpg 510w\" sizes=\"(max-width: 1641px) 100vw, 1641px\" \/><\/p>\n<p><img loading=\"lazy\" decoding=\"async\" class=\"alignnone size-full wp-image-5778\" src=\"https:\/\/oss.vi-home.shop:9000\/vi-home-images\/wp-content\/uploads\/2023\/08\/07184417\/3802a153580c999485cd0d3d71cb7dd.png\" alt=\"\" width=\"567\" height=\"491\" srcset=\"https:\/\/oss.vi-home.shop:9000\/vi-home-images\/wp-content\/uploads\/2023\/08\/07184417\/3802a153580c999485cd0d3d71cb7dd.png 567w, https:\/\/oss.vi-home.shop:9000\/vi-home-images\/wp-content\/uploads\/2023\/08\/07184417\/3802a153580c999485cd0d3d71cb7dd-510x442.png 510w\" sizes=\"(max-width: 567px) 100vw, 567px\" \/> <img loading=\"lazy\" decoding=\"async\" class=\"alignnone size-medium wp-image-5779\" src=\"https:\/\/oss.vi-home.shop:9000\/vi-home-images\/wp-content\/uploads\/2023\/08\/07184417\/d915389e15497c9e73523a33687c8ac.png\" alt=\"\" width=\"600\" height=\"289\" srcset=\"https:\/\/oss.vi-home.shop:9000\/vi-home-images\/wp-content\/uploads\/2023\/08\/07184417\/d915389e15497c9e73523a33687c8ac.png 1013w, https:\/\/oss.vi-home.shop:9000\/vi-home-images\/wp-content\/uploads\/2023\/08\/07184417\/d915389e15497c9e73523a33687c8ac-510x246.png 510w\" sizes=\"(max-width: 600px) 100vw, 600px\" \/> <img loading=\"lazy\" decoding=\"async\" class=\"alignnone size-medium wp-image-5780\" src=\"https:\/\/oss.vi-home.shop:9000\/vi-home-images\/wp-content\/uploads\/2023\/08\/07184417\/fb8a7b02db8bbd7021b2c0af052de50.png\" alt=\"\" width=\"552\" height=\"553\" srcset=\"https:\/\/oss.vi-home.shop:9000\/vi-home-images\/wp-content\/uploads\/2023\/08\/07184417\/fb8a7b02db8bbd7021b2c0af052de50.png 552w, https:\/\/oss.vi-home.shop:9000\/vi-home-images\/wp-content\/uploads\/2023\/08\/07184417\/fb8a7b02db8bbd7021b2c0af052de50-100x100.png 100w, https:\/\/oss.vi-home.shop:9000\/vi-home-images\/wp-content\/uploads\/2023\/08\/07184417\/fb8a7b02db8bbd7021b2c0af052de50-510x511.png 510w\" sizes=\"(max-width: 552px) 100vw, 552px\" \/><\/p>","protected":false},"excerpt":{"rendered":"<p>\u0110\u00e8n b\u00e0n LED Kim lo\u1ea1i+nh\u00f4m+PC<br \/>\nL170XW170xH420mm<br \/>\nC\u00e1t \u0110EN<br \/>\nSMD 2835 3.0V 60mA 11W65Lm,CCTK:3000K<br \/>\n\u0110i\u1ec1u ch\u1ec9nh \u0111\u1ed9 s\u00e1ng 3 b\u01b0\u1edbc b\u1eb1ng c\u00f4ng t\u1eafc<\/p>","protected":false},"featured_media":6917,"comment_status":"closed","ping_status":"closed","template":"","meta":{"_acf_changed":false},"product_brand":[],"product_cat":[33,38],"product_tag":[118],"class_list":{"0":"post-5424","1":"product","2":"type-product","3":"status-publish","4":"has-post-thumbnail","6":"product_cat-decorative-lights","7":"product_cat-table-lamp","8":"product_tag-table-lamp","9":"yith_shop_vendor-delight-lighting-co-ltd","10":"yith_product_brand-delight","12":"first","13":"instock","14":"taxable","15":"shipping-taxable","16":"purchasable","17":"product-type-simple"},"acf":[],"_links":{"self":[{"href":"https:\/\/vi-home.shop\/vi\/wp-json\/wp\/v2\/product\/5424","targetHints":{"allow":["GET"]}}],"collection":[{"href":"https:\/\/vi-home.shop\/vi\/wp-json\/wp\/v2\/product"}],"about":[{"href":"https:\/\/vi-home.shop\/vi\/wp-json\/wp\/v2\/types\/product"}],"replies":[{"embeddable":true,"href":"https:\/\/vi-home.shop\/vi\/wp-json\/wp\/v2\/comments?post=5424"}],"wp:featuredmedia":[{"embeddable":true,"href":"https:\/\/vi-home.shop\/vi\/wp-json\/wp\/v2\/media\/6917"}],"wp:attachment":[{"href":"https:\/\/vi-home.shop\/vi\/wp-json\/wp\/v2\/media?parent=5424"}],"wp:term":[{"taxonomy":"product_brand","embeddable":true,"href":"https:\/\/vi-home.shop\/vi\/wp-json\/wp\/v2\/product_brand?post=5424"},{"taxonomy":"product_cat","embeddable":true,"href":"https:\/\/vi-home.shop\/vi\/wp-json\/wp\/v2\/product_cat?post=5424"},{"taxonomy":"product_tag","embeddable":true,"href":"https:\/\/vi-home.shop\/vi\/wp-json\/wp\/v2\/product_tag?post=5424"}],"curies":[{"name":"wp","href":"https:\/\/api.w.org\/{rel}","templated":true}]}}