{"id":5451,"date":"2023-08-15T15:31:21","date_gmt":"2023-08-15T07:31:21","guid":{"rendered":"https:\/\/vi-home.shop\/?post_type=product&#038;p=5451"},"modified":"2024-06-06T15:04:59","modified_gmt":"2024-06-06T07:04:59","slug":"delight-w088t2a-led-table-lamp%ef%bc%9bindoor-illumination","status":"publish","type":"product","link":"https:\/\/vi-home.shop\/vi\/san-pham\/delight-w088t2a-led-table-lamp%ef%bc%9bindoor-illumination\/","title":{"rendered":"\u0110\u00e8n b\u00e0n LED DELIGHT-W088T2A"},"content":{"rendered":"<p><img loading=\"lazy\" decoding=\"async\" class=\"alignnone size-full wp-image-5452\" src=\"https:\/\/oss.vi-home.shop:9000\/vi-home-images\/wp-content\/uploads\/2023\/08\/07184455\/45a08ddb8dfda5e5960e151599eaa10.png\" alt=\"\" width=\"2809\" height=\"3200\" srcset=\"https:\/\/oss.vi-home.shop:9000\/vi-home-images\/wp-content\/uploads\/2023\/08\/07184455\/45a08ddb8dfda5e5960e151599eaa10.png 1685w, https:\/\/oss.vi-home.shop:9000\/vi-home-images\/wp-content\/uploads\/2023\/08\/07184455\/45a08ddb8dfda5e5960e151599eaa10-510x581.png 510w\" sizes=\"(max-width: 2809px) 100vw, 2809px\" \/> <img loading=\"lazy\" decoding=\"async\" class=\"alignnone size-medium wp-image-5453\" src=\"https:\/\/oss.vi-home.shop:9000\/vi-home-images\/wp-content\/uploads\/2023\/08\/07184454\/abb0bcfc7e9e5ad9d79483b0f906c0a.png\" alt=\"\" width=\"527\" height=\"600\" srcset=\"https:\/\/oss.vi-home.shop:9000\/vi-home-images\/wp-content\/uploads\/2023\/08\/07184454\/abb0bcfc7e9e5ad9d79483b0f906c0a.png 2809w, https:\/\/oss.vi-home.shop:9000\/vi-home-images\/wp-content\/uploads\/2023\/08\/07184454\/abb0bcfc7e9e5ad9d79483b0f906c0a-510x581.png 510w\" sizes=\"(max-width: 527px) 100vw, 527px\" \/><\/p>\n<p><img loading=\"lazy\" decoding=\"async\" class=\"alignnone size-full wp-image-5798\" src=\"https:\/\/oss.vi-home.shop:9000\/vi-home-images\/wp-content\/uploads\/2023\/08\/07184416\/4aa87b19e86eadd7ea0943cfa1c0395.png\" alt=\"\" width=\"157\" height=\"615\" \/> <img loading=\"lazy\" decoding=\"async\" class=\"alignnone size-medium wp-image-5799\" src=\"https:\/\/oss.vi-home.shop:9000\/vi-home-images\/wp-content\/uploads\/2023\/08\/07184416\/0866e8b76537d44ba2dbf63d3499a93.png\" alt=\"\" width=\"600\" height=\"592\" srcset=\"https:\/\/oss.vi-home.shop:9000\/vi-home-images\/wp-content\/uploads\/2023\/08\/07184416\/0866e8b76537d44ba2dbf63d3499a93.png 620w, https:\/\/oss.vi-home.shop:9000\/vi-home-images\/wp-content\/uploads\/2023\/08\/07184416\/0866e8b76537d44ba2dbf63d3499a93-100x100.png 100w, https:\/\/oss.vi-home.shop:9000\/vi-home-images\/wp-content\/uploads\/2023\/08\/07184416\/0866e8b76537d44ba2dbf63d3499a93-510x503.png 510w\" sizes=\"(max-width: 600px) 100vw, 600px\" \/> <img loading=\"lazy\" decoding=\"async\" class=\"alignnone size-medium wp-image-5801\" src=\"https:\/\/oss.vi-home.shop:9000\/vi-home-images\/wp-content\/uploads\/2023\/08\/07184416\/cf11cc5c4a48b7e64c727c7ebb28e01.png\" alt=\"\" width=\"600\" height=\"200\" srcset=\"https:\/\/oss.vi-home.shop:9000\/vi-home-images\/wp-content\/uploads\/2023\/08\/07184416\/cf11cc5c4a48b7e64c727c7ebb28e01.png 892w, https:\/\/oss.vi-home.shop:9000\/vi-home-images\/wp-content\/uploads\/2023\/08\/07184416\/cf11cc5c4a48b7e64c727c7ebb28e01-510x170.png 510w\" sizes=\"(max-width: 600px) 100vw, 600px\" \/><\/p>","protected":false},"excerpt":{"rendered":"<p>\u0110\u00e8n b\u00e0n LED Kim lo\u1ea1i+K\u00ednh \u20b5135xH350mm<br \/>\nTr\u1eafng<br \/>\nLED 2W T\u1ed1i \u0111a 130Lm,CCTK:3000K<br \/>\nL\u00e0m m\u1edd b\u1ed1n giai \u0111o\u1ea1n<br \/>\nc\u00e1p d\u1eef li\u1ec7u USB<\/p>","protected":false},"featured_media":6921,"comment_status":"closed","ping_status":"closed","template":"","meta":{"_acf_changed":false},"product_brand":[],"product_cat":[33,38],"product_tag":[118],"class_list":{"0":"post-5451","1":"product","2":"type-product","3":"status-publish","4":"has-post-thumbnail","6":"product_cat-decorative-lights","7":"product_cat-table-lamp","8":"product_tag-table-lamp","9":"yith_shop_vendor-delight-lighting-co-ltd","10":"yith_product_brand-delight","12":"first","13":"instock","14":"taxable","15":"shipping-taxable","16":"purchasable","17":"product-type-simple"},"acf":[],"_links":{"self":[{"href":"https:\/\/vi-home.shop\/vi\/wp-json\/wp\/v2\/product\/5451","targetHints":{"allow":["GET"]}}],"collection":[{"href":"https:\/\/vi-home.shop\/vi\/wp-json\/wp\/v2\/product"}],"about":[{"href":"https:\/\/vi-home.shop\/vi\/wp-json\/wp\/v2\/types\/product"}],"replies":[{"embeddable":true,"href":"https:\/\/vi-home.shop\/vi\/wp-json\/wp\/v2\/comments?post=5451"}],"wp:featuredmedia":[{"embeddable":true,"href":"https:\/\/vi-home.shop\/vi\/wp-json\/wp\/v2\/media\/6921"}],"wp:attachment":[{"href":"https:\/\/vi-home.shop\/vi\/wp-json\/wp\/v2\/media?parent=5451"}],"wp:term":[{"taxonomy":"product_brand","embeddable":true,"href":"https:\/\/vi-home.shop\/vi\/wp-json\/wp\/v2\/product_brand?post=5451"},{"taxonomy":"product_cat","embeddable":true,"href":"https:\/\/vi-home.shop\/vi\/wp-json\/wp\/v2\/product_cat?post=5451"},{"taxonomy":"product_tag","embeddable":true,"href":"https:\/\/vi-home.shop\/vi\/wp-json\/wp\/v2\/product_tag?post=5451"}],"curies":[{"name":"wp","href":"https:\/\/api.w.org\/{rel}","templated":true}]}}