{"id":5455,"date":"2023-08-15T15:34:48","date_gmt":"2023-08-15T07:34:48","guid":{"rendered":"https:\/\/vi-home.shop\/?post_type=product&#038;p=5455"},"modified":"2024-06-06T15:04:59","modified_gmt":"2024-06-06T07:04:59","slug":"delight-w088t1a-led-table-lamp%ef%bc%9bindoor-illumination","status":"publish","type":"product","link":"https:\/\/vi-home.shop\/vi\/san-pham\/delight-w088t1a-led-table-lamp%ef%bc%9bindoor-illumination\/","title":{"rendered":"\u0110\u00e8n b\u00e0n LED DELIGHT-W088T1A"},"content":{"rendered":"<p><img loading=\"lazy\" decoding=\"async\" class=\"alignnone size-full wp-image-5456\" src=\"https:\/\/oss.vi-home.shop:9000\/vi-home-images\/wp-content\/uploads\/2023\/08\/07184454\/a6c3e63e8e0fd6af9d9a871d5844a04.png\" alt=\"\" width=\"2809\" height=\"3200\" srcset=\"https:\/\/oss.vi-home.shop:9000\/vi-home-images\/wp-content\/uploads\/2023\/08\/07184454\/a6c3e63e8e0fd6af9d9a871d5844a04.png 1685w, https:\/\/oss.vi-home.shop:9000\/vi-home-images\/wp-content\/uploads\/2023\/08\/07184454\/a6c3e63e8e0fd6af9d9a871d5844a04-510x581.png 510w\" sizes=\"(max-width: 2809px) 100vw, 2809px\" \/> <img loading=\"lazy\" decoding=\"async\" class=\"alignnone size-medium wp-image-5457\" src=\"https:\/\/oss.vi-home.shop:9000\/vi-home-images\/wp-content\/uploads\/2023\/08\/07184454\/b6695e5c0456c6a7564d300cb0dea3a.png\" alt=\"\" width=\"527\" height=\"600\" srcset=\"https:\/\/oss.vi-home.shop:9000\/vi-home-images\/wp-content\/uploads\/2023\/08\/07184454\/b6695e5c0456c6a7564d300cb0dea3a.png 1685w, https:\/\/oss.vi-home.shop:9000\/vi-home-images\/wp-content\/uploads\/2023\/08\/07184454\/b6695e5c0456c6a7564d300cb0dea3a-510x581.png 510w\" sizes=\"(max-width: 527px) 100vw, 527px\" \/><\/p>\n<p><img loading=\"lazy\" decoding=\"async\" class=\"alignnone size-full wp-image-5793\" src=\"https:\/\/oss.vi-home.shop:9000\/vi-home-images\/wp-content\/uploads\/2023\/08\/07184417\/17c682aa95a1b0e72ab34913e52802c.png\" alt=\"\" width=\"572\" height=\"545\" srcset=\"https:\/\/oss.vi-home.shop:9000\/vi-home-images\/wp-content\/uploads\/2023\/08\/07184417\/17c682aa95a1b0e72ab34913e52802c.png 572w, https:\/\/oss.vi-home.shop:9000\/vi-home-images\/wp-content\/uploads\/2023\/08\/07184417\/17c682aa95a1b0e72ab34913e52802c-510x486.png 510w\" sizes=\"(max-width: 572px) 100vw, 572px\" \/> <img loading=\"lazy\" decoding=\"async\" class=\"alignnone size-medium wp-image-5794\" src=\"https:\/\/oss.vi-home.shop:9000\/vi-home-images\/wp-content\/uploads\/2023\/08\/07184417\/96557a6819de35e936df87d98366edd.png\" alt=\"\" width=\"600\" height=\"243\" srcset=\"https:\/\/oss.vi-home.shop:9000\/vi-home-images\/wp-content\/uploads\/2023\/08\/07184417\/96557a6819de35e936df87d98366edd.png 761w, https:\/\/oss.vi-home.shop:9000\/vi-home-images\/wp-content\/uploads\/2023\/08\/07184417\/96557a6819de35e936df87d98366edd-510x206.png 510w\" sizes=\"(max-width: 600px) 100vw, 600px\" \/><\/p>","protected":false},"excerpt":{"rendered":"<p>\u0110\u00e8n b\u00e0n LED Kim lo\u1ea1i+K\u00ednh \u20b5140xH350mm Niken<br \/>\nLED 2.5W T\u1ed1i \u0111a 130Lm,CCTK:3000K<br \/>\nL\u00e0m m\u1edd b\u1ed1n giai \u0111o\u1ea1n<br \/>\nc\u00e1p d\u1eef li\u1ec7u USB<\/p>","protected":false},"featured_media":6922,"comment_status":"closed","ping_status":"closed","template":"","meta":{"_acf_changed":false},"product_brand":[],"product_cat":[33,38],"product_tag":[118],"class_list":{"0":"post-5455","1":"product","2":"type-product","3":"status-publish","4":"has-post-thumbnail","6":"product_cat-decorative-lights","7":"product_cat-table-lamp","8":"product_tag-table-lamp","9":"yith_shop_vendor-delight-lighting-co-ltd","10":"yith_product_brand-delight","12":"first","13":"instock","14":"taxable","15":"shipping-taxable","16":"purchasable","17":"product-type-simple"},"acf":[],"_links":{"self":[{"href":"https:\/\/vi-home.shop\/vi\/wp-json\/wp\/v2\/product\/5455","targetHints":{"allow":["GET"]}}],"collection":[{"href":"https:\/\/vi-home.shop\/vi\/wp-json\/wp\/v2\/product"}],"about":[{"href":"https:\/\/vi-home.shop\/vi\/wp-json\/wp\/v2\/types\/product"}],"replies":[{"embeddable":true,"href":"https:\/\/vi-home.shop\/vi\/wp-json\/wp\/v2\/comments?post=5455"}],"wp:featuredmedia":[{"embeddable":true,"href":"https:\/\/vi-home.shop\/vi\/wp-json\/wp\/v2\/media\/6922"}],"wp:attachment":[{"href":"https:\/\/vi-home.shop\/vi\/wp-json\/wp\/v2\/media?parent=5455"}],"wp:term":[{"taxonomy":"product_brand","embeddable":true,"href":"https:\/\/vi-home.shop\/vi\/wp-json\/wp\/v2\/product_brand?post=5455"},{"taxonomy":"product_cat","embeddable":true,"href":"https:\/\/vi-home.shop\/vi\/wp-json\/wp\/v2\/product_cat?post=5455"},{"taxonomy":"product_tag","embeddable":true,"href":"https:\/\/vi-home.shop\/vi\/wp-json\/wp\/v2\/product_tag?post=5455"}],"curies":[{"name":"wp","href":"https:\/\/api.w.org\/{rel}","templated":true}]}}