{"id":5458,"date":"2023-08-15T22:58:16","date_gmt":"2023-08-15T14:58:16","guid":{"rendered":"https:\/\/vi-home.shop\/?post_type=product&#038;p=5458"},"modified":"2024-06-06T15:04:56","modified_gmt":"2024-06-06T07:04:56","slug":"delight-d071f1a-led-floor-lamp%ef%bc%9bindoor-illumination","status":"publish","type":"product","link":"https:\/\/vi-home.shop\/vi\/san-pham\/delight-d071f1a-led-floor-lamp%ef%bc%9bindoor-illumination\/","title":{"rendered":"\u0110\u00e8n S\u00c0N LED DELIGHT-D071F1A"},"content":{"rendered":"<p><img loading=\"lazy\" decoding=\"async\" class=\"alignnone size-full wp-image-5460\" src=\"https:\/\/vi-home.shop\/wp-content\/uploads\/2023\/08\/D071F1A.jpg\" alt=\"\" width=\"1625\" height=\"5104\" \/><\/p>\n<p><img loading=\"lazy\" decoding=\"async\" class=\"alignnone size-full wp-image-5677\" src=\"https:\/\/oss.vi-home.shop:9000\/vi-home-images\/wp-content\/uploads\/2023\/08\/07184430\/797de35338b871a35893deb2d97ecae.png\" alt=\"\" width=\"257\" height=\"557\" \/> <img loading=\"lazy\" decoding=\"async\" class=\"alignnone size-medium wp-image-5678\" src=\"https:\/\/oss.vi-home.shop:9000\/vi-home-images\/wp-content\/uploads\/2023\/08\/07184430\/1381ce10b2d99ea10475fe96a18e431.png\" alt=\"\" width=\"600\" height=\"353\" srcset=\"https:\/\/oss.vi-home.shop:9000\/vi-home-images\/wp-content\/uploads\/2023\/08\/07184430\/1381ce10b2d99ea10475fe96a18e431.png 872w, https:\/\/oss.vi-home.shop:9000\/vi-home-images\/wp-content\/uploads\/2023\/08\/07184430\/1381ce10b2d99ea10475fe96a18e431-510x300.png 510w\" sizes=\"(max-width: 600px) 100vw, 600px\" \/> <img loading=\"lazy\" decoding=\"async\" class=\"alignnone size-medium wp-image-5680\" src=\"https:\/\/oss.vi-home.shop:9000\/vi-home-images\/wp-content\/uploads\/2023\/08\/07184430\/7762df4ed68745cd989ec39d59b7e20-1.png\" alt=\"\" width=\"600\" height=\"519\" srcset=\"https:\/\/oss.vi-home.shop:9000\/vi-home-images\/wp-content\/uploads\/2023\/08\/07184430\/7762df4ed68745cd989ec39d59b7e20-1.png 729w, https:\/\/oss.vi-home.shop:9000\/vi-home-images\/wp-content\/uploads\/2023\/08\/07184430\/7762df4ed68745cd989ec39d59b7e20-1-510x441.png 510w\" sizes=\"(max-width: 600px) 100vw, 600px\" \/> <img loading=\"lazy\" decoding=\"async\" class=\"alignnone size-medium wp-image-5681\" src=\"https:\/\/oss.vi-home.shop:9000\/vi-home-images\/wp-content\/uploads\/2023\/08\/07184430\/21417db45ad30e99e3c94b02b0ec7cf.png\" alt=\"\" width=\"348\" height=\"600\" \/> <img loading=\"lazy\" decoding=\"async\" class=\"alignnone size-medium wp-image-5683\" src=\"https:\/\/oss.vi-home.shop:9000\/vi-home-images\/wp-content\/uploads\/2023\/08\/07184430\/e3e93d159a9b9fd211c522389ebeead-1.png\" alt=\"\" width=\"600\" height=\"478\" srcset=\"https:\/\/oss.vi-home.shop:9000\/vi-home-images\/wp-content\/uploads\/2023\/08\/07184430\/e3e93d159a9b9fd211c522389ebeead-1.png 816w, https:\/\/oss.vi-home.shop:9000\/vi-home-images\/wp-content\/uploads\/2023\/08\/07184430\/e3e93d159a9b9fd211c522389ebeead-1-510x406.png 510w\" sizes=\"(max-width: 600px) 100vw, 600px\" \/><\/p>","protected":false},"excerpt":{"rendered":"<p>\u0110\u00e8n S\u00c0N LED Kim lo\u1ea1i+nh\u00f4m+silicon<br \/>\n\u00f8200xH1400<br \/>\nH\u1ea1t g\u1ed7 + tr\u1eafng<br \/>\n<span style=\"vertical-align: inherit;\"><span style=\"vertical-align: inherit;\"><span style=\"vertical-align: inherit;\"><span style=\"vertical-align: inherit;\">SMD 2835 3.0V 60mA 28W1100Lm,CCTK:3000K<\/span><\/span><\/span><\/span><\/p>","protected":false},"featured_media":6876,"comment_status":"closed","ping_status":"closed","template":"","meta":{"_acf_changed":false},"product_brand":[],"product_cat":[33,37],"product_tag":[116],"class_list":{"0":"post-5458","1":"product","2":"type-product","3":"status-publish","4":"has-post-thumbnail","6":"product_cat-decorative-lights","7":"product_cat-floor-lamps","8":"product_tag-floor-lamp","9":"yith_shop_vendor-delight-lighting-co-ltd","10":"yith_product_brand-delight","12":"first","13":"instock","14":"taxable","15":"shipping-taxable","16":"purchasable","17":"product-type-simple"},"acf":[],"_links":{"self":[{"href":"https:\/\/vi-home.shop\/vi\/wp-json\/wp\/v2\/product\/5458","targetHints":{"allow":["GET"]}}],"collection":[{"href":"https:\/\/vi-home.shop\/vi\/wp-json\/wp\/v2\/product"}],"about":[{"href":"https:\/\/vi-home.shop\/vi\/wp-json\/wp\/v2\/types\/product"}],"replies":[{"embeddable":true,"href":"https:\/\/vi-home.shop\/vi\/wp-json\/wp\/v2\/comments?post=5458"}],"wp:featuredmedia":[{"embeddable":true,"href":"https:\/\/vi-home.shop\/vi\/wp-json\/wp\/v2\/media\/6876"}],"wp:attachment":[{"href":"https:\/\/vi-home.shop\/vi\/wp-json\/wp\/v2\/media?parent=5458"}],"wp:term":[{"taxonomy":"product_brand","embeddable":true,"href":"https:\/\/vi-home.shop\/vi\/wp-json\/wp\/v2\/product_brand?post=5458"},{"taxonomy":"product_cat","embeddable":true,"href":"https:\/\/vi-home.shop\/vi\/wp-json\/wp\/v2\/product_cat?post=5458"},{"taxonomy":"product_tag","embeddable":true,"href":"https:\/\/vi-home.shop\/vi\/wp-json\/wp\/v2\/product_tag?post=5458"}],"curies":[{"name":"wp","href":"https:\/\/api.w.org\/{rel}","templated":true}]}}