{"id":5471,"date":"2023-08-15T15:28:17","date_gmt":"2023-08-15T07:28:17","guid":{"rendered":"https:\/\/vi-home.shop\/?post_type=product&#038;p=5471"},"modified":"2024-06-06T15:04:59","modified_gmt":"2024-06-06T07:04:59","slug":"delight-d118f1a-led-floor-lamp%ef%bc%9bindoor-illumination","status":"publish","type":"product","link":"https:\/\/vi-home.shop\/vi\/san-pham\/delight-d118f1a-led-floor-lamp%ef%bc%9bindoor-illumination\/","title":{"rendered":"\u0110\u00e8n s\u00e0n LED DELIGHT-D118F1A"},"content":{"rendered":"<p><img loading=\"lazy\" decoding=\"async\" class=\"alignnone size-full wp-image-5472\" src=\"https:\/\/vi-home.shop\/wp-content\/uploads\/2023\/08\/000003\u6708-18-2023.jpg\" alt=\"\" width=\"4469\" height=\"6704\" \/><\/p>\n<p><img loading=\"lazy\" decoding=\"async\" class=\"alignnone size-full wp-image-5805\" src=\"https:\/\/oss.vi-home.shop:9000\/vi-home-images\/wp-content\/uploads\/2023\/08\/07184416\/9dda26f2c2d4192bea9fd82181186e2.png\" alt=\"\" width=\"248\" height=\"739\" \/> <img loading=\"lazy\" decoding=\"async\" class=\"alignnone size-medium wp-image-5806\" src=\"https:\/\/oss.vi-home.shop:9000\/vi-home-images\/wp-content\/uploads\/2023\/08\/07184416\/e4ea274a9fc60b31faadd9a471df6a3.png\" alt=\"\" width=\"372\" height=\"491\" \/> <img loading=\"lazy\" decoding=\"async\" class=\"alignnone size-medium wp-image-5807\" src=\"https:\/\/oss.vi-home.shop:9000\/vi-home-images\/wp-content\/uploads\/2023\/08\/07184416\/e9ae6e619f359042abbf2afd197a599.png\" alt=\"\" width=\"600\" height=\"256\" srcset=\"https:\/\/oss.vi-home.shop:9000\/vi-home-images\/wp-content\/uploads\/2023\/08\/07184416\/e9ae6e619f359042abbf2afd197a599.png 684w, https:\/\/oss.vi-home.shop:9000\/vi-home-images\/wp-content\/uploads\/2023\/08\/07184416\/e9ae6e619f359042abbf2afd197a599-510x218.png 510w\" sizes=\"(max-width: 600px) 100vw, 600px\" \/> <img loading=\"lazy\" decoding=\"async\" class=\"alignnone size-medium wp-image-5810\" src=\"https:\/\/oss.vi-home.shop:9000\/vi-home-images\/wp-content\/uploads\/2023\/08\/07184416\/fb828d3c99863a88efe65b8f23f34af.png\" alt=\"\" width=\"370\" height=\"445\" srcset=\"https:\/\/oss.vi-home.shop:9000\/vi-home-images\/wp-content\/uploads\/2023\/08\/07184416\/fb828d3c99863a88efe65b8f23f34af.png 370w, https:\/\/oss.vi-home.shop:9000\/vi-home-images\/wp-content\/uploads\/2023\/08\/07184416\/fb828d3c99863a88efe65b8f23f34af-247x296.png 247w\" sizes=\"(max-width: 370px) 100vw, 370px\" \/><\/p>","protected":false},"excerpt":{"rendered":"<p>\u0110\u00e8n s\u00e0n LED Kim lo\u1ea1i+nh\u00f4m++silicon<br \/>\n\u00f8180xH1500mm<br \/>\n\u0111en + tr\u1eafng<br \/>\n24W,1560Lm,CCTK:3000K<\/p>","protected":false},"featured_media":6925,"comment_status":"closed","ping_status":"closed","template":"","meta":{"_acf_changed":false},"product_brand":[],"product_cat":[33,37],"product_tag":[116],"class_list":{"0":"post-5471","1":"product","2":"type-product","3":"status-publish","4":"has-post-thumbnail","6":"product_cat-decorative-lights","7":"product_cat-floor-lamps","8":"product_tag-floor-lamp","9":"yith_shop_vendor-delight-lighting-co-ltd","10":"yith_product_brand-delight","12":"first","13":"instock","14":"taxable","15":"shipping-taxable","16":"purchasable","17":"product-type-simple"},"acf":[],"_links":{"self":[{"href":"https:\/\/vi-home.shop\/vi\/wp-json\/wp\/v2\/product\/5471","targetHints":{"allow":["GET"]}}],"collection":[{"href":"https:\/\/vi-home.shop\/vi\/wp-json\/wp\/v2\/product"}],"about":[{"href":"https:\/\/vi-home.shop\/vi\/wp-json\/wp\/v2\/types\/product"}],"replies":[{"embeddable":true,"href":"https:\/\/vi-home.shop\/vi\/wp-json\/wp\/v2\/comments?post=5471"}],"wp:featuredmedia":[{"embeddable":true,"href":"https:\/\/vi-home.shop\/vi\/wp-json\/wp\/v2\/media\/6925"}],"wp:attachment":[{"href":"https:\/\/vi-home.shop\/vi\/wp-json\/wp\/v2\/media?parent=5471"}],"wp:term":[{"taxonomy":"product_brand","embeddable":true,"href":"https:\/\/vi-home.shop\/vi\/wp-json\/wp\/v2\/product_brand?post=5471"},{"taxonomy":"product_cat","embeddable":true,"href":"https:\/\/vi-home.shop\/vi\/wp-json\/wp\/v2\/product_cat?post=5471"},{"taxonomy":"product_tag","embeddable":true,"href":"https:\/\/vi-home.shop\/vi\/wp-json\/wp\/v2\/product_tag?post=5471"}],"curies":[{"name":"wp","href":"https:\/\/api.w.org\/{rel}","templated":true}]}}