{"id":5501,"date":"2023-08-15T15:49:59","date_gmt":"2023-08-15T07:49:59","guid":{"rendered":"https:\/\/vi-home.shop\/?post_type=product&#038;p=5501"},"modified":"2024-06-06T15:04:58","modified_gmt":"2024-06-06T07:04:58","slug":"delight-d060t1a-led-table-lamp%ef%bc%9bindoor-illumination","status":"publish","type":"product","link":"https:\/\/vi-home.shop\/vi\/san-pham\/delight-d060t1a-led-table-lamp%ef%bc%9bindoor-illumination\/","title":{"rendered":"\u0110\u00e8n b\u00e0n LED DELIGHT-D060T1A"},"content":{"rendered":"<p><img loading=\"lazy\" decoding=\"async\" class=\"alignnone size-full wp-image-5502\" src=\"https:\/\/oss.vi-home.shop:9000\/vi-home-images\/wp-content\/uploads\/2023\/08\/07184451\/D060%E5%8F%B0%E7%81%AF.jpg\" alt=\"\" width=\"1547\" height=\"3853\" srcset=\"https:\/\/oss.vi-home.shop:9000\/vi-home-images\/wp-content\/uploads\/2023\/08\/07184451\/D060%E5%8F%B0%E7%81%AF.jpg 928w, https:\/\/oss.vi-home.shop:9000\/vi-home-images\/wp-content\/uploads\/2023\/08\/07184451\/D060%E5%8F%B0%E7%81%AF-510x1271.jpg 510w\" sizes=\"(max-width: 1547px) 100vw, 1547px\" \/><\/p>\n<p><img loading=\"lazy\" decoding=\"async\" class=\"alignnone size-full wp-image-5737\" src=\"https:\/\/oss.vi-home.shop:9000\/vi-home-images\/wp-content\/uploads\/2023\/08\/07184421\/3adf76682683e3e145de69d92d13552.png\" alt=\"\" width=\"463\" height=\"335\" \/> <img loading=\"lazy\" decoding=\"async\" class=\"alignnone size-medium wp-image-5738\" src=\"https:\/\/oss.vi-home.shop:9000\/vi-home-images\/wp-content\/uploads\/2023\/08\/07184421\/ad59c32307da81abc9532788826ca43-1.png\" alt=\"\" width=\"268\" height=\"592\" \/> <img loading=\"lazy\" decoding=\"async\" class=\"alignnone size-medium wp-image-5740\" src=\"https:\/\/oss.vi-home.shop:9000\/vi-home-images\/wp-content\/uploads\/2023\/08\/07184421\/fc90bc8cdff40403cfe3b9cf57d52d7-1.png\" alt=\"\" width=\"242\" height=\"558\" \/><\/p>","protected":false},"excerpt":{"rendered":"<p>\u0110\u00e8n b\u00e0n LED Kim lo\u1ea1i + nh\u00f4m + v\u1ea3i<br \/>\nL150xW150xH600mm<br \/>\nChrome + Tr\u1eafng<br \/>\nSMD 3528 3.0V 60mA 11W,420Lm,CCTK:3000K<\/p>","protected":false},"featured_media":6907,"comment_status":"closed","ping_status":"closed","template":"","meta":{"_acf_changed":false},"product_brand":[],"product_cat":[33,38],"product_tag":[118],"class_list":{"0":"post-5501","1":"product","2":"type-product","3":"status-publish","4":"has-post-thumbnail","6":"product_cat-decorative-lights","7":"product_cat-table-lamp","8":"product_tag-table-lamp","9":"yith_shop_vendor-delight-lighting-co-ltd","10":"yith_product_brand-delight","12":"first","13":"instock","14":"taxable","15":"shipping-taxable","16":"purchasable","17":"product-type-simple"},"acf":[],"_links":{"self":[{"href":"https:\/\/vi-home.shop\/vi\/wp-json\/wp\/v2\/product\/5501","targetHints":{"allow":["GET"]}}],"collection":[{"href":"https:\/\/vi-home.shop\/vi\/wp-json\/wp\/v2\/product"}],"about":[{"href":"https:\/\/vi-home.shop\/vi\/wp-json\/wp\/v2\/types\/product"}],"replies":[{"embeddable":true,"href":"https:\/\/vi-home.shop\/vi\/wp-json\/wp\/v2\/comments?post=5501"}],"wp:featuredmedia":[{"embeddable":true,"href":"https:\/\/vi-home.shop\/vi\/wp-json\/wp\/v2\/media\/6907"}],"wp:attachment":[{"href":"https:\/\/vi-home.shop\/vi\/wp-json\/wp\/v2\/media?parent=5501"}],"wp:term":[{"taxonomy":"product_brand","embeddable":true,"href":"https:\/\/vi-home.shop\/vi\/wp-json\/wp\/v2\/product_brand?post=5501"},{"taxonomy":"product_cat","embeddable":true,"href":"https:\/\/vi-home.shop\/vi\/wp-json\/wp\/v2\/product_cat?post=5501"},{"taxonomy":"product_tag","embeddable":true,"href":"https:\/\/vi-home.shop\/vi\/wp-json\/wp\/v2\/product_tag?post=5501"}],"curies":[{"name":"wp","href":"https:\/\/api.w.org\/{rel}","templated":true}]}}