{"id":5503,"date":"2023-08-15T15:54:35","date_gmt":"2023-08-15T07:54:35","guid":{"rendered":"https:\/\/vi-home.shop\/?post_type=product&#038;p=5503"},"modified":"2024-06-06T15:04:58","modified_gmt":"2024-06-06T07:04:58","slug":"delight-d060f1a-led-floor-lamp%ef%bc%9bindoor-illumination","status":"publish","type":"product","link":"https:\/\/vi-home.shop\/vi\/san-pham\/delight-d060f1a-led-floor-lamp%ef%bc%9bindoor-illumination\/","title":{"rendered":"\u0110\u00e8n s\u00e0n LED DELIGHT-D060F1A"},"content":{"rendered":"<p><img loading=\"lazy\" decoding=\"async\" class=\"alignnone size-full wp-image-5504\" src=\"https:\/\/vi-home.shop\/wp-content\/uploads\/2023\/08\/D060\u843d\u5730\u706f.jpg\" alt=\"\" width=\"2005\" height=\"4952\" \/><\/p>\n<p><img loading=\"lazy\" decoding=\"async\" class=\"alignnone size-full wp-image-5719\" src=\"https:\/\/oss.vi-home.shop:9000\/vi-home-images\/wp-content\/uploads\/2023\/08\/07184428\/405819cc5a38a3c8d47cc91386a3c74.png\" alt=\"\" width=\"469\" height=\"683\" \/> <img loading=\"lazy\" decoding=\"async\" class=\"alignnone size-medium wp-image-5720\" src=\"https:\/\/oss.vi-home.shop:9000\/vi-home-images\/wp-content\/uploads\/2023\/08\/07184428\/30215889272576472aec14a1e31e2bd.png\" alt=\"\" width=\"600\" height=\"442\" srcset=\"https:\/\/oss.vi-home.shop:9000\/vi-home-images\/wp-content\/uploads\/2023\/08\/07184428\/30215889272576472aec14a1e31e2bd.png 897w, https:\/\/oss.vi-home.shop:9000\/vi-home-images\/wp-content\/uploads\/2023\/08\/07184428\/30215889272576472aec14a1e31e2bd-510x376.png 510w\" sizes=\"(max-width: 600px) 100vw, 600px\" \/> <img loading=\"lazy\" decoding=\"async\" class=\"alignnone size-medium wp-image-5721\" src=\"https:\/\/oss.vi-home.shop:9000\/vi-home-images\/wp-content\/uploads\/2023\/08\/07184428\/ad59c32307da81abc9532788826ca43.png\" alt=\"\" width=\"268\" height=\"592\" \/> <img loading=\"lazy\" decoding=\"async\" class=\"alignnone size-medium wp-image-5723\" src=\"https:\/\/oss.vi-home.shop:9000\/vi-home-images\/wp-content\/uploads\/2023\/08\/07184428\/fc90bc8cdff40403cfe3b9cf57d52d7.png\" alt=\"\" width=\"242\" height=\"558\" \/><\/p>","protected":false},"excerpt":{"rendered":"<p>\u0110\u00e8n s\u00e0n LED Kim lo\u1ea1i + nh\u00f4m + v\u1ea3i<br \/>\nL230xW230xH1540mm<br \/>\nChrome + Tr\u1eafng<br \/>\nSMD 3528 3.0V 60mA 28W,1120Lm,CCTK:3000K<\/p>","protected":false},"featured_media":6903,"comment_status":"closed","ping_status":"closed","template":"","meta":{"_acf_changed":false},"product_brand":[],"product_cat":[33,37],"product_tag":[116],"class_list":{"0":"post-5503","1":"product","2":"type-product","3":"status-publish","4":"has-post-thumbnail","6":"product_cat-decorative-lights","7":"product_cat-floor-lamps","8":"product_tag-floor-lamp","9":"yith_shop_vendor-delight-lighting-co-ltd","10":"yith_product_brand-delight","12":"first","13":"instock","14":"taxable","15":"shipping-taxable","16":"purchasable","17":"product-type-simple"},"acf":[],"_links":{"self":[{"href":"https:\/\/vi-home.shop\/vi\/wp-json\/wp\/v2\/product\/5503","targetHints":{"allow":["GET"]}}],"collection":[{"href":"https:\/\/vi-home.shop\/vi\/wp-json\/wp\/v2\/product"}],"about":[{"href":"https:\/\/vi-home.shop\/vi\/wp-json\/wp\/v2\/types\/product"}],"replies":[{"embeddable":true,"href":"https:\/\/vi-home.shop\/vi\/wp-json\/wp\/v2\/comments?post=5503"}],"wp:featuredmedia":[{"embeddable":true,"href":"https:\/\/vi-home.shop\/vi\/wp-json\/wp\/v2\/media\/6903"}],"wp:attachment":[{"href":"https:\/\/vi-home.shop\/vi\/wp-json\/wp\/v2\/media?parent=5503"}],"wp:term":[{"taxonomy":"product_brand","embeddable":true,"href":"https:\/\/vi-home.shop\/vi\/wp-json\/wp\/v2\/product_brand?post=5503"},{"taxonomy":"product_cat","embeddable":true,"href":"https:\/\/vi-home.shop\/vi\/wp-json\/wp\/v2\/product_cat?post=5503"},{"taxonomy":"product_tag","embeddable":true,"href":"https:\/\/vi-home.shop\/vi\/wp-json\/wp\/v2\/product_tag?post=5503"}],"curies":[{"name":"wp","href":"https:\/\/api.w.org\/{rel}","templated":true}]}}