{"id":5513,"date":"2023-08-15T15:42:02","date_gmt":"2023-08-15T07:42:02","guid":{"rendered":"https:\/\/vi-home.shop\/?post_type=product&#038;p=5513"},"modified":"2024-06-06T15:04:59","modified_gmt":"2024-06-06T07:04:59","slug":"delight-d109f1a-led-floor-lamp%ef%bc%9bindoor-illumination","status":"publish","type":"product","link":"https:\/\/vi-home.shop\/vi\/san-pham\/delight-d109f1a-led-floor-lamp%ef%bc%9bindoor-illumination\/","title":{"rendered":"\u0110\u00e8n s\u00e0n LED DELIGHT-D109F1A"},"content":{"rendered":"<p><img loading=\"lazy\" decoding=\"async\" class=\"alignnone size-full wp-image-5514\" src=\"https:\/\/vi-home.shop\/wp-content\/uploads\/2023\/08\/0121-141.jpg\" alt=\"\" width=\"2677\" height=\"4901\" \/><\/p>\n<p><img loading=\"lazy\" decoding=\"async\" class=\"alignnone size-full wp-image-5767\" src=\"https:\/\/oss.vi-home.shop:9000\/vi-home-images\/wp-content\/uploads\/2023\/08\/07184418\/3dc141a6e3392c595a2faeed8f7836b.png\" alt=\"\" width=\"982\" height=\"283\" srcset=\"https:\/\/oss.vi-home.shop:9000\/vi-home-images\/wp-content\/uploads\/2023\/08\/07184418\/3dc141a6e3392c595a2faeed8f7836b.png 982w, https:\/\/oss.vi-home.shop:9000\/vi-home-images\/wp-content\/uploads\/2023\/08\/07184418\/3dc141a6e3392c595a2faeed8f7836b-510x147.png 510w\" sizes=\"(max-width: 982px) 100vw, 982px\" \/> <img loading=\"lazy\" decoding=\"async\" class=\"alignnone size-medium wp-image-5768\" src=\"https:\/\/oss.vi-home.shop:9000\/vi-home-images\/wp-content\/uploads\/2023\/08\/07184418\/18f2d76a2fb983c3cc3d4c5a3956aaf.png\" alt=\"\" width=\"284\" height=\"527\" \/> <img loading=\"lazy\" decoding=\"async\" class=\"alignnone size-medium wp-image-5769\" src=\"https:\/\/oss.vi-home.shop:9000\/vi-home-images\/wp-content\/uploads\/2023\/08\/07184418\/71ffcc481d901c570647d0271fb5227.png\" alt=\"\" width=\"324\" height=\"600\" \/> <img loading=\"lazy\" decoding=\"async\" class=\"alignnone size-medium wp-image-5772\" src=\"https:\/\/oss.vi-home.shop:9000\/vi-home-images\/wp-content\/uploads\/2023\/08\/07184418\/45684c8f6aa2f125e96f41f766e8ffd.png\" alt=\"\" width=\"531\" height=\"491\" srcset=\"https:\/\/oss.vi-home.shop:9000\/vi-home-images\/wp-content\/uploads\/2023\/08\/07184418\/45684c8f6aa2f125e96f41f766e8ffd.png 531w, https:\/\/oss.vi-home.shop:9000\/vi-home-images\/wp-content\/uploads\/2023\/08\/07184418\/45684c8f6aa2f125e96f41f766e8ffd-510x472.png 510w\" sizes=\"(max-width: 531px) 100vw, 531px\" \/> <img loading=\"lazy\" decoding=\"async\" class=\"alignnone size-medium wp-image-5773\" src=\"https:\/\/oss.vi-home.shop:9000\/vi-home-images\/wp-content\/uploads\/2023\/08\/07184418\/e65a654c48a2fb65efadb08b2416960.png\" alt=\"\" width=\"600\" height=\"515\" srcset=\"https:\/\/oss.vi-home.shop:9000\/vi-home-images\/wp-content\/uploads\/2023\/08\/07184418\/e65a654c48a2fb65efadb08b2416960.png 795w, https:\/\/oss.vi-home.shop:9000\/vi-home-images\/wp-content\/uploads\/2023\/08\/07184418\/e65a654c48a2fb65efadb08b2416960-510x438.png 510w\" sizes=\"(max-width: 600px) 100vw, 600px\" \/><\/p>","protected":false},"excerpt":{"rendered":"<p>\u0110\u00e8n s\u00e0n LED kim lo\u1ea1i + PC<br \/>\n200x200xH1400mm<br \/>\nv\u00e0ng<br \/>\n16W,1000Lm,CCTK:3000K<\/p>","protected":false},"featured_media":6915,"comment_status":"closed","ping_status":"closed","template":"","meta":{"_acf_changed":false},"product_brand":[],"product_cat":[33,37],"product_tag":[116],"class_list":{"0":"post-5513","1":"product","2":"type-product","3":"status-publish","4":"has-post-thumbnail","6":"product_cat-decorative-lights","7":"product_cat-floor-lamps","8":"product_tag-floor-lamp","9":"yith_shop_vendor-delight-lighting-co-ltd","10":"yith_product_brand-delight","12":"first","13":"instock","14":"taxable","15":"shipping-taxable","16":"purchasable","17":"product-type-simple"},"acf":[],"_links":{"self":[{"href":"https:\/\/vi-home.shop\/vi\/wp-json\/wp\/v2\/product\/5513","targetHints":{"allow":["GET"]}}],"collection":[{"href":"https:\/\/vi-home.shop\/vi\/wp-json\/wp\/v2\/product"}],"about":[{"href":"https:\/\/vi-home.shop\/vi\/wp-json\/wp\/v2\/types\/product"}],"replies":[{"embeddable":true,"href":"https:\/\/vi-home.shop\/vi\/wp-json\/wp\/v2\/comments?post=5513"}],"wp:featuredmedia":[{"embeddable":true,"href":"https:\/\/vi-home.shop\/vi\/wp-json\/wp\/v2\/media\/6915"}],"wp:attachment":[{"href":"https:\/\/vi-home.shop\/vi\/wp-json\/wp\/v2\/media?parent=5513"}],"wp:term":[{"taxonomy":"product_brand","embeddable":true,"href":"https:\/\/vi-home.shop\/vi\/wp-json\/wp\/v2\/product_brand?post=5513"},{"taxonomy":"product_cat","embeddable":true,"href":"https:\/\/vi-home.shop\/vi\/wp-json\/wp\/v2\/product_cat?post=5513"},{"taxonomy":"product_tag","embeddable":true,"href":"https:\/\/vi-home.shop\/vi\/wp-json\/wp\/v2\/product_tag?post=5513"}],"curies":[{"name":"wp","href":"https:\/\/api.w.org\/{rel}","templated":true}]}}