{"id":5515,"date":"2023-08-15T22:58:32","date_gmt":"2023-08-15T14:58:32","guid":{"rendered":"https:\/\/vi-home.shop\/?post_type=product&#038;p=5515"},"modified":"2024-06-06T15:04:56","modified_gmt":"2024-06-06T07:04:56","slug":"delight-d071t1a-led-table-lamp%ef%bc%9bindoor-illumination","status":"publish","type":"product","link":"https:\/\/vi-home.shop\/vi\/san-pham\/delight-d071t1a-led-table-lamp%ef%bc%9bindoor-illumination\/","title":{"rendered":"\u0110\u00e8n b\u00e0n LED DELIGHT-D071T1A"},"content":{"rendered":"<p><img loading=\"lazy\" decoding=\"async\" class=\"alignnone size-full wp-image-5516\" src=\"https:\/\/vi-home.shop\/wp-content\/uploads\/2023\/08\/D071T1A.jpg\" alt=\"\" width=\"1726\" height=\"2850\" \/><\/p>\n<p><img loading=\"lazy\" decoding=\"async\" class=\"alignnone size-full wp-image-5670\" src=\"https:\/\/oss.vi-home.shop:9000\/vi-home-images\/wp-content\/uploads\/2023\/08\/07184431\/30f7b22088c0a74ded31a96d508fb43.png\" alt=\"\" width=\"778\" height=\"295\" srcset=\"https:\/\/oss.vi-home.shop:9000\/vi-home-images\/wp-content\/uploads\/2023\/08\/07184431\/30f7b22088c0a74ded31a96d508fb43.png 778w, https:\/\/oss.vi-home.shop:9000\/vi-home-images\/wp-content\/uploads\/2023\/08\/07184431\/30f7b22088c0a74ded31a96d508fb43-510x193.png 510w\" sizes=\"(max-width: 778px) 100vw, 778px\" \/> <img loading=\"lazy\" decoding=\"async\" class=\"alignnone size-medium wp-image-5671\" src=\"https:\/\/oss.vi-home.shop:9000\/vi-home-images\/wp-content\/uploads\/2023\/08\/07184431\/7762df4ed68745cd989ec39d59b7e20.png\" alt=\"\" width=\"600\" height=\"519\" srcset=\"https:\/\/oss.vi-home.shop:9000\/vi-home-images\/wp-content\/uploads\/2023\/08\/07184431\/7762df4ed68745cd989ec39d59b7e20.png 729w, https:\/\/oss.vi-home.shop:9000\/vi-home-images\/wp-content\/uploads\/2023\/08\/07184431\/7762df4ed68745cd989ec39d59b7e20-510x441.png 510w\" sizes=\"(max-width: 600px) 100vw, 600px\" \/> <img loading=\"lazy\" decoding=\"async\" class=\"alignnone size-medium wp-image-5672\" src=\"https:\/\/oss.vi-home.shop:9000\/vi-home-images\/wp-content\/uploads\/2023\/08\/07184431\/e3e93d159a9b9fd211c522389ebeead.png\" alt=\"\" width=\"600\" height=\"478\" srcset=\"https:\/\/oss.vi-home.shop:9000\/vi-home-images\/wp-content\/uploads\/2023\/08\/07184431\/e3e93d159a9b9fd211c522389ebeead.png 816w, https:\/\/oss.vi-home.shop:9000\/vi-home-images\/wp-content\/uploads\/2023\/08\/07184431\/e3e93d159a9b9fd211c522389ebeead-510x406.png 510w\" sizes=\"(max-width: 600px) 100vw, 600px\" \/><\/p>","protected":false},"excerpt":{"rendered":"<p>\u0110\u00e8n B\u1ea2NG LED Kim lo\u1ea1i+nh\u00f4m+silicon<br \/>\n\u00f8200xH450<br \/>\nH\u1ea1t g\u1ed7 + tr\u1eafng<br \/>\nSMD 2835 3.0V 60mA 16W,1100Lm,CCTK:3000K<\/p>","protected":false},"featured_media":6861,"comment_status":"closed","ping_status":"closed","template":"","meta":{"_acf_changed":false},"product_brand":[],"product_cat":[33,38],"product_tag":[118],"class_list":{"0":"post-5515","1":"product","2":"type-product","3":"status-publish","4":"has-post-thumbnail","6":"product_cat-decorative-lights","7":"product_cat-table-lamp","8":"product_tag-table-lamp","9":"yith_shop_vendor-delight-lighting-co-ltd","10":"yith_product_brand-delight","12":"first","13":"instock","14":"taxable","15":"shipping-taxable","16":"purchasable","17":"product-type-simple"},"acf":[],"_links":{"self":[{"href":"https:\/\/vi-home.shop\/vi\/wp-json\/wp\/v2\/product\/5515","targetHints":{"allow":["GET"]}}],"collection":[{"href":"https:\/\/vi-home.shop\/vi\/wp-json\/wp\/v2\/product"}],"about":[{"href":"https:\/\/vi-home.shop\/vi\/wp-json\/wp\/v2\/types\/product"}],"replies":[{"embeddable":true,"href":"https:\/\/vi-home.shop\/vi\/wp-json\/wp\/v2\/comments?post=5515"}],"wp:featuredmedia":[{"embeddable":true,"href":"https:\/\/vi-home.shop\/vi\/wp-json\/wp\/v2\/media\/6861"}],"wp:attachment":[{"href":"https:\/\/vi-home.shop\/vi\/wp-json\/wp\/v2\/media?parent=5515"}],"wp:term":[{"taxonomy":"product_brand","embeddable":true,"href":"https:\/\/vi-home.shop\/vi\/wp-json\/wp\/v2\/product_brand?post=5515"},{"taxonomy":"product_cat","embeddable":true,"href":"https:\/\/vi-home.shop\/vi\/wp-json\/wp\/v2\/product_cat?post=5515"},{"taxonomy":"product_tag","embeddable":true,"href":"https:\/\/vi-home.shop\/vi\/wp-json\/wp\/v2\/product_tag?post=5515"}],"curies":[{"name":"wp","href":"https:\/\/api.w.org\/{rel}","templated":true}]}}