{"id":5528,"date":"2023-08-15T16:06:29","date_gmt":"2023-08-15T08:06:29","guid":{"rendered":"https:\/\/vi-home.shop\/?post_type=product&#038;p=5528"},"modified":"2024-06-06T15:04:57","modified_gmt":"2024-06-06T07:04:57","slug":"delight-w017t3a-led-table-lamp%ef%bc%9bindoor-illumination","status":"publish","type":"product","link":"https:\/\/vi-home.shop\/vi\/san-pham\/delight-w017t3a-led-table-lamp%ef%bc%9bindoor-illumination\/","title":{"rendered":"\u0110\u00e8n b\u00e0n LED DELIGHT-W017T3A\uff1bchi\u1ebfu s\u00e1ng trong nh\u00e0"},"content":{"rendered":"<p><img loading=\"lazy\" decoding=\"async\" class=\"alignnone size-full wp-image-8233\" src=\"https:\/\/oss.vi-home.shop:9000\/vi-home-images\/wp-content\/uploads\/2023\/08\/07182531\/a7f7f510a3511e94a20db832f91bc67-scaled.jpg\" alt=\"\" width=\"2608\" height=\"2608\" srcset=\"https:\/\/oss.vi-home.shop:9000\/vi-home-images\/wp-content\/uploads\/2023\/08\/07182531\/a7f7f510a3511e94a20db832f91bc67-scaled.jpg 2560w, https:\/\/oss.vi-home.shop:9000\/vi-home-images\/wp-content\/uploads\/2023\/08\/07182531\/a7f7f510a3511e94a20db832f91bc67-100x100.jpg 100w, https:\/\/oss.vi-home.shop:9000\/vi-home-images\/wp-content\/uploads\/2023\/08\/07182531\/a7f7f510a3511e94a20db832f91bc67-510x510.jpg 510w\" sizes=\"(max-width: 2608px) 100vw, 2608px\" \/><\/p>","protected":false},"excerpt":{"rendered":"<p>\u0110\u00e8n b\u00e0n LED Kim lo\u1ea1i+Nh\u00f4m+Silic<br \/>\nL210xW140xH445mm<br \/>\nTr\u1eafng<br \/>\nSMD 3528 3.0V 60mA 12W,800Lm,CCTK:3000K Ch\u1ea1m v\u00e0o \u0111i\u1ec1u ch\u1ec9nh \u0111\u1ed9 s\u00e1ng 3 b\u01b0\u1edbc<\/p>","protected":false},"featured_media":8233,"comment_status":"closed","ping_status":"closed","template":"","meta":{"_acf_changed":false},"product_brand":[],"product_cat":[33,38],"product_tag":[118],"class_list":{"0":"post-5528","1":"product","2":"type-product","3":"status-publish","4":"has-post-thumbnail","6":"product_cat-decorative-lights","7":"product_cat-table-lamp","8":"product_tag-table-lamp","9":"yith_shop_vendor-delight-lighting-co-ltd","10":"yith_product_brand-delight","12":"first","13":"instock","14":"taxable","15":"shipping-taxable","16":"purchasable","17":"product-type-simple"},"acf":[],"_links":{"self":[{"href":"https:\/\/vi-home.shop\/vi\/wp-json\/wp\/v2\/product\/5528","targetHints":{"allow":["GET"]}}],"collection":[{"href":"https:\/\/vi-home.shop\/vi\/wp-json\/wp\/v2\/product"}],"about":[{"href":"https:\/\/vi-home.shop\/vi\/wp-json\/wp\/v2\/types\/product"}],"replies":[{"embeddable":true,"href":"https:\/\/vi-home.shop\/vi\/wp-json\/wp\/v2\/comments?post=5528"}],"wp:featuredmedia":[{"embeddable":true,"href":"https:\/\/vi-home.shop\/vi\/wp-json\/wp\/v2\/media\/8233"}],"wp:attachment":[{"href":"https:\/\/vi-home.shop\/vi\/wp-json\/wp\/v2\/media?parent=5528"}],"wp:term":[{"taxonomy":"product_brand","embeddable":true,"href":"https:\/\/vi-home.shop\/vi\/wp-json\/wp\/v2\/product_brand?post=5528"},{"taxonomy":"product_cat","embeddable":true,"href":"https:\/\/vi-home.shop\/vi\/wp-json\/wp\/v2\/product_cat?post=5528"},{"taxonomy":"product_tag","embeddable":true,"href":"https:\/\/vi-home.shop\/vi\/wp-json\/wp\/v2\/product_tag?post=5528"}],"curies":[{"name":"wp","href":"https:\/\/api.w.org\/{rel}","templated":true}]}}