{"id":5922,"date":"2023-08-26T16:30:13","date_gmt":"2023-08-26T08:30:13","guid":{"rendered":"https:\/\/vi-home.shop\/?post_type=product&#038;p=5922"},"modified":"2024-05-16T13:27:54","modified_gmt":"2024-05-16T05:27:54","slug":"bozinalen-42-inch-invisible-fan-with-bluetooth-three-color-dimming","status":"publish","type":"product","link":"https:\/\/vi-home.shop\/vi\/san-pham\/bozinalen-42-inch-invisible-fan-with-bluetooth-three-color-dimming\/","title":{"rendered":"Qu\u1ea1t v\u00f4 h\u00ecnh Bozinalen 42 inch c\u00f3 kh\u1ea3 n\u0103ng \u0111i\u1ec1u ch\u1ec9nh \u0111\u1ed9 s\u00e1ng ba m\u00e0u BluetoothBO-3657"},"content":{"rendered":"<p><img loading=\"lazy\" decoding=\"async\" class=\"alignnone size-full wp-image-6018\" src=\"https:\/\/vi-home.shop\/wp-content\/uploads\/2023\/08\/46bdecad7ad55b8d100f16d1501c87c_\u770b\u56fe\u738b.jpg\" alt=\"\" width=\"5632\" height=\"3755\" \/><\/p>","protected":false},"excerpt":{"rendered":"<table>\n<tbody>\n<tr>\n<td width=\"344\">Th\u01b0\u01a1ng hi\u1ec7u<\/td>\n<td width=\"344\">Bozinalen<\/td>\n<\/tr>\n<tr>\n<td width=\"344\">M\u1ee5c s\u1ed1<\/td>\n<td width=\"344\">BO-3657<\/td>\n<\/tr>\n<tr>\n<td width=\"344\">M\u00e0u s\u1eafc<\/td>\n<td width=\"344\">\u0110en<\/td>\n<\/tr>\n<tr>\n<td width=\"344\">V\u1eadt li\u1ec7u<\/td>\n<td width=\"344\">Kim lo\u1ea1i + PC<\/td>\n<\/tr>\n<tr>\n<td width=\"344\">C\u00f4ng su\u1ea5t \u0111\u1ed9ng c\u01a1<\/td>\n<td width=\"344\">30W<\/td>\n<\/tr>\n<tr>\n<td width=\"344\">K\u00edch c\u1ee1<\/td>\n<td width=\"344\">42Inch 1080*400 MM<\/td>\n<\/tr>\n<tr>\n<td width=\"344\">\u00c1nh s\u00e1ng<\/td>\n<td width=\"344\">36 W<\/td>\n<\/tr>\n<tr>\n<td width=\"344\">CCT<\/td>\n<td width=\"344\">3000K\/4000K\/5000K<\/td>\n<\/tr>\n<tr>\n<td width=\"344\">V\u1eadt li\u1ec7u \u0111\u1ed9ng c\u01a1<\/td>\n<td width=\"344\">\u0110\u1ed3ng<\/td>\n<\/tr>\n<tr>\n<td width=\"344\">V\u00f4n<\/td>\n<td width=\"344\">220V\/50HZ<\/td>\n<\/tr>\n<tr>\n<td width=\"344\">\u0110i\u1ec1u khi\u1ec3n t\u1eeb xa<\/td>\n<td width=\"344\">\u0110\u00fang<\/td>\n<\/tr>\n<tr>\n<td width=\"344\">T\u1ed1c \u0111\u1ed9<\/td>\n<td width=\"344\">6 t\u1ed1c \u0111\u1ed9<\/td>\n<\/tr>\n<tr>\n<td width=\"344\">S\u1ef1 b\u1ea3o \u0111\u1ea3m<\/td>\n<td width=\"344\">\u00a02 n\u0103m<\/td>\n<\/tr>\n<\/tbody>\n<\/table>","protected":false},"featured_media":6018,"comment_status":"closed","ping_status":"closed","template":"","meta":{"_acf_changed":false},"product_brand":[],"product_cat":[35,33,36],"product_tag":[],"class_list":{"0":"post-5922","1":"product","2":"type-product","3":"status-publish","4":"has-post-thumbnail","6":"product_cat-ceiling-lamps","7":"product_cat-decorative-lights","8":"product_cat-fanlights","9":"yith_shop_vendor-bozinalen","10":"yith_product_brand-bozinalen","12":"first","13":"instock","14":"taxable","15":"shipping-taxable","16":"purchasable","17":"product-type-simple"},"acf":[],"_links":{"self":[{"href":"https:\/\/vi-home.shop\/vi\/wp-json\/wp\/v2\/product\/5922","targetHints":{"allow":["GET"]}}],"collection":[{"href":"https:\/\/vi-home.shop\/vi\/wp-json\/wp\/v2\/product"}],"about":[{"href":"https:\/\/vi-home.shop\/vi\/wp-json\/wp\/v2\/types\/product"}],"replies":[{"embeddable":true,"href":"https:\/\/vi-home.shop\/vi\/wp-json\/wp\/v2\/comments?post=5922"}],"wp:featuredmedia":[{"embeddable":true,"href":"https:\/\/vi-home.shop\/vi\/wp-json\/wp\/v2\/media\/6018"}],"wp:attachment":[{"href":"https:\/\/vi-home.shop\/vi\/wp-json\/wp\/v2\/media?parent=5922"}],"wp:term":[{"taxonomy":"product_brand","embeddable":true,"href":"https:\/\/vi-home.shop\/vi\/wp-json\/wp\/v2\/product_brand?post=5922"},{"taxonomy":"product_cat","embeddable":true,"href":"https:\/\/vi-home.shop\/vi\/wp-json\/wp\/v2\/product_cat?post=5922"},{"taxonomy":"product_tag","embeddable":true,"href":"https:\/\/vi-home.shop\/vi\/wp-json\/wp\/v2\/product_tag?post=5922"}],"curies":[{"name":"wp","href":"https:\/\/api.w.org\/{rel}","templated":true}]}}