{"id":6147,"date":"2023-08-15T15:18:03","date_gmt":"2023-08-15T07:18:03","guid":{"rendered":"https:\/\/vi-home.shop\/?post_type=product&#038;p=6147"},"modified":"2024-06-06T15:05:00","modified_gmt":"2024-06-06T07:05:00","slug":"delight-od004-led-floor-lamp%ef%bc%8c-outdoor-lamp","status":"publish","type":"product","link":"https:\/\/vi-home.shop\/vi\/san-pham\/delight-od004-led-floor-lamp%ef%bc%8c-outdoor-lamp\/","title":{"rendered":"\u0110\u00e8n s\u00e0n LED DELIGHT-OD004 \u0110\u00e8n ngo\u00e0i tr\u1eddi"},"content":{"rendered":"<p><img loading=\"lazy\" decoding=\"async\" class=\"alignnone size-full wp-image-6149\" src=\"https:\/\/vi-home.shop\/wp-content\/uploads\/2023\/08\/M07585.jpg\" alt=\"\" width=\"3014\" height=\"6916\" \/> <img loading=\"lazy\" decoding=\"async\" class=\"alignnone size-medium wp-image-6152\" src=\"https:\/\/oss.vi-home.shop:9000\/vi-home-images\/wp-content\/uploads\/2023\/08\/07184334\/%E9%85%8D%E6%99%AF9-%E5%89%AF%E6%9C%AC.jpg\" alt=\"\" width=\"600\" height=\"600\" srcset=\"https:\/\/oss.vi-home.shop:9000\/vi-home-images\/wp-content\/uploads\/2023\/08\/07184334\/%E9%85%8D%E6%99%AF9-%E5%89%AF%E6%9C%AC.jpg 800w, https:\/\/oss.vi-home.shop:9000\/vi-home-images\/wp-content\/uploads\/2023\/08\/07184334\/%E9%85%8D%E6%99%AF9-%E5%89%AF%E6%9C%AC-100x100.jpg 100w, https:\/\/oss.vi-home.shop:9000\/vi-home-images\/wp-content\/uploads\/2023\/08\/07184334\/%E9%85%8D%E6%99%AF9-%E5%89%AF%E6%9C%AC-510x510.jpg 510w\" sizes=\"(max-width: 600px) 100vw, 600px\" \/> <img loading=\"lazy\" decoding=\"async\" class=\"alignnone size-medium wp-image-6153\" src=\"https:\/\/oss.vi-home.shop:9000\/vi-home-images\/wp-content\/uploads\/2023\/08\/07184334\/%E9%85%8D%E6%99%AF10-%E5%89%AF%E6%9C%AC.jpg\" alt=\"\" width=\"600\" height=\"600\" srcset=\"https:\/\/oss.vi-home.shop:9000\/vi-home-images\/wp-content\/uploads\/2023\/08\/07184334\/%E9%85%8D%E6%99%AF10-%E5%89%AF%E6%9C%AC.jpg 800w, https:\/\/oss.vi-home.shop:9000\/vi-home-images\/wp-content\/uploads\/2023\/08\/07184334\/%E9%85%8D%E6%99%AF10-%E5%89%AF%E6%9C%AC-100x100.jpg 100w, https:\/\/oss.vi-home.shop:9000\/vi-home-images\/wp-content\/uploads\/2023\/08\/07184334\/%E9%85%8D%E6%99%AF10-%E5%89%AF%E6%9C%AC-510x510.jpg 510w\" sizes=\"(max-width: 600px) 100vw, 600px\" \/><\/p>","protected":false},"excerpt":{"rendered":"<p>\u0110\u00e8n S\u00c0N LED Kim lo\u1ea1i+nh\u00f4m++silicon<br \/>\nL50xW50xH2000mm<br \/>\ntr\u1eafng\/\u0111en SMD 2835 3.0V 60mA<br \/>\n2W*2 ,CCTK:3000K K\u00e9o m\u1ed9t ph\u00e1t s\u00e1ng trong h\u01a1n 12 gi\u1edd\u3002dung l\u01b0\u1ee3ng pin3.7V 1200mAh IP65<\/p>","protected":false},"featured_media":6931,"comment_status":"closed","ping_status":"closed","template":"","meta":{"_acf_changed":false},"product_brand":[],"product_cat":[52],"product_tag":[116],"class_list":{"0":"post-6147","1":"product","2":"type-product","3":"status-publish","4":"has-post-thumbnail","6":"product_cat-outdoor-lights","7":"product_tag-floor-lamp","8":"yith_shop_vendor-delight-lighting-co-ltd","9":"yith_product_brand-delight","11":"first","12":"instock","13":"taxable","14":"shipping-taxable","15":"purchasable","16":"product-type-simple"},"acf":[],"_links":{"self":[{"href":"https:\/\/vi-home.shop\/vi\/wp-json\/wp\/v2\/product\/6147","targetHints":{"allow":["GET"]}}],"collection":[{"href":"https:\/\/vi-home.shop\/vi\/wp-json\/wp\/v2\/product"}],"about":[{"href":"https:\/\/vi-home.shop\/vi\/wp-json\/wp\/v2\/types\/product"}],"replies":[{"embeddable":true,"href":"https:\/\/vi-home.shop\/vi\/wp-json\/wp\/v2\/comments?post=6147"}],"wp:featuredmedia":[{"embeddable":true,"href":"https:\/\/vi-home.shop\/vi\/wp-json\/wp\/v2\/media\/6931"}],"wp:attachment":[{"href":"https:\/\/vi-home.shop\/vi\/wp-json\/wp\/v2\/media?parent=6147"}],"wp:term":[{"taxonomy":"product_brand","embeddable":true,"href":"https:\/\/vi-home.shop\/vi\/wp-json\/wp\/v2\/product_brand?post=6147"},{"taxonomy":"product_cat","embeddable":true,"href":"https:\/\/vi-home.shop\/vi\/wp-json\/wp\/v2\/product_cat?post=6147"},{"taxonomy":"product_tag","embeddable":true,"href":"https:\/\/vi-home.shop\/vi\/wp-json\/wp\/v2\/product_tag?post=6147"}],"curies":[{"name":"wp","href":"https:\/\/api.w.org\/{rel}","templated":true}]}}