{"id":6293,"date":"2023-08-15T14:45:29","date_gmt":"2023-08-15T06:45:29","guid":{"rendered":"https:\/\/vi-home.shop\/?post_type=product&#038;p=6293"},"modified":"2024-06-06T15:05:01","modified_gmt":"2024-06-06T07:05:01","slug":"delight-od013-led-floor-lamp%ef%bc%8c-outdoor-lamp","status":"publish","type":"product","link":"https:\/\/vi-home.shop\/vi\/san-pham\/delight-od013-led-floor-lamp%ef%bc%8c-outdoor-lamp\/","title":{"rendered":"\u0110\u00e8n s\u00e0n ngo\u00e0i tr\u1eddi DELIGHT-OD013"},"content":{"rendered":"<p><img loading=\"lazy\" decoding=\"async\" class=\"alignnone size-full wp-image-6294\" src=\"https:\/\/vi-home.shop\/wp-content\/uploads\/2023\/08\/8f225ef25af215c5a93643813919b32.jpg\" alt=\"\" width=\"4476\" height=\"6713\" \/> <img loading=\"lazy\" decoding=\"async\" class=\"alignnone size-medium wp-image-6296\" src=\"https:\/\/oss.vi-home.shop:9000\/vi-home-images\/wp-content\/uploads\/2023\/08\/07184309\/566e58d14052a9877e779e8365a809a.png\" alt=\"\" width=\"384\" height=\"600\" \/> <img loading=\"lazy\" decoding=\"async\" class=\"alignnone size-medium wp-image-6297\" src=\"https:\/\/oss.vi-home.shop:9000\/vi-home-images\/wp-content\/uploads\/2023\/08\/07184309\/d7eb01903d18b4fce0acc2df4d1ca4b.png\" alt=\"\" width=\"307\" height=\"600\" \/> <img loading=\"lazy\" decoding=\"async\" class=\"alignnone size-medium wp-image-6298\" src=\"https:\/\/oss.vi-home.shop:9000\/vi-home-images\/wp-content\/uploads\/2023\/08\/07184309\/63f5b1e220879edcb754b0e6e997d06.jpg\" alt=\"\" width=\"478\" height=\"600\" srcset=\"https:\/\/oss.vi-home.shop:9000\/vi-home-images\/wp-content\/uploads\/2023\/08\/07184309\/63f5b1e220879edcb754b0e6e997d06.jpg 790w, https:\/\/oss.vi-home.shop:9000\/vi-home-images\/wp-content\/uploads\/2023\/08\/07184309\/63f5b1e220879edcb754b0e6e997d06-510x640.jpg 510w\" sizes=\"(max-width: 478px) 100vw, 478px\" \/><\/p>","protected":false},"excerpt":{"rendered":"<p>\u0110\u00e8n S\u00c0N LED nh\u00f4m+silicon<br \/>\nL170*W20xH400mm<br \/>\n\u0110en<br \/>\nSMD 2835 3.0V 60mA 1.5W ,CCTK:3000K K\u00e9o m\u1ed9t S\u00e1ng l\u00ean trong h\u01a1n 12 gi\u1edd\u3002dung l\u01b0\u1ee3ng pin3.7V 1200mAh IP65<\/p>","protected":false},"featured_media":6978,"comment_status":"closed","ping_status":"closed","template":"","meta":{"_acf_changed":false},"product_brand":[],"product_cat":[52],"product_tag":[116],"class_list":{"0":"post-6293","1":"product","2":"type-product","3":"status-publish","4":"has-post-thumbnail","6":"product_cat-outdoor-lights","7":"product_tag-floor-lamp","8":"yith_shop_vendor-delight-lighting-co-ltd","9":"yith_product_brand-delight","11":"first","12":"instock","13":"taxable","14":"shipping-taxable","15":"purchasable","16":"product-type-simple"},"acf":[],"_links":{"self":[{"href":"https:\/\/vi-home.shop\/vi\/wp-json\/wp\/v2\/product\/6293","targetHints":{"allow":["GET"]}}],"collection":[{"href":"https:\/\/vi-home.shop\/vi\/wp-json\/wp\/v2\/product"}],"about":[{"href":"https:\/\/vi-home.shop\/vi\/wp-json\/wp\/v2\/types\/product"}],"replies":[{"embeddable":true,"href":"https:\/\/vi-home.shop\/vi\/wp-json\/wp\/v2\/comments?post=6293"}],"wp:featuredmedia":[{"embeddable":true,"href":"https:\/\/vi-home.shop\/vi\/wp-json\/wp\/v2\/media\/6978"}],"wp:attachment":[{"href":"https:\/\/vi-home.shop\/vi\/wp-json\/wp\/v2\/media?parent=6293"}],"wp:term":[{"taxonomy":"product_brand","embeddable":true,"href":"https:\/\/vi-home.shop\/vi\/wp-json\/wp\/v2\/product_brand?post=6293"},{"taxonomy":"product_cat","embeddable":true,"href":"https:\/\/vi-home.shop\/vi\/wp-json\/wp\/v2\/product_cat?post=6293"},{"taxonomy":"product_tag","embeddable":true,"href":"https:\/\/vi-home.shop\/vi\/wp-json\/wp\/v2\/product_tag?post=6293"}],"curies":[{"name":"wp","href":"https:\/\/api.w.org\/{rel}","templated":true}]}}