{"id":6302,"date":"2023-08-15T14:48:02","date_gmt":"2023-08-15T06:48:02","guid":{"rendered":"https:\/\/vi-home.shop\/?post_type=product&#038;p=6302"},"modified":"2024-06-06T15:05:01","modified_gmt":"2024-06-06T07:05:01","slug":"delight-od012-led-floor-lamp%ef%bc%8c-outdoor-lamp","status":"publish","type":"product","link":"https:\/\/vi-home.shop\/vi\/san-pham\/delight-od012-led-floor-lamp%ef%bc%8c-outdoor-lamp\/","title":{"rendered":"\u0110\u00e8n s\u00e0n ngo\u00e0i tr\u1eddi DELIGHT-OD012"},"content":{"rendered":"<p><img loading=\"lazy\" decoding=\"async\" class=\"alignnone size-full wp-image-6303\" src=\"https:\/\/vi-home.shop\/wp-content\/uploads\/2023\/08\/3866ab6cdae0aabadc0d950cdd65fc0.jpg\" alt=\"\" width=\"4442\" height=\"6663\" \/> <img loading=\"lazy\" decoding=\"async\" class=\"alignnone size-medium wp-image-6304\" src=\"https:\/\/oss.vi-home.shop:9000\/vi-home-images\/wp-content\/uploads\/2023\/08\/07184309\/455a6981942c21cf15a18ee32a277f8.png\" alt=\"\" width=\"312\" height=\"600\" \/> <img loading=\"lazy\" decoding=\"async\" class=\"alignnone size-medium wp-image-6305\" src=\"https:\/\/oss.vi-home.shop:9000\/vi-home-images\/wp-content\/uploads\/2023\/08\/07184308\/566e58d14052a9877e779e8365a809a-1.png\" alt=\"\" width=\"384\" height=\"600\" \/><\/p>","protected":false},"excerpt":{"rendered":"<p>\u0110\u00e8n S\u00c0N LED nh\u00f4m+silicon<br \/>\nL260*W20xH480mm<br \/>\n\u0110en<br \/>\nSMD 2835 3.0V 60mA 1.5W ,CCTK:3000K K\u00e9o m\u1ed9t S\u00e1ng l\u00ean trong h\u01a1n 12 gi\u1edd\u3002dung l\u01b0\u1ee3ng pin3.7V 1200mAh IP65<\/p>","protected":false},"featured_media":6976,"comment_status":"closed","ping_status":"closed","template":"","meta":{"_acf_changed":false},"product_brand":[],"product_cat":[52],"product_tag":[116],"class_list":{"0":"post-6302","1":"product","2":"type-product","3":"status-publish","4":"has-post-thumbnail","6":"product_cat-outdoor-lights","7":"product_tag-floor-lamp","8":"yith_shop_vendor-delight-lighting-co-ltd","9":"yith_product_brand-delight","11":"first","12":"instock","13":"taxable","14":"shipping-taxable","15":"purchasable","16":"product-type-simple"},"acf":[],"_links":{"self":[{"href":"https:\/\/vi-home.shop\/vi\/wp-json\/wp\/v2\/product\/6302","targetHints":{"allow":["GET"]}}],"collection":[{"href":"https:\/\/vi-home.shop\/vi\/wp-json\/wp\/v2\/product"}],"about":[{"href":"https:\/\/vi-home.shop\/vi\/wp-json\/wp\/v2\/types\/product"}],"replies":[{"embeddable":true,"href":"https:\/\/vi-home.shop\/vi\/wp-json\/wp\/v2\/comments?post=6302"}],"wp:featuredmedia":[{"embeddable":true,"href":"https:\/\/vi-home.shop\/vi\/wp-json\/wp\/v2\/media\/6976"}],"wp:attachment":[{"href":"https:\/\/vi-home.shop\/vi\/wp-json\/wp\/v2\/media?parent=6302"}],"wp:term":[{"taxonomy":"product_brand","embeddable":true,"href":"https:\/\/vi-home.shop\/vi\/wp-json\/wp\/v2\/product_brand?post=6302"},{"taxonomy":"product_cat","embeddable":true,"href":"https:\/\/vi-home.shop\/vi\/wp-json\/wp\/v2\/product_cat?post=6302"},{"taxonomy":"product_tag","embeddable":true,"href":"https:\/\/vi-home.shop\/vi\/wp-json\/wp\/v2\/product_tag?post=6302"}],"curies":[{"name":"wp","href":"https:\/\/api.w.org\/{rel}","templated":true}]}}