{"id":6309,"date":"2023-08-15T14:49:29","date_gmt":"2023-08-15T06:49:29","guid":{"rendered":"https:\/\/vi-home.shop\/?post_type=product&#038;p=6309"},"modified":"2024-06-06T15:05:01","modified_gmt":"2024-06-06T07:05:01","slug":"delight-od017-led-floor-lamp%ef%bc%8c-outdoor-lamp","status":"publish","type":"product","link":"https:\/\/vi-home.shop\/vi\/san-pham\/delight-od017-led-floor-lamp%ef%bc%8c-outdoor-lamp\/","title":{"rendered":"\u0110\u00e8n s\u00e0n ngo\u00e0i tr\u1eddi DELIGHT-OD017"},"content":{"rendered":"<p><img loading=\"lazy\" decoding=\"async\" class=\"alignnone size-full wp-image-6313\" src=\"https:\/\/vi-home.shop\/wp-content\/uploads\/2023\/08\/2fdfd16a4af83a00188195ffb9d1903.jpg\" alt=\"\" width=\"4476\" height=\"6713\" \/> <img loading=\"lazy\" decoding=\"async\" class=\"alignnone size-medium wp-image-6314\" src=\"https:\/\/oss.vi-home.shop:9000\/vi-home-images\/wp-content\/uploads\/2023\/08\/07184308\/6394e7b3b87d3a9541271940ef88fa5.png\" alt=\"\" width=\"600\" height=\"598\" srcset=\"https:\/\/oss.vi-home.shop:9000\/vi-home-images\/wp-content\/uploads\/2023\/08\/07184308\/6394e7b3b87d3a9541271940ef88fa5.png 696w, https:\/\/oss.vi-home.shop:9000\/vi-home-images\/wp-content\/uploads\/2023\/08\/07184308\/6394e7b3b87d3a9541271940ef88fa5-100x100.png 100w, https:\/\/oss.vi-home.shop:9000\/vi-home-images\/wp-content\/uploads\/2023\/08\/07184308\/6394e7b3b87d3a9541271940ef88fa5-510x509.png 510w\" sizes=\"(max-width: 600px) 100vw, 600px\" \/> <img loading=\"lazy\" decoding=\"async\" class=\"alignnone size-medium wp-image-6315\" src=\"https:\/\/oss.vi-home.shop:9000\/vi-home-images\/wp-content\/uploads\/2023\/08\/07184308\/71813d24f3b0c769f2871b7db0b1f46.png\" alt=\"\" width=\"167\" height=\"600\" \/> <img loading=\"lazy\" decoding=\"async\" class=\"alignnone size-medium wp-image-6316\" src=\"https:\/\/oss.vi-home.shop:9000\/vi-home-images\/wp-content\/uploads\/2023\/08\/07184308\/7663141ddc52c9ac1ebe3f5dac28981.png\" alt=\"\" width=\"503\" height=\"504\" srcset=\"https:\/\/oss.vi-home.shop:9000\/vi-home-images\/wp-content\/uploads\/2023\/08\/07184308\/7663141ddc52c9ac1ebe3f5dac28981.png 503w, https:\/\/oss.vi-home.shop:9000\/vi-home-images\/wp-content\/uploads\/2023\/08\/07184308\/7663141ddc52c9ac1ebe3f5dac28981-100x100.png 100w\" sizes=\"(max-width: 503px) 100vw, 503px\" \/><\/p>","protected":false},"excerpt":{"rendered":"<p>\u0110\u00e8n S\u00c0N LED Kim lo\u1ea1i+nh\u00f4m+acrylic<br \/>\nL150*W20xH550mm<br \/>\n\u0110en<br \/>\n1,5W ,CCTK:3000K K\u00e9o m\u1ed9t ph\u00e1t s\u00e1ng trong h\u01a1n 12 gi\u1edd\u3002dung l\u01b0\u1ee3ng pin3,7V 1200mAh IP65<\/p>","protected":false},"featured_media":6974,"comment_status":"closed","ping_status":"closed","template":"","meta":{"_acf_changed":false},"product_brand":[],"product_cat":[52],"product_tag":[116],"class_list":{"0":"post-6309","1":"product","2":"type-product","3":"status-publish","4":"has-post-thumbnail","6":"product_cat-outdoor-lights","7":"product_tag-floor-lamp","8":"yith_shop_vendor-delight-lighting-co-ltd","9":"yith_product_brand-delight","11":"first","12":"instock","13":"taxable","14":"shipping-taxable","15":"purchasable","16":"product-type-simple"},"acf":[],"_links":{"self":[{"href":"https:\/\/vi-home.shop\/vi\/wp-json\/wp\/v2\/product\/6309","targetHints":{"allow":["GET"]}}],"collection":[{"href":"https:\/\/vi-home.shop\/vi\/wp-json\/wp\/v2\/product"}],"about":[{"href":"https:\/\/vi-home.shop\/vi\/wp-json\/wp\/v2\/types\/product"}],"replies":[{"embeddable":true,"href":"https:\/\/vi-home.shop\/vi\/wp-json\/wp\/v2\/comments?post=6309"}],"wp:featuredmedia":[{"embeddable":true,"href":"https:\/\/vi-home.shop\/vi\/wp-json\/wp\/v2\/media\/6974"}],"wp:attachment":[{"href":"https:\/\/vi-home.shop\/vi\/wp-json\/wp\/v2\/media?parent=6309"}],"wp:term":[{"taxonomy":"product_brand","embeddable":true,"href":"https:\/\/vi-home.shop\/vi\/wp-json\/wp\/v2\/product_brand?post=6309"},{"taxonomy":"product_cat","embeddable":true,"href":"https:\/\/vi-home.shop\/vi\/wp-json\/wp\/v2\/product_cat?post=6309"},{"taxonomy":"product_tag","embeddable":true,"href":"https:\/\/vi-home.shop\/vi\/wp-json\/wp\/v2\/product_tag?post=6309"}],"curies":[{"name":"wp","href":"https:\/\/api.w.org\/{rel}","templated":true}]}}