{"id":6321,"date":"2023-08-15T14:54:48","date_gmt":"2023-08-15T06:54:48","guid":{"rendered":"https:\/\/vi-home.shop\/?post_type=product&#038;p=6321"},"modified":"2024-06-06T15:05:01","modified_gmt":"2024-06-06T07:05:01","slug":"delight-od015-led-floor-lamp%ef%bc%8c-outdoor-lamp","status":"publish","type":"product","link":"https:\/\/vi-home.shop\/vi\/san-pham\/delight-od015-led-floor-lamp%ef%bc%8c-outdoor-lamp\/","title":{"rendered":"\u0110\u00e8n s\u00e0n ngo\u00e0i tr\u1eddi DELIGHT-OD015"},"content":{"rendered":"<p><img loading=\"lazy\" decoding=\"async\" class=\"alignnone size-full wp-image-6322\" src=\"https:\/\/vi-home.shop\/wp-content\/uploads\/2023\/08\/f43dc4de09eda6d851479dcad5f12c8.jpg\" alt=\"\" width=\"4476\" height=\"6713\" \/> <img loading=\"lazy\" decoding=\"async\" class=\"alignnone size-medium wp-image-6324\" src=\"https:\/\/oss.vi-home.shop:9000\/vi-home-images\/wp-content\/uploads\/2023\/08\/07184307\/7f9b437d59cd66a32af42658d73572f.png\" alt=\"\" width=\"600\" height=\"440\" srcset=\"https:\/\/oss.vi-home.shop:9000\/vi-home-images\/wp-content\/uploads\/2023\/08\/07184307\/7f9b437d59cd66a32af42658d73572f.png 601w, https:\/\/oss.vi-home.shop:9000\/vi-home-images\/wp-content\/uploads\/2023\/08\/07184307\/7f9b437d59cd66a32af42658d73572f-510x374.png 510w\" sizes=\"(max-width: 600px) 100vw, 600px\" \/> <img loading=\"lazy\" decoding=\"async\" class=\"alignnone size-medium wp-image-6325\" src=\"https:\/\/oss.vi-home.shop:9000\/vi-home-images\/wp-content\/uploads\/2023\/08\/07184307\/d8dd54c9c58f00b744ee1df251b7c5d.png\" alt=\"\" width=\"114\" height=\"593\" \/> <img loading=\"lazy\" decoding=\"async\" class=\"alignnone size-medium wp-image-6326\" src=\"https:\/\/oss.vi-home.shop:9000\/vi-home-images\/wp-content\/uploads\/2023\/08\/07184307\/d762387d626e105a8986ca1cdef9cdb.png\" alt=\"\" width=\"466\" height=\"468\" srcset=\"https:\/\/oss.vi-home.shop:9000\/vi-home-images\/wp-content\/uploads\/2023\/08\/07184307\/d762387d626e105a8986ca1cdef9cdb.png 466w, https:\/\/oss.vi-home.shop:9000\/vi-home-images\/wp-content\/uploads\/2023\/08\/07184307\/d762387d626e105a8986ca1cdef9cdb-100x100.png 100w\" sizes=\"(max-width: 466px) 100vw, 466px\" \/><\/p>","protected":false},"excerpt":{"rendered":"<p>\u0110\u00e8n S\u00c0N LED Kim lo\u1ea1i+nh\u00f4m+acrylic<br \/>\nL125*W125xH550mm<br \/>\n\u0110en<br \/>\nSMD 2835 3.0V 60mA 1.5W ,CCTK:3000K K\u00e9o m\u1ed9t S\u00e1ng l\u00ean trong h\u01a1n 12 gi\u1edd\u3002dung l\u01b0\u1ee3ng pin3.7V 1200mAh IP65<\/p>","protected":false},"featured_media":6972,"comment_status":"closed","ping_status":"closed","template":"","meta":{"_acf_changed":false},"product_brand":[],"product_cat":[52],"product_tag":[116],"class_list":{"0":"post-6321","1":"product","2":"type-product","3":"status-publish","4":"has-post-thumbnail","6":"product_cat-outdoor-lights","7":"product_tag-floor-lamp","8":"yith_shop_vendor-delight-lighting-co-ltd","9":"yith_product_brand-delight","11":"first","12":"instock","13":"taxable","14":"shipping-taxable","15":"purchasable","16":"product-type-simple"},"acf":[],"_links":{"self":[{"href":"https:\/\/vi-home.shop\/vi\/wp-json\/wp\/v2\/product\/6321","targetHints":{"allow":["GET"]}}],"collection":[{"href":"https:\/\/vi-home.shop\/vi\/wp-json\/wp\/v2\/product"}],"about":[{"href":"https:\/\/vi-home.shop\/vi\/wp-json\/wp\/v2\/types\/product"}],"replies":[{"embeddable":true,"href":"https:\/\/vi-home.shop\/vi\/wp-json\/wp\/v2\/comments?post=6321"}],"wp:featuredmedia":[{"embeddable":true,"href":"https:\/\/vi-home.shop\/vi\/wp-json\/wp\/v2\/media\/6972"}],"wp:attachment":[{"href":"https:\/\/vi-home.shop\/vi\/wp-json\/wp\/v2\/media?parent=6321"}],"wp:term":[{"taxonomy":"product_brand","embeddable":true,"href":"https:\/\/vi-home.shop\/vi\/wp-json\/wp\/v2\/product_brand?post=6321"},{"taxonomy":"product_cat","embeddable":true,"href":"https:\/\/vi-home.shop\/vi\/wp-json\/wp\/v2\/product_cat?post=6321"},{"taxonomy":"product_tag","embeddable":true,"href":"https:\/\/vi-home.shop\/vi\/wp-json\/wp\/v2\/product_tag?post=6321"}],"curies":[{"name":"wp","href":"https:\/\/api.w.org\/{rel}","templated":true}]}}