{"id":6366,"date":"2023-08-15T14:57:48","date_gmt":"2023-08-15T06:57:48","guid":{"rendered":"https:\/\/vi-home.shop\/?post_type=product&#038;p=6366"},"modified":"2024-06-06T15:05:00","modified_gmt":"2024-06-06T07:05:00","slug":"delight-od021-led-floor-lamp%ef%bc%8c-outdoor-lamp","status":"publish","type":"product","link":"https:\/\/vi-home.shop\/vi\/san-pham\/delight-od021-led-floor-lamp%ef%bc%8c-outdoor-lamp\/","title":{"rendered":"\u0110\u00e8n s\u00e0n ngo\u00e0i tr\u1eddi DELIGHT-OD021"},"content":{"rendered":"<p><img loading=\"lazy\" decoding=\"async\" class=\"alignnone size-full wp-image-6367\" src=\"https:\/\/vi-home.shop\/wp-content\/uploads\/2023\/08\/cad50bb388607571e01bf12c907ec51.jpg\" alt=\"\" width=\"4839\" height=\"7583\" \/> <img loading=\"lazy\" decoding=\"async\" class=\"alignnone size-medium wp-image-6368\" src=\"https:\/\/oss.vi-home.shop:9000\/vi-home-images\/wp-content\/uploads\/2023\/08\/07184255\/52e788936f02707761855f280ea0cd0.png\" alt=\"\" width=\"600\" height=\"467\" srcset=\"https:\/\/oss.vi-home.shop:9000\/vi-home-images\/wp-content\/uploads\/2023\/08\/07184255\/52e788936f02707761855f280ea0cd0.png 762w, https:\/\/oss.vi-home.shop:9000\/vi-home-images\/wp-content\/uploads\/2023\/08\/07184255\/52e788936f02707761855f280ea0cd0-510x397.png 510w\" sizes=\"(max-width: 600px) 100vw, 600px\" \/> <img loading=\"lazy\" decoding=\"async\" class=\"alignnone size-medium wp-image-6370\" src=\"https:\/\/oss.vi-home.shop:9000\/vi-home-images\/wp-content\/uploads\/2023\/08\/07184255\/d9f23bbe120ce7590c1bb16c7792922.png\" alt=\"\" width=\"390\" height=\"405\" \/> <img loading=\"lazy\" decoding=\"async\" class=\"alignnone size-medium wp-image-6371\" src=\"https:\/\/oss.vi-home.shop:9000\/vi-home-images\/wp-content\/uploads\/2023\/08\/07184255\/d32f1826bed11b7b876f1f14a1d6b16.png\" alt=\"\" width=\"592\" height=\"600\" srcset=\"https:\/\/oss.vi-home.shop:9000\/vi-home-images\/wp-content\/uploads\/2023\/08\/07184255\/d32f1826bed11b7b876f1f14a1d6b16.png 774w, https:\/\/oss.vi-home.shop:9000\/vi-home-images\/wp-content\/uploads\/2023\/08\/07184255\/d32f1826bed11b7b876f1f14a1d6b16-100x100.png 100w, https:\/\/oss.vi-home.shop:9000\/vi-home-images\/wp-content\/uploads\/2023\/08\/07184255\/d32f1826bed11b7b876f1f14a1d6b16-510x517.png 510w\" sizes=\"(max-width: 592px) 100vw, 592px\" \/> <img loading=\"lazy\" decoding=\"async\" class=\"alignnone size-medium wp-image-6372\" src=\"https:\/\/oss.vi-home.shop:9000\/vi-home-images\/wp-content\/uploads\/2023\/08\/07184255\/e8e6e85f63bf574288b7b1254e757e6.png\" alt=\"\" width=\"159\" height=\"600\" \/><\/p>","protected":false},"excerpt":{"rendered":"<p>\u0110\u00e8n s\u00e0n LED nh\u00f4m++silicon<br \/>\nL150*W140xH650mm<br \/>\ntr\u1eafng\/\u0111en SMD 2835 3.0V 60mA<br \/>\n1,5W ,CCTK:3000K K\u00e9o m\u1ed9t ph\u00e1t s\u00e1ng trong h\u01a1n 12 gi\u1edd\u3002dung l\u01b0\u1ee3ng pin3,7V 1200mAh IP65<\/p>","protected":false},"featured_media":6966,"comment_status":"closed","ping_status":"closed","template":"","meta":{"_acf_changed":false},"product_brand":[],"product_cat":[52],"product_tag":[116],"class_list":{"0":"post-6366","1":"product","2":"type-product","3":"status-publish","4":"has-post-thumbnail","6":"product_cat-outdoor-lights","7":"product_tag-floor-lamp","8":"yith_shop_vendor-delight-lighting-co-ltd","9":"yith_product_brand-delight","11":"first","12":"instock","13":"taxable","14":"shipping-taxable","15":"purchasable","16":"product-type-simple"},"acf":[],"_links":{"self":[{"href":"https:\/\/vi-home.shop\/vi\/wp-json\/wp\/v2\/product\/6366","targetHints":{"allow":["GET"]}}],"collection":[{"href":"https:\/\/vi-home.shop\/vi\/wp-json\/wp\/v2\/product"}],"about":[{"href":"https:\/\/vi-home.shop\/vi\/wp-json\/wp\/v2\/types\/product"}],"replies":[{"embeddable":true,"href":"https:\/\/vi-home.shop\/vi\/wp-json\/wp\/v2\/comments?post=6366"}],"wp:featuredmedia":[{"embeddable":true,"href":"https:\/\/vi-home.shop\/vi\/wp-json\/wp\/v2\/media\/6966"}],"wp:attachment":[{"href":"https:\/\/vi-home.shop\/vi\/wp-json\/wp\/v2\/media?parent=6366"}],"wp:term":[{"taxonomy":"product_brand","embeddable":true,"href":"https:\/\/vi-home.shop\/vi\/wp-json\/wp\/v2\/product_brand?post=6366"},{"taxonomy":"product_cat","embeddable":true,"href":"https:\/\/vi-home.shop\/vi\/wp-json\/wp\/v2\/product_cat?post=6366"},{"taxonomy":"product_tag","embeddable":true,"href":"https:\/\/vi-home.shop\/vi\/wp-json\/wp\/v2\/product_tag?post=6366"}],"curies":[{"name":"wp","href":"https:\/\/api.w.org\/{rel}","templated":true}]}}