{"id":6736,"date":"2023-08-26T16:30:15","date_gmt":"2023-08-26T08:30:15","guid":{"rendered":"https:\/\/vi-home.shop\/?post_type=product&#038;p=6736"},"modified":"2025-04-09T09:23:17","modified_gmt":"2025-04-09T01:23:17","slug":"bozinalen-52-52-inch-golden-fan-light-5-iron-blades-dc-motor-6-speed-forward-and-reverse","status":"publish","type":"product","link":"https:\/\/vi-home.shop\/vi\/san-pham\/bozinalen-52-52-inch-golden-fan-light-5-iron-blades-dc-motor-6-speed-forward-and-reverse\/","title":{"rendered":"\u0110\u00e8n qu\u1ea1t v\u00e0ng Bozinalen 52 inch BO-7075"},"content":{"rendered":"<p><img loading=\"lazy\" decoding=\"async\" class=\"alignnone size-full wp-image-6737\" src=\"https:\/\/oss.vi-home.shop:9000\/vi-home-images\/wp-content\/uploads\/2023\/08\/07184143\/%E5%BC%80%E7%81%AF%E9%80%8F%E6%98%8E%E5%9B%BE_%E7%9C%8B%E5%9B%BE%E7%8E%8B-3.jpg\" alt=\"\" width=\"800\" height=\"800\" srcset=\"https:\/\/oss.vi-home.shop:9000\/vi-home-images\/wp-content\/uploads\/2023\/08\/07184143\/%E5%BC%80%E7%81%AF%E9%80%8F%E6%98%8E%E5%9B%BE_%E7%9C%8B%E5%9B%BE%E7%8E%8B-3.jpg 800w, https:\/\/oss.vi-home.shop:9000\/vi-home-images\/wp-content\/uploads\/2023\/08\/07184143\/%E5%BC%80%E7%81%AF%E9%80%8F%E6%98%8E%E5%9B%BE_%E7%9C%8B%E5%9B%BE%E7%8E%8B-3-100x100.jpg 100w, https:\/\/oss.vi-home.shop:9000\/vi-home-images\/wp-content\/uploads\/2023\/08\/07184143\/%E5%BC%80%E7%81%AF%E9%80%8F%E6%98%8E%E5%9B%BE_%E7%9C%8B%E5%9B%BE%E7%8E%8B-3-510x510.jpg 510w\" sizes=\"(max-width: 800px) 100vw, 800px\" \/> <img loading=\"lazy\" decoding=\"async\" class=\"alignnone size-medium wp-image-6738\" src=\"https:\/\/oss.vi-home.shop:9000\/vi-home-images\/wp-content\/uploads\/2023\/08\/07184143\/%E5%85%B3%E7%81%AF%E9%80%8F%E6%98%8E%E5%9B%BE_%E7%9C%8B%E5%9B%BE%E7%8E%8B-1.jpg\" alt=\"\" width=\"600\" height=\"600\" srcset=\"https:\/\/oss.vi-home.shop:9000\/vi-home-images\/wp-content\/uploads\/2023\/08\/07184143\/%E5%85%B3%E7%81%AF%E9%80%8F%E6%98%8E%E5%9B%BE_%E7%9C%8B%E5%9B%BE%E7%8E%8B-1.jpg 800w, https:\/\/oss.vi-home.shop:9000\/vi-home-images\/wp-content\/uploads\/2023\/08\/07184143\/%E5%85%B3%E7%81%AF%E9%80%8F%E6%98%8E%E5%9B%BE_%E7%9C%8B%E5%9B%BE%E7%8E%8B-1-100x100.jpg 100w, https:\/\/oss.vi-home.shop:9000\/vi-home-images\/wp-content\/uploads\/2023\/08\/07184143\/%E5%85%B3%E7%81%AF%E9%80%8F%E6%98%8E%E5%9B%BE_%E7%9C%8B%E5%9B%BE%E7%8E%8B-1-510x510.jpg 510w\" sizes=\"(max-width: 600px) 100vw, 600px\" \/> <img loading=\"lazy\" decoding=\"async\" class=\"alignnone size-medium wp-image-6739\" src=\"https:\/\/oss.vi-home.shop:9000\/vi-home-images\/wp-content\/uploads\/2023\/08\/07184143\/%E5%9C%BA%E6%99%AF%E5%9B%BE-15.jpg\" alt=\"\" width=\"600\" height=\"600\" srcset=\"https:\/\/oss.vi-home.shop:9000\/vi-home-images\/wp-content\/uploads\/2023\/08\/07184143\/%E5%9C%BA%E6%99%AF%E5%9B%BE-15.jpg 800w, https:\/\/oss.vi-home.shop:9000\/vi-home-images\/wp-content\/uploads\/2023\/08\/07184143\/%E5%9C%BA%E6%99%AF%E5%9B%BE-15-100x100.jpg 100w, https:\/\/oss.vi-home.shop:9000\/vi-home-images\/wp-content\/uploads\/2023\/08\/07184143\/%E5%9C%BA%E6%99%AF%E5%9B%BE-15-510x510.jpg 510w\" sizes=\"(max-width: 600px) 100vw, 600px\" \/><\/p>","protected":false},"excerpt":{"rendered":"<table id=\"productDetails_techSpec_section_1\" class=\"a-keyvalue prodDetTable\" role=\"presentation\">\n<tbody>\n<tr>\n<th class=\"a-color-secondary a-size-base prodDetSectionEntry\">Th\u01b0\u01a1ng hi\u1ec7u<\/th>\n<td class=\"a-size-base prodDetAttrValue\">\u200eBozinalen<\/td>\n<\/tr>\n<tr>\n<th class=\"a-color-secondary a-size-base prodDetSectionEntry\">M\u00e0u s\u1eafc<\/th>\n<td class=\"a-size-base prodDetAttrValue\">\u200eV\u00c0NG<\/td>\n<\/tr>\n<tr>\n<th class=\"a-color-secondary a-size-base prodDetSectionEntry\">V\u1eadt li\u1ec7u<\/th>\n<td class=\"a-size-base prodDetAttrValue\">\u200eK\u00ednh, S\u1eaft<\/td>\n<\/tr>\n<tr>\n<th class=\"a-color-secondary a-size-base prodDetSectionEntry\">Phong c\u00e1ch<\/th>\n<td class=\"a-size-base prodDetAttrValue\">\u200etrang tr\u1ea1i<\/td>\n<\/tr>\n<tr>\n<th class=\"a-color-secondary a-size-base prodDetSectionEntry\">M\u1eabu \u0111\u00e8n chi\u1ebfu s\u00e1ng<\/th>\n<td class=\"a-size-base prodDetAttrValue\">\u200eTr\u1ea7n nh\u00e0<\/td>\n<\/tr>\n<tr>\n<th class=\"a-color-secondary a-size-base prodDetSectionEntry\">Lo\u1ea1i ph\u00f2ng<\/th>\n<td class=\"a-size-base prodDetAttrValue\">\u200eNh\u00e0 b\u1ebfp, Ph\u00f2ng ng\u1ee7, Ph\u00f2ng kh\u00e1ch, S\u00e2n hi\u00ean c\u00f3 m\u00e1i che, Ph\u00f2ng \u0103n<\/td>\n<\/tr>\n<tr>\n<th class=\"a-color-secondary a-size-base prodDetSectionEntry\">K\u00edch th\u01b0\u1edbc s\u1ea3n ph\u1ea9m<\/th>\n<td class=\"a-size-base prodDetAttrValue\">\u200e52&quot;L x 52&quot;W x 20.8&quot;H<\/td>\n<\/tr>\n<tr>\n<th class=\"a-color-secondary a-size-base prodDetSectionEntry\">C\u00f4ng d\u1ee5ng c\u1ee5 th\u1ec3 cho s\u1ea3n ph\u1ea9m<\/th>\n<td class=\"a-size-base prodDetAttrValue\">\u200eTrang ch\u1ee7<\/td>\n<\/tr>\n<tr>\n<th class=\"a-color-secondary a-size-base prodDetSectionEntry\">S\u1eed d\u1ee5ng trong nh\u00e0\/ngo\u00e0i tr\u1eddi<\/th>\n<td class=\"a-size-base prodDetAttrValue\">\u200eTrong nh\u00e0<\/td>\n<\/tr>\n<tr>\n<th class=\"a-color-secondary a-size-base prodDetSectionEntry\">Ngu\u1ed3n n\u0103ng l\u01b0\u1ee3ng<\/th>\n<td class=\"a-size-base prodDetAttrValue\">\u200eDC 40W<\/td>\n<\/tr>\n<tr>\n<th class=\"a-color-secondary a-size-base prodDetSectionEntry\">Lo\u1ea1i c\u00e0i \u0111\u1eb7t<\/th>\n<td class=\"a-size-base prodDetAttrValue\">\u200eN\u00fai Downrod<\/td>\n<\/tr>\n<\/tbody>\n<\/table>","protected":false},"featured_media":6737,"comment_status":"closed","ping_status":"closed","template":"","meta":{"_acf_changed":false},"product_brand":[],"product_cat":[35,33,36],"product_tag":[],"class_list":{"0":"post-6736","1":"product","2":"type-product","3":"status-publish","4":"has-post-thumbnail","6":"product_cat-ceiling-lamps","7":"product_cat-decorative-lights","8":"product_cat-fanlights","9":"yith_shop_vendor-bozinalen","10":"yith_product_brand-bozinalen","12":"first","13":"instock","14":"taxable","15":"shipping-taxable","16":"purchasable","17":"product-type-simple"},"acf":[],"_links":{"self":[{"href":"https:\/\/vi-home.shop\/vi\/wp-json\/wp\/v2\/product\/6736","targetHints":{"allow":["GET"]}}],"collection":[{"href":"https:\/\/vi-home.shop\/vi\/wp-json\/wp\/v2\/product"}],"about":[{"href":"https:\/\/vi-home.shop\/vi\/wp-json\/wp\/v2\/types\/product"}],"replies":[{"embeddable":true,"href":"https:\/\/vi-home.shop\/vi\/wp-json\/wp\/v2\/comments?post=6736"}],"wp:featuredmedia":[{"embeddable":true,"href":"https:\/\/vi-home.shop\/vi\/wp-json\/wp\/v2\/media\/6737"}],"wp:attachment":[{"href":"https:\/\/vi-home.shop\/vi\/wp-json\/wp\/v2\/media?parent=6736"}],"wp:term":[{"taxonomy":"product_brand","embeddable":true,"href":"https:\/\/vi-home.shop\/vi\/wp-json\/wp\/v2\/product_brand?post=6736"},{"taxonomy":"product_cat","embeddable":true,"href":"https:\/\/vi-home.shop\/vi\/wp-json\/wp\/v2\/product_cat?post=6736"},{"taxonomy":"product_tag","embeddable":true,"href":"https:\/\/vi-home.shop\/vi\/wp-json\/wp\/v2\/product_tag?post=6736"}],"curies":[{"name":"wp","href":"https:\/\/api.w.org\/{rel}","templated":true}]}}